{"id":12,"date":"2023-06-21T08:36:39","date_gmt":"2023-06-21T06:36:39","guid":{"rendered":"https:\/\/rosacom.rcsoft.cz\/?page_id=12"},"modified":"2023-07-24T09:37:16","modified_gmt":"2023-07-24T07:37:16","slug":"page","status":"publish","type":"page","link":"https:\/\/www.rosacom.cz\/homepage\/page\/","title":{"rendered":"Smulvn\u00ed servis"},"content":{"rendered":"<div class=\"\" style=\"\" >\n    \n    <section class=\"u-clearfix u-section-2\" id=\"sec-7889\">\n      <div class=\"u-clearfix u-sheet u-sheet-1\">\n        <h1 class=\"u-text u-text-palette-1-base u-text-1\"> Smluvn\u00ed servis<\/h1>\n        <img decoding=\"async\" class=\"u-image u-image-default u-image-1\" src=\"https:\/\/www.rosacom.cz\/wp-content\/uploads\/2023\/07\/it-services-1-300x126-1.jpg\" alt=\"\" data-image-width=\"300\" data-image-height=\"126\">\n      <\/div>\n    <\/section>\n    <section class=\"u-clearfix u-section-3\" id=\"sec-e829\">\n      <div class=\"u-clearfix u-sheet u-sheet-1\">\n        <h3 class=\"u-text u-text-default u-text-1\"> Pro\u010d se st\u00e1t smluvn\u00edm klientem?<\/h3>\n        <p class=\"u-text u-text-2\"> Ze zku\u0161enosti v\u00edme, \u017ee ka\u017ed\u00e1 spole\u010dnost a to a\u0165 u\u017e se jedn\u00e1 o mal\u00fd rodinn\u00fd podnik nebo o velikou korporaci pot\u0159ebuje spolehliv\u00fd, stabiln\u00ed a pohotov\u00fd servis na poli po\u010d\u00edta\u010d\u016f, spr\u00e1vy po\u010d\u00edta\u010dov\u00fdch s\u00edt\u00ed neboli IT.&nbsp;Ch\u00e1peme, jak je d\u016fle\u017eit\u00e9 v p\u0159\u00edpad\u011b probl\u00e9mu m\u00edt mo\u017enost obr\u00e1tit se na partnera, kter\u00fd d\u00edky kvalitn\u00edmu technick\u00e9mu z\u00e1zem\u00ed a vysoce erudovan\u00fdm zam\u011bstnanc\u016fm dok\u00e1\u017ee okam\u017eit\u011b poradit a vy\u0159e\u0161it ka\u017ed\u00fd technick\u00fd probl\u00e9m.<br>Na\u0161e spole\u010dnost je pro v\u00e1s t\u00edm prav\u00fdm partnerem!\n        <\/p>\n        <h3 class=\"u-text u-text-default u-text-palette-1-base u-text-3\"> Pro\u010d my?<\/h3>\n        <ul class=\"u-text u-text-default u-text-4\">\n          <li> jsme stabiln\u00ed a trval\u00fd partner st\u00e1tn\u00edch i soukrom\u00fdch spole\u010dnost\u00ed<\/li>\n          <li> v oblasti IT se pohybujeme ji\u017e od roku 1993<\/li>\n          <li> poskytujeme operativn\u00ed servis ve\u0161ker\u00e9 v\u00fdpo\u010detn\u00ed techniky<\/li>\n          <li>disponujeme profesion\u00e1ln\u00edm servisn\u00edm z\u00e1zem\u00edm a t\u00fdmem technik\u016f, kte\u0159\u00ed jsou pravideln\u011b \u0161koleni a vzd\u011bl\u00e1v\u00e1ni<br>\n          <\/li>\n        <\/ul>\n        <h3 class=\"u-text u-text-default u-text-palette-1-base u-text-5\"> Co z\u00edsk\u00e1te?<\/h3>\n        <ul class=\"u-text u-text-default u-text-6\">\n          <li> P\u0159ednostn\u00ed n\u00e1rok na vyu\u017eit\u00ed na\u0161ich slu\u017eeb<\/li>\n          <li> Telefonick\u00e9 poradenstv\u00ed \u010di opravu, nastaven\u00ed pomoc\u00ed vzd\u00e1len\u00e9ho p\u0159\u00edstupu<\/li>\n          <li> sledov\u00e1n\u00ed stavu va\u0161ich za\u0159\u00edzen\u00ed, p\u0159\u00edpadn\u011b doporu\u010den\u00ed a n\u00e1vrhy na zlep\u0161en\u00ed<\/li>\n          <li> v\u00fdjezdy servisn\u00edho technika p\u0159\u00edmo k za\u0159\u00edzen\u00ed, bez nutnosti \u0159e\u0161it p\u0159evoz a hled\u00e1n\u00ed servisu<br>\n          <\/li>\n        <\/ul>\n        <h3 class=\"u-text u-text-default u-text-palette-1-base u-text-7\"> Jak na to?<\/h3>\n        <ul class=\"u-text u-text-default u-text-palette-5-dark-1 u-text-8\">\n          <li> Smluvn\u00edm klientem se m\u016f\u017ee st\u00e1t fyzick\u00e1 nebo pr\u00e1vnick\u00e1 osoba<\/li>\n          <li> Sta\u010d\u00ed n\u00e1s&nbsp;<a href=\"https:\/\/www.rosacom.cz\/napiste-nam\/\" class=\"u-btn u-button-style u-text-palette-1-base u-btn-1\">kontaktovat<\/a>, p\u0159\u00edpadn\u011b domluvit si sch\u016fzku\n          <\/li>\n        <\/ul>\n      <\/div>\n    <\/section>\n    \n    \n    \n  \n<\/div>","protected":false},"excerpt":{"rendered":"<p>Smluvn\u00ed servis Pro\u010d se st\u00e1t smluvn\u00edm klientem? Ze zku\u0161enosti v\u00edme, \u017ee ka\u017ed\u00e1 spole\u010dnost a to a\u0165 u\u017e se jedn\u00e1 o mal\u00fd rodinn\u00fd podnik nebo o velikou korporaci pot\u0159ebuje spolehliv\u00fd, stabiln\u00ed a pohotov\u00fd servis na poli po\u010d\u00edta\u010d\u016f, spr\u00e1vy po\u010d\u00edta\u010dov\u00fdch s\u00edt\u00ed neboli IT.&nbsp;Ch\u00e1peme, jak je d\u016fle\u017eit\u00e9 v p\u0159\u00edpad\u011b probl\u00e9mu m\u00edt mo\u017enost obr\u00e1tit se na partnera, kter\u00fd d\u00edky [&hellip;]<\/p>\n","protected":false},"author":8,"featured_media":0,"parent":0,"menu_order":0,"comment_status":"closed","ping_status":"open","template":"","meta":{"footnotes":""},"class_list":["post-12","page","type-page","status-publish","hentry"],"_links":{"self":[{"href":"https:\/\/www.rosacom.cz\/homepage\/wp-json\/wp\/v2\/pages\/12","targetHints":{"allow":["GET"]}}],"collection":[{"href":"https:\/\/www.rosacom.cz\/homepage\/wp-json\/wp\/v2\/pages"}],"about":[{"href":"https:\/\/www.rosacom.cz\/homepage\/wp-json\/wp\/v2\/types\/page"}],"author":[{"embeddable":true,"href":"https:\/\/www.rosacom.cz\/homepage\/wp-json\/wp\/v2\/users\/8"}],"replies":[{"embeddable":true,"href":"https:\/\/www.rosacom.cz\/homepage\/wp-json\/wp\/v2\/comments?post=12"}],"version-history":[{"count":3,"href":"https:\/\/www.rosacom.cz\/homepage\/wp-json\/wp\/v2\/pages\/12\/revisions"}],"predecessor-version":[{"id":426,"href":"https:\/\/www.rosacom.cz\/homepage\/wp-json\/wp\/v2\/pages\/12\/revisions\/426"}],"wp:attachment":[{"href":"https:\/\/www.rosacom.cz\/homepage\/wp-json\/wp\/v2\/media?parent=12"}],"curies":[{"name":"wp","href":"https:\/\/api.w.org\/{rel}","templated":true}]}}