{"id":207,"date":"2023-06-23T09:14:53","date_gmt":"2023-06-23T07:14:53","guid":{"rendered":"https:\/\/rosacom.rcsoft.cz\/?page_id=207"},"modified":"2023-06-23T14:40:31","modified_gmt":"2023-06-23T12:40:31","slug":"eset","status":"publish","type":"page","link":"https:\/\/www.rosacom.cz\/homepage\/eset\/","title":{"rendered":"Eset"},"content":{"rendered":"<div class=\"\" style=\"\" >\n    \n    <section class=\"u-clearfix u-section-2\" id=\"sec-ed04\">\n      <div class=\"u-clearfix u-sheet u-sheet-1\">\n        <h2 class=\"u-align-center u-text u-text-palette-1-base u-text-1\"> Autorizovan\u00fd prodejce produkt\u016f Eset Software<\/h2>\n        <p class=\"u-align-left u-text u-text-2\"> K ochran\u011b po\u010d\u00edta\u010d\u016f a server\u016f na\u0161ich z\u00e1kazn\u00edk\u016f pou\u017e\u00edv\u00e1me ov\u011b\u0159en\u00fd antivirov\u00fd program NOD od firmy&nbsp;<a href=\"http:\/\/www.eset.cz\/\" class=\"u-btn u-button-style u-text-palette-1-base u-btn-1\">Eset Software<\/a>.&nbsp;<span class=\"u-text-black\" style=\"font-weight: 700;\">Jsme autorizovan\u00fdm prodejcem produkt\u016f tohoto v\u00fdrobce.<\/span>\n        <\/p>\n        <h2 class=\"u-align-left u-text u-text-3\"> Z\u00edskejte ov\u011b\u0159en\u00e9 \u0159e\u0161en\u00ed, kter\u00e9 funguje<\/h2>\n        <p class=\"u-align-left u-text u-text-4\">\n          <a href=\"https:\/\/www.rosacom.cz\/napiste-nam\/\" class=\"u-btn u-button-style u-text-palette-1-base u-btn-2\">Kontaktujte n\u00e1s<\/a>, sd\u011blte n\u00e1m sv\u00e9 pot\u0159eby a spole\u010dn\u011b navrhneme optim\u00e1ln\u00ed \u0159e\u0161en\u00ed pro Va\u0161i firemn\u00ed ekonomiku.\n        <\/p>\n        <img decoding=\"async\" class=\"u-image u-image-default u-preserve-proportions u-image-1\" src=\"http:\/\/rosacom.rcsoft.cz\/wp-content\/uploads\/2023\/06\/530-eset-logo-150x150-1.jpg\" alt=\"\" data-image-width=\"150\" data-image-height=\"150\">\n      <\/div>\n    <\/section>\n    <section class=\"u-clearfix u-section-3\" id=\"sec-0f07\">\n      <div class=\"u-clearfix u-sheet u-valign-middle-lg u-valign-middle-md u-valign-middle-sm u-valign-middle-xl u-sheet-1\">\n        <h1 class=\"u-text u-text-default-lg u-text-default-md u-text-default-sm u-text-default-xl u-text-palette-2-base u-text-1\"> Spolehliv\u00e1 ochrana firemn\u00edch dat a s\u00edt\u011b<\/h1>\n        <h1 class=\"u-text u-text-default u-text-palette-1-base u-text-2\"> ESET chr\u00e1n\u00ed nejv\u00edce \u010desk\u00fdch firem<\/h1>\n        <img decoding=\"async\" class=\"u-image u-image-default u-preserve-proportions u-image-1\" src=\"http:\/\/rosacom.rcsoft.cz\/wp-content\/uploads\/2023\/06\/first-place-icon.png\" alt=\"\" data-image-width=\"40\" data-image-height=\"40\">\n        <p class=\"u-text u-text-default u-text-palette-5-dark-1 u-text-3\"> ZDROJ: Pr\u016fzkum spole\u010dnosti MEDIAN 2017<\/p>\n      <\/div>\n    <\/section>\n    <section class=\"u-clearfix u-section-4\" id=\"sec-00af\">\n      <div class=\"u-clearfix u-sheet u-valign-middle u-sheet-1\">\n        <div class=\"u-align-center u-container-style u-group u-palette-1-base u-shape-rectangle u-group-1\">\n          <div class=\"u-container-layout u-container-layout-1\">\n            <a href=\"https:\/\/www.eset.com\/cz\/firmy\/reference-oceneni\/\" class=\"u-active-palette-2-base u-border-2 u-border-grey-75 u-border-hover-palette-2-base u-btn u-btn-round u-button-style u-hover-palette-4-light-1 u-palette-4-light-2 u-radius-50 u-text-active-palette-4-base u-text-black u-text-hover-white u-btn-1\">reference<\/a>\n            <a href=\"https:\/\/www.eset.com\/cz\/o-nas\/oceneni\/\" class=\"u-active-palette-2-base u-border-2 u-border-grey-75 u-border-hover-palette-2-base u-btn u-btn-round u-button-style u-hover-palette-4-light-1 u-palette-4-light-2 u-radius-50 u-text-active-palette-4-base u-text-black u-text-hover-white u-btn-2\">ocen\u011bn\u00ed<\/a>\n            <a href=\"https:\/\/www.eset.com\/cz\/o-nas\/technologie\/\" class=\"u-active-palette-2-base u-border-2 u-border-grey-75 u-border-hover-palette-2-base u-btn u-btn-round u-button-style u-hover-palette-4-light-1 u-palette-4-light-2 u-radius-50 u-text-active-palette-4-base u-text-black u-text-hover-white u-btn-3\">technologie<\/a>\n            <a href=\"https:\/\/www.eset.com\/cz\/o-nas\/technologie\/\" class=\"u-active-palette-2-base u-border-2 u-border-grey-75 u-border-hover-palette-2-base u-btn u-btn-round u-button-style u-hover-palette-4-light-1 u-palette-4-light-2 u-radius-50 u-text-active-palette-4-base u-text-black u-text-hover-white u-btn-4\">testy<\/a>\n            <p class=\"u-text u-text-1\"> Porovnejte ochranu ESET s konkurenc\u00ed.<\/p>\n            <p class=\"u-text u-text-2\"> Pod\u00edvejte se na zku\u0161enosti na\u0161ich z\u00e1kazn\u00edk\u016f.<\/p>\n            <p class=\"u-text u-text-3\"> Projd\u011bte ocen\u011bn\u00ed od nez\u00e1visl\u00fdch instituc\u00ed.<\/p>\n            <p class=\"u-text u-text-4\"> Poznejte unik\u00e1tn\u00ed a inovativn\u00ed technologie.<\/p>\n            <a href=\"https:\/\/www.eset.com\/cz\/cenik\/#cenik-firma\" class=\"u-active-palette-2-base u-border-2 u-border-grey-75 u-border-hover-palette-2-base u-btn u-btn-round u-button-style u-hover-palette-4-light-1 u-palette-4-light-2 u-radius-50 u-text-active-palette-4-base u-text-black u-text-hover-white u-btn-5\"> Cen\u00edky a slevy<\/a>\n            <a href=\"https:\/\/www.eset.com\/cz\/ochrana-dat-ebook\/\" class=\"u-active-palette-2-base u-border-2 u-border-grey-75 u-border-hover-palette-2-base u-btn u-btn-round u-button-style u-hover-palette-4-light-1 u-palette-4-light-2 u-radius-50 u-text-active-palette-4-base u-text-black u-text-hover-white u-btn-6\"> E-book<\/a>\n            <a href=\"https:\/\/www.eset.com\/cz\/firmy\/licencovani\/\" class=\"u-active-palette-2-base u-border-2 u-border-grey-75 u-border-hover-palette-2-base u-btn u-btn-round u-button-style u-hover-palette-4-light-1 u-palette-4-light-2 u-radius-50 u-text-active-palette-4-base u-text-black u-text-hover-white u-btn-7\"> Licencov\u00e1n\u00ed<\/a>\n            <a href=\"https:\/\/www.eset.com\/cz\/firmy\/vykupne\/\" class=\"u-active-palette-2-base u-border-2 u-border-grey-75 u-border-hover-palette-2-base u-btn u-btn-round u-button-style u-hover-palette-4-light-1 u-palette-4-light-2 u-radius-50 u-text-active-palette-4-base u-text-black u-text-hover-white u-btn-8\"> V\u00fdkupn\u00e9<\/a>\n            <p class=\"u-text u-text-5\"> Objevte v\u00fdhodn\u00e9 licencov\u00e1n\u00ed ESET Unilicence.<\/p>\n            <p class=\"u-text u-text-6\"> Prozkoumejte ceny v\u0161ech produkt\u016f ESET.<\/p>\n            <p class=\"u-text u-text-7\"> Pr\u016fvodce ochranou dat<\/p>\n            <p class=\"u-text u-text-8\"> P\u0159ejd\u011bte v\u00fdhodn\u011b od konkurence k ESETu.<\/p>\n          <\/div>\n        <\/div>\n      <\/div>\n    <\/section>\n    <section class=\"u-align-center u-clearfix u-section-5\" id=\"sec-d75c\">\n      <div class=\"u-clearfix u-sheet u-sheet-1\">\n        <div class=\"u-carousel u-expanded-width-xs u-gallery u-layout-carousel u-lightbox u-no-transition u-show-text-none u-gallery-1\" data-interval=\"5000\" data-u-ride=\"carousel\" id=\"carousel-9387\">\n          <ol class=\"u-absolute-hcenter u-carousel-indicators u-carousel-indicators-1\">\n            <li data-u-target=\"#carousel-9387\" data-u-slide-to=\"0\" class=\"u-active u-grey-70 u-shape-circle\" style=\"width: 10px; height: 10px;\"><\/li>\n            <li data-u-target=\"#carousel-9387\" data-u-slide-to=\"1\" class=\"u-grey-70 u-shape-circle\" style=\"width: 10px; height: 10px;\"><\/li>\n            <li data-u-target=\"#carousel-9387\" data-u-slide-to=\"2\" class=\"u-grey-70 u-shape-circle\" style=\"width: 10px; height: 10px;\"><\/li>\n            <li data-u-target=\"#carousel-9387\" data-u-slide-to=\"3\" class=\"u-grey-70 u-shape-circle\" style=\"width: 10px; height: 10px;\"><\/li>\n          <\/ol>\n          <div class=\"u-carousel-inner u-gallery-inner\" role=\"listbox\">\n            <div class=\"u-active u-carousel-item u-gallery-item u-carousel-item-1\" data-href=\"https:\/\/www.eset.com\/cz\/domacnosti\/antivirus-windows\/\">\n              <div class=\"u-back-slide\" data-image-width=\"119\" data-image-height=\"168\">\n                <img decoding=\"async\" class=\"u-back-image u-expanded\" src=\"http:\/\/rosacom.rcsoft.cz\/wp-content\/uploads\/2023\/06\/eav-box.png\">\n              <\/div>\n              <div class=\"u-over-slide u-over-slide-1\"><\/div>\n            <\/div>\n            <div class=\"u-carousel-item u-gallery-item u-carousel-item-2\" data-href=\"https:\/\/www.eset.com\/cz\/domacnosti\/antivirus-windows\/\">\n              <div class=\"u-back-slide\" data-image-width=\"119\" data-image-height=\"168\">\n                <img decoding=\"async\" class=\"u-back-image u-expanded\" src=\"http:\/\/rosacom.rcsoft.cz\/wp-content\/uploads\/2023\/06\/eis-box.png\">\n              <\/div>\n              <div class=\"u-over-slide u-over-slide-2\"><\/div>\n            <\/div>\n            <div class=\"u-carousel-item u-gallery-item u-carousel-item-3\" data-image-width=\"160\" data-image-height=\"178\" data-href=\"https:\/\/www.eset.com\/cz\/domacnosti\/antivirus-windows\/\">\n              <div class=\"u-back-slide\">\n                <img decoding=\"async\" class=\"u-back-image u-expanded\" src=\"http:\/\/rosacom.rcsoft.cz\/wp-content\/uploads\/2023\/06\/efsp-boxes.png\">\n              <\/div>\n              <div class=\"u-over-slide u-over-slide-3\"><\/div>\n              <style data-mode=\"XL\"><\/style>\n              <style data-mode=\"LG\"><\/style>\n              <style data-mode=\"MD\"><\/style>\n              <style data-mode=\"SM\"><\/style>\n              <style data-mode=\"XS\" data-visited=\"true\"><\/style>\n            <\/div>\n            <div class=\"u-carousel-item u-gallery-item u-carousel-item-4\" data-image-width=\"119\" data-image-height=\"168\" data-href=\"https:\/\/www.eset.com\/cz\/domacnosti\/antivirus-windows\/\">\n              <div class=\"u-back-slide\">\n                <img decoding=\"async\" class=\"u-back-image u-expanded\" src=\"http:\/\/rosacom.rcsoft.cz\/wp-content\/uploads\/2023\/06\/essp-box.png\">\n              <\/div>\n              <div class=\"u-over-slide u-over-slide-4\"><\/div>\n              <style data-mode=\"XL\"><\/style>\n              <style data-mode=\"LG\"><\/style>\n              <style data-mode=\"MD\"><\/style>\n              <style data-mode=\"SM\"><\/style>\n              <style data-mode=\"XS\" data-visited=\"true\"><\/style>\n            <\/div>\n          <\/div>\n          <a class=\"u-absolute-vcenter u-carousel-control u-carousel-control-prev u-hover-palette-2-base u-icon-circle u-opacity u-opacity-70 u-palette-1-base u-spacing-10 u-text-hover-black u-text-white u-carousel-control-1\" href=\"#carousel-9387\" role=\"button\" data-u-slide=\"prev\">\n            <span aria-hidden=\"true\">\n              <svg viewBox=\"0 0 451.847 451.847\"><path d=\"M97.141,225.92c0-8.095,3.091-16.192,9.259-22.366L300.689,9.27c12.359-12.359,32.397-12.359,44.751,0\nc12.354,12.354,12.354,32.388,0,44.748L173.525,225.92l171.903,171.909c12.354,12.354,12.354,32.391,0,44.744\nc-12.354,12.365-32.386,12.365-44.745,0l-194.29-194.281C100.226,242.115,97.141,234.018,97.141,225.92z\"><\/path><\/svg>\n            <\/span>\n            <span class=\"sr-only\">\n              <svg viewBox=\"0 0 451.847 451.847\"><path d=\"M97.141,225.92c0-8.095,3.091-16.192,9.259-22.366L300.689,9.27c12.359-12.359,32.397-12.359,44.751,0\nc12.354,12.354,12.354,32.388,0,44.748L173.525,225.92l171.903,171.909c12.354,12.354,12.354,32.391,0,44.744\nc-12.354,12.365-32.386,12.365-44.745,0l-194.29-194.281C100.226,242.115,97.141,234.018,97.141,225.92z\"><\/path><\/svg>\n            <\/span>\n          <\/a>\n          <a class=\"u-absolute-vcenter u-carousel-control u-carousel-control-next u-hover-palette-2-base u-icon-circle u-opacity u-opacity-70 u-palette-1-base u-spacing-10 u-text-hover-black u-text-white u-carousel-control-2\" href=\"#carousel-9387\" role=\"button\" data-u-slide=\"next\">\n            <span aria-hidden=\"true\">\n              <svg viewBox=\"0 0 451.846 451.847\"><path d=\"M345.441,248.292L151.154,442.573c-12.359,12.365-32.397,12.365-44.75,0c-12.354-12.354-12.354-32.391,0-44.744\nL278.318,225.92L106.409,54.017c-12.354-12.359-12.354-32.394,0-44.748c12.354-12.359,32.391-12.359,44.75,0l194.287,194.284\nc6.177,6.18,9.262,14.271,9.262,22.366C354.708,234.018,351.617,242.115,345.441,248.292z\"><\/path><\/svg>\n            <\/span>\n            <span class=\"sr-only\">\n              <svg viewBox=\"0 0 451.846 451.847\"><path d=\"M345.441,248.292L151.154,442.573c-12.359,12.365-32.397,12.365-44.75,0c-12.354-12.354-12.354-32.391,0-44.744\nL278.318,225.92L106.409,54.017c-12.354-12.359-12.354-32.394,0-44.748c12.354-12.359,32.391-12.359,44.75,0l194.287,194.284\nc6.177,6.18,9.262,14.271,9.262,22.366C354.708,234.018,351.617,242.115,345.441,248.292z\"><\/path><\/svg>\n            <\/span>\n          <\/a>\n        <\/div>\n        <h2 class=\"u-text u-text-1\">Sample \u200bV nab\u00eddce naleznete i varianty pro dom\u00e1cnosti<\/h2>\n        <h2 class=\"u-text u-text-palette-1-base u-text-2\"> Porovn\u00e1n\u00ed produkt\u016f pro Windows<\/h2>\n        <a href=\"https:\/\/nicepage.com\/k\/awards-website-templates\" class=\"u-active-palette-3-base u-border-none u-btn u-btn-round u-button-style u-hover-palette-2-base u-palette-1-base u-radius-50 u-text-active-palette-4-base u-text-hover-black u-btn-1\">klikn\u011bte zde<\/a>\n      <\/div>\n    <\/section>\n    <section class=\"u-clearfix u-section-6\" id=\"sec-80cd\">\n      <div class=\"u-clearfix u-sheet u-sheet-1\">\n        <img decoding=\"async\" class=\"u-image u-image-default u-preserve-proportions u-image-1\" src=\"http:\/\/rosacom.rcsoft.cz\/wp-content\/uploads\/2023\/06\/efsp-boxes.png\" alt=\"\" data-image-width=\"160\" data-image-height=\"178\">\n        <img decoding=\"async\" class=\"u-image u-image-default u-preserve-proportions u-image-2\" src=\"http:\/\/rosacom.rcsoft.cz\/wp-content\/uploads\/2023\/06\/ems-box.png\" alt=\"\" data-image-width=\"119\" data-image-height=\"168\">\n        <h2 class=\"u-align-center-xs u-text u-text-1\">Sample \u200bV nab\u00eddce naleznete i varianty pro dom\u00e1cnosti<\/h2>\n        <h4 class=\"u-text u-text-palette-1-base u-text-2\">ESET Family Security Pack<\/h4>\n        <h4 class=\"u-text u-text-palette-1-base u-text-3\">ESET Mobile Security<\/h4>\n        <p class=\"u-align-center u-text u-text-palette-5-dark-1 u-text-4\"> Antivirus pro mobiln\u00ed za\u0159\u00edzen\u00ed s Androidem289 <span style=\"font-weight: 700;\">K\u010d 1 rok \/ 1 za\u0159\u00edzen\u00ed<\/span>\n        <\/p>\n        <p class=\"u-align-center u-text u-text-palette-5-dark-1 u-text-5\"> Ochrana pro celou rodinu<br>\n          <span style=\"font-weight: 700;\">1 590 K\u010d 1 rok \/ 3 za\u0159\u00edzen\u00ed<\/span>\n        <\/p>\n      <\/div>\n    <\/section>\n    <section class=\"u-align-left u-clearfix u-image u-shading u-section-7\" src=\"\" data-image-width=\"1280\" data-image-height=\"852\" id=\"sec-d2f0\" style=\"background-image: linear-gradient(0deg, rgba(0, 0, 0, 0.5), rgba(0, 0, 0, 0.5)), url(&quot;http:\/\/rosacom.rcsoft.cz\/wp-content\/uploads\/2023\/06\/c1656a1c1b5b50db3f3cb0789702ce5b7c1220b360f58296b517e4fee33ecb320a1e807981448cf9270c8d0577ebd99ee5c7f33a43cdb46ffb8f9b_1280.jpg&quot;);\">\n      <div class=\"u-clearfix u-sheet u-sheet-1\">\n        <h1 class=\"u-text u-text-default u-title u-text-1\"> Ochrana d\u011bt\u00ed na internetu<\/h1>\n        <p class=\"u-large-text u-text u-text-variant u-text-2\">\n          <span style=\"font-weight: 700;\">ESET\u00ae Parental Control<\/span><b>\n            <br>ESET Parental Control&nbsp;<\/b>m\u00e1 mnoho funkc\u00ed, d\u00edky kter\u00fdm zajist\u00edte, aby va\u0161e d\u011bti na sv\u00e9m telefonu \u010di tabletu mohli bezpe\u010dn\u011b objevovat internet.\n        <\/p>\n        <a href=\"https:\/\/play.google.com\/store\/apps\/details?id=com.eset.parental&amp;referrer=utm_source%3Deset.com%26utm_medium%3Dreferral%26utm_campaign%3Dglobal-web-download&amp;pli=1\" class=\"u-border-none u-btn u-button-style u-hover-palette-4-light-2 u-palette-4-base u-text-hover-black u-btn-1\">St\u00e1hnout zdarma<\/a>\n        <img decoding=\"async\" class=\"u-image u-image-contain u-image-default u-preserve-proportions u-image-1\" src=\"http:\/\/rosacom.rcsoft.cz\/wp-content\/uploads\/2023\/06\/epc-box-balanced-w200.png\" alt=\"\" data-image-width=\"200\" data-image-height=\"217\">\n      <\/div>\n    <\/section>\n    <section class=\"u-clearfix u-custom-color-3 u-section-8\" id=\"sec-ed4c\">\n      <div class=\"u-clearfix u-sheet u-sheet-1\">\n        <h1 class=\"u-text u-title u-text-1\"> Rychl\u00fd antivirus pro chytr\u00e9\u200b\u200b televize s Androidem<\/h1>\n        <img decoding=\"async\" class=\"u-image u-image-default u-image-1\" src=\"http:\/\/rosacom.rcsoft.cz\/wp-content\/uploads\/2023\/06\/Snmekobrazovky2023-06-23085600.png\" alt=\"\" data-image-width=\"360\" data-image-height=\"347\">\n        <p class=\"u-text u-text-2\">\n          <span style=\"font-weight: 700;\"> ESET\u00ae Smart TV Security<\/span>\n          <br>Ani chytr\u00e1 televize se bez kvalitn\u00ed antivirov\u00e9 ochrany nedok\u00e1\u017ee ubr\u00e1nit hrozb\u00e1m na internetu.\n        <\/p>\n        <a href=\"https:\/\/play.google.com\/store\/apps\/details?id=com.eset.etvs.gp&amp;hl=cs\" class=\"u-border-none u-btn u-button-style u-hover-palette-4-light-2 u-palette-4-base u-text-hover-black u-btn-1\">St\u00e1hnout zdarma<\/a>\n      <\/div>\n    <\/section>\n    <section class=\"u-clearfix u-section-9\" id=\"sec-c09e\">\n      <div class=\"u-clearfix u-sheet u-sheet-1\">\n        <h2 class=\"u-text u-text-default u-text-palette-1-base u-text-1\"> Zaujalo v\u00e1s antivirov\u00e9 \u0159e\u0161en\u00ed ESETu?<\/h2>\n        <div class=\"u-form u-form-1\">\n          <form action=\"https:\/\/forms.nicepagesrv.com\/v2\/form\/process\" class=\"u-clearfix u-form-spacing-10 u-form-vertical u-inner-form\" source=\"email\" name=\"form\" style=\"padding: 10px;\">\n            <div class=\"u-form-group u-form-name\">\n              <label for=\"name-cf4b\" class=\"u-label u-label-1\">Jm\u00e9no a P\u0159\u00edjmen\u00ed<\/label>\n              <input type=\"text\" placeholder=\"Enter your Name\" id=\"name-cf4b\" name=\"name\" class=\"u-input u-input-rectangle\" required=\"\">\n            <\/div>\n            <div class=\"u-form-email u-form-group\">\n              <label for=\"email-cf4b\" class=\"u-label u-label-2\">Email<\/label>\n              <input type=\"email\" placeholder=\"Enter a valid email address\" id=\"email-cf4b\" name=\"email\" class=\"u-input u-input-rectangle\" required=\"\">\n            <\/div>\n            <div class=\"u-form-group u-form-group-3\">\n              <label for=\"text-db05\" class=\"u-label u-label-3\">Telefon\u00ed \u010d\u00edslo<\/label>\n              <input type=\"text\" placeholder=\"420\" id=\"text-db05\" name=\"text\" class=\"u-input u-input-rectangle\">\n            <\/div>\n            <div class=\"u-form-group u-form-message\">\n              <label for=\"message-cf4b\" class=\"u-label u-label-4\">Vypl\u0148te, jak v\u00e1m m\u016f\u017eeme pomoci?<\/label>\n              <textarea rows=\"4\" cols=\"50\" id=\"message-cf4b\" name=\"message\" class=\"u-input u-input-rectangle\" required=\"\" maxlength=\"500\" placeholder=\"Maxim\u00e1ln\u011b 500 znak\u016f\"><\/textarea>\n            <\/div>\n            <div class=\"u-align-left u-form-group u-form-submit\">\n              <a href=\"#\" class=\"u-active-palette-1-dark-2 u-border-2 u-border-grey-75 u-border-hover-palette-2-base u-btn u-btn-submit u-button-style u-hover-palette-1-dark-1 u-palette-4-base u-text-active-palette-2-base u-btn-1\">odeslat<\/a>\n              <input type=\"submit\" value=\"submit\" class=\"u-form-control-hidden\">\n            <\/div>\n            <div class=\"u-form-send-message u-form-send-success\"> Thank you! Your message has been sent. <\/div>\n            <div class=\"u-form-send-error u-form-send-message\"> Unable to send your message. Please fix errors then try again. <\/div>\n            <input type=\"hidden\" value=\"\" name=\"recaptchaResponse\">\n            <input type=\"hidden\" name=\"formServices\" value=\"1ff84266244bd39475dba0221268459e\">\n          <\/form>\n        <\/div>\n      <\/div>\n    <\/section>\n    \n    \n    \n  \n<\/div>","protected":false},"excerpt":{"rendered":"<p>Autorizovan\u00fd prodejce produkt\u016f Eset Software K ochran\u011b po\u010d\u00edta\u010d\u016f a server\u016f na\u0161ich z\u00e1kazn\u00edk\u016f pou\u017e\u00edv\u00e1me ov\u011b\u0159en\u00fd antivirov\u00fd program NOD od firmy&nbsp;Eset Software.&nbsp;Jsme autorizovan\u00fdm prodejcem produkt\u016f tohoto v\u00fdrobce. Z\u00edskejte ov\u011b\u0159en\u00e9 \u0159e\u0161en\u00ed, kter\u00e9 funguje Kontaktujte n\u00e1s, sd\u011blte n\u00e1m sv\u00e9 pot\u0159eby a spole\u010dn\u011b navrhneme optim\u00e1ln\u00ed \u0159e\u0161en\u00ed pro Va\u0161i firemn\u00ed ekonomiku. Spolehliv\u00e1 ochrana firemn\u00edch dat a s\u00edt\u011b ESET chr\u00e1n\u00ed nejv\u00edce \u010desk\u00fdch [&hellip;]<\/p>\n","protected":false},"author":8,"featured_media":0,"parent":0,"menu_order":0,"comment_status":"closed","ping_status":"closed","template":"","meta":{"footnotes":""},"class_list":["post-207","page","type-page","status-publish","hentry"],"_links":{"self":[{"href":"https:\/\/www.rosacom.cz\/homepage\/wp-json\/wp\/v2\/pages\/207","targetHints":{"allow":["GET"]}}],"collection":[{"href":"https:\/\/www.rosacom.cz\/homepage\/wp-json\/wp\/v2\/pages"}],"about":[{"href":"https:\/\/www.rosacom.cz\/homepage\/wp-json\/wp\/v2\/types\/page"}],"author":[{"embeddable":true,"href":"https:\/\/www.rosacom.cz\/homepage\/wp-json\/wp\/v2\/users\/8"}],"replies":[{"embeddable":true,"href":"https:\/\/www.rosacom.cz\/homepage\/wp-json\/wp\/v2\/comments?post=207"}],"version-history":[{"count":11,"href":"https:\/\/www.rosacom.cz\/homepage\/wp-json\/wp\/v2\/pages\/207\/revisions"}],"predecessor-version":[{"id":360,"href":"https:\/\/www.rosacom.cz\/homepage\/wp-json\/wp\/v2\/pages\/207\/revisions\/360"}],"wp:attachment":[{"href":"https:\/\/www.rosacom.cz\/homepage\/wp-json\/wp\/v2\/media?parent=207"}],"curies":[{"name":"wp","href":"https:\/\/api.w.org\/{rel}","templated":true}]}}