{"id":294,"date":"2023-06-23T11:33:41","date_gmt":"2023-06-23T09:33:41","guid":{"rendered":"https:\/\/rosacom.rcsoft.cz\/?page_id=294"},"modified":"2023-06-23T14:19:40","modified_gmt":"2023-06-23T12:19:40","slug":"kondicni-prohlidka","status":"publish","type":"page","link":"https:\/\/www.rosacom.cz\/homepage\/kondicni-prohlidka\/","title":{"rendered":"Kondi\u010dn\u00ed prohl\u00eddka"},"content":{"rendered":"<div class=\"\" style=\"\" >\n    \n    <section class=\"u-clearfix u-container-align-center u-section-2\" id=\"sec-4a8c\">\n      <div class=\"u-clearfix u-sheet u-sheet-1\">\n        <img decoding=\"async\" class=\"u-align-center u-image u-image-default u-image-1\" src=\"http:\/\/rosacom.rcsoft.cz\/wp-content\/uploads\/2023\/06\/hlavicka-1-1024x220-1.png\" alt=\"\" data-image-width=\"1024\" data-image-height=\"220\">\n        <h3 class=\"u-text u-text-default u-text-1\"> S nastupuj\u00edc\u00edm podzimem je na \u010dase ud\u011blat va\u0161emu PC nebo notebooku<\/h3>\n        <h3 class=\"u-text u-text-default u-text-palette-2-base u-text-2\"> kompletn\u00ed kondi\u010dn\u00ed prohl\u00eddku!<\/h3>\n        <p class=\"u-align-center u-text u-text-default u-text-3\"> Sta\u010d\u00ed, kdy\u017e sv\u016fj notebook p\u0159inesete na na\u0161i prodejnu a kondice va\u0161eho PC nebo notebooku bude pe\u010dliv\u011b prov\u011b\u0159ena.&nbsp;<br>Cena kondi\u010dn\u00ed prohl\u00eddky je 499 K\u010d s DPH.\n        <\/p>\n      <\/div>\n    <\/section>\n    <section class=\"u-clearfix u-section-3\" id=\"sec-8b7b\">\n      <div class=\"u-clearfix u-sheet u-sheet-1\">\n        <h4 class=\"u-text u-text-palette-5-dark-2 u-text-1\"><u>Co v\u0161echno kondi\u010dn\u00ed prohl\u00eddka v COMFOR obsahuje?<\/u>\n        <\/h4>\n        <ul class=\"u-text u-text-palette-5-dark-1 u-text-2\">\n          <li> Ov\u011b\u0159en\u00ed spr\u00e1vn\u00e9 funk\u010dnosti za\u0159\u00edzen\u00ed<\/li>\n          <li> Virovou kontrolu<\/li>\n          <li> Kontrolu p\u0159eh\u0159\u00edv\u00e1n\u00ed za\u0159\u00edzen\u00ed a n\u00e1vrh na vy\u010di\u0161t\u011bn\u00ed od prachu nebo opravu<\/li>\n          <li>Kontrolu aktualizac\u00ed opera\u010dn\u00edho syst\u00e9mu<br>\n          <\/li>\n          <li>N\u00e1vrh na zrychlen\u00ed za\u0159\u00edzen\u00ed optimalizac\u00ed aplikac\u00ed nebo HW upgradem<br>\n          <\/li>\n          <li>Kontrolu mechanick\u00e9ho po\u0161kozen\u00ed a n\u00e1vrh opravy<br>\n          <\/li>\n        <\/ul>\n        <img decoding=\"async\" class=\"u-image u-image-contain u-image-default u-preserve-proportions u-image-1\" src=\"http:\/\/rosacom.rcsoft.cz\/wp-content\/uploads\/2023\/06\/0-1.png-300x300-1.png\" alt=\"\" data-image-width=\"300\" data-image-height=\"300\">\n        <h3 class=\"u-text u-text-custom-color-3 u-text-default u-text-3\"> ANTIVIRUS KASPERSKY JAKO D\u00c1REK<\/h3>\n        <p class=\"u-text u-text-4\"> Po \u00fasp\u011b\u0161n\u00e9 kondi\u010dn\u00ed prohl\u00eddce neodejdete na pr\u00e1zdno, to se v\u016fbec nemus\u00edte b\u00e1t! Jako d\u00e1rek od n\u00e1s toti\u017e dostanete antivirus<\/p>\n        <a href=\"https:\/\/nicepage.com\/c\/education-website-mockup\" class=\"u-btn u-button-style u-text-palette-2-base u-btn-1\"> Kaspersky Internet Security 1\u00d71 rok Nov\u00e1 + Safe Kids 6 m\u011bs\u00edc\u016f 2021 BOX.<\/a>\n      <\/div>\n    <\/section>\n    \n    \n    \n  \n<\/div>","protected":false},"excerpt":{"rendered":"<p>S nastupuj\u00edc\u00edm podzimem je na \u010dase ud\u011blat va\u0161emu PC nebo notebooku kompletn\u00ed kondi\u010dn\u00ed prohl\u00eddku! Sta\u010d\u00ed, kdy\u017e sv\u016fj notebook p\u0159inesete na na\u0161i prodejnu a kondice va\u0161eho PC nebo notebooku bude pe\u010dliv\u011b prov\u011b\u0159ena.&nbsp;Cena kondi\u010dn\u00ed prohl\u00eddky je 499 K\u010d s DPH. Co v\u0161echno kondi\u010dn\u00ed prohl\u00eddka v COMFOR obsahuje? Ov\u011b\u0159en\u00ed spr\u00e1vn\u00e9 funk\u010dnosti za\u0159\u00edzen\u00ed Virovou kontrolu Kontrolu p\u0159eh\u0159\u00edv\u00e1n\u00ed za\u0159\u00edzen\u00ed a [&hellip;]<\/p>\n","protected":false},"author":8,"featured_media":0,"parent":0,"menu_order":0,"comment_status":"closed","ping_status":"closed","template":"","meta":{"footnotes":""},"class_list":["post-294","page","type-page","status-publish","hentry"],"_links":{"self":[{"href":"https:\/\/www.rosacom.cz\/homepage\/wp-json\/wp\/v2\/pages\/294","targetHints":{"allow":["GET"]}}],"collection":[{"href":"https:\/\/www.rosacom.cz\/homepage\/wp-json\/wp\/v2\/pages"}],"about":[{"href":"https:\/\/www.rosacom.cz\/homepage\/wp-json\/wp\/v2\/types\/page"}],"author":[{"embeddable":true,"href":"https:\/\/www.rosacom.cz\/homepage\/wp-json\/wp\/v2\/users\/8"}],"replies":[{"embeddable":true,"href":"https:\/\/www.rosacom.cz\/homepage\/wp-json\/wp\/v2\/comments?post=294"}],"version-history":[{"count":5,"href":"https:\/\/www.rosacom.cz\/homepage\/wp-json\/wp\/v2\/pages\/294\/revisions"}],"predecessor-version":[{"id":378,"href":"https:\/\/www.rosacom.cz\/homepage\/wp-json\/wp\/v2\/pages\/294\/revisions\/378"}],"wp:attachment":[{"href":"https:\/\/www.rosacom.cz\/homepage\/wp-json\/wp\/v2\/media?parent=294"}],"curies":[{"name":"wp","href":"https:\/\/api.w.org\/{rel}","templated":true}]}}