{"id":3,"date":"2023-06-20T18:27:05","date_gmt":"2023-06-20T16:27:05","guid":{"rendered":"http:\/\/rosacom.rcsoft.cz\/?page_id=3"},"modified":"2023-08-09T14:39:53","modified_gmt":"2023-08-09T12:39:53","slug":"ochrana-osobnich-udaju","status":"publish","type":"page","link":"https:\/\/www.rosacom.cz\/homepage\/ochrana-osobnich-udaju\/","title":{"rendered":"Z\u00e1sady ochrany osobn\u00edch \u00fadaj\u016f"},"content":{"rendered":"<div class=\"\" style=\"\" >\n    \n    <section class=\"u-clearfix u-section-2\" id=\"sec-9793\">\n      <div class=\"u-clearfix u-sheet u-sheet-1\"><\/div>\n    <\/section>\n    \n    \n    \n    \n  \n<\/div>","protected":false},"excerpt":{"rendered":"","protected":false},"author":8,"featured_media":0,"parent":0,"menu_order":0,"comment_status":"closed","ping_status":"open","template":"","meta":{"footnotes":""},"class_list":["post-3","page","type-page","status-publish","hentry"],"_links":{"self":[{"href":"https:\/\/www.rosacom.cz\/homepage\/wp-json\/wp\/v2\/pages\/3","targetHints":{"allow":["GET"]}}],"collection":[{"href":"https:\/\/www.rosacom.cz\/homepage\/wp-json\/wp\/v2\/pages"}],"about":[{"href":"https:\/\/www.rosacom.cz\/homepage\/wp-json\/wp\/v2\/types\/page"}],"author":[{"embeddable":true,"href":"https:\/\/www.rosacom.cz\/homepage\/wp-json\/wp\/v2\/users\/8"}],"replies":[{"embeddable":true,"href":"https:\/\/www.rosacom.cz\/homepage\/wp-json\/wp\/v2\/comments?post=3"}],"version-history":[{"count":1,"href":"https:\/\/www.rosacom.cz\/homepage\/wp-json\/wp\/v2\/pages\/3\/revisions"}],"predecessor-version":[{"id":210,"href":"https:\/\/www.rosacom.cz\/homepage\/wp-json\/wp\/v2\/pages\/3\/revisions\/210"}],"wp:attachment":[{"href":"https:\/\/www.rosacom.cz\/homepage\/wp-json\/wp\/v2\/media?parent=3"}],"curies":[{"name":"wp","href":"https:\/\/api.w.org\/{rel}","templated":true}]}}