{"id":331,"date":"2023-06-23T14:07:07","date_gmt":"2023-06-23T12:07:07","guid":{"rendered":"https:\/\/rosacom.rcsoft.cz\/?page_id=331"},"modified":"2023-06-23T14:08:18","modified_gmt":"2023-06-23T12:08:18","slug":"maly-balicek","status":"publish","type":"page","link":"https:\/\/www.rosacom.cz\/homepage\/maly-balicek\/","title":{"rendered":"Mal\u00fd bal\u00ed\u010dek"},"content":{"rendered":"<div class=\"\" style=\"\" >\n    \n    <section class=\"u-clearfix u-section-2\" id=\"sec-e9c2\">\n      <div class=\"u-clearfix u-sheet u-valign-middle u-sheet-1\">\n        <h1 class=\"u-align-center u-text u-text-default u-text-palette-1-base u-text-1\">Mal\u00fd bal\u00ed\u010dek<\/h1>\n        <h4 class=\"u-align-center u-text u-text-2\"> Koupili jste si nov\u00fd po\u010d\u00edtat, nov\u00fd notebook, telefon nebo t\u0159eba tisk\u00e1rnu a router?<\/h4>\n        <img decoding=\"async\" class=\"u-expanded-width-xs u-image u-image-contain u-image-default u-image-1\" src=\"http:\/\/rosacom.rcsoft.cz\/wp-content\/uploads\/2023\/06\/iStock_000033980652_Large-1024x648-1.jpg\" alt=\"\" data-image-width=\"1024\" data-image-height=\"648\">\n        <p class=\"u-align-center u-text u-text-3\"> Ale nev\u00edte si rady a nebo nechcete str\u00e1vit \u010das prvotn\u00edm nastavov\u00e1n\u00edm?<\/p>\n      <\/div>\n    <\/section>\n    <section class=\"u-clearfix u-section-3\" id=\"sec-d84b\">\n      <div class=\"u-clearfix u-sheet u-valign-middle-lg u-valign-middle-md u-valign-middle-sm u-valign-middle-xl u-sheet-1\">\n        <h2 class=\"u-text u-text-default u-text-1\"> Mal\u00fd bal\u00ed\u010dek STANDARD<\/h2>\n        <h2 class=\"u-text u-text-default u-text-2\"> Mal\u00fd bal\u00ed\u010dek PLUS<\/h2>\n        <img decoding=\"async\" class=\"u-image u-image-contain u-image-default u-preserve-proportions u-image-1\" src=\"http:\/\/rosacom.rcsoft.cz\/wp-content\/uploads\/2023\/06\/0-1.png-300x300-1.png\" alt=\"\" data-image-width=\"300\" data-image-height=\"300\">\n        <img decoding=\"async\" class=\"u-image u-image-contain u-image-default u-preserve-proportions u-image-2\" src=\"http:\/\/rosacom.rcsoft.cz\/wp-content\/uploads\/2023\/06\/staensoubor.jpg\" alt=\"\" data-image-width=\"225\" data-image-height=\"225\">\n        <h2 class=\"u-text u-text-custom-color-3 u-text-3\"> ANTIVIRUS KASPERSKY V HODNOT\u011a 499 K\u010c JAKO D\u00c1REK<\/h2>\n        <p class=\"u-text u-text-palette-2-base u-text-4\"><b>Cena: 350 K\u010d s DPH<\/b>\n        <\/p>\n        <p class=\"u-text u-text-palette-2-base u-text-5\"><b>Cena: 550 K\u010d s DPH<\/b>\n        <\/p>\n      <\/div>\n    <\/section>\n    <section class=\"u-clearfix u-section-4\" id=\"sec-eae3\">\n      <div class=\"u-clearfix u-sheet u-valign-middle u-sheet-1\">\n        <div class=\"u-container-style u-group u-palette-4-light-1 u-shape-rectangle u-group-1\">\n          <div class=\"u-container-layout u-container-layout-1\">\n            <ul class=\"u-text u-text-black u-text-1\">\n              <li> Aktivujeme V\u00e1m nejnov\u011bj\u0161\u00ed opera\u010dn\u00ed syst\u00e9m Windows.<\/li>\n              <li> Nastav\u00edme V\u00e1\u0161 u\u017eivatelsk\u00fd \u00fa\u010det.<\/li>\n              <li> Zkontrolujeme funk\u010dnost za\u0159\u00edzen\u00ed.<\/li>\n              <li>Nainstalujeme bal\u00ed\u010dek obl\u00edben\u00e9ho Free softwaru pro bezprobl\u00e9mov\u00fd b\u011bh va\u0161eho za\u0159\u00edzen\u00ed.<br>\n              <\/li>\n              <li>Nainstalujeme zakoupen\u00fd software.<br>\n              <\/li>\n              <li>Nastav\u00edme p\u0159ipomenut\u00ed garan\u010dn\u00edch prohl\u00eddek.<\/li>\n            <\/ul>\n            <ul class=\"u-text u-text-black u-text-2\">\n              <li> Aktivujeme V\u00e1m nejnov\u011bj\u0161\u00ed opera\u010dn\u00ed syst\u00e9m Windows.<\/li>\n              <li> Nastav\u00edme V\u00e1\u0161 u\u017eivatelsk\u00fd \u00fa\u010det.<\/li>\n              <li> Zkontrolujeme funk\u010dnost za\u0159\u00edzen\u00ed.<\/li>\n              <li>Nainstalujeme aktualizace syst\u00e9mu a dal\u0161\u00edho softwaru<br>\n              <\/li>\n              <li>Nainstalujeme bal\u00ed\u010dek obl\u00edben\u00e9ho Free softwaru pro bezprobl\u00e9mov\u00fd b\u011bh va\u0161eho za\u0159\u00edzen\u00ed.<br>\n              <\/li>\n              <li>Nastaven\u00ed e-mailov\u00e9ho \u00fa\u010dtu v MS Outlook.<br>\n              <\/li>\n              <li>Nainstalujeme zakoupen\u00fd software.<br>\n              <\/li>\n              <li>Nastav\u00edme V\u00e1m zabezpe\u010den\u00e9 \u00falo\u017ei\u0161t\u011b OneDrive a propoj\u00edme ho s Va\u0161\u00edm chytr\u00fdm telefonem.<br>\n              <\/li>\n              <li>Vypneme nepot\u0159ebn\u00fd software.<br>\n              <\/li>\n              <li>Nastav\u00edme p\u0159ipomenut\u00ed garan\u010dn\u00edch prohl\u00eddek.<br>\n              <\/li>\n            <\/ul>\n            <p class=\"u-text u-text-black u-text-3\"> Nov\u00fd po\u010d\u00edta\u010d nebo notebook bude okam\u017eit\u011b p\u0159ipraven\u00fd. K pr\u00e1ci i k z\u00e1bav\u011b.<\/p>\n          <\/div>\n        <\/div>\n      <\/div>\n    <\/section>\n    <section class=\"u-clearfix u-section-5\" id=\"sec-2cf1\">\n      <div class=\"u-clearfix u-sheet u-sheet-1\">\n        <p class=\"u-text u-text-palette-5-dark-1 u-text-1\"> Radostn\u011b si nesete dom\u016f nov\u00fd notebook nebo PC, ale net\u011b\u0161\u00edte se na cel\u00e9 odpoledne str\u00e1ven\u00e9 jeho zprovozn\u011bn\u00edm, pokud tedy v\u00edte jak na to?&nbsp;My m\u00e1me \u0159e\u0161en\u00ed! U\u0161et\u0159\u00edme V\u00e1\u0161 \u010das a nervy a cel\u00fd tento zdlouhav\u00fd proces ud\u011bl\u00e1me za V\u00e1s. Vy si pak jen p\u0159inesete nov\u00e9 za\u0159\u00edzen\u00ed dom\u016f a m\u016f\u017eete ihned za\u010d\u00edt pohodln\u011b pracovat nebo se bavit.<span style=\"font-weight: 700;\">VHODN\u00c9 PRO: Po\u010d\u00edta\u010dov\u00e9 laiky a ty z v\u00e1s, kte\u0159\u00ed nem\u00e1te \u010das se tr\u00e1pit zdlouhavou instalac\u00ed a z\u00e1rove\u0148 chcete n\u011bco nav\u00edc.<\/span>\n        <\/p>\n        <div class=\"u-border-3 u-border-grey-dark-1 u-line u-line-horizontal u-line-1\"><\/div>\n        <h2 class=\"u-align-center u-text u-text-palette-1-base u-text-2\"> Zrychlen\u00ed Va\u0161eho po\u010d\u00edta\u010de<\/h2>\n        <h2 class=\"u-align-center u-text u-text-palette-1-base u-text-3\"> Zachov\u00e1n\u00ed dat<\/h2>\n        <p class=\"u-align-center u-text u-text-4\"> Slu\u017eba zahrnuje:<br>Demont\u00e1\u017e a mont\u00e1\u017e nov\u00e9ho disku, reinstalov\u00e1n\u00ed WIN, p\u0159enesen\u00ed dat, Mal\u00fd bal\u00ed\u010dek\n        <\/p>\n        <p class=\"u-align-center u-text u-text-default u-text-palette-2-base u-text-5\"> Cena dle objemu dat a doby:&nbsp;od 450 K\u010d s DPH<\/p>\n        <p class=\"u-align-center u-text u-text-default u-text-palette-2-base u-text-6\"> Cena od 900 K\u010d s DPH<\/p>\n      <\/div>\n    <\/section>\n    <section class=\"u-clearfix u-section-6\" id=\"sec-a38e\">\n      <div class=\"u-clearfix u-sheet u-valign-middle u-sheet-1\">\n        <div class=\"u-container-style u-group u-palette-1-base u-shape-rectangle u-group-1\">\n          <div class=\"u-container-layout u-container-layout-1\">\n            <p class=\"u-text u-text-1\"> Zrychl\u00edme v\u00e1\u0161 po\u010d\u00edta\u010d + z\u00edsk\u00e1te nov\u00fd extern\u00ed diskChcete rychlej\u0161\u00ed PC nebo notebook, ale nechcete kupovat nov\u00fd?U\u0161et\u0159ete \u010das ka\u017ed\u00fd den s nov\u00fdm pevn\u00fdm diskem. SSD pracuje mnohem rychleji, ale je i mnohem odoln\u011bj\u0161\u00ed a bezpe\u010dn\u011bj\u0161\u00ed \u00falo\u017ei\u0161t\u011b ne\u017e klasick\u00fd pevn\u00fd disk.<br>Zapomenete na minuty nab\u00edhaj\u00edc\u00ed Windows. Po\u010d\u00edta\u010d nab\u011bhne do p\u00e1r vte\u0159in, I v\u011bt\u0161\u00ed soubory otev\u0159ete okam\u017eit\u011b. Programy nainstalovan\u00e9 na SSD pracuj\u00ed mnohem rychleji.<br>Z va\u0161eho star\u00e9ho pevn\u00e9ho disku ud\u011bl\u00e1me p\u0159enosn\u00fd extern\u00ed disk, na kter\u00fd si ulo\u017e\u00edte t\u0159eba filmy, nebo fotky z dovolen\u00e9.&nbsp;Jak na to?<br>\n              <br>Sta\u010d\u00ed p\u0159in\u00e9st notebook nebo PC k n\u00e1m na prodejnu, n\u00e1\u0161 technik doporu\u010d\u00ed vhodn\u00fd SSD disk, p\u0159\u00edpadn\u011b si m\u016f\u017eete sami vybrat z na\u0161\u00ed nab\u00eddky.Technik v\u00e1m disk vym\u011bn\u00ed a z\u00e1rove\u0148 p\u0159enese opera\u010dn\u00ed syst\u00e9m, data i aplikace.Jedin\u00fd rozd\u00edl, kter\u00fd pozn\u00e1te, bude v rychlosti \u2013 jinak z\u016fstane v\u0161e p\u0159i star\u00e9m.Vyzvednete si po\u010d\u00edta\u010d rychlej\u0161\u00ed ne\u017e d\u0159\u00edv a z\u00e1rove\u0148 v\u00e1\u0161 nov\u00fd extern\u00ed disk.<br>Rad\u0161i zap\u00edn\u00e1te sv\u016fj po\u010d\u00edta\u010d p\u0159edt\u00edm ne\u017e si jdete d\u011blat kaf\u00e9 v nad\u011bji, \u017ee si u n\u011bj budete moci p\u0159e\u010d\u00edst novinky ne\u017e bude studen\u00e9?<br>\u010cek\u00e1te skoro v\u011b\u010dnost ne\u017e se V\u00e1m otev\u0159e soubor, zapne video nebo webov\u00fd prohl\u00ed\u017ee\u010d?U\u017e nemus\u00edte, m\u00e1me \u0159e\u0161en\u00ed! VHODN\u00c9 PRO: Ka\u017ed\u00e9ho z v\u00e1s, koho u\u017e nebav\u00ed \u010dekat na otev\u0159en\u00ed souboru, slo\u017eky nebo snad prohl\u00ed\u017ee\u010de a chcete fungovat rychleji! V\u017edy\u0165 po\u010d\u00edta\u010de maj\u00ed pr\u00e1ci usnadnit a zp\u0159\u00edjemnit.\n            <\/p>\n            <p class=\"u-text u-text-2\"> Neriskujte ztr\u00e1tu Va\u0161ich dat b\u011bhem jejich p\u0159esunu do nov\u00e9ho PC\/Notebooku.&nbsp;Va\u0161e fotky, videa, pracovn\u00ed slo\u017eky a jin\u00e9 d\u016fle\u017eit\u00e9 data bezpe\u010dn\u011b p\u0159evedeme za V\u00e1s.Kdy pot\u0159ebujete data p\u0159ev\u00e9st?&nbsp;Koupili jste nov\u00fd Notebook\/PC a pot\u0159ebujete p\u0159ev\u00e9st data z Va\u0161eho star\u00e9ho za\u0159\u00edzen\u00ed My V\u00e1m s t\u00edm moc r\u00e1di pom\u016f\u017eeme a p\u0159evedeme Va\u0161e st\u00e1vaj\u00edc\u00ed data spolu s nastaven\u00edm, aby bylo v\u0161e tak, jak jste zvykl\u00ed. Chcete vr\u00e1tit \u017eivot Va\u0161emu st\u00e1vaj\u00edc\u00edmu Notebooku\/PC pomoc\u00ed instalace SSD disku Nejen, \u017ee p\u0159esuneme Va\u0161e data, ale pom\u016f\u017eeme V\u00e1m i s instalac\u00ed SSD disku, kter\u00fd zrychl\u00ed V\u00e1\u0161 Notebook\/PC k nepozn\u00e1n\u00ed.U\u017e \u017e\u00e1dn\u00e9 dal\u0161\u00ed \u010dek\u00e1n\u00ed na otev\u0159en\u00ed slo\u017eky!<\/p>\n            <div class=\"u-border-5 u-border-grey-75 u-container-style u-group u-palette-2-base u-radius-43 u-shape-round u-group-2\">\n              <div class=\"u-container-layout u-container-layout-2\">\n                <p class=\"u-text u-text-default u-text-3\"> V cen\u011b slu\u017eeb nen\u00ed zapo\u010dtena cena SSD disku a r\u00e1me\u010dku na star\u00fd disk.Cena se pohybuje dle zvolen\u00e9 varianty \u2013 velikost disku, typ a zna\u010dka.Ceny uveden\u00e9 na zbo\u017e\u00ed.<\/p>\n              <\/div>\n            <\/div>\n          <\/div>\n        <\/div>\n      <\/div>\n    <\/section>\n    \n    \n    \n  \n<\/div>","protected":false},"excerpt":{"rendered":"<p>Mal\u00fd bal\u00ed\u010dek Koupili jste si nov\u00fd po\u010d\u00edtat, nov\u00fd notebook, telefon nebo t\u0159eba tisk\u00e1rnu a router? Ale nev\u00edte si rady a nebo nechcete str\u00e1vit \u010das prvotn\u00edm nastavov\u00e1n\u00edm? Mal\u00fd bal\u00ed\u010dek STANDARD Mal\u00fd bal\u00ed\u010dek PLUS ANTIVIRUS KASPERSKY V HODNOT\u011a 499 K\u010c JAKO D\u00c1REK Cena: 350 K\u010d s DPH Cena: 550 K\u010d s DPH Aktivujeme V\u00e1m nejnov\u011bj\u0161\u00ed opera\u010dn\u00ed syst\u00e9m [&hellip;]<\/p>\n","protected":false},"author":8,"featured_media":0,"parent":0,"menu_order":0,"comment_status":"closed","ping_status":"closed","template":"","meta":{"footnotes":""},"class_list":["post-331","page","type-page","status-publish","hentry"],"_links":{"self":[{"href":"https:\/\/www.rosacom.cz\/homepage\/wp-json\/wp\/v2\/pages\/331","targetHints":{"allow":["GET"]}}],"collection":[{"href":"https:\/\/www.rosacom.cz\/homepage\/wp-json\/wp\/v2\/pages"}],"about":[{"href":"https:\/\/www.rosacom.cz\/homepage\/wp-json\/wp\/v2\/types\/page"}],"author":[{"embeddable":true,"href":"https:\/\/www.rosacom.cz\/homepage\/wp-json\/wp\/v2\/users\/8"}],"replies":[{"embeddable":true,"href":"https:\/\/www.rosacom.cz\/homepage\/wp-json\/wp\/v2\/comments?post=331"}],"version-history":[{"count":4,"href":"https:\/\/www.rosacom.cz\/homepage\/wp-json\/wp\/v2\/pages\/331\/revisions"}],"predecessor-version":[{"id":376,"href":"https:\/\/www.rosacom.cz\/homepage\/wp-json\/wp\/v2\/pages\/331\/revisions\/376"}],"wp:attachment":[{"href":"https:\/\/www.rosacom.cz\/homepage\/wp-json\/wp\/v2\/media?parent=331"}],"curies":[{"name":"wp","href":"https:\/\/api.w.org\/{rel}","templated":true}]}}