{"id":379,"date":"2023-06-23T14:38:38","date_gmt":"2023-06-23T12:38:38","guid":{"rendered":"https:\/\/rosacom.rcsoft.cz\/?page_id=379"},"modified":"2023-07-24T11:03:12","modified_gmt":"2023-07-24T09:03:12","slug":"page-5","status":"publish","type":"page","link":"https:\/\/www.rosacom.cz\/homepage\/page-5\/","title":{"rendered":"Vzd\u00e1len\u00e1 pomoc"},"content":{"rendered":"<div class=\"\" style=\"\" >\n    \n    <section class=\"u-clearfix u-section-2\" id=\"sec-a22f\">\n      <div class=\"u-clearfix u-sheet u-sheet-1\">\n        <h2 class=\"u-align-center u-text u-text-palette-1-base u-text-1\"> Servisn\u00ed z\u00e1sah pomoc\u00ed vzd\u00e1len\u00e9 spr\u00e1vy<span style=\"font-weight: 700;\">\n            <span style=\"font-weight: 400;\"><\/span>\n          <\/span>\n        <\/h2>\n        <img decoding=\"async\" class=\"u-image u-image-contain u-image-default u-image-1\" src=\"https:\/\/www.rosacom.cz\/wp-content\/uploads\/2023\/07\/staen-soubor-2.png\" alt=\"\" data-image-width=\"524\" data-image-height=\"96\">\n        <p class=\"u-align-left u-text u-text-2\"> Slu\u017eba Vzd\u00e1len\u00e1 pomoc umo\u017e\u0148uje servisn\u00ed z\u00e1sah na po\u010d\u00edta\u010di u\u017eivatele vzd\u00e1len\u011b pomoc\u00ed aplikace AnyDesk. Jedn\u00e1 se o pln\u011b zabezpe\u010den\u00fd p\u0159\u00edstup pomoc\u00ed jednor\u00e1zov\u011b spustiteln\u00e9 aplikace na stran\u011b klienta (nen\u00ed nutn\u00e9 nic instalovat).Program AnyDesk&nbsp;<a href=\"https:\/\/download.anydesk.com\/AnyDesk.exe\" target=\"_blank\" rel=\"noreferrer noopener\" aria-label=\" (otev\u0159e se na nov\u00e9 z\u00e1lo\u017ece)\" class=\"u-btn u-button-style u-text-palette-1-base u-btn-1\">p\u0159\u00edmo ke sta\u017een\u00ed<\/a>. Str\u00e1nky programu AnyDesk&nbsp;<a href=\"https:\/\/anydesk.com\/\" target=\"_blank\" rel=\"noreferrer noopener\" aria-label=\"zde (otev\u0159e se na nov\u00e9 z\u00e1lo\u017ece)\" class=\"u-btn u-button-style u-text-palette-1-base u-btn-2\">zde<\/a>.<span class=\"u-text-palette-5-base\">Podm\u00ednkou vyu\u017eit\u00ed slu\u017eby vzd\u00e1len\u00e9 spr\u00e1vy je p\u0159ipojen\u00ed po\u010d\u00edta\u010de z\u00e1kazn\u00edka\/u\u017eivatele na internet (s dostate\u010dnou rychlost\u00ed p\u0159ipojen\u00ed).<\/span>\n        <\/p>\n        <div class=\"u-border-3 u-border-grey-dark-1 u-expanded-width u-line u-line-horizontal u-line-1\"><\/div>\n      <\/div>\n    <\/section>\n    <section class=\"u-clearfix u-section-3\" id=\"sec-3818\">\n      <div class=\"u-clearfix u-sheet u-sheet-1\">\n        <h1 class=\"u-text u-text-default u-text-palette-1-base u-text-1\"> Co je AnyDesk?<\/h1>\n        <h2 class=\"u-text u-text-default u-text-2\"> Multi-platformn\u00ed podpora<\/h2>\n        <p class=\"u-text u-text-default u-text-3\"> AnyDesk pracuje skrz v\u0161echna za\u0159\u00edzen\u00ed a opera\u010dn\u00ed syst\u00e9my: Windows, macOS, iOS, Android, Linux, FreeBSD a dokonce i Raspberry Pi!<\/p>\n        <img decoding=\"async\" class=\"u-image u-image-default u-image-1\" src=\"https:\/\/www.rosacom.cz\/wp-content\/uploads\/2023\/07\/multiplatform-6df87f-1024x467-1.png\" alt=\"\" data-image-width=\"1024\" data-image-height=\"467\">\n      <\/div>\n    <\/section>\n    <section class=\"u-clearfix u-section-4\" id=\"sec-cee3\">\n      <div class=\"u-clearfix u-sheet u-sheet-1\">\n        <div class=\"u-clearfix u-expanded-width u-layout-wrap u-layout-wrap-1\">\n          <div class=\"u-layout\">\n            <div class=\"u-layout-col\">\n              <div class=\"u-size-30\">\n                <div class=\"u-layout-row\">\n                  <div class=\"u-container-style u-layout-cell u-size-20 u-layout-cell-1\">\n                    <div class=\"u-container-layout u-valign-top u-container-layout-1\">\n                      <img decoding=\"async\" class=\"u-image u-image-contain u-image-default u-preserve-proportions u-image-1\" src=\"https:\/\/www.rosacom.cz\/wp-content\/uploads\/2023\/07\/online-collaboration-81991a.png\" alt=\"\" data-image-width=\"67\" data-image-height=\"59\">\n                      <h2 class=\"u-text u-text-default u-text-palette-1-base u-text-1\"> Online spolupr\u00e1ce<\/h2>\n                      <p class=\"u-text u-text-2\"> Snadno spolupracujte a komunikujte, a\u0165 u\u017e po\u0159\u00e1d\u00e1te online sch\u016fzky a prezentace nebo pracujete na stejn\u00e9m dokumentu z druh\u00e9 strany sv\u011bta.<\/p>\n                    <\/div>\n                  <\/div>\n                  <div class=\"u-container-style u-layout-cell u-size-20 u-layout-cell-2\">\n                    <div class=\"u-container-layout u-valign-top u-container-layout-2\">\n                      <img decoding=\"async\" class=\"u-image u-image-contain u-image-default u-preserve-proportions u-image-2\" src=\"https:\/\/www.rosacom.cz\/wp-content\/uploads\/2023\/07\/file-transfer-062e27.png\" alt=\"\" data-image-width=\"57\" data-image-height=\"64\">\n                      <h2 class=\"u-text u-text-default u-text-palette-1-base u-text-3\"> Vestav\u011bn\u00fd p\u0159enos soubor\u016f<\/h2>\n                      <p class=\"u-text u-text-4\"> Jednodu\u0161e zkop\u00edrujte a vlo\u017ete nebo pou\u017eijte novou kartu p\u0159enosu k p\u0159enosu soubor\u016f mezi po\u010d\u00edta\u010di.<\/p>\n                    <\/div>\n                  <\/div>\n                  <div class=\"u-container-style u-layout-cell u-size-20 u-layout-cell-3\">\n                    <div class=\"u-container-layout u-valign-bottom u-container-layout-3\">\n                      <img decoding=\"async\" class=\"u-image u-image-contain u-image-default u-preserve-proportions u-image-3\" src=\"https:\/\/www.rosacom.cz\/wp-content\/uploads\/2023\/07\/springs-d5de49.png\" alt=\"\" data-image-width=\"66\" data-image-height=\"53\">\n                      <h2 class=\"u-text u-text-default u-text-palette-1-base u-text-5\"> Odleh\u010den\u00fd<\/h2>\n                      <p class=\"u-text u-text-6\"> Nen\u00ed pot\u0159eba \u017e\u00e1dn\u00e1 opr\u00e1vn\u011bn\u00ed ani instalace. Jednodu\u0161e st\u00e1hn\u011bte soubor 3MB a jste pry\u010d. Vy\u017eadujete bezobslu\u017en\u00fd p\u0159\u00edstup k po\u010d\u00edta\u010di, kdy\u017e jste na cest\u00e1ch? \u017d\u00e1dn\u00fd probl\u00e9m, sta\u010d\u00ed nainstalovat a nastavit heslo.<\/p>\n                    <\/div>\n                  <\/div>\n                <\/div>\n              <\/div>\n              <div class=\"u-size-30\">\n                <div class=\"u-layout-row\">\n                  <div class=\"u-container-align-center u-container-style u-layout-cell u-size-20 u-layout-cell-4\">\n                    <div class=\"u-container-layout u-container-layout-4\">\n                      <img decoding=\"async\" class=\"u-image u-image-contain u-image-default u-preserve-proportions u-image-4\" src=\"https:\/\/www.rosacom.cz\/wp-content\/uploads\/2023\/07\/bucket-brush-monitor-b8366a.png\" alt=\"\" data-image-width=\"82\" data-image-height=\"55\">\n                      <h2 class=\"u-text u-text-default u-text-palette-1-base u-text-7\"> A\u0165 je to va\u0161e<\/h2>\n                      <p class=\"u-text u-text-8\"> P\u0159izp\u016fsobte si u\u017eivatelsk\u00e9 rozhran\u00ed AnyDesk a poskytn\u011bte z\u00e1kazn\u00edk\u016fm z\u00e1\u017eitek ze vzd\u00e1len\u00e9 plochy v souladu s va\u0161\u00ed zna\u010dkou.<\/p>\n                    <\/div>\n                  <\/div>\n                  <div class=\"u-container-align-center u-container-style u-layout-cell u-size-20 u-layout-cell-5\">\n                    <div class=\"u-container-layout u-container-layout-5\">\n                      <img decoding=\"async\" class=\"u-image u-image-contain u-image-default u-preserve-proportions u-image-5\" src=\"https:\/\/www.rosacom.cz\/wp-content\/uploads\/2023\/07\/camera-laptop-f59101.png\" alt=\"\" data-image-width=\"94\" data-image-height=\"48\">\n                      <h2 class=\"u-text u-text-default u-text-palette-1-base u-text-9\"> Z\u00e1znam relac\u00ed<\/h2>\n                      <p class=\"u-text u-text-10\"> IT profesion\u00e1l i u\u017eivatel, ke kter\u00e9mu po\u010d\u00edta\u010di maj\u00ed p\u0159\u00edstup, mohou zaznamenat ka\u017edou relaci. To zvy\u0161uje bezpe\u010dnost a je u\u017eite\u010dn\u00e9 i pro \u00fa\u010dely \u0161kolen\u00ed.<\/p>\n                    <\/div>\n                  <\/div>\n                  <div class=\"u-container-align-center u-container-style u-layout-cell u-size-20 u-layout-cell-6\">\n                    <div class=\"u-container-layout u-container-layout-6\">\n                      <img decoding=\"async\" class=\"u-image u-image-contain u-image-default u-preserve-proportions u-image-6\" src=\"https:\/\/www.rosacom.cz\/wp-content\/uploads\/2023\/07\/anydesk-network-68bd61.png\" alt=\"\" data-image-width=\"57\" data-image-height=\"64\">\n                      <h2 class=\"u-text u-text-default u-text-palette-1-base u-text-11\"> Vlastn\u00ed s\u00ed\u0165<\/h2>\n                      <p class=\"u-text u-text-12\"> \u017d\u00e1dn\u00fd cloud, \u017e\u00e1dn\u00fd probl\u00e9m. Pokud pot\u0159ebujete plnou kontrolu nad sv\u00fdmi daty, nastaven\u00ed vlastn\u00ed Enterprise Network je snadn\u00e9. Ne\u0161ifrovan\u00e1 data nikdy neopust\u00ed v\u00e1\u0161 DMZ.<\/p>\n                    <\/div>\n                  <\/div>\n                <\/div>\n              <\/div>\n            <\/div>\n          <\/div>\n        <\/div>\n      <\/div>\n    <\/section>\n    <section class=\"u-clearfix u-section-5\" id=\"sec-7f8f\">\n      <div class=\"u-clearfix u-sheet u-sheet-1\">\n        <div class=\"u-clearfix u-expanded-width u-layout-wrap u-layout-wrap-1\">\n          <div class=\"u-layout\">\n            <div class=\"u-layout-col\">\n              <div class=\"u-container-style u-layout-cell u-size-20 u-layout-cell-1\">\n                <div class=\"u-container-layout u-container-layout-1\">\n                  <div class=\"u-absolute-hcenter u-expanded u-palette-1-base u-shape u-shape-rectangle\"><\/div>\n                <\/div>\n              <\/div>\n              <div class=\"u-container-style u-layout-cell u-size-20 u-layout-cell-2\">\n                <div class=\"u-container-layout u-container-layout-2\"><\/div>\n              <\/div>\n              <div class=\"u-container-style u-layout-cell u-size-20 u-layout-cell-3\">\n                <div class=\"u-container-layout u-container-layout-3\">\n                  <div class=\"u-absolute-hcenter u-expanded u-palette-1-base u-shape u-shape-rectangle u-shape-2\"><\/div>\n                <\/div>\n              <\/div>\n            <\/div>\n          <\/div>\n        <\/div>\n      <\/div>\n    <\/section>\n    \n    \n    \n  \n<\/div>","protected":false},"excerpt":{"rendered":"<p>Servisn\u00ed z\u00e1sah pomoc\u00ed vzd\u00e1len\u00e9 spr\u00e1vy Slu\u017eba Vzd\u00e1len\u00e1 pomoc umo\u017e\u0148uje servisn\u00ed z\u00e1sah na po\u010d\u00edta\u010di u\u017eivatele vzd\u00e1len\u011b pomoc\u00ed aplikace AnyDesk. Jedn\u00e1 se o pln\u011b zabezpe\u010den\u00fd p\u0159\u00edstup pomoc\u00ed jednor\u00e1zov\u011b spustiteln\u00e9 aplikace na stran\u011b klienta (nen\u00ed nutn\u00e9 nic instalovat).Program AnyDesk&nbsp;p\u0159\u00edmo ke sta\u017een\u00ed. Str\u00e1nky programu AnyDesk&nbsp;zde.Podm\u00ednkou vyu\u017eit\u00ed slu\u017eby vzd\u00e1len\u00e9 spr\u00e1vy je p\u0159ipojen\u00ed po\u010d\u00edta\u010de z\u00e1kazn\u00edka\/u\u017eivatele na internet (s dostate\u010dnou rychlost\u00ed p\u0159ipojen\u00ed). [&hellip;]<\/p>\n","protected":false},"author":8,"featured_media":0,"parent":0,"menu_order":0,"comment_status":"closed","ping_status":"closed","template":"","meta":{"footnotes":""},"class_list":["post-379","page","type-page","status-publish","hentry"],"_links":{"self":[{"href":"https:\/\/www.rosacom.cz\/homepage\/wp-json\/wp\/v2\/pages\/379","targetHints":{"allow":["GET"]}}],"collection":[{"href":"https:\/\/www.rosacom.cz\/homepage\/wp-json\/wp\/v2\/pages"}],"about":[{"href":"https:\/\/www.rosacom.cz\/homepage\/wp-json\/wp\/v2\/types\/page"}],"author":[{"embeddable":true,"href":"https:\/\/www.rosacom.cz\/homepage\/wp-json\/wp\/v2\/users\/8"}],"replies":[{"embeddable":true,"href":"https:\/\/www.rosacom.cz\/homepage\/wp-json\/wp\/v2\/comments?post=379"}],"version-history":[{"count":4,"href":"https:\/\/www.rosacom.cz\/homepage\/wp-json\/wp\/v2\/pages\/379\/revisions"}],"predecessor-version":[{"id":460,"href":"https:\/\/www.rosacom.cz\/homepage\/wp-json\/wp\/v2\/pages\/379\/revisions\/460"}],"wp:attachment":[{"href":"https:\/\/www.rosacom.cz\/homepage\/wp-json\/wp\/v2\/media?parent=379"}],"curies":[{"name":"wp","href":"https:\/\/api.w.org\/{rel}","templated":true}]}}