{"id":427,"date":"2023-07-24T10:05:00","date_gmt":"2023-07-24T08:05:00","guid":{"rendered":"https:\/\/rosacom.rcsoft.cz\/?page_id=427"},"modified":"2023-07-24T10:13:49","modified_gmt":"2023-07-24T08:13:49","slug":"page-2","status":"publish","type":"page","link":"https:\/\/www.rosacom.cz\/homepage\/page-2\/","title":{"rendered":"Kontakty"},"content":{"rendered":"<div class=\"\" style=\"\" >\n    \n    <section class=\"u-clearfix u-section-2\" id=\"sec-e8ef\">\n      <div class=\"u-clearfix u-sheet u-sheet-1\">\n        <h2 class=\"u-text u-text-default u-text-1\"> Kontakty<span style=\"font-weight: 700;\"><\/span>\n        <\/h2>\n        <img decoding=\"async\" class=\"u-image u-image-default u-image-1\" src=\"https:\/\/www.rosacom.cz\/wp-content\/uploads\/2023\/07\/10714194_901130913233223_741011332192873264_o-300x225-1.jpg\" alt=\"\" data-image-width=\"300\" data-image-height=\"225\">\n        <p class=\"u-align-center-md u-align-center-sm u-align-center-xs u-text u-text-default u-text-2\">\n          <span style=\"font-weight: 700;\"> Adresa:<\/span>\n          <br>V\u00e1clav Rosa \u2013 ROSA Computers<br>Pr\u00e1che\u0148sk\u00e1 35, 341 01 Hora\u017e\u010fovice&nbsp;<br>\n          <br>\n          <span style=\"font-weight: 700;\">Kontakt:<\/span>\n          <br>tel:&nbsp;376 511 722<br>mobil:&nbsp;602 833 889<br>email:&nbsp;rosacom@rosacom.cz\n        <\/p>\n        <p class=\"u-text u-text-default u-text-3\"> Prodejna Hora\u017e\u010fovice<\/p>\n      <\/div>\n    <\/section>\n    <section class=\"u-clearfix u-section-3\" id=\"sec-c7e3\">\n      <div class=\"u-clearfix u-sheet u-sheet-1\">\n        <div class=\"u-clearfix u-expanded-width u-layout-wrap u-layout-wrap-1\">\n          <div class=\"u-layout\">\n            <div class=\"u-layout-row\">\n              <div class=\"u-container-align-center u-container-style u-layout-cell u-size-20 u-layout-cell-1\">\n                <div class=\"u-container-layout u-container-layout-1\">\n                  <img decoding=\"async\" class=\"u-image u-image-default u-preserve-proportions u-image-1\" src=\"https:\/\/www.rosacom.cz\/wp-content\/uploads\/2023\/07\/kissclipart-call-center-icon-png-clipart-call-centre-customer-3765d105be74a2c4-2-150x1501-1.jpg\" alt=\"\" data-image-width=\"150\" data-image-height=\"150\">\n                  <p class=\"u-align-center-sm u-align-center-xs u-text u-text-default u-text-1\">\n                    <span style=\"font-weight: 700;\"> Sam Podhorsk\u00fd<\/span>\n                    <br>Vedouc\u00ed prodejny, objedn\u00e1vky a reklamace<br>tel:&nbsp;602 833 889<br>email:&nbsp;podhorsky@rosacom.cz\n                  <\/p>\n                <\/div>\n              <\/div>\n              <div class=\"u-container-style u-layout-cell u-size-20 u-layout-cell-2\">\n                <div class=\"u-container-layout u-container-layout-2\">\n                  <img decoding=\"async\" class=\"u-image u-image-default u-preserve-proportions u-image-2\" src=\"https:\/\/www.rosacom.cz\/wp-content\/uploads\/2023\/07\/teknik-servis-icon-png-1-150x150-1.jpg\" alt=\"\" data-image-width=\"150\" data-image-height=\"150\">\n                  <p class=\"u-align-center-sm u-align-center-xs u-text u-text-2\">\n                    <span style=\"font-weight: 700;\"> Jan Kle\u010dka<\/span>\n                    <br>Servis a opravy PC, tisk\u00e1rny&nbsp;<br>&nbsp;tel:&nbsp;728 141 141<br>email:&nbsp;klecka@rosacom.cz\n                  <\/p>\n                <\/div>\n              <\/div>\n              <div class=\"u-container-style u-layout-cell u-size-20 u-layout-cell-3\">\n                <div class=\"u-container-layout u-container-layout-3\">\n                  <img decoding=\"async\" class=\"u-image u-image-default u-preserve-proportions u-image-3\" src=\"https:\/\/www.rosacom.cz\/wp-content\/uploads\/2023\/07\/kisspng-architecture-interior-design-services-computer-ico-architecture-5abdde6a3af907.2589908215223926822416-150x150-1.jpg\" alt=\"\" data-image-width=\"150\" data-image-height=\"150\">\n                  <p class=\"u-align-center-sm u-align-center-xs u-text u-text-3\"> Martin Zedlo<br>Vedouc\u00ed technik,zabezpe\u010dovac\u00ed a kamerov\u00e9 syst\u00e9my&nbsp;<br>tel:&nbsp;774 833 889<br>email:&nbsp;zedlo@rosacom.cz\n                  <\/p>\n                <\/div>\n              <\/div>\n            <\/div>\n          <\/div>\n        <\/div>\n        <div class=\"u-border-3 u-border-grey-dark-1 u-expanded-width u-line u-line-horizontal u-line-1\"><\/div>\n      <\/div>\n    <\/section>\n    <section class=\"u-clearfix u-section-4\" id=\"sec-99af\">\n      <div class=\"u-clearfix u-sheet u-valign-middle-lg u-sheet-1\">\n        <img decoding=\"async\" class=\"u-image u-image-default u-image-1\" src=\"https:\/\/www.rosacom.cz\/wp-content\/uploads\/2023\/07\/IMG_20181102_144228-300x150-1.jpg\" alt=\"\" data-image-width=\"300\" data-image-height=\"150\">\n        <p class=\"u-align-center-md u-align-center-sm u-align-center-xs u-text u-text-default u-text-1\">\n          <span style=\"font-weight: 700;\"><\/span>Adresa:<br>V\u00e1clav Divi\u0161 \u2013 ROSA Computers<br>Masarykovo n\u00e1m\u011bst\u00ed 176, 336 01 Blovice&nbsp;<br>\n          <br>Kontakt:<br>tel:&nbsp;371 580 779<br>mobil:&nbsp;724 749 383<br>email:&nbsp;divis@rosacom.cz\n        <\/p>\n        <p class=\"u-text u-text-default u-text-2\"> Prodejna Blovice<\/p>\n        <div class=\"u-border-3 u-border-grey-dark-1 u-expanded-width u-line u-line-horizontal u-line-1\"><\/div>\n      <\/div>\n    <\/section>\n    <section class=\"u-clearfix u-section-5\" id=\"sec-269e\">\n      <div class=\"u-clearfix u-sheet u-sheet-1\">\n        <img decoding=\"async\" class=\"u-image u-image-default u-image-1\" src=\"https:\/\/www.rosacom.cz\/wp-content\/uploads\/2023\/07\/IMG_1795-300x225-1.jpg\" alt=\"\" data-image-width=\"300\" data-image-height=\"225\">\n        <p class=\"u-align-center-md u-align-center-sm u-align-center-xs u-text u-text-default u-text-1\">\n          <span style=\"font-weight: 700;\"><\/span>Adresa:<br>Zden\u011bk Dunovsk\u00fd \u2013 ROSA Computers<br>Doln\u00ed n\u00e1m. 49, 330 33 M\u011bsto Tou\u0161kov&nbsp;<br>\n          <br>Kontakt:<br>tel:&nbsp;378 774 477<br>mobil:&nbsp;602 558 308<br>email:&nbsp;touskov@rosacom.cz\n        <\/p>\n        <p class=\"u-text u-text-default u-text-2\"> Prodejna M\u011bsto Tou\u0161kov<\/p>\n        <div class=\"u-border-3 u-border-grey-dark-1 u-expanded-width u-line u-line-horizontal u-line-1\"><\/div>\n      <\/div>\n    <\/section>\n    <section class=\"u-clearfix u-section-6\" id=\"sec-54be\">\n      <div class=\"u-clearfix u-sheet u-sheet-1\">\n        <img decoding=\"async\" class=\"u-image u-image-default u-image-1\" src=\"https:\/\/www.rosacom.cz\/wp-content\/uploads\/2023\/07\/kissclipart-call-center-icon-png-clipart-call-centre-customer-3765d105be74a2c4-2-150x1501-1.jpg\" alt=\"\" data-image-width=\"150\" data-image-height=\"150\">\n        <p class=\"u-align-center-md u-align-center-sm u-align-center-xs u-text u-text-default u-text-1\">\n          <span style=\"font-weight: 700;\"><\/span>\n          <span style=\"font-weight: 700;\">\n            <span style=\"font-weight: 700;\">Petr Juha<\/span>\n            <br>\n            <br>tel\n          <\/span>:&nbsp;777 170 589<br>\n          <span style=\"font-weight: 700;\">email<\/span>:&nbsp;petrjuha@centrum.cz<br>\n        <\/p>\n        <p class=\"u-align-center u-text u-text-default u-text-2\">\n          <span style=\"font-weight: 700;\"> Karlovy Vary<\/span>\n          <br>obchodn\u00ed z\u00e1stupce\n        <\/p>\n      <\/div>\n    <\/section>\n    \n    \n    \n  \n<\/div>","protected":false},"excerpt":{"rendered":"<p>Kontakty Adresa: V\u00e1clav Rosa \u2013 ROSA ComputersPr\u00e1che\u0148sk\u00e1 35, 341 01 Hora\u017e\u010fovice&nbsp; Kontakt: tel:&nbsp;376 511 722mobil:&nbsp;602 833 889email:&nbsp;rosacom@rosacom.cz Prodejna Hora\u017e\u010fovice Sam Podhorsk\u00fd Vedouc\u00ed prodejny, objedn\u00e1vky a reklamacetel:&nbsp;602 833 889email:&nbsp;podhorsky@rosacom.cz Jan Kle\u010dka Servis a opravy PC, tisk\u00e1rny&nbsp;&nbsp;tel:&nbsp;728 141 141email:&nbsp;klecka@rosacom.cz Martin ZedloVedouc\u00ed technik,zabezpe\u010dovac\u00ed a kamerov\u00e9 syst\u00e9my&nbsp;tel:&nbsp;774 833 889email:&nbsp;zedlo@rosacom.cz Adresa:V\u00e1clav Divi\u0161 \u2013 ROSA ComputersMasarykovo n\u00e1m\u011bst\u00ed 176, 336 01 Blovice&nbsp; [&hellip;]<\/p>\n","protected":false},"author":8,"featured_media":0,"parent":0,"menu_order":0,"comment_status":"closed","ping_status":"closed","template":"","meta":{"footnotes":""},"class_list":["post-427","page","type-page","status-publish","hentry"],"_links":{"self":[{"href":"https:\/\/www.rosacom.cz\/homepage\/wp-json\/wp\/v2\/pages\/427","targetHints":{"allow":["GET"]}}],"collection":[{"href":"https:\/\/www.rosacom.cz\/homepage\/wp-json\/wp\/v2\/pages"}],"about":[{"href":"https:\/\/www.rosacom.cz\/homepage\/wp-json\/wp\/v2\/types\/page"}],"author":[{"embeddable":true,"href":"https:\/\/www.rosacom.cz\/homepage\/wp-json\/wp\/v2\/users\/8"}],"replies":[{"embeddable":true,"href":"https:\/\/www.rosacom.cz\/homepage\/wp-json\/wp\/v2\/comments?post=427"}],"version-history":[{"count":5,"href":"https:\/\/www.rosacom.cz\/homepage\/wp-json\/wp\/v2\/pages\/427\/revisions"}],"predecessor-version":[{"id":441,"href":"https:\/\/www.rosacom.cz\/homepage\/wp-json\/wp\/v2\/pages\/427\/revisions\/441"}],"wp:attachment":[{"href":"https:\/\/www.rosacom.cz\/homepage\/wp-json\/wp\/v2\/media?parent=427"}],"curies":[{"name":"wp","href":"https:\/\/api.w.org\/{rel}","templated":true}]}}