{"id":437,"date":"2023-07-24T10:36:01","date_gmt":"2023-07-24T08:36:01","guid":{"rendered":"https:\/\/rosacom.rcsoft.cz\/?page_id=437"},"modified":"2023-07-24T10:36:01","modified_gmt":"2023-07-24T08:36:01","slug":"napiste-nam","status":"publish","type":"page","link":"https:\/\/www.rosacom.cz\/homepage\/napiste-nam\/","title":{"rendered":"Napi\u0161te n\u00e1m"},"content":{"rendered":"<div class=\"\" style=\"\" >\n    \n    <section class=\"u-clearfix u-section-2\" id=\"sec-0632\">\n      <div class=\"u-clearfix u-sheet u-sheet-1\">\n        <h3 class=\"u-align-center u-text u-text-default u-text-1\"> Napi\u0161te n\u00e1m<\/h3>\n        <p class=\"u-align-left u-text u-text-2\"> Zaujala v\u00e1s na\u0161e nab\u00eddka, pot\u0159ebujete s n\u011b\u010d\u00edm poradit a nebo se informovat ohledn\u011b dostupnosti zbo\u017e\u00ed nebo i o stavu prob\u00edhaj\u00edc\u00ed reklamace?<\/p>\n        <img decoding=\"async\" class=\"u-image u-image-contain u-image-default u-preserve-proportions u-image-1\" src=\"https:\/\/www.rosacom.cz\/wp-content\/uploads\/2023\/07\/11-1User_10-512-300x300-1.jpg\" alt=\"\" data-image-width=\"300\" data-image-height=\"300\">\n        <p class=\"u-align-center u-text u-text-3\"> Sta\u010d\u00ed vyplnit tento jednoduch\u00fd formul\u00e1\u0159<br>a my se s v\u00e1mi v nejkrat\u0161\u00ed dob\u011b spoj\u00edme\n        <\/p>\n        <div class=\"u-form u-form-1\">\n          <form action=\"https:\/\/forms.nicepagesrv.com\/v2\/form\/process\" class=\"u-clearfix u-form-spacing-15 u-form-vertical u-inner-form\" style=\"padding: 15px;\" source=\"email\" name=\"form\">\n            <div class=\"u-form-group u-form-name u-label-top u-form-group-1\">\n              <label for=\"name-8972\" class=\"u-label\">Jm\u00e9no<\/label>\n              <input type=\"text\" placeholder=\"K\u0159estn\u00ed jm\u00e9no\" id=\"name-8972\" name=\"name\" class=\"u-input u-input-rectangle\" required=\"\">\n            <\/div>\n            <div class=\"u-form-group u-form-name u-label-top u-form-group-2\">\n              <label for=\"name-8972\" class=\"u-label\">P\u0159\u00edjmen\u00ed<\/label>\n              <input type=\"text\" placeholder=\"p\u0159\u00edjm\u011bn\u00ed\" id=\"name-8972\" name=\"name-1\" class=\"u-input u-input-rectangle\" required=\"\">\n            <\/div>\n            <div class=\"u-form-group u-form-phone u-label-top u-form-group-3\">\n              <label for=\"name-6797\" class=\"u-label\">Telefon\u00ed \u010d\u00edslo<\/label>\n              <input type=\"tel\" id=\"name-6797\" name=\"Jm\u00e9no a p\u0159\u00edjmen\u00ed\" class=\"u-input u-input-rectangle\" required=\"required\" placeholder=\".+420\">\n            <\/div>\n            <div class=\"u-form-email u-form-group u-label-top u-form-group-4\">\n              <label for=\"email-6797\" class=\"u-label\">Email<\/label>\n              <input type=\"email\" placeholder=\"Email\" id=\"email-6797\" name=\"email\" class=\"u-input u-input-rectangle\" required=\"\">\n            <\/div>\n            <div class=\"u-form-group u-form-message u-label-top u-form-group-5\">\n              <label for=\"message-6797\" class=\"u-label\">Obsah dotazu<\/label>\n              <textarea placeholder=\"Dotaz\" rows=\"4\" cols=\"50\" id=\"message-6797\" name=\"message\" class=\"u-input u-input-rectangle\" required=\"\"><\/textarea>\n            <\/div>\n            <div class=\"u-align-left u-form-group u-form-submit u-label-top u-form-group-6\">\n              <a href=\"#\" class=\"u-active-white u-border-none u-btn u-btn-submit u-button-style u-hover-palette-2-base u-palette-1-base u-text-active-palette-1-base u-text-hover-black u-btn-1\">Odeslat<br>\n              <\/a>\n              <input type=\"submit\" value=\"submit\" class=\"u-form-control-hidden\">\n            <\/div>\n            <div class=\"u-form-send-message u-form-send-success\">Thank you! Your message has been sent.<\/div>\n            <div class=\"u-form-send-error u-form-send-message\">Unable to send your message. Please fix errors then try again.<\/div>\n            <input type=\"hidden\" value=\"\" name=\"recaptchaResponse\">\n            <input type=\"hidden\" name=\"formServices\" value=\"1ff84266244bd39475dba0221268459e\">\n          <\/form>\n        <\/div>\n      <\/div>\n    <\/section>\n    <section class=\"u-clearfix u-section-3\" id=\"sec-2197\">\n      <div class=\"u-clearfix u-sheet u-sheet-1\"><\/div>\n    <\/section>\n    \n    \n    \n  \n<\/div>","protected":false},"excerpt":{"rendered":"<p>Napi\u0161te n\u00e1m Zaujala v\u00e1s na\u0161e nab\u00eddka, pot\u0159ebujete s n\u011b\u010d\u00edm poradit a nebo se informovat ohledn\u011b dostupnosti zbo\u017e\u00ed nebo i o stavu prob\u00edhaj\u00edc\u00ed reklamace? Sta\u010d\u00ed vyplnit tento jednoduch\u00fd formul\u00e1\u0159a my se s v\u00e1mi v nejkrat\u0161\u00ed dob\u011b spoj\u00edme Jm\u00e9no P\u0159\u00edjmen\u00ed Telefon\u00ed \u010d\u00edslo Email Obsah dotazu Odeslat Thank you! Your message has been sent. Unable to send your [&hellip;]<\/p>\n","protected":false},"author":8,"featured_media":0,"parent":0,"menu_order":0,"comment_status":"closed","ping_status":"closed","template":"","meta":{"footnotes":""},"class_list":["post-437","page","type-page","status-publish","hentry"],"_links":{"self":[{"href":"https:\/\/www.rosacom.cz\/homepage\/wp-json\/wp\/v2\/pages\/437","targetHints":{"allow":["GET"]}}],"collection":[{"href":"https:\/\/www.rosacom.cz\/homepage\/wp-json\/wp\/v2\/pages"}],"about":[{"href":"https:\/\/www.rosacom.cz\/homepage\/wp-json\/wp\/v2\/types\/page"}],"author":[{"embeddable":true,"href":"https:\/\/www.rosacom.cz\/homepage\/wp-json\/wp\/v2\/users\/8"}],"replies":[{"embeddable":true,"href":"https:\/\/www.rosacom.cz\/homepage\/wp-json\/wp\/v2\/comments?post=437"}],"version-history":[{"count":3,"href":"https:\/\/www.rosacom.cz\/homepage\/wp-json\/wp\/v2\/pages\/437\/revisions"}],"predecessor-version":[{"id":444,"href":"https:\/\/www.rosacom.cz\/homepage\/wp-json\/wp\/v2\/pages\/437\/revisions\/444"}],"wp:attachment":[{"href":"https:\/\/www.rosacom.cz\/homepage\/wp-json\/wp\/v2\/media?parent=437"}],"curies":[{"name":"wp","href":"https:\/\/api.w.org\/{rel}","templated":true}]}}