{"id":463,"date":"2023-08-01T10:20:54","date_gmt":"2023-08-01T08:20:54","guid":{"rendered":"https:\/\/rosacom.rcsoft.cz\/?page_id=463"},"modified":"2023-08-08T13:45:50","modified_gmt":"2023-08-08T11:45:50","slug":"page-3","status":"publish","type":"page","link":"https:\/\/www.rosacom.cz\/homepage\/page-3\/","title":{"rendered":"O n\u00e1s"},"content":{"rendered":"<div class=\"\" style=\"\" >\n    \n    <section class=\"u-clearfix u-section-2\" id=\"sec-f241\">\n      <div class=\"u-clearfix u-sheet u-sheet-1\">\n        <h3 class=\"u-text u-text-1\">O n\u00e1s<\/h3>\n        <div class=\"u-shape u-shape-svg u-text-palette-1-base u-shape-1\">\n          <svg class=\"u-svg-link\" preserveAspectRatio=\"none\" viewBox=\"0 0 160 160\" style=\"\"><use xlink:href=\"#svg-99a6\"><\/use><\/svg>\n          <svg class=\"u-svg-content\" viewBox=\"0 0 160 160\" x=\"0px\" y=\"0px\" id=\"svg-99a6\" style=\"enable-background:new 0 0 160 160;\"><path d=\"M158.1,106.7L111.7,80l46.4-26.7c0.8-0.5,1.4-1.2,1.6-2.1c0.2-0.9,0.1-1.8-0.4-2.5l-13.7-21c-1-1.6-3.2-2.1-4.9-1.1\n\tL96.5,52.1V3.3C96.5,1.5,94.9,0,93,0H66.9c-2,0-3.5,1.5-3.5,3.3v48.8L19.1,26.7c-1.7-1-3.8-0.5-4.9,1.1l-13.7,21\n\tc-0.5,0.8-0.6,1.7-0.4,2.5c0.2,0.9,0.8,1.6,1.6,2.1L48.2,80L1.8,106.7c-0.8,0.5-1.4,1.2-1.6,2.1c-0.2,0.9-0.1,1.8,0.4,2.5l13.7,21\n\tc1,1.6,3.2,2.1,4.9,1.1l44.3-25.5v48.8c0,1.8,1.6,3.3,3.5,3.3h26.2c2,0,3.5-1.5,3.5-3.3v-48.8l44.3,25.5c1.7,1,3.8,0.5,4.9-1.1\n\tl13.7-21c0.5-0.8,0.6-1.7,0.4-2.5C159.5,107.9,158.9,107.2,158.1,106.7z\"><\/path><\/svg>\n        <\/div>\n        <p class=\"u-text u-text-2\"> Spole\u010dnost ROSA Computers je dodavatelem kompletn\u00edch \u0159e\u0161en\u00ed na b\u00e1zi Windows a LINUX server\u016f. V&nbsp;na\u0161em portfoliu jsou jak instalace a konfigurace Windows server\u016f pro \u0159\u00edzen\u00ed dom\u00e9n, SQL servery a servery pro obsluhu internetov\u00fdch slu\u017eeb.<br>\n          <br>Sna\u017e\u00edme se v\u0161ak preferovat \u0159e\u0161en\u00ed na b\u00e1zi GNU\/Linux, vzhledem k&nbsp;vysok\u00e9 \u0161k\u00e1lovatelnosti, \u0161irok\u00e9 konfigurovatelnosti a absolutn\u00ed spolehlivosti \u0159e\u0161en\u00ed na t\u00e9to platform\u011b.<br>\n          <br>V&nbsp;oblasti Linux server\u016f na\u0161e spole\u010dnost dosahuje skv\u011bl\u00fdch v\u00fdsledk\u016f, kter\u00e9 jsou podpo\u0159eny provozem vlastn\u00edch server\u016f v&nbsp;s\u00edt\u00edch RCnet.<br>\n          <br>S\u00ed\u0165 RCnet p\u0159edstavuje ve\u0161ker\u00e9 aktivity ROSA Computers v&nbsp;oblasti p\u0159\u00edstupu k&nbsp;internetu.Ji\u017e od roku 2003 se zab\u00fdv\u00e1me komplexn\u00edm \u0159e\u0161en\u00edm firemn\u00ed komunikace a zejm\u00e9na poskytov\u00e1n\u00edm bezdr\u00e1tov\u00e9ho p\u0159ipojen\u00ed k Internetu a realizac\u00ed VPN (Virtu\u00e1ln\u00edch priv\u00e1tn\u00edch s\u00edt\u00ed).<br>\n          <br>Dal\u0161\u00ed oblast\u00ed p\u016fsobnosti na\u0161\u00ed firmy je budov\u00e1n\u00ed&nbsp;<a title=\"Strukturovan\u00e1 kabel\u00e1\u017e\" href=\"https:\/\/www.rosacom.cz\/?page_id=23\" class=\"u-btn u-button-style u-text-palette-1-base u-btn-1\">strukturovan\u00e9 kabel\u00e1\u017ee<\/a>,&nbsp;<a title=\"Kamerov\u00e9 syst\u00e9my\" href=\"https:\/\/www.rosacom.cz\/?page_id=19\" class=\"u-btn u-button-style u-text-palette-1-base u-btn-2\">kamerov\u00fdch<\/a>&nbsp;a&nbsp;<a href=\"https:\/\/www.rosacom.cz\/zabezpeceni\/\" class=\"u-btn u-button-style u-text-palette-1-base u-btn-3\">zabezpe\u010dovac\u00edch syst\u00e9m\u016f<\/a>.D\u00e1le pro na\u0161e z\u00e1kazn\u00edky provozujeme ma\u200bloobchodn\u00ed prodejnu s elektronikou, v\u00fdpo\u010detn\u00ed a IT technikou a p\u0159\u00edslu\u0161enstv\u00edm.\n        <\/p>\n      <\/div>\n    <\/section>\n    <section class=\"u-clearfix u-section-3\" id=\"sec-f2d5\">\n      <div class=\"u-clearfix u-sheet u-valign-top u-sheet-1\">\n        <h3 class=\"u-text u-text-default u-text-1\"> Jsme partnery t\u011bchto obchodn\u00edch s\u00edt\u00ed:<\/h3>\n        <div class=\"u-clearfix u-expanded-width u-layout-wrap u-layout-wrap-1\">\n          <div class=\"u-layout\">\n            <div class=\"u-layout-col\">\n              <div class=\"u-size-30\">\n                <div class=\"u-layout-row\">\n                  <div class=\"u-container-style u-layout-cell u-size-20 u-layout-cell-1\">\n                    <div class=\"u-container-layout u-valign-top u-container-layout-1\">\n                      <img decoding=\"async\" class=\"u-image u-image-contain u-image-1\" src=\"https:\/\/www.rosacom.cz\/wp-content\/uploads\/2023\/08\/logo-ha-loo.png\" data-image-width=\"150\" data-image-height=\"150\" data-href=\"https:\/\/www.ha-loo.cz\/\">\n                      <p class=\"u-text u-text-default u-text-2\"> Ha-loo vol\u00e1n\u00ed<\/p>\n                    <\/div>\n                  <\/div>\n                  <div class=\"u-container-style u-layout-cell u-size-20 u-layout-cell-2\">\n                    <div class=\"u-container-layout u-container-layout-2\">\n                      <img decoding=\"async\" class=\"u-image u-image-contain u-image-2\" src=\"https:\/\/www.rosacom.cz\/wp-content\/uploads\/2023\/08\/logorefurbished-1.jpg\" data-image-width=\"150\" data-image-height=\"150\" data-href=\"https:\/\/www.refurbished.cz\/\">\n                      <p class=\"u-text u-text-default u-text-3\"> Repas Refurbished<\/p>\n                    <\/div>\n                  <\/div>\n                  <div class=\"u-container-style u-layout-cell u-size-20 u-layout-cell-3\">\n                    <div class=\"u-container-layout u-container-layout-3\">\n                      <img decoding=\"async\" class=\"u-image u-image-contain u-image-3\" src=\"https:\/\/www.rosacom.cz\/wp-content\/uploads\/2023\/08\/Essox_logo_2012_partnerstvi-1.jpg\" data-image-width=\"150\" data-image-height=\"150\" data-href=\"https:\/\/www.essox.cz\/\">\n                      <p class=\"u-text u-text-default u-text-4\"> N\u00e1kup na spl\u00e1tky Essox<\/p>\n                    <\/div>\n                  <\/div>\n                <\/div>\n              <\/div>\n              <div class=\"u-size-30\">\n                <div class=\"u-layout-row\">\n                  <div class=\"u-container-style u-layout-cell u-size-20 u-layout-cell-4\" data-href=\"https:\/\/www.ha-loo.cz\/\">\n                    <div class=\"u-container-layout u-container-layout-4\">\n                      <img decoding=\"async\" class=\"u-image u-image-contain u-image-4\" src=\"https:\/\/www.rosacom.cz\/wp-content\/uploads\/2023\/08\/swslogo_0-1.png\" data-image-width=\"150\" data-image-height=\"150\" data-href=\"http:\/\/www.sws.cz\/\">\n                      <p class=\"u-text u-text-default u-text-5\"> SWS Gold Partner<\/p>\n                    <\/div>\n                  <\/div>\n                  <div class=\"u-container-style u-layout-cell u-size-20 u-layout-cell-5\">\n                    <div class=\"u-container-layout u-container-layout-5\">\n                      <img decoding=\"async\" class=\"u-image u-image-contain u-image-5\" src=\"https:\/\/www.rosacom.cz\/wp-content\/uploads\/2023\/08\/staen-soubor-1.png\" data-image-width=\"150\" data-image-height=\"150\" data-href=\"https:\/\/www.comfor.cz\/\">\n                      <p class=\"u-text u-text-default u-text-6\"> Comfor Stores<\/p>\n                    <\/div>\n                  <\/div>\n                  <div class=\"u-container-style u-layout-cell u-size-20 u-layout-cell-6\">\n                    <div class=\"u-container-layout u-container-layout-6\">\n                      <img decoding=\"async\" class=\"u-image u-image-contain u-image-6\" src=\"https:\/\/www.rosacom.cz\/wp-content\/uploads\/2023\/08\/partner-400x250-2.png\" data-image-width=\"150\" data-image-height=\"150\" data-href=\"https:\/\/www.edprofi.cz\/cs\/\">\n                      <p class=\"u-text u-text-default u-text-7\"> S\u00ed\u0165 IT prodejen eD profi<\/p>\n                    <\/div>\n                  <\/div>\n                <\/div>\n              <\/div>\n            <\/div>\n          <\/div>\n        <\/div>\n      <\/div>\n    <\/section>\n    \n    \n    \n  \n<\/div>","protected":false},"excerpt":{"rendered":"<p>O n\u00e1s Spole\u010dnost ROSA Computers je dodavatelem kompletn\u00edch \u0159e\u0161en\u00ed na b\u00e1zi Windows a LINUX server\u016f. V&nbsp;na\u0161em portfoliu jsou jak instalace a konfigurace Windows server\u016f pro \u0159\u00edzen\u00ed dom\u00e9n, SQL servery a servery pro obsluhu internetov\u00fdch slu\u017eeb. Sna\u017e\u00edme se v\u0161ak preferovat \u0159e\u0161en\u00ed na b\u00e1zi GNU\/Linux, vzhledem k&nbsp;vysok\u00e9 \u0161k\u00e1lovatelnosti, \u0161irok\u00e9 konfigurovatelnosti a absolutn\u00ed spolehlivosti \u0159e\u0161en\u00ed na t\u00e9to platform\u011b. [&hellip;]<\/p>\n","protected":false},"author":8,"featured_media":0,"parent":0,"menu_order":0,"comment_status":"closed","ping_status":"closed","template":"","meta":{"footnotes":""},"class_list":["post-463","page","type-page","status-publish","hentry"],"_links":{"self":[{"href":"https:\/\/www.rosacom.cz\/homepage\/wp-json\/wp\/v2\/pages\/463","targetHints":{"allow":["GET"]}}],"collection":[{"href":"https:\/\/www.rosacom.cz\/homepage\/wp-json\/wp\/v2\/pages"}],"about":[{"href":"https:\/\/www.rosacom.cz\/homepage\/wp-json\/wp\/v2\/types\/page"}],"author":[{"embeddable":true,"href":"https:\/\/www.rosacom.cz\/homepage\/wp-json\/wp\/v2\/users\/8"}],"replies":[{"embeddable":true,"href":"https:\/\/www.rosacom.cz\/homepage\/wp-json\/wp\/v2\/comments?post=463"}],"version-history":[{"count":4,"href":"https:\/\/www.rosacom.cz\/homepage\/wp-json\/wp\/v2\/pages\/463\/revisions"}],"predecessor-version":[{"id":473,"href":"https:\/\/www.rosacom.cz\/homepage\/wp-json\/wp\/v2\/pages\/463\/revisions\/473"}],"wp:attachment":[{"href":"https:\/\/www.rosacom.cz\/homepage\/wp-json\/wp\/v2\/media?parent=463"}],"curies":[{"name":"wp","href":"https:\/\/api.w.org\/{rel}","templated":true}]}}