{"id":475,"date":"2023-08-01T11:29:59","date_gmt":"2023-08-01T09:29:59","guid":{"rendered":"https:\/\/rosacom.rcsoft.cz\/?page_id=475"},"modified":"2023-08-01T14:07:53","modified_gmt":"2023-08-01T12:07:53","slug":"page-4","status":"publish","type":"page","link":"https:\/\/www.rosacom.cz\/homepage\/page-4\/","title":{"rendered":"Seznam Prodejen"},"content":{"rendered":"<div class=\"\" style=\"\" >\n    \n    <section class=\"u-clearfix u-section-2\" id=\"sec-e5f5\">\n      <div class=\"u-clearfix u-sheet u-sheet-1\">\n        <div class=\"u-shape u-shape-svg u-text-palette-1-base u-shape-1\">\n          <svg class=\"u-svg-link\" preserveAspectRatio=\"none\" viewBox=\"0 0 160 160\" style=\"\"><use xlink:href=\"#svg-1667\"><\/use><\/svg>\n          <svg class=\"u-svg-content\" viewBox=\"0 0 160 160\" x=\"0px\" y=\"0px\" id=\"svg-1667\" style=\"enable-background:new 0 0 160 160;\"><path d=\"M158.1,106.7L111.7,80l46.4-26.7c0.8-0.5,1.4-1.2,1.6-2.1c0.2-0.9,0.1-1.8-0.4-2.5l-13.7-21c-1-1.6-3.2-2.1-4.9-1.1\n\tL96.5,52.1V3.3C96.5,1.5,94.9,0,93,0H66.9c-2,0-3.5,1.5-3.5,3.3v48.8L19.1,26.7c-1.7-1-3.8-0.5-4.9,1.1l-13.7,21\n\tc-0.5,0.8-0.6,1.7-0.4,2.5c0.2,0.9,0.8,1.6,1.6,2.1L48.2,80L1.8,106.7c-0.8,0.5-1.4,1.2-1.6,2.1c-0.2,0.9-0.1,1.8,0.4,2.5l13.7,21\n\tc1,1.6,3.2,2.1,4.9,1.1l44.3-25.5v48.8c0,1.8,1.6,3.3,3.5,3.3h26.2c2,0,3.5-1.5,3.5-3.3v-48.8l44.3,25.5c1.7,1,3.8,0.5,4.9-1.1\n\tl13.7-21c0.5-0.8,0.6-1.7,0.4-2.5C159.5,107.9,158.9,107.2,158.1,106.7z\"><\/path><\/svg>\n        <\/div>\n        <div class=\"u-clearfix u-expanded-width u-layout-wrap u-layout-wrap-1\">\n          <div class=\"u-layout\">\n            <div class=\"u-layout-col\">\n              <div class=\"u-container-style u-layout-cell u-size-20 u-layout-cell-1\">\n                <div class=\"u-container-layout u-container-layout-1\">\n                  <img decoding=\"async\" class=\"u-image u-image-default u-preserve-proportions u-image-1\" src=\"https:\/\/www.rosacom.cz\/wp-content\/uploads\/2023\/08\/pin-map-location-10-512-150x150-1.png\" alt=\"\" data-image-width=\"150\" data-image-height=\"150\" data-href=\"https:\/\/www.rosacom.cz\/page-6\/\" title=\"Prodejna Hora\u017e\u010fovice\">\n                  <img decoding=\"async\" class=\"u-expanded-height-xl u-image u-image-default u-image-2\" src=\"https:\/\/www.rosacom.cz\/wp-content\/uploads\/2023\/08\/10714194_901130913233223_741011332192873264_o-300x225-1.jpg\" alt=\"\" data-image-width=\"300\" data-image-height=\"225\">\n                  <p class=\"u-align-center u-text u-text-default-lg u-text-default-xl u-text-1\">\n                    <span class=\"u-text-palette-1-base\"><u>Hora\u017e\u010fovice<\/u>\n                    <\/span>\n                    <br>\n                    <br>Pr\u00e1che\u0148sk\u00e1 35\n                  <\/p>\n                <\/div>\n              <\/div>\n              <div class=\"u-container-style u-layout-cell u-size-20 u-layout-cell-2\">\n                <div class=\"u-container-layout u-valign-bottom-xs u-container-layout-2\">\n                  <img decoding=\"async\" class=\"u-image u-image-default u-preserve-proportions u-image-3\" src=\"https:\/\/www.rosacom.cz\/wp-content\/uploads\/2023\/08\/pin-map-location-10-512-150x150-1.png\" alt=\"\" data-image-width=\"150\" data-image-height=\"150\" data-href=\"https:\/\/www.rosacom.cz\/prodejna-blovice\/\" title=\"Prodejna Blovice\">\n                  <img decoding=\"async\" class=\"u-expanded-height-xl u-image u-image-default u-image-4\" src=\"https:\/\/www.rosacom.cz\/wp-content\/uploads\/2023\/08\/IMG_20181102_144228-300x150-1.jpg\" alt=\"\" data-image-width=\"300\" data-image-height=\"150\">\n                  <p class=\"u-align-center u-text u-text-default-xl u-text-2\">\n                    <span class=\"u-text-palette-1-base\"><u>Blovice<\/u>\n                    <\/span>\n                    <br>\n                    <br> Masarykovo n\u00e1m\u011bst\u00ed 176\n                  <\/p>\n                <\/div>\n              <\/div>\n              <div class=\"u-container-style u-layout-cell u-size-20 u-layout-cell-3\">\n                <div class=\"u-container-layout u-container-layout-3\">\n                  <img decoding=\"async\" class=\"u-image u-image-default u-preserve-proportions u-image-5\" src=\"https:\/\/www.rosacom.cz\/wp-content\/uploads\/2023\/08\/pin-map-location-10-512-150x150-1.png\" alt=\"\" data-image-width=\"150\" data-image-height=\"150\" data-href=\"https:\/\/www.rosacom.cz\/page-7\/\" title=\"Prodejna Tou\u0161kov\">\n                  <img decoding=\"async\" class=\"u-image u-image-default u-image-6\" src=\"https:\/\/www.rosacom.cz\/wp-content\/uploads\/2023\/08\/IMG_1795-300x225-1.jpg\" alt=\"\" data-image-width=\"300\" data-image-height=\"225\">\n                  <p class=\"u-align-center u-text u-text-default-lg u-text-default-xl u-text-3\">\n                    <font color=\"#1f5ab8\"><u>M\u011bsto Tou\u0161kov<\/u>\n                    <\/font>\n                    <br>\n                    <br> Doln\u00ed n\u00e1m. 49, 330 33\n                  <\/p>\n                <\/div>\n              <\/div>\n            <\/div>\n          <\/div>\n        <\/div>\n      <\/div>\n    <\/section>\n    <section class=\"u-clearfix u-section-3\" id=\"sec-17b2\">\n      <div class=\"u-clearfix u-sheet u-valign-middle-md u-valign-middle-sm u-valign-middle-xs u-sheet-1\">\n        <div class=\"u-grey-light-2 u-map u-map-1\">\n          <div class=\"embed-responsive\">\n            <iframe class=\"embed-responsive-item\" src=\"https:\/\/maps.google.com\/maps?output=embed&amp;key=rosacom&amp;q=rosa%20Computers&amp;z=9&amp;t=m\" data-map=\"JTdCJTIycG9zaXRpb25UeXBlJTIyJTNBJTIybWFwLWFkZHJlc3MlMjIlMkMlMjJhZGRyZXNzJTIyJTNBJTIycm9zYSUyMENvbXB1dGVycyUyMiUyQyUyMnpvb20lMjIlM0E5JTJDJTIydHlwZUlkJTIyJTNBJTIycm9hZCUyMiUyQyUyMmxhbmclMjIlM0FudWxsJTJDJTIyYXBpS2V5JTIyJTNBJTIycm9zYWNvbSUyMiUyQyUyMm1hcmtlcnMlMjIlM0ElNUIlNUQlN0Q=\"><\/iframe>\n          <\/div>\n        <\/div>\n      <\/div>\n    <\/section>\n    \n    \n    \n  \n<\/div>","protected":false},"excerpt":{"rendered":"<p>Hora\u017e\u010fovice Pr\u00e1che\u0148sk\u00e1 35 Blovice Masarykovo n\u00e1m\u011bst\u00ed 176 M\u011bsto Tou\u0161kov Doln\u00ed n\u00e1m. 49, 330 33<\/p>\n","protected":false},"author":8,"featured_media":0,"parent":0,"menu_order":0,"comment_status":"closed","ping_status":"closed","template":"","meta":{"footnotes":""},"class_list":["post-475","page","type-page","status-publish","hentry"],"_links":{"self":[{"href":"https:\/\/www.rosacom.cz\/homepage\/wp-json\/wp\/v2\/pages\/475","targetHints":{"allow":["GET"]}}],"collection":[{"href":"https:\/\/www.rosacom.cz\/homepage\/wp-json\/wp\/v2\/pages"}],"about":[{"href":"https:\/\/www.rosacom.cz\/homepage\/wp-json\/wp\/v2\/types\/page"}],"author":[{"embeddable":true,"href":"https:\/\/www.rosacom.cz\/homepage\/wp-json\/wp\/v2\/users\/8"}],"replies":[{"embeddable":true,"href":"https:\/\/www.rosacom.cz\/homepage\/wp-json\/wp\/v2\/comments?post=475"}],"version-history":[{"count":5,"href":"https:\/\/www.rosacom.cz\/homepage\/wp-json\/wp\/v2\/pages\/475\/revisions"}],"predecessor-version":[{"id":485,"href":"https:\/\/www.rosacom.cz\/homepage\/wp-json\/wp\/v2\/pages\/475\/revisions\/485"}],"wp:attachment":[{"href":"https:\/\/www.rosacom.cz\/homepage\/wp-json\/wp\/v2\/media?parent=475"}],"curies":[{"name":"wp","href":"https:\/\/api.w.org\/{rel}","templated":true}]}}