{"id":484,"date":"2023-08-01T12:07:48","date_gmt":"2023-08-01T10:07:48","guid":{"rendered":"https:\/\/rosacom.rcsoft.cz\/?page_id=484"},"modified":"2023-08-01T13:02:44","modified_gmt":"2023-08-01T11:02:44","slug":"page-6","status":"publish","type":"page","link":"https:\/\/www.rosacom.cz\/homepage\/page-6\/","title":{"rendered":"Prodejna Hora\u017e\u010fovice"},"content":{"rendered":"<div class=\"\" style=\"\" >\n    \n    <section class=\"u-clearfix u-section-2\" id=\"sec-2f41\">\n      <div class=\"u-clearfix u-sheet u-valign-top-md u-valign-top-sm u-valign-top-xl u-valign-top-xs u-sheet-1\">\n        <div class=\"u-shape u-shape-svg u-text-palette-1-base u-shape-1\">\n          <svg class=\"u-svg-link\" preserveAspectRatio=\"none\" viewBox=\"0 0 160 160\" style=\"\"><use xlink:href=\"#svg-f719\"><\/use><\/svg>\n          <svg class=\"u-svg-content\" viewBox=\"0 0 160 160\" x=\"0px\" y=\"0px\" id=\"svg-f719\" style=\"enable-background:new 0 0 160 160;\"><path d=\"M158.1,106.7L111.7,80l46.4-26.7c0.8-0.5,1.4-1.2,1.6-2.1c0.2-0.9,0.1-1.8-0.4-2.5l-13.7-21c-1-1.6-3.2-2.1-4.9-1.1\n\tL96.5,52.1V3.3C96.5,1.5,94.9,0,93,0H66.9c-2,0-3.5,1.5-3.5,3.3v48.8L19.1,26.7c-1.7-1-3.8-0.5-4.9,1.1l-13.7,21\n\tc-0.5,0.8-0.6,1.7-0.4,2.5c0.2,0.9,0.8,1.6,1.6,2.1L48.2,80L1.8,106.7c-0.8,0.5-1.4,1.2-1.6,2.1c-0.2,0.9-0.1,1.8,0.4,2.5l13.7,21\n\tc1,1.6,3.2,2.1,4.9,1.1l44.3-25.5v48.8c0,1.8,1.6,3.3,3.5,3.3h26.2c2,0,3.5-1.5,3.5-3.3v-48.8l44.3,25.5c1.7,1,3.8,0.5,4.9-1.1\n\tl13.7-21c0.5-0.8,0.6-1.7,0.4-2.5C159.5,107.9,158.9,107.2,158.1,106.7z\"><\/path><\/svg>\n        <\/div>\n        <h2 class=\"u-text u-text-default u-text-1\"> V\u00e1clav Rosa \u2013 ROSA Computers<\/h2>\n        <p class=\"u-text u-text-default u-text-2\"> V\u0159el\u00e1 obsluha, poradenstv\u00ed, servis.<\/p>\n        <ul class=\"u-text u-text-3\">\n          <li> Prodej a servis po\u010d\u00edta\u010d\u016f, notebook\u016f, tablet\u016f a p\u0159\u00edslu\u0161enstv\u00ed<\/li>\n          <li> Prodej a servis mobil\u016f a p\u0159\u00edslu\u0161enstv\u00ed<\/li>\n          <li> Internetov\u00e9 p\u0159ipojen\u00ed<\/li>\n          <li>Instalace a spr\u00e1va LINUX a WIN s\u00edt\u00ed a server\u016f<br>\n          <\/li>\n          <li>N\u00e1vrh a realizace kamerov\u00fdch a zabezpe\u010dovac\u00edch syst\u00e9m\u016f<br>\n          <\/li>\n          <li>N\u00e1vrh a tvorba webov\u00fdch str\u00e1nek<br>\n          <\/li>\n          <li>Prodej a servis EET<br>\n          <\/li>\n        <\/ul>\n        <img decoding=\"async\" class=\"u-image u-image-default u-image-1\" src=\"https:\/\/www.rosacom.cz\/wp-content\/uploads\/2023\/08\/10714194_901130913233223_741011332192873264_o-300x225-1.jpg\" alt=\"\" data-image-width=\"300\" data-image-height=\"225\">\n        <p class=\"u-text u-text-default u-text-4\">\n          <span style=\"font-weight: 700;\"> Prodejna Hora\u017e\u010fovice<\/span>\n          <br>T\u011b\u0161\u00edme se na va\u0161i n\u00e1v\u0161t\u011bvu.\n        <\/p>\n      <\/div>\n    <\/section>\n    <section class=\"u-clearfix u-section-3\" id=\"sec-f96f\">\n      <div class=\"u-clearfix u-sheet u-valign-top-md u-sheet-1\">\n        <p class=\"u-text u-text-1\"> Otev\u00edrac\u00ed doba:<br>Po:&nbsp;8:00-12:00 \/ 13:00-17:00<br>\u00dat:&nbsp;8:00-12:00 \/ 13:00-17:00<br>St:&nbsp;8:00-12:00 \/ 13:00-17:00<br>\u010ct:&nbsp;8:00-12:00 \/ 13:00-17:00<br>P\u00e1:&nbsp;8:00-12:00 \/ 13:00-17:00<br>\n          <span class=\"u-text-palette-1-base\" style=\"font-weight: 700;\">Do\u010dasn\u00e1 zm\u011bna! \u2013 So:&nbsp;8:30-12:00<\/span>\n          <br>\n          <br>Kontakt:&nbsp;<br>&nbsp; &nbsp; &nbsp; &nbsp; &nbsp;376 511 722<br>&nbsp; &nbsp; &nbsp; &nbsp; &nbsp;rosacom@rosacom.cz<br>&nbsp; &nbsp; &nbsp; &nbsp; &nbsp;Pr\u00e1che\u0148sk\u00e1 35, 341 01 Hora\u017e\u010fovice\n        <\/p>\n        <div class=\"u-border-2 u-border-palette-2-base u-shape u-shape-svg u-text-palette-1-base u-shape-1\">\n          <svg class=\"u-svg-link\" preserveAspectRatio=\"none\" viewBox=\"0 0 160 120\" style=\"\"><use xlink:href=\"#svg-d1c2\"><\/use><\/svg>\n          <svg class=\"u-svg-content\" viewBox=\"-1 -1 162 122\" x=\"0px\" y=\"0px\" id=\"svg-d1c2\" style=\"enable-background:new 0 0 160 120;\"><g><path d=\"M159.9,12.2c0-0.2,0.1-0.4,0.1-0.6l-48.8,49.5L160,109c0-0.3-0.1-0.7-0.1-1V12.2L159.9,12.2z\"><\/path><path d=\"M103.7,68.7L83.8,88.9c-1,1-2.3,1.5-3.6,1.5c-1.3,0-2.6-0.5-3.6-1.5L56.7,69.4L7.6,119.2c1.2,0.5,2.5,0.8,3.8,0.8h137.4\n\t\tc2,0,3.9-0.6,5.5-1.6L103.7,68.7z\"><\/path><path d=\"M80.1,77.4l74.5-75.6c-1.7-1.1-3.7-1.8-5.8-1.8H11.5C8.8,0,6.2,1.1,4.3,2.8L80.1,77.4z\"><\/path><path d=\"M0,14v94c0,1.1,0.2,2.1,0.5,3.1L49,62L0,14z\"><\/path>\n<\/g><\/svg>\n        <\/div><span class=\"u-file-icon u-icon u-icon-rectangle u-text-palette-1-base u-white u-icon-1\"><img decoding=\"async\" src=\"data:image\/png;base64,iVBORw0KGgoAAAANSUhEUgAAAIAAAACACAYAAADDPmHLAAAAAXNSR0IArs4c6QAAFRtJREFUeF7tXQt0VNW5\/v4zmUTl4YPgA0NmAIUqtdbWq41FBavMTAAVbcCZAerrYqv3WpavW7UPrLa2ti57fV1FW2xhZjBRqyLMjNKFvVd5qFivAhWKzZwBsV6kSAKCTOb8d+3JBAkkOfu85pHkrMVaZJ3\/vb855+x\/\/\/vfhP4Lw2YvPsLdWrkRxKsAWsVEKxW3e03qqQl7e3t4qLc7KONfTXjJaS52vXsQbYaAdwBaCdZWgbEytSiQkpFXTjT9AADgCcenguk5iYH7GMBKEF7Tskps86KJWyV4SpqkHwACAKHkLQD\/yuBItYFpMZH2eGr06lcwd65mkL8kyPsBAKA2nHyMmK+zMCLNRPwE9mnzU02T\/mFBTsFZ+wGQewIklgH4lg3Rz4D5BSZ6PB31\/QkgtkGmoyL6AdAOgGYAXpsj\/QET5lXu0+ZvaqrfZrNs28T1eQCc2tBYuds9eA8Axbaodha0C8w\/rR409Ddr5p2ZcUiHabF9HgAjpy8ZnXW5NpiOoDzjelL4htTCwKvyLM5T9nkAeILJC0AsvgEKFYsoZbI3l8rHYqGcdh7KFjTUhl46muCqA5Q6QDsHoLMADLQgUo+1hYEfpzMtD6NpWlaP2Mn7\/QDoKroNjS6v+6jTmLPnQFHqwDlQjHRgIN5lUq5PRya+7oBsKZG2AeDE8NIaF1MdAXUAHcfg1UxYeeyAoe+U4sePVHQOIPLMSJzAjJnE+FcAJxnl74GeGfh9ZUa7rRizBcsA8MxMjkCW\/wBgXDdOtoJxkxrzP2lj0IooiskTfHkCE88mYCqASpuM+VgBLm6O+t+wSZ6UGEsA8IaT32HmhwAM0tNG4MUul3LtBwt8\/6dHWy73hwUXV7up8kqAxVNhtHW7aQ8TZqUjvmesy5KTYA4A45dXeIbtfQqgsJya\/VTbSKMpqUW+1Qb5Sp7cOyM+nplmg\/FtAG4LBjMx3ZGK+X5hQYY0q3EA5Ab\/80UALpfW0pmwhUjzpSL1q0zylzSbZ\/orp8DV9jBAF1g0dH71wOrrnP5+MgSAr89+y\/1J6\/anQSzefVauXg0CERhvMB5kovsBnGAhUMsZbZeno5N3WJDRI6s0AHKDv+uTRgCX2mRMC5j9aiyw0iZ5JSdmzNUvDNq7t\/IugP4dQIVJAzdkFUzestC\/ySS\/dQCIfPku9+BGAi6x2YhWaORXF\/lW2Cy3pMSJiqMKzfUIE841adh2TcHUzQv9\/2OSv1s23SeAGPzP3IOeYdAUu5Xn5fUJEAhfa0OJWQSIwpNjTcRyHzFfmYoFYiZ4zQEgv1L2LIDJdirtQlYrkxIoZkbMYf\/2i69pSBzjckNM8yaY0NlG4MmpaCBpgrdLlm6fACcFllZljlGeBWOSXcp05Oxi5kA6FnitQPqKpqb9Y\/qTx0C42oQRLVnKjtsSmfSeCd5DWLoEQG7wj1b+CCBghxIDMvoMCPKvhP8g4F4TK5FpKPiGutD\/kYHYyj0B8r\/858HwWxVukn8Xk+LvC68DER9PMHE5iBYAfLjBeK3JDMyct3XelM8M8nUiP+gJwOQJJyNgBK0ItYG3YB+Go65IDs8oPKaStDc2RepbbLDdsIjh4fi\/KKAXwTjeCDMDL6RHr7rMSkVyJwB4wol7wLjTiBEO0raC2ed0nsATTl4N5t8C0Ai0TiOsUICVbUwrtkQn\/s1B\/zqJHjnzlVotq73E4NOM6eQH1GjgJmM8X1DvB0BtMHkREb9sVpBDfI6DoDaY\/DkR396N\/dsIiGqkzUtH6tc75ON+sSJxtGdvVRMBPiO6CHR9Kur7LyM8HbQ5AOSzfOKrcowZIQ7zOJo29gTjTSASCzh612vM\/LhSddgzTu4ZrGloPNxVOXg5GGfrGXTA\/SyIpqgRX9wAT440BwBvODGHGQ8YZS4gfQtpNNGJVURPKPEXAF814Ms\/CViQzWoPbX66\/gMDfNKko2Ymj23Lio2qGCHNBLSSxl8xun+xHQCh5LvG3z0GTLOHdKfmonGbF\/jW2iOuXYonlGg1Wf\/3OYD7spmWe7c0TRNl5bZe7auKWZEiP0paMGGJGvEbStpRbTAxlgi2BlXaYOOE66iy6ky7HsHehiXHs9tldS7dzEQ3piO+l4y70zNHvmI5YaS+gIkajBSUUG04cRsxfmm38Q7Ke0SN+v\/NDvm1wfg4IrJlgYUYL4L5+0YfwXp+eEPxKxk0X4\/ugPtb3aSdIjulJW8o8XsGZhlQUHxSDZPVRf4lVg3xBhNXMeF3VuV8wU97AL5Njfoftk9mbvfy3QD\/UFom8UNqJHCjDD3VhhKrCRB18OVzmXjXdeWcJ5T4GYA7bHec6FF1384b7av5N5yg0zRNOXvzoolv6flGnlBCNDmwUrWip8OJ+zvUqG+I1d23nlD8MgLEI7YOQLWthhISbmjTZR\/Ferrz6zPvAPiSHm3+\/ttqpuUsPRAKAIj97MdJCi0ZMiZtrJ3JGbFHUKuoqGONvwnCZQCGWHaWsVah7OTm6CTVsiwxWxOFpxotl5XFwJx01P+fPdGXLQBAfJkaCYgVS9uv\/ILY5RBVvuDzLSqwtd7f4Ddbaxtpp34Yqd\/SnQ9lCwBGxah09MK\/WxwcXfYRM+JjNE0AAd8FcIQuQ9cEu6HgPHWh\/22T\/PvZTmpYOjTjVt4HcIykrOfUqL\/bCu5yBcA2Neo3U1YlGbNDyUaElniYXQ8y4WKTQj5qI+2snn6NsnI9ofg1AEnvtOrpdSkAIFa87NzrJuuHaTqxyygVDZgdCNN6BWNtODmZmB80mKZt18n438\/aqsZta5qwy5IRYPKEkv\/dw3a8zuLFrCTiu6ErnWIamDC6+mTNeMvcbWA+z+ll4p6sbF+wOfIuMN9q3BtaqmZ2Xqz3da4nN5\/BFesYMruQdrlJO7GrGYkoAHkEzNfrKSyV+0R8RyoSEGVURb88oWQYyNUSVBk05mE16hd7BSxdteH4vcT0AxkhzHRjOuYT+zg7XeQJxm9C+w6WcriWqaNX+axUwNjtZD6dLGYjhvIIIvuajvoXWLEn1+J2t\/sDyUqiDWrUd8rBuRORCr6EgeetGFIg3k2UyZ5bKq1VDvR5+PSloxSXIlLTRuopPslmMGZLk\/+fVuLnDSfuYsaPZWQw08R0zPfKgbQ0IrjsOI3axIqY7iYRGSUO0WzKVmTGb\/nDlA8dkm9Z7Imzlg2paGsTa\/hGPqifVKN+sbXc9DX8ipeHKYomEk26W8\/EglUq5u+0uys36KW8HkDA39oqMhNKefA7Ri\/fcUzsdZSdozOTcq7VCmhvOPE0M6ZJoEhTkB15YGYyBwBPKPEjAD+VEFBQEjH4WU0ZX05NmfPpWlFbKfN1LqaGa9WPqs7AqxPazAZ3+IzEuYoGMS3UvQj4ZSrq3\/\/h2A6AK5aeAUWxnKXS1W6MYKOmKRPKafA73DO8hs98mxoLGG1W3SmanmDiHRBOlwjxdqqsqukoqtn\/3vcEk1tAfKKEgEKQlO3gdwTHE0o+CfA1ksH6dK+Laj5e4NstSX8ImSeYuBaEJ2T4iWlqKubLffgfAIDEPFCuA1axrw1QMMGObU\/FdCS\/CVTk7IfK2EGE76Ui\/sdkaLuiyU0Jd7nFos\/RejII9GAq6vt+JwAMnxG\/WNHoBT1mh+\/3isHviFFtMD6Dctu+pK71atQ\/VoqyGyJPMPFrEG7Wk0Gg91JR31c6ASCPoO0ADtMT4ND996HggnL\/5R8cGyOt6Bm4KB31i7a1pi4DBb6c4cyxW2NTPum8NSyUWFqEHcHC2Q8okx1XikkeUyNxAFNN6OWTXdD+CsClJ6ureboeTxeAkyrw6age7gQAw1+vRq3rjp6o3syuFrvUOy3HE0qIVLFMbyWNUXGylToH6ZxAfoWwEwDydWebZT9c7Aqc3eVddtlll5zacPxbxCT7aP+xGvXfbVa3N5T8HoMf1eUn\/FWN+E89JP1bnB3CdKsa9f1a1+gyJvCEE+vBOEXCheVq1G+6x2B+R5HURlbKZE84BAA1sxaf6Gpzi\/PxdHPLEs7Ikmx3kzbSrgpaWaWFpPOEEzeAIbFfgPa4d2SP3hSvF1vPTF2yhb7EHOpyAag2lFhEwHRT2s0z3a1G\/VKrWuZVFI+zvWdglZhl6aaIFdD5zVGfVGq3K4+kx4\/xRJcA8ATjdSAqdO++XRUuGtWbmkkf8oUeTrwOxjl6MGTGT9Ixv+m1GW848V1myPQL2NTtErAnFH8ToDP1jLXz\/oEZKjvlloosAzuRLH0HeIPJLzGxmHoeeInFpo1iIzAz1oJ4bZZda7sFQG0oMZMAcQ5AIa99pPEYuzdYFtKBnnTVhhIXEtCpIKMLenHW4AZ19KqxViqfPOHkAjCniXltm6KtHbxv94b1TdP2HayvWwDkm0SmC71rSIAuFfV\/p1QGzU478tlW0fg5d8gEA5uJsA4a1hGwTvx\/V6ZqvfWqYXmre6wC8oTiPwTI9JxU3oxOlBppdI4T3UBM2mMrmzeYvBRK9h8VwPpSmPX0CIDjZiYHHKbxJsmiQzsD1ewm7aulECA7nSpFWbp1gLWh5GwCP15w4wkxNeIPFVxvH1OoCwA0NLo8lYPfk8xi2Ro+Al+VigaeslVov7BOEdAHgCgaDSanEPGLRYjdblc2+7W\/Pz1pYxF09wmVUgAQkagNJf5MwHlFiMrbAzItdV1NYYpgS69TKQ2AXD9bJnHalzSPfdGy1g7VPjt6nyRDgymdY3YgTsS4OhXzG+mW5YAVvU+kQQAsG0loEylGu07LNBLRDBMH0pHAn4ww9dP2HAFDABCiDOSznYj9TmZ8Mx3zr3NCeF+UaRgA+RSx2ERiqYLVQrDTlMme3RvrBy3ExDSrYQAITcOvePlMRdHERkjdQkfTlvXMuGavi863spHCIbvKTqwpAOSmhT332Xc8ELk2MZnWqVY7bThuaIkrMA2AfAHpmiK+CkRoo2qmZVY\/CMyjzDQAcq+C9tyA2A5drFeByErE1H0tM\/tBYA4ElgCQexUY6FNjzkQZLlqkZnbO6AeBTKw601gGQP5VIGYFpxpXbx8HERpTH1aFreyzt8+a8pFkGQAHzApeL1KCaH+0CdSU2loZ6geBPABtAYBQ5w3Gr2Mi09ub5U3WpXzWvUMLW6mr19VghKCh0TWiavCXNcZYEN6vPqL6vTXzzswYEeEkrW0AEEZ6gonfmjwP114fCSvc+7RLNzXVb7NXsLw0bzDh1wi3E\/B1AAO+4KQ9IP4LmO9Xo4Hn5CU6Q2krANq\/B+i1QpeTdxOaZiZtsp0t5WWGQMRg31HKL4ggGjDoxffJvS6aU8yElp6BMj53ohFHsbYpLD4KDTVONKxIjmGnQsq05sjEghyIme8S1gQg13xB8tqoMDc0xwLvStLbSmY7ANpfBckL0H4KafHyA1+EKQvmG9VYQH\/HrIXQ5jZjKCwOfDR0\/m9e5Q4ouNCOdvJGXXAEADkQhJK3AGyp85VRZ3qiz+062lp5sxMzhPyZAuIkDytH7+xg0EXpqE9kVwt2OQYA4YF0s4KCuctvKQpmNC8MbLBLpU2D32FOwUHgKABy+wqy\/GdxPLFdAbcuh\/aAtVvseCXk3\/mvWvzlH+zSp5qmXCRz4pf1WOh\/pVrWMSy4uNpNbnE4o+xpV5Z1SgkgJMSU1WxTqvzgi8f+MCl9xog+1Ygnbo4E3jTGZpza0SdAhzknhpfWVLAiMoW1xk10lGM7wLONzsfzjZ\/EL9+Jwe9weKcCTGyO+t9wMgIFAYBwIP+LEU+Cgp71Ixm8KGl8p8yu5AINfsFAUDAA5GYG7T2JxWPzSMmBKSSZ2Do9T+GKe5pjF37cleKaGYmTXFl6tcAtdXeSRj6nNssWFAAiqO2drSkJ8OGFHF0DunYz04NKVeV9qacmfNrBV6TB71DfQqT5UpF6UYZn61VwAOSeBKF4PUCiWbFuvxxbvTUm7FOA7ye4XtJYG00EcVJYMU9YdQQERQGAGAdvMB5kooUAFGPj0qepW8Dst\/PEtKIBIAcC2aaGfXrMD3G+FRr51UU+W5p4FRUAuddBMHkniO\/pH2NDEbANBEUHQP6boBitaAxFvASJW5mUgNXzhkoCACK4+a5k4hDGUv4wLDUc7GJS\/FZAUDIAyL8OxDKyqJIpxTxBqQ1+hz3bFK44rbvchZ7RJQWA3JMgmBhLBHFuQamljfViWcz7cTXqrzdjQMkBIPckmJE4ARrESZxnmHGqL\/J0dzawXixKEgDC6KENywce4f68sUgnmOjFrRTvf+beoR1jtBq6ZAGQi3BDo8vrHvQog2aXYsRLzSYirc5ouri0AZCPsDccv52ZfiZRZVtqY1JQewh0Uyrqe8CI0rIAgHAonzoWPQOL0Z7GSEyLR2uiuWbZACD\/cfg1aIiUXHVR8Ya8s2bG\/WrMf4sRc8oKAMKxmobGw13uwaLa+AYjjvYJWuLL1EhAnFAmfZUdADo8E1uvWMF8k3X40gEqJ0KFK443mhAqWwCIgckXnIoDk2XO5CunsTRuK+NVNeafYJSxrAHQ4awnFL8GoN8AGGg0AL2EfqeC7OnN0UmqUX96BQCE08OnLx2luBRxUHOd0SCUOz2Bg6loYJEZP3oNAHLONzS6aisG30mEHxX43EMzsbeLZ74a9V9tVljvAkA+CiNCibM04HdF7mBmdkyM8D2rbq26wsp+x14JgP1PA\/eR1xDxXb10pmB58EWcei8A8r8jsag0oPLzW5lxc+dOHUZ+aCVH+5y6tWq6lV9+h0e9HgD7Zwq5JWZxAhpfVdaVyEx\/rB40ZLpdfYb6DAA6gDB8ZvLLisa\/AsNfcr9rfYOerx5YPc2uwe8Tr4DuYlobTF5EooEF4XT9uJcEhe2D36cBkBvSuXMV78azZ3H74Zg1JTHMXRjBwAtDB1Y32PnL73PfAD0NrlhgUiqOvJZImwPQyFICAjFeHDKo+ttODH7\/E+DgkZ47V\/Fs+MZUUG7GUPyMIvMzA9paw06emNbnPgJlf92eYLyOFJrDjEsAVMny2UZH\/JB68uo5Vk4Ql7GlHwA6UfJeufwoLfN5g6JhJhPGFSB3wkz4QTriv09mAK3S9APAQARHhJZ4NLjCYtUByM0ebI0fAW9qwB3pqH+ZAbMskdrqgCVLyoy5piFxTEUFnQfi8cwYD8p1BzUbz7eZ6CfpiO+lQofBrMGFtrPk9QlAKJV8BjG8AHlEHSsDHoL4G0MAiBY0e9v\/8XaAVoOwgrK8QqY3kVMB+H8+kXfg52\/dWAAAAABJRU5ErkJggg==\" alt=\"\"><\/span>\n        <div class=\"u-shape u-shape-svg u-text-palette-1-base u-shape-2\">\n          <svg class=\"u-svg-link\" preserveAspectRatio=\"none\" viewBox=\"0 0 110 160\" style=\"\"><use xlink:href=\"#svg-dba1\"><\/use><\/svg>\n          <svg class=\"u-svg-content\" viewBox=\"0 0 110 160\" x=\"0px\" y=\"0px\" id=\"svg-dba1\"><path d=\"M55,0C24.6,0,0,24.6,0,55s55,105,55,105s55-74.6,55-105S85.4,0,55,0z M55,80c-13.8,0-25-11.2-25-25s11.2-25,25-25\n\ts25,11.2,25,25S68.8,80,55,80z\"><\/path><\/svg>\n        <\/div>\n        <div class=\"u-grey-light-2 u-map u-map-1\">\n          <div class=\"embed-responsive\">\n            <iframe class=\"embed-responsive-item\" src=\"https:\/\/maps.google.com\/maps?output=embed&amp;q=Hora%C5%BE%C4%8Fovice%20rosa%20Computers&amp;z=17&amp;t=m\" data-map=\"JTdCJTIycG9zaXRpb25UeXBlJTIyJTNBJTIybWFwLWFkZHJlc3MlMjIlMkMlMjJhZGRyZXNzJTIyJTNBJTIySG9yYSVDNSVCRSVDNCU4Rm92aWNlJTIwcm9zYSUyMENvbXB1dGVycyUyMiUyQyUyMnpvb20lMjIlM0ExNyUyQyUyMnR5cGVJZCUyMiUzQSUyMnJvYWQlMjIlMkMlMjJsYW5nJTIyJTNBbnVsbCUyQyUyMmFwaUtleSUyMiUzQW51bGwlMkMlMjJtYXJrZXJzJTIyJTNBJTVCJTVEJTdE\"><\/iframe>\n          <\/div>\n        <\/div>\n        <img decoding=\"async\" class=\"u-image u-image-contain u-image-default u-image-1\" src=\"https:\/\/www.rosacom.cz\/wp-content\/uploads\/2023\/08\/Bez-nzvu-1.png\" alt=\"\" data-image-width=\"404\" data-image-height=\"84\"><span class=\"u-file-icon u-icon u-text-palette-1-base u-icon-2\"><img decoding=\"async\" src=\"data:image\/png;base64,iVBORw0KGgoAAAANSUhEUgAAAIAAAACACAYAAADDPmHLAAAAAXNSR0IArs4c6QAABglJREFUeF7tnV1PXFUUht91+hGMbY0xbaKWGepHq15VYrRNbbTRwEBMiE0pMLRe+A+Mt0TT1Atv\/AveCAO1QSUxMIOGxppq1Wj0CjA1MoUYb\/Cj1hgoc5Y5DSWUIsyec46ZvffL7ey9WO+znu7ODHtAwC+vCYjX6RkeFMBzCSgABfCcgOfxeQJQAM8JeB6fJwAF8JyA5\/F5AlAAzwl4Hp8nAAXwnIDn8XkCUADPCXgenycABfCcgOfxeQJQAM8JeB6fJwAF2IyASiY\/3izQDiiOQnA\/gL0A7t5sJx\/\/Xwn8DWAWil8lwEUVjJT7c99t1sEGJ4BKpqfUKYKzAPZvVoiP1yWBaRXpuzrQMgyIrtfhugI0do0+LFuCggBP12UsNmVIQC5jC\/Ll91p\/XrvxDgEyPWPPisgwgD2G34XL65vAPFROlgdbJ1a3eZsA2XzxGIASgG31nYXd1UhgUTRsmRls\/+zW\/hUBsqdL+1DRrwDsrrE4t9lBYL4S4NBcf+5K1O6yANEz\/dJl\/p9vxwQT6PLLcqH1SPTE8KYATb2lLlUdSqAwS9hCQHGiPJgbFkAlmy9N8aWeLZNLrM+pciH3uDR2jz8VBOE3iZVlIXsIhGFz9K\/\/LKB99nTNTpMiINAzku0pXoDg+aSKso5NBHRCmvLFHxV41Ka22WtiBKYlmy\/+BWBHYiVZyCYC1yMB1v0hgU0p2GvtBChA7eyc2EkBnBhj7SEoQO3snNhJAZwYY+0hKEDt7JzYGQlQARA4kYYhTAmEku0tFqDoogSm7KxfHwI6yGvh1s8xXgAKEI+f9bspgPUjjBeAAsTjZ\/1uCmD9COMFoADx+Fm\/mwJYP8J4AShAPH7W747uBA4CGr0RRBmsH6dRAIVgiG8FGzFzbnHIHwY5N1OzQBTAjJdzqymAcyM1C0QBzHg5t5oCODdSs0AUwIyXc6spgHMjNQtEAcx4ObeaAjg3UrNAFMCMl3OrKYBzIzULRAHMeDm3mgI4N1KzQBTAjJdzqymAcyM1C0QBzHg5t5oCODdSs0AUwIyXc6spgHMjNQtEAcx4ObeaAjg3UrNAFMCMl3OrKYBzIzULRAHMeDm3OhUBFJgVxWsNdy2MT7\/bEf0q2pWvA6+O7Fz4p+EFFX0bwAHniFoWKHEBouGHN3Bw7nzut41YZPIf3wts\/UGARsuYOdVu4gJg+U+RVEMpkx\/rFMj71azlmnQIJC5AQ8PCrrXH\/n+1\/kjv6K4bGvyZTjRWrYZA4gKUCzmjTxnzt5VXM6b01lCA9NhaUZkCWDGm9JqkAOmxtaJy4gKYPAl8qPOTeyrbKn9YQcrRJhMXQFRenhls\/agaXpme4kkRnKtmLdekQyBxAQBMK5YOXy289PtGLT\/4yqf3bV1a+h7A3nSisWo1BNIQANG7gYC+vl20dGWg\/drqRqLX\/othkBPBOxx+NSNKd00qAqTbMqsnSYACJEnTwloUwMKhJdkyBUiSpoW1KICFQ0uyZQqQJE0La0UCRC\/TdlrYO1uOT+BaJMA0gP3xa7GChQSmIgEmAByzsHm2HJuATkhTb\/GMKt6IXYsFrCOgijcle6rYjBDfWtc9G45NIAhwUACN\/mjEJK9ox+ZpVwHBZHkg98TN+3uZ3tIJUT1vVwJ2G4uA6PHyQNuHyxc4o1Ng\/AtAD8Uqys2WENBL5ULuKCC6coO3qXusSQP5GsBuS1KwzdoIzIeV8JnZc+0\/Rdtvu8Ld1DP6nEowDmB7bbW5q84JLIYBXpztz31+q8877vBnesePiIYfANhT52HYnhmBeQCd5ULuwupt636II3u6tA8VHQBw2Ox7cHV9EtBLEuLUzFDbzNr+NvgUj0q2p3QcgrcAPFafwdjVhgQEk1DtKxfaohN93a+qPsaV7R59UgLpUCB65vjA8l2+HcRfVwSuA5gD9BdFcDGAjMwUWqJLt5s4stkKPu40gapOAKcJeB6OAlAAzwl4Hp8nAAXwnIDn8XkCUADPCXgenycABfCcgOfxeQJQAM8JeB6fJwAF8JyA5\/F5AlAAzwl4Hp8nAAXwnIDn8XkCUADPCXge\/1\/D2Jfp5mxvCwAAAABJRU5ErkJggg==\" alt=\"\"><\/span>\n        <p class=\"u-text u-text-2\"> M\u016f\u017eete platit kartou<\/p>\n        <p class=\"u-text u-text-3\"> N\u00e1kup i na spl\u00e1tky<\/p>\n        <img decoding=\"async\" class=\"u-image u-image-contain u-image-default u-preserve-proportions u-image-2\" src=\"https:\/\/www.rosacom.cz\/wp-content\/uploads\/2023\/08\/essox-2.png\" alt=\"\" data-image-width=\"50\" data-image-height=\"26\">\n        <p class=\"u-text u-text-default-lg u-text-default-xl u-text-4\"> Vyd\u00e1me bal\u00edky od&nbsp;<a href=\"http:\/\/www.zasilkovna.cz\/\" class=\"u-btn u-button-style u-text-palette-1-base u-btn-1\">Z\u00e1silkovny<\/a>\n          <br>&nbsp;a objedn\u00e1vky&nbsp;<a href=\"http:\/\/www.comfor.cz\/\" class=\"u-btn u-button-style u-text-palette-1-base u-btn-2\">Comforu<\/a>\n        <\/p><span class=\"u-file-icon u-icon u-text-palette-1-base u-icon-3\"><img decoding=\"async\" src=\"data:image\/png;base64,iVBORw0KGgoAAAANSUhEUgAAAIAAAACACAYAAADDPmHLAAAAAXNSR0IArs4c6QAACYFJREFUeF7tnU9sHFcdx7+\/2V23RYAoKZUoBztSDogDjURVhMSlUlpv1gIuFJF1K8ylFVSgtkgcUc+ckEJrEUXVqPauac0fqWkcJ5dWCIkDLU2gBVVKm9hOaahjikgj8K53XjVuHM9uvPvmzbz35s3Mb6\/z\/s3v95nv9703OzOEEv8OPLj0ufD0zy821ssaBirbiX\/lkVdrGx9eaQhgBsDU9fM\/SYC\/75N3LL127J5umWJSGgAmmmcOAsGMAJoAtq\/8PX7rBLQBz7\/YfuBsGUAoNAChxG+NedMiwAwIdyslVOAcefCrnaBVZIsoHAB7SHxNKfE3Fw4tobAWURgAYkp8ShZQOIvINQCpJD4tCgWxiNwBYEDi06KQa4vIDQCWJD4tDLmzCKcByFTi06KQE4twDgAHJT4tCk5bhDMA5ETi08LgnEVkCkAo8Z2a16SPt2UPpo1uruo7YhHWAdiW+KsbUwGJGQIaANJu1OQq73sMNlOLsAZASSQ+LYzWLcIoAKWW+LQoWLII7QCwxKfN\/E31jVqENgBY4rUn3srt6lQA5Hqjxkq+DHaiySKUASjgRo3BLFlpOpVFxAaAJd5KMtN2oryKGAkAz+LT5iPD+jEt4iYAeBafYdLMdD3SIm4AwBKvFP0AwJJH3tFABGGAn7z+D+PYlqrUm77CN1kEjU8vNxHgp8p\/mtQ3qDy19B8AzwpUn15tH3onOvCJI6e\/CAqeEPAeBsRtzp+UwDl4+Dmx5MdIlcAbBPHL\/1W9+X\/NTV4bVeOuIyfuqKL2QyI8BuDOGK3bLtJnCX2Sxev6vlz0IOhFkDi60q6\/rJqlA4eXbuneTg8BFNrDl1TrGyj\/uoDwt8RW+58L37iy0\/5QzyrxnGCDgONepfLMO3P3r6ZPhKDx6TN1CBGCcCh9e0otvA+IlifgX1g4\/Ne9akonLSXa+DkLoqNUG2tf9O\/7v1KYYxbef+TUl3vAk0R0BMBYzGqqxToAXhKC\/NX3xk7hlfu2RjUgBSBauaAW8VshxC9WFw7\/UTXSScuPP7T8edGjHxGJRwF8Nmk7A\/VeA+BvVasL7z53aCNum0oA9M164z1rF3ccWZZbAXCsWqHjb89Nvm9zIHc9cuITtWu170PgcQAHlPsmXEaAVlAlf21u8g3l+gASA7DTWYFWER2AfucBsxfak39IEszEdZ56ypt462vfFCR+AuDrknY2IcQJCPJXLt9yWibxsjFRKOu6Hn4s0NbxmyDM1hDMnW81\/isLos7j+5vL927PE4BvA6hEZut\/FkL4vS369aXF+r919Bnmi8abyx0R7moJ8vd9at9JXc\/HF2QVcY0gWkBl1vbj4vubJ8cDVH4Mop5Az19tNf6uI+mDih0CICINK99Nkg2qQBbxJwHMjn0QvHD+VGNTdt6uHR92QQ4CsDvumHeTVE60IBaxAaJng63er9aeb7ytcv62y8aJ93AAdkfbZYvYM3VCAGeEJ55Z27x6Eovf6dlO8F79qSpuHACi\/awLgValAv\/CfP2cjhMuwkaTANYI4hh1g+MXF6cu64iLahtJ51yqABi3iMSvdFGNmJnyXSL8HiRmL84ffsVMF7utxpF42RiSAxCxCBOvUElKtOyErR0n\/EOAfrbamvyNzj5VJV7Wtw4A+ixC91u2cmgRmwR6USDwV7pXT+uaG5i6IHQDUGKLEK+CyO91sKBroyYM5sT08uOJ3nImu\/SvHzcHQBksItyLF2J++87bQv3NmDFXKjawT6NUN05hGwAUzSLC260nBJG\/+u7Yctq9eFmSigZAni3iL+GV3qtV2iq3W2UJlh0vLgARi3B4oym8PTzfo55\/qTX1N1myTBwvAwB9FuHARlMXgl4KKoG\/dunWJdMSL4OmbABkaRFnRfiPGtFtRf80KUvQqOM6brWXFwBLFhEICO1b25FX4Ky066n++8cA9F9i2u9FpLnCo3WHbdSstOup\/nXFAAzLkIHb1aowxNmLZwBUo6pe3sjt6mHDUN2LZwDUE5qmhjGLSLoXzwCkSWeauhosIo7Ey4bIAMgiZP64kkWoSrxs+AyALEJ2j6+vtOsjn9gdby6Hu3\/DPiqlPFoGQDlkZivIEqJ72SXrT3a2uscz2J\/tu4Gy8zV+XJYQ3QGX9Sc7Yd3jYQAkGzO6A84AyBC3fFyWEAbAckJsd8cA9Eec5wADBLqkABMzL39GdDY\/MHmRMACuAfDgC5WJ6qfvDwjhBzW+BeBWBkBjBFy1gPA1c4EXfI8C72GQ+ILGUx7ZFCtAhgoQSjy6m9\/d\/pS9wFdtJT3aDwNgGwDLEi+DigGwBEBWEs8ADETA9hyACD\/IUuIZgIwBkCUg6+NsAYYtIOsEy\/pnABiAvpdEyYDJ\/XHbcwDXA8YKwArAChBlQPe9AFYAxyLAFsB3A0c+qcMK4NgVq3s4rACsAKwAEQZ4FcCrAF4F8CpAt9E63B7PAXgOwHMAngMMlyheBjos3zqGxhbAFsAWwBbAFrATAd4H4H0A3gfgfQAds6uctMGTQJ4E8iRQ5yRQAM\/beIZNl8CwAmhWgDCgLjziFBcQBsAAANEmXX0CZmeMDIBhAG4079gzcAzA3hqZeh9AdkWF3bpkEbLx8r2AuGZ6vZwsoIPNZW0RsvEyAIYBGLQIQTil2GWq4gyArTlAzDTZvuIYAAaAN4J0bgQh5Vu5WQFiSqWhYqlXAZFxdZN8RJoBMJTZmM3qBCDa5Xrcj0gzADEzZaiYKQB2hyuxCAbAUGZjNmsegN2B7GkRDEDMTBkqFgKg9QMJMcd5wyIEgtdj1tFSjJeBfWFcJ92fSNGSJYONMADoU+K+NXH4kaStMW9aBJgB4W6Decis6dICMGQuNnRTJOln0jLLbMyOSwaAdDUm\/azptkV8eKWx\/bJDYApALWasnSxWAgCU9mOkAESzWASLKCwACXdklQCIwpBXiygYAFKJl8lwYgB2Gs7bKqIAAChJvHEABi2iU\/Oa9PF84aCs8yyO5xaAhBIvi3FqBRjWgasWkTMAUkt8ZgC4ahE5AECrxGcOgGsW4SwAhiTeKQBcWEU4BoBxiXcWgD6LsLjR5AAAViXeeQBsbzRlBkBGEp8rAGxYhGUAMpf43AJgyiIsAOCUxOceAN0WYQwARyW+UADosAjNADgv8YUFIKlFaAAgVxJfeABULSIxADmV+FIBEMciFAHIvcSXFoBhFrHSro+NCsp4c7mT5AknWaBdPW7sbqCLJxz+o+n8YmN91NjilHHx3JKO6SMk\/Cj0ekWrTQAAAABJRU5ErkJggg==\" alt=\"\"><\/span>\n      <\/div>\n    <\/section>\n    \n    \n    \n  \n<\/div>","protected":false},"excerpt":{"rendered":"<p>V\u00e1clav Rosa \u2013 ROSA Computers V\u0159el\u00e1 obsluha, poradenstv\u00ed, servis. Prodej a servis po\u010d\u00edta\u010d\u016f, notebook\u016f, tablet\u016f a p\u0159\u00edslu\u0161enstv\u00ed Prodej a servis mobil\u016f a p\u0159\u00edslu\u0161enstv\u00ed Internetov\u00e9 p\u0159ipojen\u00ed Instalace a spr\u00e1va LINUX a WIN s\u00edt\u00ed a server\u016f N\u00e1vrh a realizace kamerov\u00fdch a zabezpe\u010dovac\u00edch syst\u00e9m\u016f N\u00e1vrh a tvorba webov\u00fdch str\u00e1nek Prodej a servis EET Prodejna Hora\u017e\u010fovice T\u011b\u0161\u00edme se na [&hellip;]<\/p>\n","protected":false},"author":8,"featured_media":0,"parent":0,"menu_order":0,"comment_status":"closed","ping_status":"closed","template":"","meta":{"footnotes":""},"class_list":["post-484","page","type-page","status-publish","hentry"],"_links":{"self":[{"href":"https:\/\/www.rosacom.cz\/homepage\/wp-json\/wp\/v2\/pages\/484","targetHints":{"allow":["GET"]}}],"collection":[{"href":"https:\/\/www.rosacom.cz\/homepage\/wp-json\/wp\/v2\/pages"}],"about":[{"href":"https:\/\/www.rosacom.cz\/homepage\/wp-json\/wp\/v2\/types\/page"}],"author":[{"embeddable":true,"href":"https:\/\/www.rosacom.cz\/homepage\/wp-json\/wp\/v2\/users\/8"}],"replies":[{"embeddable":true,"href":"https:\/\/www.rosacom.cz\/homepage\/wp-json\/wp\/v2\/comments?post=484"}],"version-history":[{"count":6,"href":"https:\/\/www.rosacom.cz\/homepage\/wp-json\/wp\/v2\/pages\/484\/revisions"}],"predecessor-version":[{"id":502,"href":"https:\/\/www.rosacom.cz\/homepage\/wp-json\/wp\/v2\/pages\/484\/revisions\/502"}],"wp:attachment":[{"href":"https:\/\/www.rosacom.cz\/homepage\/wp-json\/wp\/v2\/media?parent=484"}],"curies":[{"name":"wp","href":"https:\/\/api.w.org\/{rel}","templated":true}]}}