{"id":495,"date":"2023-08-01T12:33:11","date_gmt":"2023-08-01T10:33:11","guid":{"rendered":"https:\/\/rosacom.rcsoft.cz\/?page_id=495"},"modified":"2023-08-01T13:21:36","modified_gmt":"2023-08-01T11:21:36","slug":"prodejna-blovice","status":"publish","type":"page","link":"https:\/\/www.rosacom.cz\/homepage\/prodejna-blovice\/","title":{"rendered":"Prodejna Blovice"},"content":{"rendered":"<div class=\"\" style=\"\" >\n    \n    <section class=\"u-clearfix u-section-2\" id=\"sec-54db\">\n      <div class=\"u-clearfix u-sheet u-sheet-1\">\n        <h2 class=\"u-text u-text-default u-text-1\"> V\u00e1clav Divi\u0161 \u2013 ROSA Computers<\/h2>\n        <div class=\"u-shape u-shape-svg u-text-palette-1-base u-shape-1\">\n          <svg class=\"u-svg-link\" preserveAspectRatio=\"none\" viewBox=\"0 0 160 160\" style=\"\"><use xlink:href=\"#svg-fa61\"><\/use><\/svg>\n          <svg class=\"u-svg-content\" viewBox=\"0 0 160 160\" x=\"0px\" y=\"0px\" id=\"svg-fa61\" style=\"enable-background:new 0 0 160 160;\"><path d=\"M158.1,106.7L111.7,80l46.4-26.7c0.8-0.5,1.4-1.2,1.6-2.1c0.2-0.9,0.1-1.8-0.4-2.5l-13.7-21c-1-1.6-3.2-2.1-4.9-1.1\n\tL96.5,52.1V3.3C96.5,1.5,94.9,0,93,0H66.9c-2,0-3.5,1.5-3.5,3.3v48.8L19.1,26.7c-1.7-1-3.8-0.5-4.9,1.1l-13.7,21\n\tc-0.5,0.8-0.6,1.7-0.4,2.5c0.2,0.9,0.8,1.6,1.6,2.1L48.2,80L1.8,106.7c-0.8,0.5-1.4,1.2-1.6,2.1c-0.2,0.9-0.1,1.8,0.4,2.5l13.7,21\n\tc1,1.6,3.2,2.1,4.9,1.1l44.3-25.5v48.8c0,1.8,1.6,3.3,3.5,3.3h26.2c2,0,3.5-1.5,3.5-3.3v-48.8l44.3,25.5c1.7,1,3.8,0.5,4.9-1.1\n\tl13.7-21c0.5-0.8,0.6-1.7,0.4-2.5C159.5,107.9,158.9,107.2,158.1,106.7z\"><\/path><\/svg>\n        <\/div>\n        <p class=\"u-text u-text-2\"> V\u0159el\u00e1 obsluha, poradenstv\u00ed, servis.<\/p>\n        <ul class=\"u-text u-text-3\">\n          <li> Prodej a servis po\u010d\u00edta\u010d\u016f, notebook\u016f, tablet\u016f a p\u0159\u00edslu\u0161enstv\u00ed<\/li>\n          <li> Prodej a servis mobil\u016f a p\u0159\u00edslu\u0161enstv\u00ed<\/li>\n          <li> Internetov\u00e9 p\u0159ipojen\u00ed<\/li>\n          <li>Prodej a servis EET<br>\n          <\/li>\n        <\/ul>\n        <img decoding=\"async\" class=\"u-image u-image-default u-image-1\" src=\"https:\/\/www.rosacom.cz\/wp-content\/uploads\/2023\/08\/IMG_20181102_144228-300x150-1.jpg\" alt=\"\" data-image-width=\"300\" data-image-height=\"150\">\n        <p class=\"u-align-center u-text u-text-4\">\n          <span style=\"font-weight: 700;\"> Prodejna Blovice<\/span>\n          <br>P\u0159ij\u010fte n\u00e1s nav\u0161t\u00edvit, t\u011b\u0161\u00edme se na V\u00e1s.\n        <\/p>\n        <p class=\"u-text u-text-default u-text-5\"> Otev\u00edrac\u00ed doba:<br>\n          <br>Po:&nbsp;8:00-17:00<br>\u00dat:&nbsp;8:00-17:00<br>St:&nbsp;8:00-17:00<br>\u010ct:&nbsp;8:00-17:00<br>P\u00e1:&nbsp;8:00-17:00<br>So:&nbsp;8:00-12:00\n        <\/p>\n        <p class=\"u-text u-text-default u-text-6\"> Kontakt:<br>&nbsp;371 580 779<br>&nbsp;divis@rosacom.cz<br>&nbsp;Masarykovo n\u00e1m\u011bst\u00ed 176, 336 01 Blovice\n        <\/p>\n        <div class=\"u-shape u-shape-svg u-text-palette-1-base u-shape-2\">\n          <svg class=\"u-svg-link\" preserveAspectRatio=\"none\" viewBox=\"0 0 160 120\" style=\"\"><use xlink:href=\"#svg-57b3\"><\/use><\/svg>\n          <svg class=\"u-svg-content\" viewBox=\"0 0 160 120\" x=\"0px\" y=\"0px\" id=\"svg-57b3\" style=\"enable-background:new 0 0 160 120;\"><g><path d=\"M159.9,12.2c0-0.2,0.1-0.4,0.1-0.6l-48.8,49.5L160,109c0-0.3-0.1-0.7-0.1-1V12.2L159.9,12.2z\"><\/path><path d=\"M103.7,68.7L83.8,88.9c-1,1-2.3,1.5-3.6,1.5c-1.3,0-2.6-0.5-3.6-1.5L56.7,69.4L7.6,119.2c1.2,0.5,2.5,0.8,3.8,0.8h137.4\n\t\tc2,0,3.9-0.6,5.5-1.6L103.7,68.7z\"><\/path><path d=\"M80.1,77.4l74.5-75.6c-1.7-1.1-3.7-1.8-5.8-1.8H11.5C8.8,0,6.2,1.1,4.3,2.8L80.1,77.4z\"><\/path><path d=\"M0,14v94c0,1.1,0.2,2.1,0.5,3.1L49,62L0,14z\"><\/path>\n<\/g><\/svg>\n        <\/div>\n        <div class=\"u-shape u-shape-svg u-text-palette-1-base u-shape-3\">\n          <svg class=\"u-svg-link\" preserveAspectRatio=\"none\" viewBox=\"0 0 110 160\" style=\"\"><use xlink:href=\"#svg-2bab\"><\/use><\/svg>\n          <svg class=\"u-svg-content\" viewBox=\"0 0 110 160\" x=\"0px\" y=\"0px\" id=\"svg-2bab\"><path d=\"M55,0C24.6,0,0,24.6,0,55s55,105,55,105s55-74.6,55-105S85.4,0,55,0z M55,80c-13.8,0-25-11.2-25-25s11.2-25,25-25\n\ts25,11.2,25,25S68.8,80,55,80z\"><\/path><\/svg>\n        <\/div><span class=\"u-file-icon u-icon u-text-palette-1-base u-icon-1\"><img decoding=\"async\" src=\"data:image\/png;base64,iVBORw0KGgoAAAANSUhEUgAAAIAAAACACAYAAADDPmHLAAAAAXNSR0IArs4c6QAAFRtJREFUeF7tXQt0VNW5\/v4zmUTl4YPgA0NmAIUqtdbWq41FBavMTAAVbcCZAerrYqv3WpavW7UPrLa2ti57fV1FW2xhZjBRqyLMjNKFvVd5qFivAhWKzZwBsV6kSAKCTOb8d+3JBAkkOfu85pHkrMVaZJ3\/vb855+x\/\/\/vfhP4Lw2YvPsLdWrkRxKsAWsVEKxW3e03qqQl7e3t4qLc7KONfTXjJaS52vXsQbYaAdwBaCdZWgbEytSiQkpFXTjT9AADgCcenguk5iYH7GMBKEF7Tskps86KJWyV4SpqkHwACAKHkLQD\/yuBItYFpMZH2eGr06lcwd65mkL8kyPsBAKA2nHyMmK+zMCLNRPwE9mnzU02T\/mFBTsFZ+wGQewIklgH4lg3Rz4D5BSZ6PB31\/QkgtkGmoyL6AdAOgGYAXpsj\/QET5lXu0+ZvaqrfZrNs28T1eQCc2tBYuds9eA8Axbaodha0C8w\/rR409Ddr5p2ZcUiHabF9HgAjpy8ZnXW5NpiOoDzjelL4htTCwKvyLM5T9nkAeILJC0AsvgEKFYsoZbI3l8rHYqGcdh7KFjTUhl46muCqA5Q6QDsHoLMADLQgUo+1hYEfpzMtD6NpWlaP2Mn7\/QDoKroNjS6v+6jTmLPnQFHqwDlQjHRgIN5lUq5PRya+7oBsKZG2AeDE8NIaF1MdAXUAHcfg1UxYeeyAoe+U4sePVHQOIPLMSJzAjJnE+FcAJxnl74GeGfh9ZUa7rRizBcsA8MxMjkCW\/wBgXDdOtoJxkxrzP2lj0IooiskTfHkCE88mYCqASpuM+VgBLm6O+t+wSZ6UGEsA8IaT32HmhwAM0tNG4MUul3LtBwt8\/6dHWy73hwUXV7up8kqAxVNhtHW7aQ8TZqUjvmesy5KTYA4A45dXeIbtfQqgsJya\/VTbSKMpqUW+1Qb5Sp7cOyM+nplmg\/FtAG4LBjMx3ZGK+X5hQYY0q3EA5Ab\/80UALpfW0pmwhUjzpSL1q0zylzSbZ\/orp8DV9jBAF1g0dH71wOrrnP5+MgSAr89+y\/1J6\/anQSzefVauXg0CERhvMB5kovsBnGAhUMsZbZeno5N3WJDRI6s0AHKDv+uTRgCX2mRMC5j9aiyw0iZ5JSdmzNUvDNq7t\/IugP4dQIVJAzdkFUzestC\/ySS\/dQCIfPku9+BGAi6x2YhWaORXF\/lW2Cy3pMSJiqMKzfUIE841adh2TcHUzQv9\/2OSv1s23SeAGPzP3IOeYdAUu5Xn5fUJEAhfa0OJWQSIwpNjTcRyHzFfmYoFYiZ4zQEgv1L2LIDJdirtQlYrkxIoZkbMYf\/2i69pSBzjckNM8yaY0NlG4MmpaCBpgrdLlm6fACcFllZljlGeBWOSXcp05Oxi5kA6FnitQPqKpqb9Y\/qTx0C42oQRLVnKjtsSmfSeCd5DWLoEQG7wj1b+CCBghxIDMvoMCPKvhP8g4F4TK5FpKPiGutD\/kYHYyj0B8r\/858HwWxVukn8Xk+LvC68DER9PMHE5iBYAfLjBeK3JDMyct3XelM8M8nUiP+gJwOQJJyNgBK0ItYG3YB+Go65IDs8oPKaStDc2RepbbLDdsIjh4fi\/KKAXwTjeCDMDL6RHr7rMSkVyJwB4wol7wLjTiBEO0raC2ed0nsATTl4N5t8C0Ai0TiOsUICVbUwrtkQn\/s1B\/zqJHjnzlVotq73E4NOM6eQH1GjgJmM8X1DvB0BtMHkREb9sVpBDfI6DoDaY\/DkR396N\/dsIiGqkzUtH6tc75ON+sSJxtGdvVRMBPiO6CHR9Kur7LyM8HbQ5AOSzfOKrcowZIQ7zOJo29gTjTSASCzh612vM\/LhSddgzTu4ZrGloPNxVOXg5GGfrGXTA\/SyIpqgRX9wAT440BwBvODGHGQ8YZS4gfQtpNNGJVURPKPEXAF814Ms\/CViQzWoPbX66\/gMDfNKko2Ymj23Lio2qGCHNBLSSxl8xun+xHQCh5LvG3z0GTLOHdKfmonGbF\/jW2iOuXYonlGg1Wf\/3OYD7spmWe7c0TRNl5bZe7auKWZEiP0paMGGJGvEbStpRbTAxlgi2BlXaYOOE66iy6ky7HsHehiXHs9tldS7dzEQ3piO+l4y70zNHvmI5YaS+gIkajBSUUG04cRsxfmm38Q7Ke0SN+v\/NDvm1wfg4IrJlgYUYL4L5+0YfwXp+eEPxKxk0X4\/ugPtb3aSdIjulJW8o8XsGZhlQUHxSDZPVRf4lVg3xBhNXMeF3VuV8wU97AL5Njfoftk9mbvfy3QD\/UFom8UNqJHCjDD3VhhKrCRB18OVzmXjXdeWcJ5T4GYA7bHec6FF1384b7av5N5yg0zRNOXvzoolv6flGnlBCNDmwUrWip8OJ+zvUqG+I1d23nlD8MgLEI7YOQLWthhISbmjTZR\/Ferrz6zPvAPiSHm3+\/ttqpuUsPRAKAIj97MdJCi0ZMiZtrJ3JGbFHUKuoqGONvwnCZQCGWHaWsVah7OTm6CTVsiwxWxOFpxotl5XFwJx01P+fPdGXLQBAfJkaCYgVS9uv\/ILY5RBVvuDzLSqwtd7f4Ddbaxtpp34Yqd\/SnQ9lCwBGxah09MK\/WxwcXfYRM+JjNE0AAd8FcIQuQ9cEu6HgPHWh\/22T\/PvZTmpYOjTjVt4HcIykrOfUqL\/bCu5yBcA2Neo3U1YlGbNDyUaElniYXQ8y4WKTQj5qI+2snn6NsnI9ofg1AEnvtOrpdSkAIFa87NzrJuuHaTqxyygVDZgdCNN6BWNtODmZmB80mKZt18n438\/aqsZta5qwy5IRYPKEkv\/dw3a8zuLFrCTiu6ErnWIamDC6+mTNeMvcbWA+z+ll4p6sbF+wOfIuMN9q3BtaqmZ2Xqz3da4nN5\/BFesYMruQdrlJO7GrGYkoAHkEzNfrKSyV+0R8RyoSEGVURb88oWQYyNUSVBk05mE16hd7BSxdteH4vcT0AxkhzHRjOuYT+zg7XeQJxm9C+w6WcriWqaNX+axUwNjtZD6dLGYjhvIIIvuajvoXWLEn1+J2t\/sDyUqiDWrUd8rBuRORCr6EgeetGFIg3k2UyZ5bKq1VDvR5+PSloxSXIlLTRuopPslmMGZLk\/+fVuLnDSfuYsaPZWQw08R0zPfKgbQ0IrjsOI3axIqY7iYRGSUO0WzKVmTGb\/nDlA8dkm9Z7Imzlg2paGsTa\/hGPqifVKN+sbXc9DX8ipeHKYomEk26W8\/EglUq5u+0uys36KW8HkDA39oqMhNKefA7Ri\/fcUzsdZSdozOTcq7VCmhvOPE0M6ZJoEhTkB15YGYyBwBPKPEjAD+VEFBQEjH4WU0ZX05NmfPpWlFbKfN1LqaGa9WPqs7AqxPazAZ3+IzEuYoGMS3UvQj4ZSrq3\/\/h2A6AK5aeAUWxnKXS1W6MYKOmKRPKafA73DO8hs98mxoLGG1W3SmanmDiHRBOlwjxdqqsqukoqtn\/3vcEk1tAfKKEgEKQlO3gdwTHE0o+CfA1ksH6dK+Laj5e4NstSX8ImSeYuBaEJ2T4iWlqKubLffgfAIDEPFCuA1axrw1QMMGObU\/FdCS\/CVTk7IfK2EGE76Ui\/sdkaLuiyU0Jd7nFos\/RejII9GAq6vt+JwAMnxG\/WNHoBT1mh+\/3isHviFFtMD6Dctu+pK71atQ\/VoqyGyJPMPFrEG7Wk0Gg91JR31c6ASCPoO0ADtMT4ND996HggnL\/5R8cGyOt6Bm4KB31i7a1pi4DBb6c4cyxW2NTPum8NSyUWFqEHcHC2Q8okx1XikkeUyNxAFNN6OWTXdD+CsClJ6ureboeTxeAkyrw6age7gQAw1+vRq3rjp6o3syuFrvUOy3HE0qIVLFMbyWNUXGylToH6ZxAfoWwEwDydWebZT9c7Aqc3eVddtlll5zacPxbxCT7aP+xGvXfbVa3N5T8HoMf1eUn\/FWN+E89JP1bnB3CdKsa9f1a1+gyJvCEE+vBOEXCheVq1G+6x2B+R5HURlbKZE84BAA1sxaf6Gpzi\/PxdHPLEs7Ikmx3kzbSrgpaWaWFpPOEEzeAIbFfgPa4d2SP3hSvF1vPTF2yhb7EHOpyAag2lFhEwHRT2s0z3a1G\/VKrWuZVFI+zvWdglZhl6aaIFdD5zVGfVGq3K4+kx4\/xRJcA8ATjdSAqdO++XRUuGtWbmkkf8oUeTrwOxjl6MGTGT9Ixv+m1GW848V1myPQL2NTtErAnFH8ToDP1jLXz\/oEZKjvlloosAzuRLH0HeIPJLzGxmHoeeInFpo1iIzAz1oJ4bZZda7sFQG0oMZMAcQ5AIa99pPEYuzdYFtKBnnTVhhIXEtCpIKMLenHW4AZ19KqxViqfPOHkAjCniXltm6KtHbxv94b1TdP2HayvWwDkm0SmC71rSIAuFfV\/p1QGzU478tlW0fg5d8gEA5uJsA4a1hGwTvx\/V6ZqvfWqYXmre6wC8oTiPwTI9JxU3oxOlBppdI4T3UBM2mMrmzeYvBRK9h8VwPpSmPX0CIDjZiYHHKbxJsmiQzsD1ewm7aulECA7nSpFWbp1gLWh5GwCP15w4wkxNeIPFVxvH1OoCwA0NLo8lYPfk8xi2Ro+Al+VigaeslVov7BOEdAHgCgaDSanEPGLRYjdblc2+7W\/Pz1pYxF09wmVUgAQkagNJf5MwHlFiMrbAzItdV1NYYpgS69TKQ2AXD9bJnHalzSPfdGy1g7VPjt6nyRDgymdY3YgTsS4OhXzG+mW5YAVvU+kQQAsG0loEylGu07LNBLRDBMH0pHAn4ww9dP2HAFDABCiDOSznYj9TmZ8Mx3zr3NCeF+UaRgA+RSx2ERiqYLVQrDTlMme3RvrBy3ExDSrYQAITcOvePlMRdHERkjdQkfTlvXMuGavi863spHCIbvKTqwpAOSmhT332Xc8ELk2MZnWqVY7bThuaIkrMA2AfAHpmiK+CkRoo2qmZVY\/CMyjzDQAcq+C9tyA2A5drFeByErE1H0tM\/tBYA4ElgCQexUY6FNjzkQZLlqkZnbO6AeBTKw601gGQP5VIGYFpxpXbx8HERpTH1aFreyzt8+a8pFkGQAHzApeL1KCaH+0CdSU2loZ6geBPABtAYBQ5w3Gr2Mi09ub5U3WpXzWvUMLW6mr19VghKCh0TWiavCXNcZYEN6vPqL6vTXzzswYEeEkrW0AEEZ6gonfmjwP114fCSvc+7RLNzXVb7NXsLw0bzDh1wi3E\/B1AAO+4KQ9IP4LmO9Xo4Hn5CU6Q2krANq\/B+i1QpeTdxOaZiZtsp0t5WWGQMRg31HKL4ggGjDoxffJvS6aU8yElp6BMj53ohFHsbYpLD4KDTVONKxIjmGnQsq05sjEghyIme8S1gQg13xB8tqoMDc0xwLvStLbSmY7ANpfBckL0H4KafHyA1+EKQvmG9VYQH\/HrIXQ5jZjKCwOfDR0\/m9e5Q4ouNCOdvJGXXAEADkQhJK3AGyp85VRZ3qiz+062lp5sxMzhPyZAuIkDytH7+xg0EXpqE9kVwt2OQYA4YF0s4KCuctvKQpmNC8MbLBLpU2D32FOwUHgKABy+wqy\/GdxPLFdAbcuh\/aAtVvseCXk3\/mvWvzlH+zSp5qmXCRz4pf1WOh\/pVrWMSy4uNpNbnE4o+xpV5Z1SgkgJMSU1WxTqvzgi8f+MCl9xog+1Ygnbo4E3jTGZpza0SdAhzknhpfWVLAiMoW1xk10lGM7wLONzsfzjZ\/EL9+Jwe9weKcCTGyO+t9wMgIFAYBwIP+LEU+Cgp71Ixm8KGl8p8yu5AINfsFAUDAA5GYG7T2JxWPzSMmBKSSZ2Do9T+GKe5pjF37cleKaGYmTXFl6tcAtdXeSRj6nNssWFAAiqO2drSkJ8OGFHF0DunYz04NKVeV9qacmfNrBV6TB71DfQqT5UpF6UYZn61VwAOSeBKF4PUCiWbFuvxxbvTUm7FOA7ye4XtJYG00EcVJYMU9YdQQERQGAGAdvMB5kooUAFGPj0qepW8Dst\/PEtKIBIAcC2aaGfXrMD3G+FRr51UU+W5p4FRUAuddBMHkniO\/pH2NDEbANBEUHQP6boBitaAxFvASJW5mUgNXzhkoCACK4+a5k4hDGUv4wLDUc7GJS\/FZAUDIAyL8OxDKyqJIpxTxBqQ1+hz3bFK44rbvchZ7RJQWA3JMgmBhLBHFuQamljfViWcz7cTXqrzdjQMkBIPckmJE4ARrESZxnmHGqL\/J0dzawXixKEgDC6KENywce4f68sUgnmOjFrRTvf+beoR1jtBq6ZAGQi3BDo8vrHvQog2aXYsRLzSYirc5ouri0AZCPsDccv52ZfiZRZVtqY1JQewh0Uyrqe8CI0rIAgHAonzoWPQOL0Z7GSEyLR2uiuWbZACD\/cfg1aIiUXHVR8Ya8s2bG\/WrMf4sRc8oKAMKxmobGw13uwaLa+AYjjvYJWuLL1EhAnFAmfZUdADo8E1uvWMF8k3X40gEqJ0KFK443mhAqWwCIgckXnIoDk2XO5CunsTRuK+NVNeafYJSxrAHQ4awnFL8GoN8AGGg0AL2EfqeC7OnN0UmqUX96BQCE08OnLx2luBRxUHOd0SCUOz2Bg6loYJEZP3oNAHLONzS6aisG30mEHxX43EMzsbeLZ74a9V9tVljvAkA+CiNCibM04HdF7mBmdkyM8D2rbq26wsp+x14JgP1PA\/eR1xDxXb10pmB58EWcei8A8r8jsag0oPLzW5lxc+dOHUZ+aCVH+5y6tWq6lV9+h0e9HgD7Zwq5JWZxAhpfVdaVyEx\/rB40ZLpdfYb6DAA6gDB8ZvLLisa\/AsNfcr9rfYOerx5YPc2uwe8Tr4DuYlobTF5EooEF4XT9uJcEhe2D36cBkBvSuXMV78azZ3H74Zg1JTHMXRjBwAtDB1Y32PnL73PfAD0NrlhgUiqOvJZImwPQyFICAjFeHDKo+ttODH7\/E+DgkZ47V\/Fs+MZUUG7GUPyMIvMzA9paw06emNbnPgJlf92eYLyOFJrDjEsAVMny2UZH\/JB68uo5Vk4Ql7GlHwA6UfJeufwoLfN5g6JhJhPGFSB3wkz4QTriv09mAK3S9APAQARHhJZ4NLjCYtUByM0ebI0fAW9qwB3pqH+ZAbMskdrqgCVLyoy5piFxTEUFnQfi8cwYD8p1BzUbz7eZ6CfpiO+lQofBrMGFtrPk9QlAKJV8BjG8AHlEHSsDHoL4G0MAiBY0e9v\/8XaAVoOwgrK8QqY3kVMB+H8+kXfg52\/dWAAAAABJRU5ErkJggg==\" alt=\"\"><\/span>\n        <img decoding=\"async\" class=\"u-expanded-width-xs u-image u-image-contain u-image-default u-image-2\" src=\"https:\/\/www.rosacom.cz\/wp-content\/uploads\/2023\/08\/Bez-nzvu-1.png\" alt=\"\" data-image-width=\"404\" data-image-height=\"84\">\n        <img decoding=\"async\" class=\"u-image u-image-default u-preserve-proportions u-image-3\" src=\"https:\/\/www.rosacom.cz\/wp-content\/uploads\/2023\/08\/3037247.png\" alt=\"\" data-image-width=\"128\" data-image-height=\"128\">\n        <p class=\"u-text u-text-default u-text-7\"> M\u016f\u017eete platit kartou<\/p>\n        <img decoding=\"async\" class=\"u-image u-image-default u-preserve-proportions u-image-4\" src=\"https:\/\/www.rosacom.cz\/wp-content\/uploads\/2023\/08\/essox-2.png\" alt=\"\" data-image-width=\"50\" data-image-height=\"26\">\n        <p class=\"u-text u-text-default u-text-8\"> N\u00e1kup i na spl\u00e1tky<\/p>\n        <img decoding=\"async\" class=\"u-image u-image-default u-preserve-proportions u-image-5\" src=\"https:\/\/www.rosacom.cz\/wp-content\/uploads\/2023\/08\/726546.png\" alt=\"\" data-image-width=\"128\" data-image-height=\"128\">\n        <p class=\"u-text u-text-default-lg u-text-default-md u-text-default-sm u-text-default-xl u-text-9\"> Vyd\u00e1me bal\u00edky od&nbsp;<a href=\"http:\/\/www.zasilkovna.cz\/\" class=\"u-btn u-button-style u-text-palette-1-base u-btn-1\">Z\u00e1silkovny<\/a>&nbsp;a objedn\u00e1vky&nbsp;<a href=\"http:\/\/www.comfor.cz\/\" class=\"u-btn u-button-style u-text-palette-1-base u-btn-2\">Comforu<\/a>\n        <\/p>\n      <\/div>\n    <\/section>\n    <section class=\"u-clearfix u-section-3\" id=\"sec-1283\">\n      <div class=\"u-clearfix u-sheet u-sheet-1\">\n        <div class=\"u-expanded-width-xs u-grey-light-2 u-map u-map-1\">\n          <div class=\"embed-responsive\">\n            <iframe class=\"embed-responsive-item\" src=\"https:\/\/maps.google.com\/maps?output=embed&amp;q=Blovice%20Rosa%20Computers&amp;z=18&amp;t=m\" data-map=\"JTdCJTIyYWRkcmVzcyUyMiUzQSUyMkJsb3ZpY2UlMjBSb3NhJTIwQ29tcHV0ZXJzJTIyJTJDJTIyem9vbSUyMiUzQTE4JTJDJTIydHlwZUlkJTIyJTNBJTIycm9hZCUyMiUyQyUyMmxhbmclMjIlM0FudWxsJTJDJTIyYXBpS2V5JTIyJTNBbnVsbCUyQyUyMm1hcmtlcnMlMjIlM0ElNUIlNUQlN0Q=\"><\/iframe>\n          <\/div>\n        <\/div>\n      <\/div>\n    <\/section>\n    \n    \n    \n  \n<\/div>","protected":false},"excerpt":{"rendered":"<p>V\u00e1clav Divi\u0161 \u2013 ROSA Computers V\u0159el\u00e1 obsluha, poradenstv\u00ed, servis. Prodej a servis po\u010d\u00edta\u010d\u016f, notebook\u016f, tablet\u016f a p\u0159\u00edslu\u0161enstv\u00ed Prodej a servis mobil\u016f a p\u0159\u00edslu\u0161enstv\u00ed Internetov\u00e9 p\u0159ipojen\u00ed Prodej a servis EET Prodejna Blovice P\u0159ij\u010fte n\u00e1s nav\u0161t\u00edvit, t\u011b\u0161\u00edme se na V\u00e1s. Otev\u00edrac\u00ed doba: Po:&nbsp;8:00-17:00\u00dat:&nbsp;8:00-17:00St:&nbsp;8:00-17:00\u010ct:&nbsp;8:00-17:00P\u00e1:&nbsp;8:00-17:00So:&nbsp;8:00-12:00 Kontakt:&nbsp;371 580 779&nbsp;divis@rosacom.cz&nbsp;Masarykovo n\u00e1m\u011bst\u00ed 176, 336 01 Blovice M\u016f\u017eete platit kartou N\u00e1kup i na [&hellip;]<\/p>\n","protected":false},"author":8,"featured_media":0,"parent":0,"menu_order":0,"comment_status":"closed","ping_status":"closed","template":"","meta":{"footnotes":""},"class_list":["post-495","page","type-page","status-publish","hentry"],"_links":{"self":[{"href":"https:\/\/www.rosacom.cz\/homepage\/wp-json\/wp\/v2\/pages\/495","targetHints":{"allow":["GET"]}}],"collection":[{"href":"https:\/\/www.rosacom.cz\/homepage\/wp-json\/wp\/v2\/pages"}],"about":[{"href":"https:\/\/www.rosacom.cz\/homepage\/wp-json\/wp\/v2\/types\/page"}],"author":[{"embeddable":true,"href":"https:\/\/www.rosacom.cz\/homepage\/wp-json\/wp\/v2\/users\/8"}],"replies":[{"embeddable":true,"href":"https:\/\/www.rosacom.cz\/homepage\/wp-json\/wp\/v2\/comments?post=495"}],"version-history":[{"count":6,"href":"https:\/\/www.rosacom.cz\/homepage\/wp-json\/wp\/v2\/pages\/495\/revisions"}],"predecessor-version":[{"id":506,"href":"https:\/\/www.rosacom.cz\/homepage\/wp-json\/wp\/v2\/pages\/495\/revisions\/506"}],"wp:attachment":[{"href":"https:\/\/www.rosacom.cz\/homepage\/wp-json\/wp\/v2\/media?parent=495"}],"curies":[{"name":"wp","href":"https:\/\/api.w.org\/{rel}","templated":true}]}}