{"id":557,"date":"2023-08-02T12:58:15","date_gmt":"2023-08-02T10:58:15","guid":{"rendered":"https:\/\/rosacom.rcsoft.cz\/?page_id=557"},"modified":"2023-08-02T12:59:04","modified_gmt":"2023-08-02T10:59:04","slug":"page-9","status":"publish","type":"page","link":"https:\/\/www.rosacom.cz\/homepage\/page-9\/","title":{"rendered":"Lepen\u00ed ochrann\u00fdch foli\u00ed a skel"},"content":{"rendered":"<div class=\"\" style=\"\" >\n    \n    <section class=\"u-clearfix u-section-2\" id=\"sec-926d\">\n      <div class=\"u-clearfix u-sheet u-sheet-1\">\n        <h1 class=\"u-text u-text-1\"> Lepen\u00ed ochran\u200b\u200bn\u00fdch f\u00f3li\u00ed a skel<\/h1>\n        <img decoding=\"async\" class=\"u-image u-image-default u-image-1\" src=\"https:\/\/www.rosacom.cz\/wp-content\/uploads\/2023\/08\/otterbox-launches-epa-approved-antimicrobial-screen-protecto_dd62.jpg\" alt=\"\" data-image-width=\"810\" data-image-height=\"456\">\n        <div class=\"u-shape u-shape-svg u-text-palette-1-base u-shape-1\">\n          <svg class=\"u-svg-link\" preserveAspectRatio=\"none\" viewBox=\"0 0 160 160\" style=\"\"><use xlink:href=\"#svg-1e01\"><\/use><\/svg>\n          <svg class=\"u-svg-content\" viewBox=\"0 0 160 160\" x=\"0px\" y=\"0px\" id=\"svg-1e01\" style=\"enable-background:new 0 0 160 160;\"><path d=\"M158.1,106.7L111.7,80l46.4-26.7c0.8-0.5,1.4-1.2,1.6-2.1c0.2-0.9,0.1-1.8-0.4-2.5l-13.7-21c-1-1.6-3.2-2.1-4.9-1.1\n\tL96.5,52.1V3.3C96.5,1.5,94.9,0,93,0H66.9c-2,0-3.5,1.5-3.5,3.3v48.8L19.1,26.7c-1.7-1-3.8-0.5-4.9,1.1l-13.7,21\n\tc-0.5,0.8-0.6,1.7-0.4,2.5c0.2,0.9,0.8,1.6,1.6,2.1L48.2,80L1.8,106.7c-0.8,0.5-1.4,1.2-1.6,2.1c-0.2,0.9-0.1,1.8,0.4,2.5l13.7,21\n\tc1,1.6,3.2,2.1,4.9,1.1l44.3-25.5v48.8c0,1.8,1.6,3.3,3.5,3.3h26.2c2,0,3.5-1.5,3.5-3.3v-48.8l44.3,25.5c1.7,1,3.8,0.5,4.9-1.1\n\tl13.7-21c0.5-0.8,0.6-1.7,0.4-2.5C159.5,107.9,158.9,107.2,158.1,106.7z\"><\/path><\/svg>\n        <\/div>\n        <p class=\"u-text u-text-default u-text-2\"> Neriskujte \u0161kr\u00e1bance na nov\u00e9m mobiln\u00edm telefonu.<br>Nebo je\u0161t\u011b h\u016f\u0159, rovnou rozbit\u00ed displeje.\n        <\/p>\n        <p class=\"u-text u-text-3\"> U n\u00e1s na prodejn\u011b najdete \u0161irokou nab\u00eddku, \u010d\u00edm sn\u00ed\u017eit \u0161anci po\u0161kozen\u00ed va\u0161eho telefonu.<\/p>\n        <ul class=\"u-text u-text-4\">\n          <li> Ochrann\u00e1 silikonov\u00e1 a sko\u0159epinov\u00e1 pouzdra,<\/li>\n          <li> flipov\u00e1 pouzdra,<\/li>\n          <li> vysouvac\u00ed a opaskov\u00e1 pouzdra<\/li>\n          <li>ochrann\u00e1 tvrzen\u00e1 skla<br>\n          <\/li>\n          <li>ochrann\u00e9 f\u00f3lie<br>\n          <\/li>\n        <\/ul>\n        <p class=\"u-text u-text-5\"><b>Nab\u00edz\u00edme i lepen\u00ed ochrann\u00fdch f\u00f3li\u00ed a skel u n\u00e1s na prodejn\u011b za symbolickou cenu 150 K\u010d s DPH<\/b>\n        <\/p>\n      <\/div>\n    <\/section>\n    <section class=\"u-clearfix u-section-3\" id=\"sec-113c\">\n      <div class=\"u-clearfix u-sheet u-sheet-1\">\n        <h2 class=\"u-text u-text-palette-1-base u-text-1\"> Jak to funguje?<\/h2>\n        <div class=\"u-container-style u-expanded-width u-group u-palette-2-light-2 u-shape-rectangle u-group-1\">\n          <div class=\"u-container-layout u-container-layout-1\">\n            <div class=\"u-shape u-shape-svg u-text-palette-1-base u-shape-1\">\n              <svg class=\"u-svg-link\" preserveAspectRatio=\"none\" viewBox=\"0 0 150 160\" style=\"\"><use xlink:href=\"#svg-35ab\"><\/use><\/svg>\n              <svg class=\"u-svg-content\" viewBox=\"0 0 150 160\" x=\"0px\" y=\"0px\" id=\"svg-35ab\"><path d=\"M150,96.6c0-6.9-3.8-10.1-7.4-11.7c2.9-2.5,4.7-6.3,4.7-10.4c0-7.6-6.1-13.8-13.6-13.8H94.5l2-9.4\n\tc2.7-12.5,0.9-26.8,0.3-30.9C95.4,10.8,87,0,77.8,0h-0.7c-4.4,0-11.7,2.5-11.7,19.3c0,40.9-18.2,41.4-19.1,41.4l0,0h-2.7v-5.5H0V160\n\th43.6v-5.5H120c7.5,0,13.6-6.2,13.6-13.8c0-3.2-1.1-6.2-2.9-8.5c6.3-1.2,11.1-6.8,11.1-13.6c0-3.2-1.1-6.2-2.9-8.5\n\tC145.2,108.9,150,103.3,150,96.6z\"><\/path><\/svg>\n            <\/div>\n            <div class=\"u-shape u-shape-svg u-text-palette-1-base u-shape-2\">\n              <svg class=\"u-svg-link\" preserveAspectRatio=\"none\" viewBox=\"0 0 160 120\" style=\"\"><use xlink:href=\"#svg-e5a3\"><\/use><\/svg>\n              <svg class=\"u-svg-content\" viewBox=\"0 0 160 120\" x=\"0px\" y=\"0px\" id=\"svg-e5a3\" style=\"enable-background:new 0 0 160 120;\"><g><g><path d=\"M72.4,114.5c-7.3,7.3-19,7.3-26.3,0L5.5,73.6c-7.3-7.3-7.3-19.1,0-26.4s19-7.3,26.3,0L56,71.6c1.8,1.8,4.8,1.8,6.6,0\n\t\t\tl65.7-66.1c7.3-7.3,19-7.3,26.3,0c3.5,3.5,5.4,8.2,5.4,13.2s-2,9.8-5.4,13.2L72.4,114.5z\"><\/path>\n<\/g>\n<\/g><\/svg>\n            <\/div>\n            <div class=\"u-shape u-shape-svg u-text-palette-1-base u-shape-3\">\n              <svg class=\"u-svg-link\" preserveAspectRatio=\"none\" viewBox=\"0 0 160 160\" style=\"\"><use xlink:href=\"#svg-c0b0\"><\/use><\/svg>\n              <svg class=\"u-svg-content\" viewBox=\"0 0 160 160\" x=\"0px\" y=\"0px\" id=\"svg-c0b0\"><path d=\"M151.7,62.2h-15c-2.4,0-4.4-1.3-5.3-3.5c-0.9-2.2-0.5-4.6,1.2-6.3l10.6-10.6c1.6-1.6,2.4-3.6,2.4-5.8c0-2.2-0.9-4.3-2.4-5.8\n\tl-13.5-13.5c-3.1-3.1-8.5-3.1-11.7,0l-10.6,10.6c-1.4,1.4-3,1.7-4,1.7c-1.5,0-3-0.6-4-1.6c-0.8-0.8-1.8-2.1-1.8-4.2v-15\n\tc0-4.5-3.7-8.2-8.2-8.2h-19c-4.5,0-8.2,3.7-8.2,8.2v15c0,3.6-3,5.8-5.8,5.8c-1,0-2.6-0.3-4-1.7L41.8,16.7c-3.1-3.1-8.5-3.1-11.7,0\n\tL16.7,30.2c-1.6,1.6-2.4,3.6-2.4,5.8c0,2.2,0.9,4.3,2.4,5.8l10.6,10.6c1.7,1.7,2.2,4,1.2,6.3c-0.9,2.2-2.9,3.5-5.3,3.5h-15\n\tc-4.5,0-8.2,3.7-8.2,8.2v19.1c0,4.5,3.7,8.2,8.2,8.2h15c2.4,0,4.4,1.3,5.3,3.5c0.9,2.2,0.5,4.6-1.2,6.3l-10.6,10.6\n\tc-1.6,1.6-2.4,3.6-2.4,5.8c0,2.2,0.9,4.3,2.4,5.8l13.5,13.5c3.1,3.1,8.5,3.1,11.7,0l10.6-10.6c1.4-1.4,3-1.7,4-1.7\n\tc2.9,0,5.8,2.2,5.8,5.8v15c0,4.5,3.7,8.2,8.2,8.2h19.1c4.5,0,8.2-3.7,8.2-8.2v-15c0-3.6,3-5.8,5.8-5.8c1,0,2.6,0.3,4,1.7l10.6,10.6\n\tc3.1,3.1,8.5,3.1,11.7,0l13.5-13.5c1.6-1.6,2.4-3.6,2.4-5.8c0-2.2-0.9-4.3-2.4-5.8l-10.6-10.6c-1.7-1.7-2.2-4-1.2-6.3\n\tc1-2.3,2.9-3.5,5.3-3.5h15c4.5,0,8.2-3.7,8.2-8.2v-19C159.9,65.9,156.2,62.2,151.7,62.2z M100.6,80.1c0,11.4-9.3,20.7-20.7,20.7\n\ts-20.7-9.3-20.7-20.7S68.6,59.3,80,59.3S100.6,68.6,100.6,80.1z\"><\/path><\/svg>\n            <\/div><span class=\"u-file-icon u-icon u-text-palette-1-base u-icon-1\"><img decoding=\"async\" src=\"data:image\/png;base64,iVBORw0KGgoAAAANSUhEUgAAAIAAAACACAYAAADDPmHLAAAAAXNSR0IArs4c6QAAEcRJREFUeF7tXXuYG9V1\/53RrncJGEwCpAF7R2Aeha+JMc8QDMVgWyMT8\/iCiTWygwMpTUlKC4SkNJSa0KZJCDT58iQhYGA1MjhtIYTVyMBnSEhwKBAIlJSXrZEfDa842Jjg1Uqn313LlBrv3nNHI2l2rfvn3t8959zf\/e1o5j7OJYyTcvD8gX2HJlifZcYCAJMA\/B6gH\/X2vnXDszeduTlsNycv9A\/uqvHlNVCagN0YeIaIbglyc24GiMPajUs7iksgjcQx5eMDU62EVQQwdUc7BHrKqlgnrV4++3VTH\/aC4kdg4T6Ad9uxLQO371HZ9Ilnlp87aGo3TvgxL4Dk4pWTeHDrrwEkRyKWgbvKnnOWCfEHfOK+93UNDT0H4L0j2mW+pZxPLzaxGzfsmBeA7fo\/BvAxDbG1IarZ63Nz10kHwM4ULgLRd3R4Zl5Uzqf7dbi41o9pASSz\/qeZ8T0RuYRskHM8EVY9TtziHQyeL8BvrsI6ep0353kBNnaQMSuAydl7PpjgxCMAeiWsMvjcspdeLsEqjO36OQCuEP\/47pVNJ4zF94ExKYD9L7z7Pd1buh8F43DhALFl8eFr+tPPCvGwM4XLQfQ1KZ4Z3yjnnUuk+LjgxqQA7Iz\/IxDONyDxzsBzzjbA4+DswJ4VttYC2FPajonmlXOpn0rxccCNOQEkM4UME4l\/ywFsYnRNL3uzVpsSbmf8T4HwQ4N2r1W7KtPW3TpvvUGbtkLHlADq3\/uPm\/xXEjhT8tLLwrJsu8U8wGpySVjowaDy+mlYfm5V2KCtsDEjgCPm3zFhS\/fEXwB0jAFjNwae8xcG+HdBt\/0U0K8BOkhqh0FLyl7qaim+nbgxIwDb9a8DcKkBWc9U9qgcu+EH8940aLNT6JRs4ViL6RcAuoW2qhbo1DVe6mdCfNtgY0IAtluYC5B6uRLGS3+sJXDc2ttST0fFrJ31LwPj62J7TOuHuhPT1t866zVxmzYAhYS2IbK6yykLVuxvWbUnAewjjYKYP13Kp2+Q4mU4Jtst3gMgLcMrtfLdJS99hhTfDly8BbBkiWU\/++H7QThFTA7zj4N8WjKDJza5HahWHCvdlhLjB6SNGfjbsud8U4pvNS7WAujL+FcRweRlqkQTeqaXls78Q7OItDPFU0F8LwBL6GMQFk4I+h319RK7ElsBTFnon2TVsBJAQsjaEFHtpFJu7iohPjTMdovXAHyl1AABz2+p9Bz1yvKZb0jbtAoXSwHUl2KfADBZSgQDf1f2nK9K8Q3h5t+RsLv3fADADLEdov4gl1okxrcIGEsBJN3CTxg0T8oBg1eUPcdp5Q6dqQuKU4YsViIdcb\/AjvET0eJSLnWLtF+twMVOAH1u4WICmbw0vWRx17Q1+VkvtYKwd\/pIuv6ZDNxp4HdLolo9avXtp6uNJrEosRKAvdA\/CjU8DGCCkB1mplQ5n1IvZW0ptut\/C8BnDZw\/0b2x9uEXCnO3GrRpGjQ2Ath3\/so9du\/e+jgDh0h7y8RfKefSV0jxzcAdnB7oqextqRfPI8X2ib8V5NIXi\/FNBMZGAHa2eBuYFxr09eFgQ8\/JeGDmkEGbpkAPXFg4rFajxwDsLnVAwFklz7lLim8WLhYCSGaL5zHzUoNO\/sFC9cg13umBQZumQkP04fddNTryxWUpteegbaXtAgjz3wPGOUHe+be2sTaCY9v1bwVg8qn3UFDZdEo7l47bKoDh389J1q9AmGYwmN8LPOciA3zLoGHeYwBcE3jOVS0LcgdHbRWA7frfBvAZaefVIQ9MmHBcaenMt6RtWo2zFwxMhzX8Uij9kqkBmBV4jpr1bHlpmwCSmeJZTPwfBj1+E9XEMcHts39r0KYt0BBzGRsqXJm2IT\/v1VYH3BYBHLTo3r5qtapm0fYWd5jogiCXukmMbzMwmfHvYoLBUjANBN6cj7ZyNlNR1HoBDM+jT3wQoBPFY0TIBzlHukdfbLaZwDDrGWC+LMinr29mXDvabrkA7Kz\/T2B80aCTL\/b2bp3eyAlfA1+RQkOsaA7WataJa5fNeTTSQEYx1lIB9GULpxHTCpO19FYTEjXxIfY0tFTwLRPA1EXF\/YZq\/CQYfyImuQ2PRHFsUmCYXU0t\/MlrkQCY7GxxAAxHyhvQnpcieXxyZJh9jWjRS29LBGB6zg5A2z6L5MNqhrQX+KfDwt0GL94t+extugAOdP3jasBDBnvqa2TxaaX+tNpxM66K7RauB8jkAOlvaELP8c2c+GqqAA6af+9e1e6qyt5xoMFItnVq1CBOY2jI001NnfpuqgCSWf92ZpwrZYoYPy8NbZrZzsURaaxhcfXzjeqfYqLcBn8s8NL\/LsfLkW8L4IDswOQuTiwBWE3QHGbwWyX31kG2mwGVKOtRAveXvPTw8vuwAPoyxdlErLJn7NXuCDv+W8PA8Kmlyuazqc\/96d6Erv8yOe3SmhA7XprNgNpKT32u\/zcEfKPZzjr2Y8nARjJMhhTLXnSCCs+AOvH6AMB\/Ht5Ep+VYZqAjgLE8ehHE3hFABCSOZRMdAYzl0Ysg9o4AIiBxLJsQC4AsnjkeF2jG8uCNFrv05b4jgHGqgI4AxunASrvVEYCUqXGK6whgnA6stFsdAUiZGqe4jgDG6cBKu9URgJSpcYrrCGCcDqy0Wx0BSJkap7jIBTBOeWp3twYJeJIBv1rZ9C\/rlp\/7R9OA3r+ouHtvlf8ewFwARxjkJRh2JZ4JNA2sgzdm4Lkhqp1mcrdh\/cTRL9UlZ8be6g06AgjLXDPaEfwg54jT0dtu4SGjY\/Y7ibkjgGYMZAM2LQtHrul3VEr6UcuBC\/1ptRpUko2GSkcADdEXfWMmXFjOOdqbykKct9xpsJ1NodGPYUMWxQJw\/e8C+KuGnKmXwM628EYpjLa99CfAdn110vijDXrf2DkY0iCDkTY3eAm0M\/4ThvkV3xXq8MEQ9dfO0bBIhzGsMaPPQNv11W1k4rsKdgzq7aNh2ys6h0PDjltD7UJNBA1fnv1G95YQnnd+OHQ0Q+KEjowHgrwzM0RQnSaGDNTzK\/+3oNnLgee8fzScNj9A\/RIHlQpdV9YEniO+XlVnrFM\/MgN9rj+LAMklGY8FnjPqVbtaAdQTHkpSmFaCQ1f1YskSlfu2U5rIQDLjf5IJkqypdwaec3ZDTwDV2HZ9dd2Z9jKEaldl8li6Or2JY9RU0+Lcg4KbSbRPgGEBZP1nwDhc26sanRgsS6nFiU5pIgO266uZwk9pXTB\/Psinr238CZD1C5IcfwTOlLz0Mm1gHUBDDPS5vk9ASmdEMh6iJ0DSLdzAoAt1Dlt6eaMumHFcb7u+yuii1v5HLUzWjHJujrr2fsQiEoDt+mrDwT\/rHAJoakozgf9dAmK7\/iZJlrFEImGvvm12uWEB9GUKC4noNi27hHuCnNPo\/LTWza4MqOdelFyOXQs29PToblUTPQHqac9\/piWe8XSQdz6oxXUAoRmYsqj4Z1aVn9IaYFof5FPau5dFAqjf8CG5om1z4Dl7aoMzBOwwTa2yjT\/2zlx3huYQd3uj9cfOFtNgHtD3mVYFXuoEHU4kAGy7LVtddaq9yp0m9OxdWjpT8ojSxTZcP9pC1fYFDZPMonG3pyOlzy1eSOAbdDgCLS95KW2WVpkAtk0GqSdAn86xdD1bZ2d48AU5DInpilI+9ZWo7Jl8yUjiM7En6YPtFq8B+EoB9vrAcy7T4UwE8HMAM3QGaxafubY\/\/RMdTlIv3KyyMfAc0bJo3O2JOMkUlhLReTosES4p5Rxt\/kcDART6AcrqHAP468Bz1H2ADRdpDsMqrEPXeXOe1zmMuz1d\/Kredgv3A3SqFiu8XdVAAL6aB1DzAZrCXw+89OU6lKRefLpFmL4m7vYknCRd\/znJDesWcPwaz3lEZ1MsgGSm8JdM9H29QdnLh87ONrXLklhK8xfF3Z6QkzcB3k2LtbB\/0O\/8jw5nIADfYUJBZ5CBR8qec7wOJ6mP+4BFHZ+Ok+TilZN4cOtGHQ6AeGleLIC+7MARxJaagx69EH4X5JwP6GCS+qgJjrs9LSenrOyy9986qL\/LgVcHXnqq1p7e0P+ZqB9CVPsCdIW7N9Z2e6EwV80bNFTiPmBRxychS\/g5fnPgOedL7ImfANt+k2U7UaVv5boAoyY47vZ0fKj6pFu8hMGjXi\/LTHPK+ZRky5jZ3cG26z8OYLouUCaeVc6l79fhdPVxH7Co49PxMSyAxSt7eXCrmgoeYQMu\/2vgpS+V2FIY0yeAuu79LK3xiC49jJrguNvT8loHHH3ho92vbHnlS1SzFoH4gPqfX2TmJeV8ul9qx1gASbf4TQZfrHNAhC+Vcs4\/6nC6+rgPWNTx6fh4dz3TQR8fOGRrT89r62+dpQ6KGBezJ0CmcCmIrtN5YWBp2XM+qcPp6qMmOO72dHw0o95IAH3Z4jnEw7eL6crKwHP005UaK3EfsKjj05HajHojAUzJFo61mLTTi4D8O3S0TkVNcNztNWOAdTaNBDB8BXyVX9IZBTAYHLpqt0YPicR9wKKOT8Br5BAjASjvtuurTFa9ukhqNeuAtcvmbNDhOk+ARhhqvG0YATwL4FCta+aPBPn0w1rcKICo\/8Pibq8RrsK2DSMANcM0S+dQcihBZyPuAxZ1fDo+mlEfQgDFGwG+QBcME75Qzjlf0+E6PwGNMNR4W2MByA8m0neDXOozjYQY9X9Y3O01wlXYtsYCSGaL5zHz8NXjo5YIDonEfcCijk9HaTPqzQWwsHAK12ilLhgCPVXyUh\/S4To\/AY0w1HhbYwH0ufcdRBh6UeB6U+A5ewlwI0Livokz6vga4SpsW2MBqJWoV9949S0Als5po4dE4r6NO+r4dHyqepUgytpiTe2q0Xsr3ROeDrsItN2XsQBUQ9v116tYdAFbzNPW5NO\/0eFGqpccvNiVDobYmcJFILoKwPbET1UG7uOadX7YSbewAlBZQLTnzpjpjHI+pTJahi5xP8oVdXwjEZV0C0sYtPMldqb1xLUZpWXpkinRIQVQzAO8QOAskkMicT\/MGXV8O\/La5xaPJvCjo\/PNucBLLxSMyf+DhBJAMuN\/lQmf1zojujbIpfQ4raFdG9CXKX6ZiK\/QsFDr7d066dmbztxswlYoAdR\/i76jc8TgFWUvrc1lo7Ozq9dLU8IkqtXDVt9++nMmfIUSQNItpBjkCxwNJiqJ\/VYvn61SlHZKCAYmuysOSaAmGtSWCaD+dq72oGkFRMxuKZ\/Oh+h7p8m243GfA3jUVG91ol4PvNTeALEJcdoBHMmY7fq\/BfCnAmfabJUCG7sohKnPLa4i4DgBAfcHnqNdpd3RTiMCUKlKRRs\/GTiv7Dm3CjrRgbyDgT7X\/wIBouQXAL4ceM4XTQkMLYApCwtnWDW6S+jwLVg4Meh31MGSThEwYGeKp4J4hSQtz7A5C0eH4Te0AFTeoL7uPdcQMEXQHwUpw8LZYYIU2h83sL7sihOJa+oQzr6STjVyIju8ALZlq7gSoGskQdYxVQK+3dO79R9Mv1cNfIxZ6P6Zu\/fppm61iWax5AV7e0eJcX4p79wcpuMNCaC+S1h9opit+jGtZ\/Byi\/hJrvGT3a\/jmShOE4choJ1t1MLOhC2JDwHWkWCezqBzQlwDE1Qrmw4Pc+2s6ntDAlAGbLdwAUA3tpPIXdk3MdKlvCOZk9kpTQ0LQFlNuv4KBmbvygPRnr6Hm\/9\/Z6yRCKCeSXQVgEgyg7SHzDHn9YUKV07YkJ8nuc1lxM5FIgBlvZ7D9sEQv2FjjvkYBLzOQnXGGu90SfreUcONTADDIth2dlAlhpgYA5LGawgvWxafvKY\/rQ7oNFwiFYCKRiWTsjixjMGdrOEND8+7DDycSCQW6O4AMHEbuQCGXwpVGpPK4HVgvsgkmA52RAYYjOv3mbjPFY\/94JhKlDw1RQDbA6zPaF0N4LQog97FbBWoRleXlqV+1Yx+N1UAbwshU5gBos\/Rtk\/F9zSjI+PM5mYC+VWqXbs2l\/7PZvatJQLY3oGD0wM9g5MSJxPV0iA6HAx1+YPa4bqfeNGjmWy03nYFTC+D+HcAvUTgp8C1wvsm7vfLqB\/1I3XtfwGfJ7KpsTUhqgAAAABJRU5ErkJggg==\" alt=\"\"><\/span>\n            <p class=\"u-text u-text-2\"> Sd\u011bl\u00edte n\u00e1m model \/ za\u0159\u00edzen\u00ed a spole\u010dn\u011b zvol\u00edme zp\u016fsob ochrany \u2013 sklo nebo f\u00f3lii.<\/p>\n            <p class=\"u-text u-text-3\"> Z nejv\u011bt\u0161\u00ed pe\u010dlivost\u00ed provedeme nalepen\u00ed.<\/p>\n            <p class=\"u-text u-text-4\"> Zkontrolujeme pot\u0159ebnou kompatibilitu a vybereme spr\u00e1vn\u00fd produkt ur\u010den\u00fd p\u0159\u00edmo na va\u0161e za\u0159\u00edzen\u00ed.<\/p>\n            <p class=\"u-text u-text-5\"> Jakmile m\u00e1me nalepeno d\u00e1me v\u00e1m v\u011bd\u011bt o mo\u017enosti vyzvednut\u00ed.<\/p>\n          <\/div>\n        <\/div>\n        <div class=\"u-container-style u-expanded-width u-group u-palette-1-light-2 u-shape-rectangle u-group-2\">\n          <div class=\"u-container-layout u-valign-middle u-container-layout-2\">\n            <p class=\"u-text u-text-default u-text-palette-1-base u-text-6\">\n              <span style=\"font-size: 1.53846rem; font-weight: 700;\"> Omezen\u00ed<\/span>\n              <br>Vzhledem k omezen\u00ed mo\u017enost\u00ed prodejny - ide\u00e1ln\u00ed doba na nalepen\u00ed od 9:00 - 11:00. Z tohoto d\u016fvodu i p\u0159inesen\u00ed za\u0159\u00edzen\u00ed k aplikov\u00e1n\u00ed sm\u011b\u0159ujte na tento \u010dasov\u00fd interval. P\u0159\u00edpadn\u011b mo\u017en\u00e9 domluven\u00ed p\u0159inesen\u00ed dop\u0159edu na konkr\u00e9tn\u00ed hodinu.\n            <\/p>\n          <\/div>\n        <\/div>\n        <div class=\"u-container-style u-custom-color-4 u-expanded-width u-group u-shape-rectangle u-group-3\">\n          <div class=\"u-container-layout u-container-layout-3\">\n            <p class=\"u-text u-text-default u-text-7\">\n              <span style=\"font-size: 1.53846rem;\" class=\"u-text-custom-color-5\"> Aplikov\u00e1n\u00ed<\/span>\n              <span class=\"u-text-custom-color-5\">\n                <br>Doba lepen\u00ed obvykle 15 - 120 minut, dle vyt\u00ed\u017eenosti. P\u0159edem d\u011bkujeme za pochopen\u00ed.\n              <\/span>\n            <\/p>\n          <\/div>\n        <\/div>\n      <\/div>\n    <\/section>\n    \n    \n    \n  \n<\/div>","protected":false},"excerpt":{"rendered":"<p>Lepen\u00ed ochran\u200b\u200bn\u00fdch f\u00f3li\u00ed a skel Neriskujte \u0161kr\u00e1bance na nov\u00e9m mobiln\u00edm telefonu.Nebo je\u0161t\u011b h\u016f\u0159, rovnou rozbit\u00ed displeje. U n\u00e1s na prodejn\u011b najdete \u0161irokou nab\u00eddku, \u010d\u00edm sn\u00ed\u017eit \u0161anci po\u0161kozen\u00ed va\u0161eho telefonu. Ochrann\u00e1 silikonov\u00e1 a sko\u0159epinov\u00e1 pouzdra, flipov\u00e1 pouzdra, vysouvac\u00ed a opaskov\u00e1 pouzdra ochrann\u00e1 tvrzen\u00e1 skla ochrann\u00e9 f\u00f3lie Nab\u00edz\u00edme i lepen\u00ed ochrann\u00fdch f\u00f3li\u00ed a skel u n\u00e1s na [&hellip;]<\/p>\n","protected":false},"author":8,"featured_media":0,"parent":0,"menu_order":0,"comment_status":"closed","ping_status":"closed","template":"","meta":{"footnotes":""},"class_list":["post-557","page","type-page","status-publish","hentry"],"_links":{"self":[{"href":"https:\/\/www.rosacom.cz\/homepage\/wp-json\/wp\/v2\/pages\/557","targetHints":{"allow":["GET"]}}],"collection":[{"href":"https:\/\/www.rosacom.cz\/homepage\/wp-json\/wp\/v2\/pages"}],"about":[{"href":"https:\/\/www.rosacom.cz\/homepage\/wp-json\/wp\/v2\/types\/page"}],"author":[{"embeddable":true,"href":"https:\/\/www.rosacom.cz\/homepage\/wp-json\/wp\/v2\/users\/8"}],"replies":[{"embeddable":true,"href":"https:\/\/www.rosacom.cz\/homepage\/wp-json\/wp\/v2\/comments?post=557"}],"version-history":[{"count":4,"href":"https:\/\/www.rosacom.cz\/homepage\/wp-json\/wp\/v2\/pages\/557\/revisions"}],"predecessor-version":[{"id":582,"href":"https:\/\/www.rosacom.cz\/homepage\/wp-json\/wp\/v2\/pages\/557\/revisions\/582"}],"wp:attachment":[{"href":"https:\/\/www.rosacom.cz\/homepage\/wp-json\/wp\/v2\/media?parent=557"}],"curies":[{"name":"wp","href":"https:\/\/api.w.org\/{rel}","templated":true}]}}