{"id":671,"date":"2023-08-03T10:47:14","date_gmt":"2023-08-03T08:47:14","guid":{"rendered":"https:\/\/rosacom.rcsoft.cz\/?page_id=671"},"modified":"2023-08-03T11:03:58","modified_gmt":"2023-08-03T09:03:58","slug":"page-13","status":"publish","type":"page","link":"https:\/\/www.rosacom.cz\/homepage\/page-13\/","title":{"rendered":"X-POS Registra\u010dn\u00ed pokladna \u2013 CHD3050"},"content":{"rendered":"<div class=\"\" style=\"\" >\n    \n    <section class=\"u-clearfix u-section-2\" id=\"sec-1859\">\n      <div class=\"u-clearfix u-sheet u-sheet-1\">\n        <img decoding=\"async\" class=\"u-image u-image-contain u-image-default u-image-1\" src=\"https:\/\/www.rosacom.cz\/wp-content\/uploads\/2023\/08\/chd3050_3.jpg\" alt=\"\" data-image-width=\"866\" data-image-height=\"576\">\n        <h6 class=\"u-text u-text-default u-text-palette-1-base u-text-1\"> X-POS Registra\u010dn\u00ed pokladna - CHD3050<\/h6>\n        <ul class=\"u-text u-text-2\">\n          <li> P\/N:&nbsp;20003272<\/li>\n          <li>Z\u00e1ruka:&nbsp;24 M\u011bs\u00edc(\u016f)<br>\n          <\/li>\n          <li>V\u00fdrobce:&nbsp;X-POS<br>\n          <\/li>\n          <li>K\u00f3d:&nbsp;EPR03001S2<br>\n          <\/li>\n        <\/ul>\n        <p class=\"u-text u-text-default u-text-3\"> Cena bez DPH: <span class=\"u-text-palette-2-base\">7181,82 K\u010d<\/span>\n          <br>Cena s DPH:<span class=\"u-text-palette-1-base\">\n            <span class=\"u-text-palette-2-base\">8 690 K\u010d<\/span>\n          <\/span>\n        <\/p>\n        <div class=\"u-shape u-shape-svg u-text-palette-1-base u-shape-1\">\n          <svg class=\"u-svg-link\" preserveAspectRatio=\"none\" viewBox=\"0 0 160 160\" style=\"\"><use xlink:href=\"#svg-44da\"><\/use><\/svg>\n          <svg class=\"u-svg-content\" viewBox=\"0 0 160 160\" x=\"0px\" y=\"0px\" id=\"svg-44da\" style=\"enable-background:new 0 0 160 160;\"><path d=\"M158.1,106.7L111.7,80l46.4-26.7c0.8-0.5,1.4-1.2,1.6-2.1c0.2-0.9,0.1-1.8-0.4-2.5l-13.7-21c-1-1.6-3.2-2.1-4.9-1.1\n\tL96.5,52.1V3.3C96.5,1.5,94.9,0,93,0H66.9c-2,0-3.5,1.5-3.5,3.3v48.8L19.1,26.7c-1.7-1-3.8-0.5-4.9,1.1l-13.7,21\n\tc-0.5,0.8-0.6,1.7-0.4,2.5c0.2,0.9,0.8,1.6,1.6,2.1L48.2,80L1.8,106.7c-0.8,0.5-1.4,1.2-1.6,2.1c-0.2,0.9-0.1,1.8,0.4,2.5l13.7,21\n\tc1,1.6,3.2,2.1,4.9,1.1l44.3-25.5v48.8c0,1.8,1.6,3.3,3.5,3.3h26.2c2,0,3.5-1.5,3.5-3.3v-48.8l44.3,25.5c1.7,1,3.8,0.5,4.9-1.1\n\tl13.7-21c0.5-0.8,0.6-1.7,0.4-2.5C159.5,107.9,158.9,107.2,158.1,106.7z\"><\/path><\/svg>\n        <\/div>\n      <\/div>\n    <\/section>\n    <section class=\"u-clearfix u-section-3\" id=\"sec-6437\">\n      <div class=\"u-clearfix u-sheet u-sheet-1\">\n        <div class=\"u-expanded-width u-tabs u-tabs-1\">\n          <ul class=\"u-tab-list u-unstyled\" role=\"tablist\">\n            <li class=\"u-tab-item\" role=\"presentation\">\n              <a class=\"active u-active-palette-2-base u-button-style u-hover-palette-3-base u-palette-1-base u-tab-link u-text-active-black u-text-hover-palette-2-base u-tab-link-1\" id=\"link-tab-a798\" href=\"#tab-a798\" role=\"tab\" aria-controls=\"tab-a798\" aria-selected=\"true\">Parametry<\/a>\n            <\/li>\n          <\/ul>\n          <div class=\"u-tab-content\">\n            <div class=\"u-container-style u-tab-active u-tab-pane\" id=\"tab-a798\" role=\"tabpanel\" aria-labelledby=\"link-tab-a798\">\n              <div class=\"u-container-layout u-valign-top u-container-layout-1\">\n                <p class=\"u-text u-text-default u-text-1\"> Samostatn\u00e1 pokladna ihned k dod\u00e1n\u00ed, pokud chcete p\u0159idat k pokladn\u011b p\u0159\u00edslu\u0161enstv\u00ed (baterie, z\u00e1suvka,atd), pou\u017eijte kod10541101.Novinka!!! pokladna je nyn\u00ed vybavena WiFi modulem.Mal\u00e1 a kompaktn\u00ed registra\u010dn\u00ed pokladna X-POS RL je ur\u010dena do men\u0161\u00edch prodejen, ve\u010derek, bister a restaurac\u00ed, ale tak\u00e9 k trhov\u00e9mu prodeji, proto\u017ee je mo\u017en\u00e9, aby byla nap\u00e1jena akumul\u00e1torem. Ten je jedn\u00edm z dopl\u0148k\u016f, kter\u00e9 je mo\u017en\u00e9 k tomuto za\u0159\u00edzen\u00ed p\u0159idat podobn\u011b jako pokladn\u00ed z\u00e1suvku. Registra\u010dn\u00ed<br>pokladna je standardn\u011b vybavena Ethernet konektorem pro p\u0159ipojen\u00ed k internetu a WiFiV pokladn\u011b je ji\u017e z v\u00fdroby integrov\u00e1n UV detektorpravosti bankovek, d\u00edky kter\u00e9mu snadno odhal\u00edtefale\u0161nou m\u011bnu. Samoz\u0159ejmost\u00ed je velmi tich\u00e1 thermotisk\u00e1rna, kter\u00e1 zvl\u00e1dne tisknout 60 mm\/s.<br>rozm\u011bry:&nbsp;<br>\n                <\/p>\n                <ul class=\"u-text u-text-default u-text-2\">\n                  <li> 220 x280 x 118 mm<\/li>\n                  <li> hmotnost: 1,6 kg (bez z\u00e1suvky)<\/li>\n                  <li> 5 000 PLU<\/li>\n                  <li>8 skupin<br>\n                  <\/li>\n                  <li>5 druh\u016f m\u011bn<br>\n                  <\/li>\n                  <li>grafick\u00e9 logo na \u00fa\u010dtence<br>\n                  <\/li>\n                  <li>hlavi\u010dka \u00fa\u010dtenky: 7 \u0159\u00e1dk\u016f<br>\n                  <\/li>\n                  <li>po\u010det kl\u00e1ves na kl\u00e1vesnici: 34<br>\n                  <\/li>\n                  <li>elektronick\u00fd \u017eurn\u00e1l<br>\n                  <\/li>\n                  <li>displej: oper\u00e1torsk\u00fd \u2013 LCD zelen\u00fd podsv\u00edcen\u00fd alfanumerick\u00fd (128 x 64); z\u00e1kaznick\u00fd \u2013 LED jedno\u0159\u00e1dkov\u00fd<br>\n                  <\/li>\n                  <li>numerick\u00fd (10 \u010d\u00edsel)<br>\n                  <\/li>\n                  <li>komunika\u010dn\u00ed porty: 2 x RS232, 1 x extern\u00ed SD karta, Ethernet<br>\n                  <\/li>\n                  <li>nap\u00e1jen\u00ed: 230V AC +\/- 10 % nebo mo\u017enost akumul\u00e1toru<br>\n                  <\/li>\n                  <li>provozn\u00ed teplota: 0-45\u00b0C<br>\n                  <\/li>\n                <\/ul>\n              <\/div>\n            <\/div>\n          <\/div>\n        <\/div>\n      <\/div>\n    <\/section>\n    \n    \n    \n  \n<\/div>","protected":false},"excerpt":{"rendered":"<p>X-POS Registra\u010dn\u00ed pokladna &#8211; CHD3050 P\/N:&nbsp;20003272 Z\u00e1ruka:&nbsp;24 M\u011bs\u00edc(\u016f) V\u00fdrobce:&nbsp;X-POS K\u00f3d:&nbsp;EPR03001S2 Cena bez DPH: 7181,82 K\u010d Cena s DPH: 8 690 K\u010d Parametry Samostatn\u00e1 pokladna ihned k dod\u00e1n\u00ed, pokud chcete p\u0159idat k pokladn\u011b p\u0159\u00edslu\u0161enstv\u00ed (baterie, z\u00e1suvka,atd), pou\u017eijte kod10541101.Novinka!!! pokladna je nyn\u00ed vybavena WiFi modulem.Mal\u00e1 a kompaktn\u00ed registra\u010dn\u00ed pokladna X-POS RL je ur\u010dena do men\u0161\u00edch prodejen, ve\u010derek, [&hellip;]<\/p>\n","protected":false},"author":8,"featured_media":0,"parent":0,"menu_order":0,"comment_status":"closed","ping_status":"closed","template":"","meta":{"footnotes":""},"class_list":["post-671","page","type-page","status-publish","hentry"],"_links":{"self":[{"href":"https:\/\/www.rosacom.cz\/homepage\/wp-json\/wp\/v2\/pages\/671","targetHints":{"allow":["GET"]}}],"collection":[{"href":"https:\/\/www.rosacom.cz\/homepage\/wp-json\/wp\/v2\/pages"}],"about":[{"href":"https:\/\/www.rosacom.cz\/homepage\/wp-json\/wp\/v2\/types\/page"}],"author":[{"embeddable":true,"href":"https:\/\/www.rosacom.cz\/homepage\/wp-json\/wp\/v2\/users\/8"}],"replies":[{"embeddable":true,"href":"https:\/\/www.rosacom.cz\/homepage\/wp-json\/wp\/v2\/comments?post=671"}],"version-history":[{"count":5,"href":"https:\/\/www.rosacom.cz\/homepage\/wp-json\/wp\/v2\/pages\/671\/revisions"}],"predecessor-version":[{"id":682,"href":"https:\/\/www.rosacom.cz\/homepage\/wp-json\/wp\/v2\/pages\/671\/revisions\/682"}],"wp:attachment":[{"href":"https:\/\/www.rosacom.cz\/homepage\/wp-json\/wp\/v2\/media?parent=671"}],"curies":[{"name":"wp","href":"https:\/\/api.w.org\/{rel}","templated":true}]}}