{"id":677,"date":"2023-08-03T11:04:41","date_gmt":"2023-08-03T09:04:41","guid":{"rendered":"https:\/\/rosacom.rcsoft.cz\/?page_id=677"},"modified":"2023-08-03T11:04:41","modified_gmt":"2023-08-03T09:04:41","slug":"registracni-pokladna-chd3850","status":"publish","type":"page","link":"https:\/\/www.rosacom.cz\/homepage\/registracni-pokladna-chd3850\/","title":{"rendered":"Registra\u010dn\u00ed pokladna CHD3850"},"content":{"rendered":"<div class=\"\" style=\"\" >\n    \n    <section class=\"u-clearfix u-section-2\" id=\"sec-5ddb\">\n      <div class=\"u-clearfix u-sheet u-sheet-1\">\n        <img decoding=\"async\" class=\"u-image u-image-contain u-image-default u-image-1\" src=\"https:\/\/www.rosacom.cz\/wp-content\/uploads\/2023\/08\/10542101-1024x840-1.jpg\" alt=\"\" data-image-width=\"1024\" data-image-height=\"840\">\n        <h6 class=\"u-text u-text-default u-text-1\"> Registra\u010dn\u00ed pokladna CHD3850 bez pokladn\u00ed z\u00e1suvky<\/h6>\n        <ul class=\"u-text u-text-default u-text-2\">\n          <li> P\/N:&nbsp;30000466<\/li>\n          <li> Z\u00e1ruka:&nbsp;24 M\u011bs\u00edc(\u016f)<\/li>\n          <li> V\u00fdrobce:&nbsp;X-POS<\/li>\n          <li>K\u00f3d:&nbsp;EPR03002S<br>\n          <\/li>\n        <\/ul>\n        <p class=\"u-text u-text-default u-text-3\"> Cena bez DPH: <span class=\"u-text-palette-2-base\">8 834,72 K\u010d<\/span>\n          <br>Cena s DPH: <span class=\"u-text-palette-2-base\">10 690 K\u010d<\/span>\n          <br>\n        <\/p>\n        <div class=\"u-shape u-shape-svg u-text-palette-1-base u-shape-1\">\n          <svg class=\"u-svg-link\" preserveAspectRatio=\"none\" viewBox=\"0 0 160 160\" style=\"\"><use xlink:href=\"#svg-da3c\"><\/use><\/svg>\n          <svg class=\"u-svg-content\" viewBox=\"0 0 160 160\" x=\"0px\" y=\"0px\" id=\"svg-da3c\" style=\"enable-background:new 0 0 160 160;\"><path d=\"M158.1,106.7L111.7,80l46.4-26.7c0.8-0.5,1.4-1.2,1.6-2.1c0.2-0.9,0.1-1.8-0.4-2.5l-13.7-21c-1-1.6-3.2-2.1-4.9-1.1\n\tL96.5,52.1V3.3C96.5,1.5,94.9,0,93,0H66.9c-2,0-3.5,1.5-3.5,3.3v48.8L19.1,26.7c-1.7-1-3.8-0.5-4.9,1.1l-13.7,21\n\tc-0.5,0.8-0.6,1.7-0.4,2.5c0.2,0.9,0.8,1.6,1.6,2.1L48.2,80L1.8,106.7c-0.8,0.5-1.4,1.2-1.6,2.1c-0.2,0.9-0.1,1.8,0.4,2.5l13.7,21\n\tc1,1.6,3.2,2.1,4.9,1.1l44.3-25.5v48.8c0,1.8,1.6,3.3,3.5,3.3h26.2c2,0,3.5-1.5,3.5-3.3v-48.8l44.3,25.5c1.7,1,3.8,0.5,4.9-1.1\n\tl13.7-21c0.5-0.8,0.6-1.7,0.4-2.5C159.5,107.9,158.9,107.2,158.1,106.7z\"><\/path><\/svg>\n        <\/div>\n      <\/div>\n    <\/section>\n    <section class=\"u-clearfix u-section-3\" id=\"sec-c380\">\n      <div class=\"u-clearfix u-sheet u-sheet-1\">\n        <div class=\"u-expanded-width u-tabs u-tabs-1\">\n          <ul class=\"u-tab-list u-unstyled\" role=\"tablist\">\n            <li class=\"u-tab-item\" role=\"presentation\">\n              <a class=\"active u-active-palette-2-base u-button-style u-hover-palette-3-base u-palette-1-base u-tab-link u-text-active-black u-text-hover-palette-2-base u-tab-link-1\" id=\"link-tab-23d3\" href=\"#tab-23d3\" role=\"tab\" aria-controls=\"tab-23d3\" aria-selected=\"true\">Parametry<\/a>\n            <\/li>\n          <\/ul>\n          <div class=\"u-tab-content\">\n            <div class=\"u-container-style u-tab-active u-tab-pane\" id=\"tab-23d3\" role=\"tabpanel\" aria-labelledby=\"link-tab-23d3\">\n              <div class=\"u-container-layout u-container-layout-1\">\n                <p class=\"u-text u-text-default u-text-1\"> Novinka!!! pokladna je nyn\u00ed vybavena WiFi modulem.<br>Varianta bez pokladn\u00ed z\u00e1suvky.Registra\u010dn\u00ed pokladna X-POS 3850 je ide\u00e1ln\u00edm za\u0159\u00edzen\u00edm do mal\u00fdch obchod\u016f, jako jsou potraviny, bistra a bufety a tak\u00e9 pro restaura\u010dn\u00ed za\u0159\u00edzen\u00ed a hospody.<br>Pro obsluhu pokladny m\u016f\u017ee b\u00fdt zaj\u00edmav\u00e9, \u017ee d\u00edky oper\u00e1torsk\u00e9mu rolovac\u00edmu displeji lze prohl\u00ed\u017eet v\u00edce z\u00e1znam\u016f, a t\u00edm z\u00edskat p\u0159ehled o prodeji. Dal\u0161\u00ed v\u00fdhodou, kterou u\u017eivatel ocen\u00ed, je funkce elektronick\u00e9ho \u017eurn\u00e1lu. Detailn\u00ed historie v\u0161ech ud\u00e1lost\u00ed se ukl\u00e1d\u00e1 na SD kartu, odkud je mo\u017en\u00e9 \u010d\u00edst z\u00e1znamy, vytv\u00e1\u0159et p\u0159ehledy, filtrovat vybran\u00e9 ud\u00e1losti a tisknout sestavy.Tisk\u00e1rna s \u0161\u00ed\u0159kou tisku 58 mm podporuje grafick\u00e9 logo. M\u016f\u017eete si tedy zatraktivnit \u00fa\u010dtenku o va\u0161e logo. Naprostou samoz\u0159ejmost\u00ed je tak\u00e9 pokladn\u00ed z\u00e1suvka. Pokladnu je mo\u017en\u00e9 p\u0159ipojit k akumul\u00e1toru a v p\u0159\u00edpad\u011b v\u00fdpadku nap\u00e1jen\u00ed pokra\u010dovat v jej\u00edm u\u017e\u00edv\u00e1n\u00ed v bateriov\u00e9m re\u017eimu.\n                <\/p>\n                <ul class=\"u-text u-text-default u-text-2\">\n                  <li> 10 000 PLU<\/li>\n                  <li> 99 skupin<\/li>\n                  <li> grafick\u00e9 logo na \u00fa\u010dtence<\/li>\n                  <li>hlavi\u010dka \u00fa\u010dtenky: 7 \u0159\u00e1dk\u016f<br>\n                  <\/li>\n                  <li>po\u010det kl\u00e1ves: 68<br>\n                  <\/li>\n                  <li>komunika\u010dn\u00ed porty: 4x RS232, 1x extern\u00ed DS karta, 1x USB, mo\u017enost Ethernetu a p\u0159ipojen\u00ed WiFi<br>\n                  <\/li>\n                  <li>displej: oper\u00e1torsk\u00fd \u2013 LCD alfanumerick\u00fd zelen\u00fd podsv\u00edcen\u00fd (128\u00d764), z\u00e1kaznick\u00fd LED jedno\u0159\u00e1dkov\u00fd numerick\u00fd (9 \u010d\u00edsel)<br>\n                  <\/li>\n                  <li>\u0161\u00ed\u0159ka tisku: 58 mm<br>\n                  <\/li>\n                  <li>nap\u00e1jen\u00ed: 230V AC+\/ \u2013 10% nebo mo\u017enost akumul\u00e1toru<br>\n                  <\/li>\n                  <li>provozn\u00ed teplota: 0-45\u00b0C<br>\n                  <\/li>\n                <\/ul>\n              <\/div>\n            <\/div>\n          <\/div>\n        <\/div>\n      <\/div>\n    <\/section>\n    \n    \n    \n  \n<\/div>","protected":false},"excerpt":{"rendered":"<p>Registra\u010dn\u00ed pokladna CHD3850 bez pokladn\u00ed z\u00e1suvky P\/N:&nbsp;30000466 Z\u00e1ruka:&nbsp;24 M\u011bs\u00edc(\u016f) V\u00fdrobce:&nbsp;X-POS K\u00f3d:&nbsp;EPR03002S Cena bez DPH: 8 834,72 K\u010d Cena s DPH: 10 690 K\u010d Parametry Novinka!!! pokladna je nyn\u00ed vybavena WiFi modulem.Varianta bez pokladn\u00ed z\u00e1suvky.Registra\u010dn\u00ed pokladna X-POS 3850 je ide\u00e1ln\u00edm za\u0159\u00edzen\u00edm do mal\u00fdch obchod\u016f, jako jsou potraviny, bistra a bufety a tak\u00e9 pro restaura\u010dn\u00ed za\u0159\u00edzen\u00ed a [&hellip;]<\/p>\n","protected":false},"author":8,"featured_media":0,"parent":0,"menu_order":0,"comment_status":"closed","ping_status":"closed","template":"","meta":{"footnotes":""},"class_list":["post-677","page","type-page","status-publish","hentry"],"_links":{"self":[{"href":"https:\/\/www.rosacom.cz\/homepage\/wp-json\/wp\/v2\/pages\/677","targetHints":{"allow":["GET"]}}],"collection":[{"href":"https:\/\/www.rosacom.cz\/homepage\/wp-json\/wp\/v2\/pages"}],"about":[{"href":"https:\/\/www.rosacom.cz\/homepage\/wp-json\/wp\/v2\/types\/page"}],"author":[{"embeddable":true,"href":"https:\/\/www.rosacom.cz\/homepage\/wp-json\/wp\/v2\/users\/8"}],"replies":[{"embeddable":true,"href":"https:\/\/www.rosacom.cz\/homepage\/wp-json\/wp\/v2\/comments?post=677"}],"version-history":[{"count":4,"href":"https:\/\/www.rosacom.cz\/homepage\/wp-json\/wp\/v2\/pages\/677\/revisions"}],"predecessor-version":[{"id":683,"href":"https:\/\/www.rosacom.cz\/homepage\/wp-json\/wp\/v2\/pages\/677\/revisions\/683"}],"wp:attachment":[{"href":"https:\/\/www.rosacom.cz\/homepage\/wp-json\/wp\/v2\/media?parent=677"}],"curies":[{"name":"wp","href":"https:\/\/api.w.org\/{rel}","templated":true}]}}