{"id":68,"date":"2023-06-22T08:25:52","date_gmt":"2023-06-22T06:25:52","guid":{"rendered":"https:\/\/rosacom.rcsoft.cz\/?page_id=68"},"modified":"2023-06-22T08:28:25","modified_gmt":"2023-06-22T06:28:25","slug":"tvorba-webu-a-programovani","status":"publish","type":"page","link":"https:\/\/www.rosacom.cz\/homepage\/tvorba-webu-a-programovani\/","title":{"rendered":"Tvorba web\u016f a programovan\u00ed"},"content":{"rendered":"<div class=\"\" style=\"\" >\n    \n    <section class=\"u-clearfix u-container-align-center u-section-2\" id=\"sec-b390\">\n      <div class=\"u-clearfix u-sheet u-sheet-1\">\n        <h2 class=\"u-text u-text-default u-text-palette-1-base u-text-1\"> Tvorba web\u016f a programov\u00e1n\u00ed<span style=\"font-weight: 700;\">\n            <span style=\"font-weight: 400;\">\n              <span style=\"font-weight: 700;\"><\/span>\n            <\/span>\n          <\/span>\n        <\/h2>\n        <img decoding=\"async\" class=\"u-image u-image-contain u-image-default u-image-1\" src=\"http:\/\/rosacom.rcsoft.cz\/wp-content\/uploads\/2023\/06\/manage-website-768x377-1.png\" alt=\"\" data-image-width=\"768\" data-image-height=\"377\">\n      <\/div>\n    <\/section>\n    <section class=\"u-clearfix u-section-3\" id=\"sec-acb1\">\n      <div class=\"u-clearfix u-sheet u-valign-middle u-sheet-1\">\n        <p class=\"u-text u-text-grey-40 u-text-1\"> Sna\u017e\u00edme se v\u0161ak preferovat \u0159e\u0161en\u00ed na b\u00e1zi GNU\/Linux, vzhledem k&nbsp;vysok\u00e9 \u0161k\u00e1lovatelnosti, \u0161irok\u00e9 konfigurovatelnosti a absolutn\u00ed spolehlivosti \u0159e\u0161en\u00ed na t\u00e9to platform\u011b.V&nbsp;oblasti Linux server\u016f na\u0161e spole\u010dnost dosahuje skv\u011bl\u00fdch v\u00fdsledk\u016f, kter\u00e9 jsou podpo\u0159eny provozem vlastn\u00edch server\u016f.<\/p>\n        <p class=\"u-text u-text-grey-40 u-text-2\"> Spole\u010dnost ROSA Computers je dodavatelem kompletn\u00edch \u0159e\u0161en\u00ed na b\u00e1zi Windows a LINUX server\u016f. V&nbsp;na\u0161em portfoliu jsou jak instalace a konfigurace Windows server\u016f pro \u0159\u00edzen\u00ed dom\u00e9n, SQL servery a servery pro obsluhu internetov\u00fdch slu\u017eeb.<\/p>\n      <\/div>\n    <\/section>\n    <section class=\"u-clearfix u-section-4\" id=\"sec-f563\">\n      <div class=\"u-clearfix u-sheet u-sheet-1\">\n        <img decoding=\"async\" class=\"u-image u-image-contain u-image-default u-image-1\" src=\"http:\/\/rosacom.rcsoft.cz\/wp-content\/uploads\/2023\/06\/1382315_533783470090523_3286475825416448449_n.png\" alt=\"\" data-image-width=\"418\" data-image-height=\"206\">\n        <h3 class=\"u-text u-text-default u-text-palette-1-base u-text-1\"><b>Programov\u00e1n\u00ed<\/b>\n        <\/h3>\n        <p class=\"u-text u-text-grey-40 u-text-2\"> RCsoft s.r.o byla zalo\u017eena p\u0159ed 12 lety. A jej\u00ed hlavn\u00ed n\u00e1pln\u00ed je programov\u00e1n\u00ed, vytv\u00e1\u0159en\u00ed webov\u00fdch str\u00e1nek a spr\u00e1va s\u00edt\u00ed<\/p>\n        <p class=\"u-text u-text-3\"> Poskytov\u00e1n\u00ed softwaru a poradenstv\u00ed v oblasti hardware a software<br>\n        <\/p>\n        <div class=\"u-shape u-shape-svg u-text-palette-1-base u-shape-1\">\n          <svg class=\"u-svg-link\" preserveAspectRatio=\"none\" viewBox=\"0 0 40 160\" style=\"\"><use xlink:href=\"#svg-66a4\"><\/use><\/svg>\n          <svg class=\"u-svg-content\" viewBox=\"0 0 40 160\" x=\"0px\" y=\"0px\" id=\"svg-66a4\"><path d=\"M20,100C9.1,100,0,90.9,0,80s9.1-20,20-20s20,9.1,20,20S30.9,100,20,100z M20,160c-10.9,0-20-9.1-20-20s9.1-20,20-20\n\ts20,9.1,20,20S30.9,160,20,160z M20,40C9.1,40,0,30.9,0,20S9.1,0,20,0s20,9.1,20,20S30.9,40,20,40z\"><\/path><\/svg>\n        <\/div>\n        <p class=\"u-text u-text-4\"> Zpracov\u00e1n\u00ed dat, slu\u017eby databank, spr\u00e1va s\u00edt\u00ed<\/p>\n        <div class=\"u-shape u-shape-svg u-text-palette-1-base u-shape-2\">\n          <svg class=\"u-svg-link\" preserveAspectRatio=\"none\" viewBox=\"0 0 40 160\" style=\"\"><use xlink:href=\"#svg-45cd\"><\/use><\/svg>\n          <svg class=\"u-svg-content\" viewBox=\"0 0 40 160\" x=\"0px\" y=\"0px\" id=\"svg-45cd\"><path d=\"M20,100C9.1,100,0,90.9,0,80s9.1-20,20-20s20,9.1,20,20S30.9,100,20,100z M20,160c-10.9,0-20-9.1-20-20s9.1-20,20-20\n\ts20,9.1,20,20S30.9,160,20,160z M20,40C9.1,40,0,30.9,0,20S9.1,0,20,0s20,9.1,20,20S30.9,40,20,40z\"><\/path><\/svg>\n        <\/div>\n      <\/div>\n    <\/section>\n    <section class=\"u-clearfix u-section-5\" id=\"sec-be01\">\n      <div class=\"u-clearfix u-sheet u-sheet-1\">\n        <div class=\"u-border-3 u-border-grey-dark-1 u-line u-line-horizontal u-line-1\"><\/div>\n        <h2 class=\"u-text u-text-default u-text-palette-1-base u-text-1\"> Tvorba webov\u00fdch str\u00e1nek<\/h2>\n        <img decoding=\"async\" class=\"u-image u-image-default u-image-1\" src=\"http:\/\/rosacom.rcsoft.cz\/wp-content\/uploads\/2023\/06\/140-1400976_wordpress-logo-png-wwwimgkidcom-the-image-kid-has.png\" alt=\"\" data-image-width=\"860\" data-image-height=\"689\">\n        <p class=\"u-text u-text-grey-40 u-text-2\"> Nab\u00edz\u00edme vytvo\u0159en\u00ed kompletn\u00edch webov\u00fdch str\u00e1nek na b\u00e1z\u00ed WordPressu.<br>U\u017eivatelsky jednoduch\u00e9 ovl\u00e1d\u00e1n\u00ed zajist\u00ed snadn\u00e9 \u00fapravy, aktualizace ze strany majitele \u2013 bez nutnosti \u0161ir\u0161\u00edch znalost\u00ed ohledn\u011b programov\u00e1n\u00ed a tvorby web\u016f.&nbsp;\n        <\/p>\n        <div class=\"u-container-style u-group u-palette-4-base u-shape-rectangle u-group-1\">\n          <div class=\"u-container-layout u-container-layout-1\">\n            <h2 class=\"u-align-center u-text u-text-default u-text-white u-text-3\"> Co je WordPress?<\/h2>\n            <h6 class=\"u-align-center u-text u-text-default u-text-4\"> WordPress je open source software, kter\u00fd m\u016f\u017eete pou\u017e\u00edt k vytv\u00e1\u0159en\u00ed kr\u00e1sn\u00fdch webov\u00fdch str\u00e1nek, blog\u016f nebo jin\u00fdch aplikac\u00ed.<\/h6>\n          <\/div>\n        <\/div>\n        <p class=\"u-align-center u-text u-text-grey-40 u-text-5\"> Kr\u00e1sn\u00fd vzhled, v\u00fdkon a mo\u017enost vytv\u00e1\u0159et v\u0161e, co v\u00e1s napadne. WordPress je zdarma a sou\u010dasn\u011b k nezaplacen\u00ed.<\/p>\n        <img decoding=\"async\" class=\"u-image u-image-default u-image-2\" src=\"http:\/\/rosacom.rcsoft.cz\/wp-content\/uploads\/2023\/06\/screen-themes-1-e1584709199137-1024x392-1.png\" alt=\"\" data-image-width=\"1024\" data-image-height=\"392\">\n        <h2 class=\"u-align-center u-text u-text-palette-5-dark-2 u-text-6\"> D\u016fv\u011bra je d\u016fle\u017eit\u00e1<\/h2>\n        <p class=\"u-align-center u-text u-text-grey-40 u-text-7\"> 35 % web\u016f pou\u017e\u00edv\u00e1 WordPress, od mal\u00fdch blog\u016f a\u017e po nejv\u011bt\u0161\u00ed zpravodajsk\u00e9 online servery.<\/p>\n      <\/div>\n    <\/section>\n    <section class=\"u-clearfix u-section-6\" id=\"sec-388c\">\n      <div class=\"u-clearfix u-sheet u-sheet-1\">\n        <div class=\"u-container-style u-group u-palette-4-base u-shape-rectangle u-group-1\">\n          <div class=\"u-container-layout u-container-layout-1\">\n            <h2 class=\"u-align-center u-text u-text-white u-text-1\"> Co je WordPress?<\/h2>\n            <p class=\"u-align-center u-text u-text-2\"> Neomezen\u00e9 mo\u017enosti.<\/p>\n          <\/div>\n        <\/div>\n      <\/div>\n    <\/section>\n    <section class=\"u-align-center u-clearfix u-section-7\" id=\"sec-c03f\">\n      <div class=\"u-clearfix u-sheet u-sheet-1\">\n        <div class=\"u-layout-horizontal u-list u-list-1\">\n          <div class=\"u-repeater u-repeater-1\">\n            <div class=\"u-align-left u-container-style u-list-item u-repeater-item u-list-item-1\">\n              <div class=\"u-container-layout u-similar-container u-container-layout-1\">\n                <img decoding=\"async\" class=\"u-image u-image-1\" src=\"http:\/\/rosacom.rcsoft.cz\/wp-content\/uploads\/2023\/06\/f9f58a01cec5b02a646f2901a3484610-p0odjt15ce8e0gx6y6iin6mwtn0tz1kdyc2eav3r04.png\" data-image-width=\"50\" data-image-height=\"50\">\n                <h6 class=\"u-text u-text-1\">snadn\u00e9 a p\u0159\u00edstupn\u00e9<\/h6>\n              <\/div>\n            <\/div>\n            <div class=\"u-align-left u-container-style u-list-item u-repeater-item u-list-item-2\">\n              <div class=\"u-container-layout u-similar-container u-container-layout-2\">\n                <img decoding=\"async\" class=\"u-image u-image-2\" src=\"http:\/\/rosacom.rcsoft.cz\/wp-content\/uploads\/2023\/06\/16713578361578982975-256-p0odjliftpy3fl84639i38j82k1w9gqj9auignewdw.png\" data-image-width=\"50\" data-image-height=\"50\">\n                <h6 class=\"u-text u-text-2\">p\u0159izp\u016fsobiteln\u00fd vzhled<\/h6>\n              <\/div>\n            <\/div>\n            <div class=\"u-align-left u-container-style u-list-item u-repeater-item u-list-item-3\">\n              <div class=\"u-container-layout u-similar-container u-container-layout-3\">\n                <img decoding=\"async\" class=\"u-image u-image-3\" src=\"http:\/\/rosacom.rcsoft.cz\/wp-content\/uploads\/2023\/06\/images-p0odjr5gyq5td8zx95p9i73zmva3jncxa2rfcb6jck.png\" data-image-width=\"50\" data-image-height=\"50\">\n                <h6 class=\"u-text u-text-3\">podporuje seo<\/h6>\n              <\/div>\n            <\/div>\n            <div class=\"u-align-left u-container-style u-list-item u-repeater-item u-list-item-4\">\n              <div class=\"u-container-layout u-similar-container u-container-layout-4\">\n                <img decoding=\"async\" class=\"u-image u-image-4\" src=\"http:\/\/rosacom.rcsoft.cz\/wp-content\/uploads\/2023\/06\/unnamed-p0odjs3b5k73ouyk3o3w2ovg895grcgnm7ewtl556c.png\" data-image-width=\"50\" data-image-height=\"50\">\n                <h6 class=\"u-text u-text-4\">Responsivn\u00ed mobiln\u00ed str\u00e1nky<\/h6>\n              <\/div>\n            <\/div>\n            <div class=\"u-align-left u-container-style u-list-item u-repeater-item u-list-item-5\">\n              <div class=\"u-container-layout u-similar-container u-container-layout-5\">\n                <img decoding=\"async\" class=\"u-image u-image-5\" src=\"http:\/\/rosacom.rcsoft.cz\/wp-content\/uploads\/2023\/06\/758998_graph_512x512-p0odjgt8vjrntjexxj8d8rpx3mp26z7vknl329lv90.png\" data-image-width=\"50\" data-image-height=\"50\">\n                <h6 class=\"u-text u-text-5\">vysok\u00fd v\u00fdkon<\/h6>\n              <\/div>\n            <\/div>\n            <div class=\"u-align-left u-container-style u-list-item u-repeater-item u-list-item-6\">\n              <div class=\"u-container-layout u-similar-container u-container-layout-6\">\n                <img decoding=\"async\" class=\"u-image u-image-6\" src=\"http:\/\/rosacom.rcsoft.cz\/wp-content\/uploads\/2023\/06\/running-icon-png-3-p0odjr5gyq5td8zx95p9i73zmva3jncxa2rfcb6jck.png\" data-image-width=\"50\" data-image-height=\"50\">\n                <h6 class=\"u-text u-text-6\">spr\u00e1va na cest\u00e1ch<\/h6>\n              <\/div>\n            <\/div>\n            <div class=\"u-align-left u-container-style u-list-item u-repeater-item u-list-item-7\">\n              <div class=\"u-container-layout u-similar-container u-container-layout-7\">\n                <img decoding=\"async\" class=\"u-image u-image-7\" src=\"http:\/\/rosacom.rcsoft.cz\/wp-content\/uploads\/2023\/06\/lock-7-256x256-1-p0odjt15ce8e0gx6y6iin6mwtn0tz1kdyc2eav3r04.png\" data-image-width=\"50\" data-image-height=\"50\">\n                <h6 class=\"u-text u-text-7\">vysok\u00e9 zabezpe\u010den\u00ed<\/h6>\n              <\/div>\n            <\/div>\n            <div class=\"u-align-left u-container-style u-list-item u-repeater-item u-list-item-8\">\n              <div class=\"u-container-layout u-similar-container u-container-layout-8\">\n                <img decoding=\"async\" class=\"u-image u-image-8\" src=\"http:\/\/rosacom.rcsoft.cz\/wp-content\/uploads\/2023\/06\/14354960011579605648-256-p0odjp9sl238q12nk4w0d7l2g3jd495gltggdr9bp0.png\" data-image-width=\"50\" data-image-height=\"50\">\n                <h6 class=\"u-text u-text-8\">dobr\u00e1 spr\u00e1va medi\u00ed<\/h6>\n              <\/div>\n            <\/div>\n          <\/div>\n          <a class=\"u-absolute-vcenter u-gallery-nav u-gallery-nav-prev u-icon-circle u-opacity u-opacity-70 u-palette-1-base u-spacing-10 u-gallery-nav-1\" href=\"#\" role=\"button\">\n            <span aria-hidden=\"true\">\n              <svg viewBox=\"0 0 477.175 477.175\"><path d=\"M145.188,238.575l215.5-215.5c5.3-5.3,5.3-13.8,0-19.1s-13.8-5.3-19.1,0l-225.1,225.1c-5.3,5.3-5.3,13.8,0,19.1l225.1,225\n\t\tc2.6,2.6,6.1,4,9.5,4s6.9-1.3,9.5-4c5.3-5.3,5.3-13.8,0-19.1L145.188,238.575z\"><\/path><\/svg>\n            <\/span>\n            <span class=\"sr-only\">\n              <svg viewBox=\"0 0 477.175 477.175\"><path d=\"M145.188,238.575l215.5-215.5c5.3-5.3,5.3-13.8,0-19.1s-13.8-5.3-19.1,0l-225.1,225.1c-5.3,5.3-5.3,13.8,0,19.1l225.1,225\n\t\tc2.6,2.6,6.1,4,9.5,4s6.9-1.3,9.5-4c5.3-5.3,5.3-13.8,0-19.1L145.188,238.575z\"><\/path><\/svg>\n            <\/span>\n          <\/a>\n          <a class=\"u-absolute-vcenter u-gallery-nav u-gallery-nav-next u-icon-circle u-opacity u-opacity-70 u-palette-1-base u-spacing-10 u-text-body-alt-color u-gallery-nav-2\" href=\"#\" role=\"button\">\n            <span aria-hidden=\"true\">\n              <svg viewBox=\"0 0 477.175 477.175\"><path d=\"M360.731,229.075l-225.1-225.1c-5.3-5.3-13.8-5.3-19.1,0s-5.3,13.8,0,19.1l215.5,215.5l-215.5,215.5\n\t\tc-5.3,5.3-5.3,13.8,0,19.1c2.6,2.6,6.1,4,9.5,4c3.4,0,6.9-1.3,9.5-4l225.1-225.1C365.931,242.875,365.931,234.275,360.731,229.075z\"><\/path><\/svg>\n            <\/span>\n            <span class=\"sr-only\">\n              <svg viewBox=\"0 0 477.175 477.175\"><path d=\"M360.731,229.075l-225.1-225.1c-5.3-5.3-13.8-5.3-19.1,0s-5.3,13.8,0,19.1l215.5,215.5l-215.5,215.5\n\t\tc-5.3,5.3-5.3,13.8,0,19.1c2.6,2.6,6.1,4,9.5,4c3.4,0,6.9-1.3,9.5-4l225.1-225.1C365.931,242.875,365.931,234.275,360.731,229.075z\"><\/path><\/svg>\n            <\/span>\n          <\/a>\n        <\/div>\n      <\/div>\n    <\/section>\n    \n    \n    \n  \n<\/div>","protected":false},"excerpt":{"rendered":"<p>Tvorba web\u016f a programov\u00e1n\u00ed Sna\u017e\u00edme se v\u0161ak preferovat \u0159e\u0161en\u00ed na b\u00e1zi GNU\/Linux, vzhledem k&nbsp;vysok\u00e9 \u0161k\u00e1lovatelnosti, \u0161irok\u00e9 konfigurovatelnosti a absolutn\u00ed spolehlivosti \u0159e\u0161en\u00ed na t\u00e9to platform\u011b.V&nbsp;oblasti Linux server\u016f na\u0161e spole\u010dnost dosahuje skv\u011bl\u00fdch v\u00fdsledk\u016f, kter\u00e9 jsou podpo\u0159eny provozem vlastn\u00edch server\u016f. Spole\u010dnost ROSA Computers je dodavatelem kompletn\u00edch \u0159e\u0161en\u00ed na b\u00e1zi Windows a LINUX server\u016f. V&nbsp;na\u0161em portfoliu jsou jak instalace [&hellip;]<\/p>\n","protected":false},"author":8,"featured_media":0,"parent":0,"menu_order":0,"comment_status":"closed","ping_status":"open","template":"","meta":{"footnotes":""},"class_list":["post-68","page","type-page","status-publish","hentry"],"_links":{"self":[{"href":"https:\/\/www.rosacom.cz\/homepage\/wp-json\/wp\/v2\/pages\/68","targetHints":{"allow":["GET"]}}],"collection":[{"href":"https:\/\/www.rosacom.cz\/homepage\/wp-json\/wp\/v2\/pages"}],"about":[{"href":"https:\/\/www.rosacom.cz\/homepage\/wp-json\/wp\/v2\/types\/page"}],"author":[{"embeddable":true,"href":"https:\/\/www.rosacom.cz\/homepage\/wp-json\/wp\/v2\/users\/8"}],"replies":[{"embeddable":true,"href":"https:\/\/www.rosacom.cz\/homepage\/wp-json\/wp\/v2\/comments?post=68"}],"version-history":[{"count":9,"href":"https:\/\/www.rosacom.cz\/homepage\/wp-json\/wp\/v2\/pages\/68\/revisions"}],"predecessor-version":[{"id":147,"href":"https:\/\/www.rosacom.cz\/homepage\/wp-json\/wp\/v2\/pages\/68\/revisions\/147"}],"wp:attachment":[{"href":"https:\/\/www.rosacom.cz\/homepage\/wp-json\/wp\/v2\/media?parent=68"}],"curies":[{"name":"wp","href":"https:\/\/api.w.org\/{rel}","templated":true}]}}