{"id":718,"date":"2023-08-04T12:46:52","date_gmt":"2023-08-04T10:46:52","guid":{"rendered":"https:\/\/rosacom.rcsoft.cz\/?page_id=718"},"modified":"2023-08-04T12:47:05","modified_gmt":"2023-08-04T10:47:05","slug":"page-14","status":"publish","type":"page","link":"https:\/\/www.rosacom.cz\/homepage\/page-14\/","title":{"rendered":"SUNMI EET-POS V1s &#8211; mobiln\u00ed EET termin\u00e1l s tisk\u00e1rnou"},"content":{"rendered":"<div class=\"\" style=\"\" >\n    \n    <section class=\"u-clearfix u-section-2\" id=\"sec-65c6\">\n      <div class=\"u-clearfix u-sheet u-sheet-1\">\n        <div class=\"u-shape u-shape-svg u-text-palette-1-base u-shape-1\">\n          <svg class=\"u-svg-link\" preserveAspectRatio=\"none\" viewBox=\"0 0 160 160\" style=\"\"><use xlink:href=\"#svg-3429\"><\/use><\/svg>\n          <svg class=\"u-svg-content\" viewBox=\"0 0 160 160\" x=\"0px\" y=\"0px\" id=\"svg-3429\" style=\"enable-background:new 0 0 160 160;\"><path d=\"M158.1,106.7L111.7,80l46.4-26.7c0.8-0.5,1.4-1.2,1.6-2.1c0.2-0.9,0.1-1.8-0.4-2.5l-13.7-21c-1-1.6-3.2-2.1-4.9-1.1\n\tL96.5,52.1V3.3C96.5,1.5,94.9,0,93,0H66.9c-2,0-3.5,1.5-3.5,3.3v48.8L19.1,26.7c-1.7-1-3.8-0.5-4.9,1.1l-13.7,21\n\tc-0.5,0.8-0.6,1.7-0.4,2.5c0.2,0.9,0.8,1.6,1.6,2.1L48.2,80L1.8,106.7c-0.8,0.5-1.4,1.2-1.6,2.1c-0.2,0.9-0.1,1.8,0.4,2.5l13.7,21\n\tc1,1.6,3.2,2.1,4.9,1.1l44.3-25.5v48.8c0,1.8,1.6,3.3,3.5,3.3h26.2c2,0,3.5-1.5,3.5-3.3v-48.8l44.3,25.5c1.7,1,3.8,0.5,4.9-1.1\n\tl13.7-21c0.5-0.8,0.6-1.7,0.4-2.5C159.5,107.9,158.9,107.2,158.1,106.7z\"><\/path><\/svg>\n        <\/div>\n        <img decoding=\"async\" class=\"u-image u-image-contain u-image-default u-image-1\" src=\"https:\/\/www.rosacom.cz\/wp-content\/uploads\/2023\/08\/1475440_0a.jpg\" alt=\"\" data-image-width=\"433\" data-image-height=\"611\">\n        <h6 class=\"u-text u-text-default u-text-1\"> SUNMI EET-POS V1s - mobiln\u00ed EET termin\u00e1l s tisk\u00e1rnou<\/h6>\n        <ul class=\"u-text u-text-default u-text-2\">\n          <li> P\/N:&nbsp;SUNMI-EET-POS<\/li>\n          <li> Z\u00e1ruka:&nbsp;24 M\u011bs\u00edc(\u016f)<\/li>\n          <li> V\u00fdrobce:&nbsp;Sunmi<\/li>\n          <li>EAN:&nbsp;8591205716763<br>\n          <\/li>\n        <\/ul>\n        <p class=\"u-text u-text-default u-text-3\"> Cena bez DPH: <span class=\"u-text-palette-2-base\">6 024,79 K\u010d<\/span>\n          <br>Cena s DPH: <span class=\"u-text-palette-2-base\">7 290 K\u010d<\/span>\n        <\/p>\n      <\/div>\n    <\/section>\n    <section class=\"u-clearfix u-section-3\" id=\"sec-6d92\">\n      <div class=\"u-clearfix u-sheet u-sheet-1\">\n        <div class=\"u-expanded-width u-tabs u-tabs-1\">\n          <ul class=\"u-tab-list u-unstyled\" role=\"tablist\">\n            <li class=\"u-tab-item\" role=\"presentation\">\n              <a class=\"active u-active-palette-2-base u-button-style u-hover-palette-3-base u-palette-1-base u-tab-link u-text-active-black u-text-hover-palette-2-base u-tab-link-1\" id=\"link-tab-b169\" href=\"#tab-b169\" role=\"tab\" aria-controls=\"tab-b169\" aria-selected=\"true\">Parametry<\/a>\n            <\/li>\n            <li class=\"u-tab-item\" role=\"presentation\">\n              <a class=\"u-active-palette-2-base u-button-style u-hover-palette-3-base u-palette-1-base u-tab-link u-text-active-black u-text-hover-palette-2-base u-tab-link-2\" id=\"link-tab-b8c6\" href=\"#tab-b8c6\" role=\"tab\" aria-controls=\"tab-b8c6\" aria-selected=\"false\">Technick\u00e9 parametry<\/a>\n            <\/li>\n          <\/ul>\n          <div class=\"u-tab-content\">\n            <div class=\"u-container-style u-tab-active u-tab-pane\" id=\"tab-b169\" role=\"tabpanel\" aria-labelledby=\"link-tab-b169\">\n              <div class=\"u-container-layout u-container-layout-1\">\n                <p class=\"u-text u-text-1\">\n                  <span style=\"font-weight: 700;\"> POKLADNA JE BEZ PAU\u0160\u00c1L\u016e A POPLATK\u016e. JEDNOU KOUP\u00cdTE A M\u00c1TE NAPO\u0158\u00c1D v\u010d AKTUALIZAC\u00cd<\/span>\n                  <br>\n                  <span style=\"font-weight: 700;\">Hotline&nbsp;<\/span>Telefon je&nbsp;222 550 302, aktualizace v cen\u011b produktu.<br>\n                  <span style=\"font-weight: 700;\">Plynulej\u0161\u00ed a rychlej\u0161\u00ed chod<\/span>\n                  <br>EET termin\u00e1l V1S navazuje na mimo\u0159\u00e1dn\u011b popul\u00e1rn\u00ed za\u0159\u00edzen\u00ed V1. Oproti n\u011bmu nab\u00edz\u00ed n\u011bkolik d\u016fle\u017eit\u00fdch hardwarov\u00fdch modernizac\u00ed. V1S je rychlej\u0161\u00ed a m\u00e1 v\u00edce pam\u011bti.<br>\n                  <span style=\"font-weight: 700;\">Ost\u0159ej\u0161\u00ed displej<\/span>\n                  <br>Displej m\u00e1 \u00fahlop\u0159\u00ed\u010dku 5,5\u201c, nab\u00edz\u00ed vynikaj\u00edc\u00ed rozli\u0161en\u00ed \u2013 1280 \u00d7 720 bod\u016f.<br>\n                  <span style=\"font-weight: 700;\">Ten\u010d\u00ed r\u00e1me\u010dky<\/span>\n                  <br>Modern\u011bj\u0161\u00edmu vzhledu napom\u00e1haj\u00ed ten\u010d\u00ed r\u00e1me\u010dky kolem displeje. Tak\u00e9 d\u00edky tomu je Rakeeta V1S men\u0161\u00ed a leh\u010d\u00ed ne\u017e jin\u00e9 EET termin\u00e1ly.<br>\n                  <span style=\"font-weight: 700;\">Bezpe\u010dn\u00fd syst\u00e9m<\/span>\n                  <br>Jako opera\u010dn\u00ed syst\u00e9m vyu\u017e\u00edv\u00e1 Rakeeta V1S ov\u011b\u0159en\u00fd a spolehliv\u00fd syst\u00e9m Android 6. EET termin\u00e1l V1S vyu\u017e\u00edv\u00e1 vlastn\u00ed obchod, jeho\u017e sou\u010d\u00e1st\u00ed je EET-POS<br>\n                  <span style=\"font-weight: 700;\">Spolehliv\u00e1 termotisk\u00e1rna<\/span>\n                  <br>V1S m\u00e1 vlastn\u00ed integrovanou termotisk\u00e1rnu, kter\u00e1 tiskne na kotou\u010dky o \u0161\u00ed\u0159ce 58mm. V balen\u00ed najdete rovnou jeden kotou\u010dek, abyste mohli za\u0159\u00edzen\u00ed ihned za\u010d\u00edt pou\u017e\u00edvat.<br>\n                  <span style=\"font-weight: 700;\">Nic se neztrat\u00ed<\/span>\n                  <br>V1S nab\u00edz\u00ed n\u011bkolik mo\u017enost\u00ed p\u0159ipojen\u00ed k internetu. Vyu\u017e\u00edvat m\u016f\u017eete Wi-Fi sign\u00e1l nebo do termin\u00e1lu V1S um\u00edst\u00edte datovou SIM kartu. M\u00e1te tedy jistotu, \u017ee nikdy nebudete bez sign\u00e1lu a v\u0161echny platby se spr\u00e1vn\u011b ode\u0161lou.<br>\n                  <span style=\"font-weight: 700;\">Modern\u00ed USB-C<\/span>\n                  <br>Termin\u00e1l vyu\u017e\u00edv\u00e1 modern\u011bj\u0161\u00ed a rychlej\u0161\u00ed p\u0159ipojen\u00ed kabelem prost\u0159ednictv\u00edm USB-C. T\u00edmto kabelem je zaji\u0161t\u011bno tak\u00e9 dob\u00edjen\u00ed za\u0159\u00edzen\u00ed. Podporov\u00e1n je samoz\u0159ejm\u011b tak\u00e9 standard OTG.<br>\n                  <span style=\"font-weight: 700;\">Dob\u00edjec\u00ed kol\u00e9bka<\/span>\n                  <br>K termin\u00e1lu je mo\u017en\u00e9 dokoupit jako samostatn\u00e9 p\u0159\u00edslu\u0161enstv\u00ed dob\u00edjec\u00ed kol\u00e9bku.<br>\n                  <span style=\"font-weight: 700;\">Spolehliv\u00fd scanner<\/span>\n                  <br>EET termin\u00e1l V1S je vybaven 5Mpx fotoapar\u00e1tem, probl\u00e9mem pro n\u011bj nen\u00ed asi skenov\u00e1n\u00ed QR nebo \u010d\u00e1rov\u00fdch k\u00f3d\u016f.<br>Pokud sh\u00e1n\u00edte spolehlivou a rychlou pokladnu pro evidov\u00e1n\u00ed EET tr\u017eeb, Rakeeta V1S je rozhodn\u011b tou spr\u00e1vnou volbou.<br>EET termin\u00e1l Rakeeta V1S navazuje na mimo\u0159\u00e1dn\u011b popul\u00e1rn\u00ed za\u0159\u00edzen\u00ed V1. Oproti n\u011bmu nab\u00edz\u00ed n\u011bkolik d\u016fle\u017eit\u00fdch hardwarov\u00fdch modernizac\u00ed, kter\u00e9 zaji\u0161\u0165uj\u00ed je\u0161t\u011b&nbsp;<span style=\"font-weight: 700;\">plynulej\u0161\u00ed a rychlej\u0161\u00ed chod<\/span>&nbsp;tohoto termin\u00e1lu.\n                <\/p>\n                <h2 class=\"u-text u-text-palette-1-base u-text-2\"> Ost\u0159ej\u0161\u00ed displej<\/h2>\n                <p class=\"u-text u-text-default u-text-3\"> V1S z\u016fst\u00e1v\u00e1 v\u011brn\u00e1 oran\u017eov\u00e9mu designu EET pokladen. Oproti d\u0159\u00edv\u011bj\u0161ku jsou zde ale p\u0159esto patrn\u00e9 zm\u011bny. Displej z\u016fst\u00e1v\u00e1 na&nbsp;\u00fahlop\u0159\u00ed\u010dce 5,5\u201c, co\u017e je ide\u00e1ln\u00ed kompromis mezi \u00fam\u011brnou velikost\u00ed a dostate\u010dn\u00fdm p\u0159ehledem o v\u0161ech informac\u00edch, kter\u00e9 pot\u0159ebujete zobrazovat. Lep\u0161\u00edmu p\u0159ehledu napom\u00e1h\u00e1 i&nbsp;lep\u0161\u00ed rozli\u0161en\u00ed displeje, kter\u00e9 m\u00e1 hodnotu 1280 \u00d7 720 bod\u016f.V\u00fdrazn\u011b se z\u00fa\u017eily r\u00e1me\u010dky kolem displeje a tak\u00e9 d\u00edky tomu je V1S&nbsp;men\u0161\u00ed a leh\u010d\u00ed&nbsp;ne\u017e jin\u00e9 EET termin\u00e1ly. P\u0159esn\u00e9 rozm\u011bry za\u0159\u00edzen\u00ed jsou 211 \u00d7 83 \u00d7 53 mm a hmotnost je 386 g (hmotnost prodejn\u00edho balen\u00ed je 774 g).Aby mohla b\u00fdt V1S dostate\u010dn\u011b rychl\u00e1, vybavil ji v\u00fdrobce vy\u0161\u0161\u00ed kapacitou opera\u010dn\u00ed pam\u011bti. Ta m\u00e1 nyn\u00ed hodnotu 1 GB.<\/p>\n                <p class=\"u-text u-text-default u-text-4\">\n                  <span style=\"font-weight: 700;\"> Spolehliv\u00e1 termotisk\u00e1rna<\/span>\n                  <br>V1S m\u00e1 vlastn\u00ed&nbsp;integrovanou termotisk\u00e1rnu, kter\u00e1 tiskne na kotou\u010dky o \u0161\u00ed\u0159ce 58mm. V balen\u00ed najdete rovnou jeden kotou\u010dek, abyste mohli za\u0159\u00edzen\u00ed ihned za\u010d\u00edt pou\u017e\u00edvat. Rychlost tisku je 60 mm \/ s.Aby v\u0161echny platby z termin\u00e1lu V1S spolehliv\u011b doputovaly k finan\u010dn\u00edmu \u00fa\u0159adu, nab\u00edz\u00ed termin\u00e1l&nbsp;n\u011bkolik mo\u017enost\u00ed p\u0159ipojen\u00ed k internetu. Vyu\u017e\u00edvat m\u016f\u017eete Wi-Fi sign\u00e1l nebo do termin\u00e1lu V1S um\u00edst\u00edte datovou SIM kartu. Objem p\u0159en\u00e1\u0161en\u00fdch dat z\u00e1vis\u00ed na pou\u017e\u00edvan\u00e9 aplikaci, ale obecn\u011b lze \u0159\u00edci, \u017ee jsou datov\u00e9 p\u0159enosy velmi mal\u00e9.Mobiln\u00ed EET termin\u00e1l V1S je mo\u017en\u00e9 samoz\u0159ejm\u011b tak\u00e9 propojit kabelem. Podporov\u00e1n je samoz\u0159ejm\u011b standard OTG.\n                <\/p>\n                <p class=\"u-text u-text-default u-text-5\"> Termin\u00e1l sou\u010dasn\u011b vyu\u017e\u00edv\u00e1&nbsp;modern\u011bj\u0161\u00ed a rychlej\u0161\u00ed rozhran\u00ed&nbsp;USB-C. T\u00edmto kabelem je zaji\u0161t\u011bno tak\u00e9 dob\u00edjen\u00ed za\u0159\u00edzen\u00ed. K termin\u00e1lu je mo\u017en\u00e9 dokoupit jako samostatn\u00e9 p\u0159\u00edslu\u0161enstv\u00ed tak\u00e9 dob\u00edjec\u00ed kol\u00e9bku.EET termin\u00e1l V1S je d\u00e1le vybaven 5Mpx fotoapar\u00e1tem, probl\u00e9mem pro n\u011bj nen\u00ed asi skenov\u00e1n\u00ed QR nebo \u010d\u00e1rov\u00fdch k\u00f3d\u016f.<br>Pokud sh\u00e1n\u00edte spolehlivou a rychlou pokladnu pro evidov\u00e1n\u00ed EET tr\u017eeb, Rakeeta V1S je rozhodn\u011b tou spr\u00e1vnou volbou.<br>\n                  <span style=\"font-weight: 700;\">EET-POS.cz je p\u0159ehledn\u00e1 pokladn\u00ed aplikace bez pau\u0161\u00e1l\u016f \u2013 bez m\u011bs\u00ed\u010dn\u00edch poplatk\u016f.<\/span>\n                  <br>Nehraje si na \u017e\u00e1dn\u00e9 slo\u017eitosti, pou\u017e\u00edv\u00e1 jasn\u011b a logicky to, na co jsou pokladn\u00ed zvykl\u00ed<br>z \u201etla\u010d\u00edtkov\u00fdch\u201c pokladen, z b\u011b\u017en\u00e9ho pokladn\u00edho software.<br>Aplikace je \u201e\u0161t\u00edhl\u00e1\u201c \u2013 m\u00e1 n\u00edzk\u00e9 n\u00e1roky na v\u00fdkon HW a na datovou komunikaci.<br>Aplikace zcela odpov\u00edd\u00e1 po\u017eadavk\u016fm EET a je vyvinuta pro \u010desk\u00e9 podm\u00ednky a \u010desk\u00e9 prost\u0159ed\u00ed. Spl\u0148uje po\u017eadavky pro pr\u00e1ci on-line i off-line.<br>Umo\u017e\u0148uje \u201erychl\u00fd prodej\u201c jen zad\u00e1n\u00edm \u010d\u00e1stky k p\u0159\u00edslu\u0161n\u00e9mu zbo\u017e\u00ed, nebo k sazb\u011b DPH.<br>Zku\u0161enost v\u00fdvoj\u00e1\u0159\u016f aplikace z dal\u0161\u00edch trh\u016f s evidenc\u00ed tr\u017eeb je z\u00e1rukou bezchybn\u00e9ho fungov\u00e1n\u00ed. Samoz\u0159ejmost\u00ed je podpora u\u017eivatel\u016f \u2013 www.pokladnapodnikatele.cz\/podpora .<br>Aplikace EET-POS.cz je navr\u017eena speci\u00e1ln\u011b pro za\u0159\u00edzen\u00ed s malou velikost obrazovky,<br>ale k oby\u010dejn\u00e9mu tabletu je mo\u017eno p\u0159ipojit p\u0159es hub USB kl\u00e1vesnici, nebo \u010d\u00edselnou kl\u00e1vesnici \u2013 prost\u0159ednictv\u00edm Mikrodocku (www.pokladnapodnikatele.cz\/mikrodock).<br>Stejn\u011b je mo\u017eno p\u0159ipojit USB tisk\u00e1rnu, USB \u010dte\u010dku \u010d\u00e1rov\u00fdch k\u00f3d\u016f, z\u00e1kaznick\u00fd displej, v\u00e1hy\u2026<br>To v\u0161e bez nutnosti ztr\u00e1cet \u010das s nastavov\u00e1n\u00edm drah\u00fdch Bluetooth za\u0159\u00edzen\u00ed.<br>T\u00edm se z Va\u0161eho tabletu st\u00e1v\u00e1 kompletn\u00ed, plnohodnotn\u00e9 prodejn\u00ed m\u00edsto za dobrou cenu.<br>Pokud chcete kompaktn\u00ed pokladnu \u2013 aplikace je optimalizov\u00e1na i pro pokladn\u00ed hardware<br>\u201ev\u0161e v jednom\u201c od Lynx a Wintec.<br>Pr\u00e1ce s HW je d\u016fle\u017eitou, ov\u011b\u0159enou vlastnost\u00ed aplikace \u2013 jednoduch\u00e9 je nastaven\u00ed tisk\u00e1rny,<br>bez kter\u00e9 nen\u00ed mo\u017en\u00fd prodej dle EET.\n                <\/p>\n                <ul class=\"u-text u-text-default u-text-6\">\n                  <li> N\u00e1pov\u011bda \u2013 kompletn\u00ed popis \u2013 n\u00e1pov\u011bdu naleznete v\u017edy stisknut\u00edm na logo EET-POS v prav\u00e9m horn\u00edm rohu<\/li>\n                  <li> Rychl\u00e1 n\u00e1pov\u011bda \u2013 v prodeji ji otev\u0159ete stisknut\u00edm na logo \u201eSpr\u00e1va \u00fa\u010dtenek\u201c v lev\u00e9m horn\u00edm rohu. Zde je p\u0159ehled v\u0161ech povel\u016f pro pr\u00e1ci v prodeji.<\/li>\n                <\/ul>\n                <p class=\"u-text u-text-default u-text-7\"> Prodej \u2013 aplikace umo\u017e\u0148uje prodeje zbo\u017e\u00ed, nebo slu\u017eeb: <span style=\"font-weight: 700;\"><\/span>\n                <\/p>\n                <ul class=\"u-text u-text-default u-text-8\">\n                  <li> prost\u0159ednictv\u00edm v\u00fdb\u011bru ze seznamu zbo\u017e\u00ed<\/li>\n                  <li> prost\u0159ednictv\u00edm k\u00f3du zbo\u017e\u00ed<\/li>\n                  <li>kl\u00e1vesami \u201erychl\u00e1 volba\u201c \u2013 nej\u010dast\u011bj\u0161\u00ed zbo\u017e\u00ed<br>\n                  <\/li>\n                  <li>\u010dte\u010dkou \u010d\u00e1rov\u00fdch k\u00f3d\u016f (i USB)<br>\n                  <\/li>\n                <\/ul>\n                <p class=\"u-text u-text-default u-text-9\"> D\u00e1le jsou k dispozici funkce:<\/p>\n                <ul class=\"u-text u-text-default u-text-10\">\n                  <li> maz\u00e1n\u00ed polo\u017eek, storno \u00fa\u010dtenky<\/li>\n                  <li> tisk posledn\u00ed \u00fa\u010dtenky<\/li>\n                  <li> sleva nomin\u00e1ln\u00ed, nebo procentu\u00e1ln\u00ed (tot\u00e9\u017e jako p\u0159ir\u00e1\u017eka)<\/li>\n                  <li> r\u016fzn\u00e9 zp\u016fsoby \u00fahrady (hotovost, karta, stravenky, d\u00e1rkov\u00e9 pouk\u00e1zky)<br>\n                  <\/li>\n                  <li>&nbsp;informace o hotovosti k vr\u00e1cen\u00ed z\u00e1kazn\u00edkovi<br>\n                  <\/li>\n                  <li>pozn\u00e1mky k prodeji (nap\u0159. \u010d\u00edslo v\u00fdrobku pro z\u00e1ruku), pozn\u00e1mky ke zp\u016fsobu \u00fahrady<br>\n                  <\/li>\n                  <li>p\u0159id\u00e1n\u00ed zbo\u017eov\u00e9 polo\u017eky p\u0159\u00edmo p\u0159i pr\u00e1ci v prodeji<br>\n                  <\/li>\n                  <li>p\u0159ijet\u00ed a naskladn\u011bn\u00ed zbo\u017e\u00ed (v seznamu zbo\u017e\u00ed, nebo v dokumentech)<br>\n                  <\/li>\n                  <li>pr\u00e1ce se zbo\u017eov\u00fdmi skupinami<br>\n                  <\/li>\n                  <li>p\u0159\u00edjem, v\u00fddej hotovosti<br>\n                  <\/li>\n                <\/ul>\n                <p class=\"u-text u-text-default u-text-11\"> V aplikaci nenajdete \u017e\u00e1dn\u00e9 slo\u017eitosti, ani komlikovan\u00e1 nastaven\u00ed, jednoduchost a rychlost jsou z\u00e1kladn\u00ed charakteristikou.<br>\n                  <span style=\"font-weight: 700;\">Nastaven\u00ed:<\/span>\n                <\/p>\n                <ul class=\"u-text u-text-default u-text-12\">\n                  <li> EET \u2013 vlo\u017e\u00edte jm\u00e9no poplatn\u00edka, \u010d\u00edslo provozovny, pokladny a jednodu\u0161e nahrajete certifik\u00e1t. Hotovo.<br>Pro spr\u00e1vnost nastaven\u00ed a Va\u0161e pohodl\u00ed je mo\u017eno vybrat pr\u00e1ci v b\u011b\u017en\u00e9m, zjednodu\u0161en\u00e9m, nebo v testovac\u00edm re\u017eimu.\n                  <\/li>\n                  <li> U\u017eivatel\u00e9 \u2013 jednotliv\u00fdm pokladn\u00edm p\u0159id\u011bl\u00edte pr\u00e1va, k pou\u017e\u00edv\u00e1n\u00ed funkc\u00ed pokladny<\/li>\n                  <li> Tisk\u00e1rna \u2013 v\u00fdb\u011br tisk\u00e1rny v syst\u00e9mu. V menu tisk\u00e1rny si tak\u00e9 libovoln\u011b nastav\u00edte texty pro tisk na Va\u0161e \u00fa\u010dtenky.<\/li>\n                  <li> Jin\u00e1 nastaven\u00ed \u2013 nastaven\u00ed skladu, pr\u00e1ce s v\u00e1hami, slevov\u00e9 karty, mno\u017estevn\u00ed slevy, zaokrouhlov\u00e1n\u00ed, pozn\u00e1mky a dal\u0161\u00ed podrobn\u00e1 nastaven\u00ed (nepovinn\u00e9)<\/li>\n                  <li> Nastaven\u00ed vzhledu a pou\u017e\u00edvan\u00fdch tla\u010d\u00edtek \u2013 z\u00e1kladn\u00ed je v\u00fdb\u011br ze dvou motiv\u016f \u2013 pro b\u011b\u017enou pr\u00e1ci a pro pr\u00e1ci v \u0161eru ( nap\u0159. bar\u2026) K jednotliv\u00fdm motiv\u016fm je mo\u017eno si p\u0159idat pr\u00e1ci s kl\u00e1vesami rychl\u00e9 volby, popisy tla\u010d\u00edtek, zvolit si tla\u010d\u00edtka jednobarevn\u00e1, nebo barevn\u00e1 (dle jejich funkc\u00ed) atd.<\/li>\n                  <li> Mo\u017enost importu seznamu zbo\u017e\u00ed<\/li>\n                  <li> Backup \/ restore dat v aplikaci<\/li>\n                  <li>p\u0159ijet\u00ed a naskladn\u011bn\u00ed zbo\u017e\u00ed (v seznamu zbo\u017e\u00ed, nebo v dokumentech)<br>\n                  <\/li>\n                  <li>pr\u00e1ce se zbo\u017eov\u00fdmi skupinami<br>\n                  <\/li>\n                  <li>p\u0159\u00edjem, v\u00fddej hotovosti<br>\n                  <\/li>\n                <\/ul>\n                <p class=\"u-text u-text-default u-text-13\">\n                  <span style=\"font-weight: 700;\"> P\u0159ehledy, reporty<\/span>\n                <\/p>\n                <ul class=\"u-text u-text-default u-text-14\">\n                  <li> P\u0159ehledy operac\u00ed<\/li>\n                  <li> P\u0159ehledy dokument\u016f, \u00fa\u010dtenek, zbo\u017e\u00ed, pokladn\u00edch \u2026<\/li>\n                  <li>Denn\u00ed p\u0159ehled \u2013 uz\u00e1v\u011brka (vynulov\u00e1n\u00ed)<br>\n                  <\/li>\n                  <li>Aktu\u00e1ln\u00ed p\u0159ehled<br>\n                  <\/li>\n                  <li>Export Z-reportu<br>\n                  <\/li>\n                <\/ul>\n              <\/div>\n            <\/div>\n            <div class=\"u-container-style u-tab-pane\" id=\"tab-b8c6\" role=\"tabpanel\" aria-labelledby=\"link-tab-b8c6\">\n              <div class=\"u-container-layout u-container-layout-2\">\n                <ul class=\"u-text u-text-default u-text-15\">\n                  <li> Typ: Pokladn\u00ed HW + SW (EET)<\/li>\n                  <li> Ovl\u00e1d\u00e1n\u00ed pokladny: Dotykov\u00e1 obrazovka<\/li>\n                  <li> Velikost obrazovky: Integrovan\u00e1<\/li>\n                  <li>Opera\u010dn\u00ed syst\u00e9m: Android<br>\n                  <\/li>\n                <\/ul>\n              <\/div>\n            <\/div>\n          <\/div>\n        <\/div>\n      <\/div>\n    <\/section>\n    \n    \n    \n  \n<\/div>","protected":false},"excerpt":{"rendered":"<p>SUNMI EET-POS V1s &#8211; mobiln\u00ed EET termin\u00e1l s tisk\u00e1rnou P\/N:&nbsp;SUNMI-EET-POS Z\u00e1ruka:&nbsp;24 M\u011bs\u00edc(\u016f) V\u00fdrobce:&nbsp;Sunmi EAN:&nbsp;8591205716763 Cena bez DPH: 6 024,79 K\u010d Cena s DPH: 7 290 K\u010d Parametry Technick\u00e9 parametry POKLADNA JE BEZ PAU\u0160\u00c1L\u016e A POPLATK\u016e. JEDNOU KOUP\u00cdTE A M\u00c1TE NAPO\u0158\u00c1D v\u010d AKTUALIZAC\u00cd Hotline&nbsp;Telefon je&nbsp;222 550 302, aktualizace v cen\u011b produktu. Plynulej\u0161\u00ed a rychlej\u0161\u00ed chod EET [&hellip;]<\/p>\n","protected":false},"author":8,"featured_media":0,"parent":0,"menu_order":0,"comment_status":"closed","ping_status":"closed","template":"","meta":{"footnotes":""},"class_list":["post-718","page","type-page","status-publish","hentry"],"_links":{"self":[{"href":"https:\/\/www.rosacom.cz\/homepage\/wp-json\/wp\/v2\/pages\/718","targetHints":{"allow":["GET"]}}],"collection":[{"href":"https:\/\/www.rosacom.cz\/homepage\/wp-json\/wp\/v2\/pages"}],"about":[{"href":"https:\/\/www.rosacom.cz\/homepage\/wp-json\/wp\/v2\/types\/page"}],"author":[{"embeddable":true,"href":"https:\/\/www.rosacom.cz\/homepage\/wp-json\/wp\/v2\/users\/8"}],"replies":[{"embeddable":true,"href":"https:\/\/www.rosacom.cz\/homepage\/wp-json\/wp\/v2\/comments?post=718"}],"version-history":[{"count":4,"href":"https:\/\/www.rosacom.cz\/homepage\/wp-json\/wp\/v2\/pages\/718\/revisions"}],"predecessor-version":[{"id":723,"href":"https:\/\/www.rosacom.cz\/homepage\/wp-json\/wp\/v2\/pages\/718\/revisions\/723"}],"wp:attachment":[{"href":"https:\/\/www.rosacom.cz\/homepage\/wp-json\/wp\/v2\/media?parent=718"}],"curies":[{"name":"wp","href":"https:\/\/api.w.org\/{rel}","templated":true}]}}