{"id":724,"date":"2023-08-04T13:39:20","date_gmt":"2023-08-04T11:39:20","guid":{"rendered":"https:\/\/rosacom.rcsoft.cz\/?page_id=724"},"modified":"2023-08-04T13:40:21","modified_gmt":"2023-08-04T11:40:21","slug":"page-15","status":"publish","type":"page","link":"https:\/\/www.rosacom.cz\/homepage\/page-15\/","title":{"rendered":"WINTEC IDT800"},"content":{"rendered":"<div class=\"\" style=\"\" >\n    \n    <section class=\"u-clearfix u-section-2\" id=\"sec-9d6c\">\n      <div class=\"u-clearfix u-sheet u-sheet-1\">\n        <div class=\"u-shape u-shape-svg u-text-palette-1-base u-shape-1\">\n          <svg class=\"u-svg-link\" preserveAspectRatio=\"none\" viewBox=\"0 0 160 160\" style=\"\"><use xlink:href=\"#svg-8db3\"><\/use><\/svg>\n          <svg class=\"u-svg-content\" viewBox=\"0 0 160 160\" x=\"0px\" y=\"0px\" id=\"svg-8db3\" style=\"enable-background:new 0 0 160 160;\"><path d=\"M158.1,106.7L111.7,80l46.4-26.7c0.8-0.5,1.4-1.2,1.6-2.1c0.2-0.9,0.1-1.8-0.4-2.5l-13.7-21c-1-1.6-3.2-2.1-4.9-1.1\n\tL96.5,52.1V3.3C96.5,1.5,94.9,0,93,0H66.9c-2,0-3.5,1.5-3.5,3.3v48.8L19.1,26.7c-1.7-1-3.8-0.5-4.9,1.1l-13.7,21\n\tc-0.5,0.8-0.6,1.7-0.4,2.5c0.2,0.9,0.8,1.6,1.6,2.1L48.2,80L1.8,106.7c-0.8,0.5-1.4,1.2-1.6,2.1c-0.2,0.9-0.1,1.8,0.4,2.5l13.7,21\n\tc1,1.6,3.2,2.1,4.9,1.1l44.3-25.5v48.8c0,1.8,1.6,3.3,3.5,3.3h26.2c2,0,3.5-1.5,3.5-3.3v-48.8l44.3,25.5c1.7,1,3.8,0.5,4.9-1.1\n\tl13.7-21c0.5-0.8,0.6-1.7,0.4-2.5C159.5,107.9,158.9,107.2,158.1,106.7z\"><\/path><\/svg>\n        <\/div>\n        <img decoding=\"async\" class=\"u-image u-image-contain u-image-default u-image-1\" src=\"https:\/\/www.rosacom.cz\/wp-content\/uploads\/2023\/08\/630097_0a.jpg\" alt=\"\" data-image-width=\"730\" data-image-height=\"566\">\n        <h6 class=\"u-text u-text-1\"> WINTEC IDT800 (pro 1 DI\u010c) EET pokladna 8\", tisk\u00e1rna 57mm, z\u00e1kaznick\u00fd display + SW EET-POS<\/h6>\n        <ul class=\"u-text u-text-default u-text-2\">\n          <li> P\/N:&nbsp;EET-IDT800<\/li>\n          <li> Z\u00e1ruka:&nbsp;12 M\u011bs\u00edc(\u016f)<\/li>\n          <li> V\u00fdrobce:&nbsp;Wintec<\/li>\n          <li>EAN:&nbsp;8594187562021<br>\n          <\/li>\n        <\/ul>\n        <p class=\"u-text u-text-default u-text-3\"> Cena bez DPH: <span class=\"u-text-palette-2-base\">7 347,11 K\u010d<\/span>\n          <br>Cena s DPH: <span class=\"u-text-palette-2-base\">8 890 K\u010d<\/span>\n        <\/p>\n      <\/div>\n    <\/section>\n    <section class=\"u-clearfix u-section-3\" id=\"sec-fa87\">\n      <div class=\"u-clearfix u-sheet u-sheet-1\">\n        <div class=\"u-expanded-width u-tabs u-tabs-1\">\n          <ul class=\"u-tab-list u-unstyled\" role=\"tablist\">\n            <li class=\"u-tab-item\" role=\"presentation\">\n              <a class=\"active u-active-palette-2-base u-button-style u-hover-palette-3-base u-palette-1-base u-tab-link u-text-active-black u-text-hover-palette-2-base u-tab-link-1\" id=\"link-tab-d5ef\" href=\"#tab-d5ef\" role=\"tab\" aria-controls=\"tab-d5ef\" aria-selected=\"true\">Parametry<\/a>\n            <\/li>\n            <li class=\"u-tab-item\" role=\"presentation\">\n              <a class=\"u-active-palette-2-base u-button-style u-hover-palette-3-base u-palette-1-base u-tab-link u-text-active-black u-text-hover-palette-2-base u-tab-link-2\" id=\"link-tab-952d\" href=\"#tab-952d\" role=\"tab\" aria-controls=\"tab-952d\" aria-selected=\"false\">Technick\u00e9 parametry<\/a>\n            <\/li>\n          <\/ul>\n          <div class=\"u-tab-content\">\n            <div class=\"u-container-style u-tab-active u-tab-pane\" id=\"tab-d5ef\" role=\"tabpanel\" aria-labelledby=\"link-tab-d5ef\">\n              <div class=\"u-container-layout u-container-layout-1\">\n                <p class=\"u-text u-text-default u-text-1\">\n                  <span style=\"font-weight: 700;\"> POKLADNA JE BEZ PAU\u0160\u00c1L\u016e A POPLATK\u016e. JEDNOU KOUP\u00cdTE A M\u00c1TE NAPO\u0158\u00c1D v\u010d AKTUALIZAC\u00cd<\/span>\n                  <br>\n                  <span style=\"font-weight: 700;\">Hotline&nbsp;<\/span>Telefon je&nbsp;222 550 302, aktualizace v cen\u011b produktu.<br>PokladnaIDT800 \u2013 \u201ev\u0161e v jednom\u201c \u2013 s kapacitn\u00edm dotykov\u00fdm displejem velikosti 8\u2033 a s OS Android. Elegantn\u00ed design, tenk\u00e1, n\u00edzk\u00e1 z\u00e1kladna s integrovanou tisk\u00e1rnou (58 mm) a z\u00e1kaznick\u00fdm displejem. Tato mal\u00e1 \u00fahledn\u00e1 pokladna m\u00e1 i tla\u010d\u00edtkovou kl\u00e1vesnici a v\u0161echny porty pot\u0159ebn\u00e9 pro p\u0159ipojen\u00ed periferi\u00ed!<br>IDT800 byla vyvinuta speci\u00e1ln\u011b pro pou\u017eit\u00ed s pokladn\u00edm software EET-POS a je v\u00fdsledkem desetilet\u00ed zku\u0161enost\u00ed s v\u00fdrobou pokladen a jejich p\u0159\u00edslu\u0161enstv\u00ed.<br>Svoj\u00ed eleganc\u00ed a mal\u00fdm rozm\u011brem je p\u0159\u00edmo ur\u010dena prodejn\u00e1m s kr\u00e1sn\u00fdmi v\u011bcmi, butik\u016fm, obchod\u016fm s omezen\u00fdm m\u00edstem na pultu. IDT800 \u0161et\u0159\u00ed prostor a z\u00e1rove\u0148 umo\u017e\u0148uje snadnou instalaci, pr\u00e1ci<br>i spr\u00e1vu. Jednoduch\u00e9 je p\u0159ipojen\u00ed pokladn\u00ed z\u00e1suvky, \u010dte\u010dky \u010d\u00e1rov\u00fdch k\u00f3d\u016f atd.<br>Dokonal\u00fd kapacitn\u00ed dotykov\u00fd panel je dopln\u011bn i hardwarovou tla\u010d\u00edtkovou kl\u00e1vesnic\u00ed, co\u017e v\u00fdrazn\u011b usnad\u0148uje pr\u00e1ci a poskytuje velk\u00e9 u\u017eivatelsk\u00e9 pohodl\u00ed.<br>V\u00fdkonn\u00fd procesor zaji\u0161\u0165uje hladk\u00fd a rychl\u00fd b\u011bh aplikac\u00ed, z\u00e1kladn\u00ed deska je navr\u017eena c\u00edlen\u011b pro pokladnu, pro optim\u00e1ln\u00ed pr\u00e1ci s mnoha porty.<br>IDT800 je cenov\u011b nejdostupn\u011bj\u0161\u00ed All-in-one v na\u0161\u00ed nab\u00eddce.<br>Je ide\u00e1ln\u00ed kombinac\u00ed \u201etla\u010d\u00edtkov\u00e9\u201c pokladny a modern\u00edho termin\u00e1lu s dotykovou obrazovkou.<br>Krom\u011b maloobchodu si toto kr\u00e1sn\u00e9 za\u0159\u00edzen\u00ed nach\u00e1z\u00ed m\u00edsto i v barech, v restaurac\u00edch, v kav\u00e1rn\u00e1ch, kade\u0159nick\u00fdch a kosmetick\u00fdch salonech.\n                <\/p>\n                <h2 class=\"u-text u-text-default u-text-2\"> Proveden\u00ed, technick\u00fd popis<\/h2>\n                <ul class=\"u-text u-text-default u-text-3\">\n                  <li> IDT800 8121I<\/li>\n                  <li> CPU: Quad Core ARM A9 1,4 GHz<\/li>\n                  <li> Android 4.2.2<\/li>\n                  <li>Pam\u011b\u0165: 1GB DDRIII<br>\n                  <\/li>\n                  <li>Flash Disk: 8GB eMMC<br>\n                  <\/li>\n                  <li>Ethernet: 1x 10\/100M<br>\n                  <\/li>\n                  <li>LCD: 8\u2033 (1024\u00d7768)<br>\n                  <\/li>\n                  <li>Projective Type Capacitive Touch<br>\n                  <\/li>\n                  <li>Z\u00e1kaznick\u00fd displej (128\u00d732 graphics LCD)<br>\n                  <\/li>\n                  <li>\u010c\u00edseln\u00e1 kl\u00e1vesnice<br>\n                  <\/li>\n                  <li>WiFi \u2013 IEEE802.11b\/g\/n<br>\n                  <\/li>\n                  <li>Bluetooth 4.0<br>\n                  <\/li>\n                  <li>Nap\u00e1jen\u00ed: 12V \/ 3A adaptor<br>\n                  <\/li>\n                  <li>Rychlost tisku: 60mm\/s<br>\n                  <\/li>\n                  <li>Automatick\u00e1 \u0159eza\u010dka: ne<br>\n                  <\/li>\n                  <li>Velikost pap\u00edru (mm): 57,5 x 80, (easy load)<br>\n                  <\/li>\n                <\/ul>\n                <h2 class=\"u-text u-text-default u-text-4\"> Porty<\/h2>\n                <ul class=\"u-text u-text-default u-text-5\">\n                  <li> (Zadn\u00ed strana pokladn\u00edho termin\u00e1lu)<\/li>\n                  <li>1: \u200bUSB 1&amp;2<\/li>\n                  <li> 2: DC nap\u00e1jen\u00ed<\/li>\n                  <li>3: RJ-45 LAN port<br>\n                  <\/li>\n                  <li>4: USB OTG port OTG<br>\n                  <\/li>\n                  <li>5: Wi-Fi Antenna Interface<br>\n                  <\/li>\n                  <li>6: Audio Port<br>\n                  <\/li>\n                  <li>7: Pokladn\u00ed z\u00e1suvka CD<br>\n                  <\/li>\n                  <li>8: COM1 port COM1<br>\n                  <\/li>\n                <\/ul>\n                <h2 class=\"u-text u-text-default u-text-6\"> V\u00edce o EET-POS<\/h2>\n                <p class=\"u-text u-text-default u-text-7\"> p\u0159ehledn\u00e1 lok\u00e1ln\u00ed aplikace vyvinut\u00e1 pro Android. Nehraje si na \u017e\u00e1dn\u00e9 slo\u017eitosti, pou\u017e\u00edv\u00e1 jasn\u011b a logicky to, na co jsou pokladn\u00ed zvykl\u00ed z \u201etla\u010d\u00edtkov\u00fdch\u201c pokladen, z b\u011b\u017en\u00e9ho pokladn\u00edho software. Aplikace je \u0161t\u00edhl\u00e1 \u2013 m\u00e1 n\u00edzk\u00e9 n\u00e1roky na v\u00fdkon HW a na komunikaci. Aplikace zcela odpov\u00edd\u00e1 po\u017eadavk\u016fm EET a je vyvinuta pro \u010desk\u00e9 podm\u00ednky a \u010desk\u00e9 prost\u0159ed\u00ed. Spl\u0148uje po\u017eadavky pro pr\u00e1ci on-line i off-line. Umo\u017e\u0148uje \u201erychl\u00fd prodej\u201c jen zad\u00e1n\u00edm \u010d\u00e1stky k p\u0159\u00edslu\u0161n\u00e9mu zbo\u017e\u00ed, nebo DPH. Zku\u0161enost v\u00fdvoj\u00e1\u0159\u016f aplikace z dal\u0161\u00edch trh\u016f s evidenc\u00ed tr\u017eeb je z\u00e1rukou bezchybn\u00e9ho fungov\u00e1n\u00ed. Aplikace EET-POS.cz je navr\u017eena speci\u00e1ln\u011b pro za\u0159\u00edzen\u00ed s malou velikost obrazovky, ale k oby\u010dejn\u00e9mu tabletu je mo\u017eno p\u0159ipojit p\u0159es hub USB kl\u00e1vesnici, nebo \u010d\u00edselnou kl\u00e1vesnici \u2013 prost\u0159ednictv\u00edm Mikrodocku. Stejn\u011b je mo\u017eno p\u0159ipojit USB tisk\u00e1rnu, USB \u010dte\u010dku \u010d\u00e1rov\u00fdch k\u00f3d\u016f, z\u00e1kaznick\u00fd displej, v\u00e1hy\u2026 To v\u0161e bez nutnosti ztr\u00e1cet \u010das s nastavov\u00e1n\u00edm drah\u00fdch Bluetooth za\u0159\u00edzen\u00ed. T\u00edm se z Va\u0161eho tabletu st\u00e1v\u00e1 kompletn\u00ed, plnohodnotn\u00e9 prodejn\u00ed m\u00edsto za dobrou cenu. Pokud chcete kompaktn\u00ed pokladnu \u2013 aplikace je optimalizov\u00e1na i pro pokladn\u00ed hardware \u201ev\u0161e v jednom\u201c od EET CUBE a Wintec. Pr\u00e1ce s HW je d\u016fle\u017eitou, ov\u011b\u0159enou vlastnost\u00ed aplikace \u2013 jednoduch\u00e9 je nastaven\u00ed tisk\u00e1rny, bez kter\u00e9 nen\u00ed mo\u017en\u00fd prodej dle EET. \u2022 N\u00e1pov\u011bda \u2013 kompletn\u00ed popis \u2013 n\u00e1pov\u011bdu naleznete v\u017edy stisknut\u00edm na logo EET-POS v prav\u00e9m horn\u00edm rohu \u2022 Rychl\u00e1 n\u00e1pov\u011bda \u2013 v prodeji ji otev\u0159ete stisknut\u00edm na logo \u201eSpr\u00e1va \u00fa\u010dtenek\u201c v lev\u00e9m horn\u00edm rohu. Zde je p\u0159ehled v\u0161ech povel\u016f pro pr\u00e1ci v prodeji: Prodej \u2013 aplikace umo\u017e\u0148uje prodeje zbo\u017e\u00ed, nebo slu\u017eeb: \u2022 prost\u0159ednictv\u00edm v\u00fdb\u011bru ze seznamu zbo\u017e\u00ed \u2022 prost\u0159ednictv\u00edm k\u00f3du zbo\u017e\u00ed \u2022 kl\u00e1vesami \u201erychl\u00e1 volba\u201c \u2013 nej\u010dast\u011bj\u0161\u00ed zbo\u017e\u00ed \u2022 \u010dte\u010dkou \u010d\u00e1rov\u00fdch k\u00f3d\u016f (i USB) D\u00e1le jsou k dispozici funkce: \u2022 maz\u00e1n\u00ed polo\u017eek, storno \u00fa\u010dtenky \u2022 tisk posledn\u00ed \u00fa\u010dtenky \u2022 sleva nomin\u00e1ln\u00ed, nebo procentu\u00e1ln\u00ed (tot\u00e9\u017e jako p\u0159ir\u00e1\u017eka) \u2022 r\u016fzn\u00e9 zp\u016fsoby \u00fahrady (hotovost, karta, stravenky, d\u00e1rkov\u00e9 pouk\u00e1zky) \u2022 informace o hotovosti k vr\u00e1cen\u00ed z\u00e1kazn\u00edkovi \u2022 pozn\u00e1mky k prodeji (nap\u0159. \u010d\u00edslo v\u00fdrobku pro z\u00e1ruku), pozn\u00e1mky ke zp\u016fsobu \u00fahrady \u2022 p\u0159id\u00e1n\u00ed zbo\u017eov\u00e9 polo\u017eky p\u0159\u00edmo p\u0159i pr\u00e1ci v prodeji \u2022 p\u0159ijet\u00ed a naskladn\u011bn\u00ed zbo\u017e\u00ed (v seznamu zbo\u017e\u00ed, nebo v dokumentech) \u2022 pr\u00e1ce se zbo\u017eov\u00fdmi skupinami \u2022 p\u0159\u00edjem, v\u00fddej hotovosti V aplikaci nenajdete \u017e\u00e1dn\u00e9 slo\u017eitosti, ani komlikovan\u00e1 nastaven\u00ed, jednoduchost a rychlost jsou z\u00e1kladn\u00ed charakteristikou. P\u0159\u00edklad \u2013 pr\u00e1ce se zbo\u017e\u00edm: Nastaven\u00ed: \u2022 EET \u2013 vlo\u017e\u00edte jm\u00e9no poplatn\u00edka, \u010d\u00edslo provozovny, pokladny a jednodu\u0161e nahrajete certifik\u00e1t. Hotovo. Pro spr\u00e1vnost nastaven\u00ed a Va\u0161e pohodl\u00ed je mo\u017eno vybrat pr\u00e1ci v b\u011b\u017en\u00e9m, zjednodu\u0161en\u00e9m, nebo v testovac\u00edm re\u017eimu. \u2022 U\u017eivatel\u00e9 \u2013 jednotliv\u00fdm pokladn\u00edm p\u0159id\u011bl\u00edte pr\u00e1va, k pou\u017e\u00edv\u00e1n\u00ed funkc\u00ed pokladny \u2022 Tisk\u00e1rna \u2013 v\u00fdb\u011br tisk\u00e1rny v syst\u00e9mu V menu tisk\u00e1rny si tak\u00e9 libovoln\u011b nastav\u00edte texty pro tisk na Va\u0161e \u00fa\u010dtenky. \u2022 Jin\u00e1 nastaven\u00ed \u2013 nastaven\u00ed skladu, pr\u00e1ce s v\u00e1hami, slevov\u00e9 karty, mno\u017estevn\u00ed slevy, zaokrouhlov\u00e1n\u00ed, pozn\u00e1mky a dal\u0161\u00ed podrobn\u00e1 nastaven\u00ed (nepovinn\u00e9) \u2022 Nastaven\u00ed vzhledu a pou\u017e\u00edvan\u00fdch tla\u010d\u00edtek \u2013 z\u00e1kladn\u00ed je v\u00fdb\u011br ze dvou motiv\u016f \u2013 pro b\u011b\u017enou pr\u00e1ci a pro pr\u00e1ci v \u0161eru ( nap\u0159. bar\u2026) K jednotliv\u00fdm motiv\u016fm je mo\u017eno si p\u0159idat pr\u00e1ci s kl\u00e1vesami rychl\u00e9 volby, popisy tla\u010d\u00edtek, zvolit si tla\u010d\u00edtka jednobarevn\u00e1, nebo barevn\u00e1 (dle jejich funkc\u00ed) atd. \u2022 Mo\u017enost importu seznamu zbo\u017e\u00ed \u2022 Backup \/ restore dat v aplikaci P\u0159ehledy, reporty \u2022 P\u0159ehledy operac\u00ed \u2022 P\u0159ehledy dokument\u016f, \u00fa\u010dtenek, zbo\u017e\u00ed, pokladn\u00edch \u2026 \u2022 Denn\u00ed p\u0159ehled \u2013 uz\u00e1v\u011brka (vynulov\u00e1n\u00ed) \u2022 Aktu\u00e1ln\u00ed p\u0159ehled \u2022 Export Z-reportu<\/p>\n              <\/div>\n            <\/div>\n            <div class=\"u-container-style u-tab-pane\" id=\"tab-952d\" role=\"tabpanel\" aria-labelledby=\"link-tab-952d\">\n              <div class=\"u-container-layout u-container-layout-2\">\n                <ul class=\"u-text u-text-default u-text-8\">\n                  <li> Typ: Pokladn\u00ed HW + SW (EET)<\/li>\n                  <li> Ovl\u00e1d\u00e1n\u00ed pokladny: Dotykov\u00e1 obrazovka<\/li>\n                  <li> Velikost obrazovky: 10\u201c<\/li>\n                  <li>Opera\u010dn\u00ed syst\u00e9m: Android<br>\n                  <\/li>\n                <\/ul>\n              <\/div>\n            <\/div>\n          <\/div>\n        <\/div>\n      <\/div>\n    <\/section>\n    \n    \n    \n  \n<\/div>","protected":false},"excerpt":{"rendered":"<p>WINTEC IDT800 (pro 1 DI\u010c) EET pokladna 8&#8243;, tisk\u00e1rna 57mm, z\u00e1kaznick\u00fd display + SW EET-POS P\/N:&nbsp;EET-IDT800 Z\u00e1ruka:&nbsp;12 M\u011bs\u00edc(\u016f) V\u00fdrobce:&nbsp;Wintec EAN:&nbsp;8594187562021 Cena bez DPH: 7 347,11 K\u010d Cena s DPH: 8 890 K\u010d Parametry Technick\u00e9 parametry POKLADNA JE BEZ PAU\u0160\u00c1L\u016e A POPLATK\u016e. JEDNOU KOUP\u00cdTE A M\u00c1TE NAPO\u0158\u00c1D v\u010d AKTUALIZAC\u00cd Hotline&nbsp;Telefon je&nbsp;222 550 302, aktualizace v cen\u011b [&hellip;]<\/p>\n","protected":false},"author":8,"featured_media":0,"parent":0,"menu_order":0,"comment_status":"closed","ping_status":"closed","template":"","meta":{"footnotes":""},"class_list":["post-724","page","type-page","status-publish","hentry"],"_links":{"self":[{"href":"https:\/\/www.rosacom.cz\/homepage\/wp-json\/wp\/v2\/pages\/724","targetHints":{"allow":["GET"]}}],"collection":[{"href":"https:\/\/www.rosacom.cz\/homepage\/wp-json\/wp\/v2\/pages"}],"about":[{"href":"https:\/\/www.rosacom.cz\/homepage\/wp-json\/wp\/v2\/types\/page"}],"author":[{"embeddable":true,"href":"https:\/\/www.rosacom.cz\/homepage\/wp-json\/wp\/v2\/users\/8"}],"replies":[{"embeddable":true,"href":"https:\/\/www.rosacom.cz\/homepage\/wp-json\/wp\/v2\/comments?post=724"}],"version-history":[{"count":4,"href":"https:\/\/www.rosacom.cz\/homepage\/wp-json\/wp\/v2\/pages\/724\/revisions"}],"predecessor-version":[{"id":729,"href":"https:\/\/www.rosacom.cz\/homepage\/wp-json\/wp\/v2\/pages\/724\/revisions\/729"}],"wp:attachment":[{"href":"https:\/\/www.rosacom.cz\/homepage\/wp-json\/wp\/v2\/media?parent=724"}],"curies":[{"name":"wp","href":"https:\/\/api.w.org\/{rel}","templated":true}]}}