{"id":735,"date":"2023-08-04T17:18:52","date_gmt":"2023-08-04T15:18:52","guid":{"rendered":"https:\/\/rosacom.rcsoft.cz\/?page_id=735"},"modified":"2023-08-04T17:22:06","modified_gmt":"2023-08-04T15:22:06","slug":"eet-pripojeni-k-internetu","status":"publish","type":"page","link":"https:\/\/www.rosacom.cz\/homepage\/eet-pripojeni-k-internetu\/","title":{"rendered":"EET- P\u0159ipojen\u00ed k internetu"},"content":{"rendered":"<div class=\"\" style=\"\" >\n    \n    <section class=\"u-clearfix u-section-2\" id=\"sec-595f\">\n      <div class=\"u-clearfix u-sheet u-sheet-1\">\n        <div class=\"u-shape u-shape-svg u-text-palette-1-base u-shape-1\">\n          <svg class=\"u-svg-link\" preserveAspectRatio=\"none\" viewBox=\"0 0 160 160\" style=\"\"><use xlink:href=\"#svg-595f\"><\/use><\/svg>\n          <svg class=\"u-svg-content\" viewBox=\"0 0 160 160\" x=\"0px\" y=\"0px\" id=\"svg-595f\" style=\"enable-background:new 0 0 160 160;\"><path d=\"M158.1,106.7L111.7,80l46.4-26.7c0.8-0.5,1.4-1.2,1.6-2.1c0.2-0.9,0.1-1.8-0.4-2.5l-13.7-21c-1-1.6-3.2-2.1-4.9-1.1\n\tL96.5,52.1V3.3C96.5,1.5,94.9,0,93,0H66.9c-2,0-3.5,1.5-3.5,3.3v48.8L19.1,26.7c-1.7-1-3.8-0.5-4.9,1.1l-13.7,21\n\tc-0.5,0.8-0.6,1.7-0.4,2.5c0.2,0.9,0.8,1.6,1.6,2.1L48.2,80L1.8,106.7c-0.8,0.5-1.4,1.2-1.6,2.1c-0.2,0.9-0.1,1.8,0.4,2.5l13.7,21\n\tc1,1.6,3.2,2.1,4.9,1.1l44.3-25.5v48.8c0,1.8,1.6,3.3,3.5,3.3h26.2c2,0,3.5-1.5,3.5-3.3v-48.8l44.3,25.5c1.7,1,3.8,0.5,4.9-1.1\n\tl13.7-21c0.5-0.8,0.6-1.7,0.4-2.5C159.5,107.9,158.9,107.2,158.1,106.7z\"><\/path><\/svg>\n        <\/div>\n        <img decoding=\"async\" class=\"u-image u-image-default u-image-1\" src=\"https:\/\/www.rosacom.cz\/wp-content\/uploads\/2023\/08\/na-fb-eet_cb.png\" alt=\"\" data-image-width=\"477\" data-image-height=\"250\">\n        <h3 class=\"u-text u-text-1\"> EET- P\u0159ipojen\u00ed k internetu<\/h3>\n        <p class=\"u-text u-text-2\"> Ke spr\u00e1vn\u00e9mu a bezprobl\u00e9mov\u00e9mu odes\u00edl\u00e1n\u00ed EET \u00fadaj\u016f je zapot\u0159eb\u00ed kvalitn\u00ed a stabiln\u00ed internetov\u00e9 p\u0159ipojen\u00ed.&nbsp;I s t\u00edmto V\u00e1m m\u016f\u017eeme pomoci a nab\u00edz\u00edme na\u0161e&nbsp;<a href=\"https:\/\/www.rosacom.cz\/internet\/\" class=\"u-btn u-button-style u-text-palette-1-base u-btn-1\">Starnet&nbsp;<\/a>plnohodnotn\u00e9 p\u0159ipojen\u00ed za 250 K\u010d \/ m\u011bs\u00ed\u010dn\u011b.\n        <\/p>\n        <p class=\"u-text u-text-3\"><b>To znamen\u00e1, nejen \u017ee budete plnit povinnost v\u016f\u010di finan\u010dn\u00ed spr\u00e1v\u011b, ale z\u00e1rove\u0148 m\u016f\u017eete sv\u00fdm z\u00e1kazn\u00edk\u016fm nab\u00eddnout nap\u0159\u00edklad Free Wifi Z\u00f3nu v r\u00e1mci sv\u00e9 provozovny a tak jim zp\u0159\u00edjemnit nap\u0159\u00edklad \u010dek\u00e1n\u00ed ve front\u011b na kade\u0159nick\u00e9 k\u0159eslo.<\/b>\n        <\/p>\n      <\/div>\n    <\/section>\n    <section class=\"u-clearfix u-section-3\" id=\"sec-1856\">\n      <div class=\"u-clearfix u-sheet u-valign-middle u-sheet-1\">\n        <p class=\"u-text u-text-1\"> V p\u0159\u00edpad\u011b probl\u00e9mu s odes\u00edl\u00e1m, m\u00e1te mo\u017enost dodat doklad a odeslat \u00fadaje ohledn\u011b platby do 48 hodin.<span style=\"font-weight: 700;\"><\/span>\n        <\/p>\n        <a href=\"https:\/\/www.rosacom.cz\/wp-content\/uploads\/2023\/08\/vyr_436EET481024x617.jpg\" class=\"u-btn u-button-style u-file-link u-hover-palette-1-dark-1 u-palette-1-base u-btn-1\">\u0160t\u00edtek m\u016f\u017eete st\u00e1hnout zde<br>&nbsp;<span class=\"u-file-icon u-icon u-text-palette-2-base u-icon-1\"><img decoding=\"async\" src=\"data:image\/png;base64,iVBORw0KGgoAAAANSUhEUgAAAIAAAACACAYAAADDPmHLAAAAAXNSR0IArs4c6QAABnFJREFUeF7tncuO3EQUhv9KYIEyCGkGEBISEhuegA3iDWDBhgQSwp0Q7iGkB8J9uAfaDhAY7gQIV2WHEK+QDeIB2MJuNN2DEIssIIVMd2u8mPh4+rjsU+U\/2\/apLn\/\/lz92Rck4GP+1htWFnTh7GPAHAVxpfLuz7a174OQ\/8PkVWF6zvGdneXPF3kbIB4AfWt\/n1vtzJ5Zw5JDlvUcgQPYbgGssQ6zY28YirrrMYc+\/VvcfgwB\/ArjEKkBpX3\/h74uuxspZ6bquPqcAgclTACXgETI2gJJh1TgbICDcYmk2gBIwG0AJUBhnA4TlywbQ8mUDaAlWz7MBwvJlA2j5sgG0BNkAYQkKq\/MtQImfDaAEyLeAsACl1dkAEiHhczaAEiAbICxAaXU2gESIDaAkpBvnOYCOnzjNBhARVV\/AZwAlQD4DhAUorc4GkAjxGUBJSDfOZwAdP3GaDSAi4jOAEpFqnA2gwicPswFkRpVX8C1ACZBvAWEBSquzASRCfAtQEtKN8xlAx0+cZgOIiPgWoESkGmcDqPDJw2wAmRHfApSMNONsAA29GrNsgBqQqi7hOYASIM8BwgKUVmcDSIR4DqAkpBvnM4COnzjNBhAR8RxAiUg1zgZQ4ZOH2QAyI54DKBlpxtkAGno1ZtkANSDxHEAJSTHOBlDAqzPKBqhDqeIangQqAfIkMCxAaXU2gESIJ4FKQrpxPgPo+InTbAAREU8ClYhU42wAFT55mA0gM+JJoJKRZpwNoKFXY5YNUAMSTwKVkBTjbAAFvDqjbIA6lHgSqKQ0\/zgbYH52tSbZALUwnf8i\/l2AEqAwzgYIy5f\/W7iWLxtAS7B6ng0Qli8bQMuXDaAlyAYIS1BYnW8BSvxsACVAvgWEBSitzgaQCAmfswGUANkAYQFKq7MBJEJsACUh3TjPAXT8xGk2gIio+gI+AygB8hkgLEBp9SQaYIzhjR47bnLA5dINN\/25h78BwIVNr9vWeh74aQfcuba+r\/geD6w5nPtxEcs\/S98rPgOMke\/38F9LC\/FzewQc\/N5FLP9QtTNRgBGyMwCus3d73FENAmeWMLheKcDwF8BdW+PLeIkxAg74dRGDyuxqNEC+G\/Cnjd0bt1ODgAP2LWLwvaoBiuERhiuAe7HGd\/ISIwQ8cOxSDJ6WtiM2wGyBEbKXALwgLcjPuydQN\/xip7UFmDbBy4B7vvtb5A7OR2A74W9bgIkE2SsAnmME9ghsN\/y5BCiGxhi+6uGetYegvzuaJ\/y5BZhIkL3mgWf6i9zOnc8bvkoASmBDAE34agEmEuSve3jxdcMGrrR2oQ2\/EQGKRdaRveGAo2nhtX03TYTfmAATCfJjDv4p29jS2F1T4TcqwLQJ3nTAk2lgtnkXTYbfuADTc4K3ACzbxBf3rpoOP4gAEwmGQ8AN4sZta\/chwg8mwLQJMgBHbGGMczehwg8qACVoRraQ4QcXYPrHQQ64J5rB0a9VQoffigDTJjgO4HC\/4tPdbRvhtybARIL8bcA\/rsPSj+m2wm9VgGkTvAPgUD9inO8u2wy\/dQGmTfAu4B+bD0\/aU22H34kAlGBribsIvzMBii8eIzvhgUfT\/j1d7+66Cr9TASYS5O95+EfqYUrzqi7D71yAaRO874GH04y3+q66Dt+EAMUm1pGtOuChPklgIXwzAnh4N\/pfAvdgHySwEr4ZAYqN9EUCS+GbEmBTgvwDBzyQYhNYC9+cADMJxsg+BNzBlCSwGL5JATYlyD8CcH8KElgN36wAmxIc\/xjwB2KWwHL4pgVIQQLr4ZsXoPTHwScA7oupCWIIPwoBSk3wKeDvjUGCWMKPRoBSE3wG4B7LEsQUflQClCT4HMDdFiWILfzoBJhIsLJjjIWiCUxJEGP4UQpQkqBogrssNEGs4UcrQEmCkwDu7FKCmMOPWoCZBBvY9YWHu6MLCWIPP3oBNiVY+NIDt7cpQQrhJyFAFxKkEn4yAswkGGHXVw5uf8gmSCn8pATYlGDhlANuCyFBauEnJ8BEgtM7R\/jjlIPf16QEKYafpAAhJEg1\/GQFmEkwxu\/FTzrZq2mClMNPWoCSBN8AuHUeCVIPP3kBShJ8C+CW7UjQh\/B7IcA8EvQl\/N4IUJLgOwB7qpqgT+H3SoDpOcEFYywUEuzeSoK+hd87AUoSFD9I6eayBH0Mv5cCzCTYwMUHPHzxD1LHgF9dwnIvfzLafxQVF65MX1e2AAAAAElFTkSuQmCC\" alt=\"\"><\/span>&nbsp;<br>\n        <\/a>\n        <img decoding=\"async\" class=\"u-image u-image-default u-image-1\" src=\"https:\/\/www.rosacom.cz\/wp-content\/uploads\/2023\/08\/vyr_436EET-48-1024x617-1.jpg\" alt=\"\" data-image-width=\"1024\" data-image-height=\"617\">\n      <\/div>\n    <\/section>\n    <section class=\"u-clearfix u-section-4\" id=\"sec-b190\">\n      <div class=\"u-clearfix u-sheet u-valign-middle u-sheet-1\">\n        <div class=\"u-form u-form-1\">\n          <form action=\"https:\/\/forms.nicepagesrv.com\/v2\/form\/process\" class=\"u-clearfix u-form-spacing-10 u-form-vertical u-inner-form\" source=\"email\" name=\"form\" style=\"padding: 10px;\">\n            <div class=\"u-form-group u-form-name u-form-partition-factor-2 u-form-group-1\">\n              <label for=\"name-8739\" class=\"u-label u-label-1\">K\u0159estn\u00ed jm\u00e9no<\/label>\n              <input type=\"text\" placeholder=\"Zadejte sv\u00e9 k\u0159estn\u00ed jm\u00e9no\" id=\"name-8739\" name=\"name\" class=\"u-border-palette-1-base u-input u-input-rectangle u-input-1\" required=\"\">\n            <\/div>\n            <div class=\"u-form-group u-form-name u-form-partition-factor-2 u-form-group-2\">\n              <label for=\"name-8739\" class=\"u-label u-label-2\">P\u0159\u00edjmen\u00ed<\/label>\n              <input type=\"text\" id=\"name-8739\" name=\"name-1\" class=\"u-border-palette-1-base u-input u-input-rectangle u-input-2\" required=\"\" placeholder=\"Zadejte sv\u00e9 p\u0159\u00edjmen\u00ed\">\n            <\/div>\n            <div class=\"u-form-email u-form-group\">\n              <label for=\"email-8958\" class=\"u-label u-label-3\">Email<\/label>\n              <input type=\"email\" placeholder=\"Zadejte aktivn\u00ed Email adresu\" id=\"email-8958\" name=\"email\" class=\"u-border-palette-1-base u-input u-input-rectangle u-input-3\" required=\"\">\n            <\/div>\n            <div class=\"u-form-group u-form-phone u-form-group-4\">\n              <label for=\"phone-f5e5\" class=\"u-label u-label-4\">Telefonn\u00ed \u010d\u00edslo<\/label>\n              <input type=\"tel\" pattern=\"\\+?\\d{0,3}[\\s\\(\\-]?([0-9]{2,3})[\\s\\)\\-]?([\\s\\-]?)([0-9]{3})[\\s\\-]?([0-9]{2})[\\s\\-]?([0-9]{2})\" placeholder=\"Zadejte sv\u00e9 telefonn\u00ed \u010d\u00edslo +420\" id=\"phone-f5e5\" name=\"phone\" class=\"u-border-palette-1-base u-input u-input-rectangle u-input-4\" required=\"\">\n            <\/div>\n            <div class=\"u-form-checkbox u-form-group u-form-partition-factor-2 u-form-group-5\">\n              <input type=\"checkbox\" id=\"checkbox-08d3\" name=\"checkbox\" value=\"On\" class=\"u-field-input\">\n              <label for=\"checkbox-08d3\" class=\"u-field-label\">Internet - 250 K\u010d \/ m\u011bs\u00ed\u010dn\u011b<\/label>\n            <\/div>\n            <div class=\"u-form-checkbox u-form-group u-form-partition-factor-2 u-form-group-6\">\n              <input type=\"checkbox\" id=\"checkbox-d197\" name=\"checkbox-1\" value=\"On\" class=\"u-field-input\">\n              <label for=\"checkbox-d197\" class=\"u-field-label\">Internet + televize - 369 K\u010d \/ m\u011bs\u00ed\u010dn\u011b<\/label>\n            <\/div>\n            <div class=\"u-form-group u-form-message u-form-group-7\">\n              <label for=\"message-924d\" class=\"u-label u-label-5\"> Adresa m\u00edsta p\u0159ipojen\u00ed<\/label>\n              <textarea rows=\"4\" cols=\"50\" id=\"message-924d\" name=\"adress\" class=\"u-border-palette-1-base u-input u-input-rectangle u-input-5\" required=\"\"><\/textarea>\n            <\/div>\n            <div class=\"u-align-left u-form-group u-form-submit\">\n              <a href=\"#\" class=\"u-active-palette-3-base u-border-none u-btn u-btn-submit u-button-style u-hover-palette-2-base u-palette-1-base u-text-active-palette-2-base u-text-hover-black u-btn-1\">Odeslat<\/a>\n              <input type=\"submit\" value=\"submit\" class=\"u-form-control-hidden\">\n            <\/div>\n            <div class=\"u-form-send-message u-form-send-success\"> Thank you! Your message has been sent. <\/div>\n            <div class=\"u-form-send-error u-form-send-message\"> Unable to send your message. Please fix errors then try again. <\/div>\n            <input type=\"hidden\" value=\"\" name=\"recaptchaResponse\">\n            <input type=\"hidden\" name=\"formServices\" value=\"3b95ace9-0aec-7574-7c8f-94758a942579\">\n          <\/form>\n        <\/div>\n      <\/div>\n    <\/section>\n    \n    \n    \n  \n<\/div>","protected":false},"excerpt":{"rendered":"<p>EET- P\u0159ipojen\u00ed k internetu Ke spr\u00e1vn\u00e9mu a bezprobl\u00e9mov\u00e9mu odes\u00edl\u00e1n\u00ed EET \u00fadaj\u016f je zapot\u0159eb\u00ed kvalitn\u00ed a stabiln\u00ed internetov\u00e9 p\u0159ipojen\u00ed.&nbsp;I s t\u00edmto V\u00e1m m\u016f\u017eeme pomoci a nab\u00edz\u00edme na\u0161e&nbsp;Starnet&nbsp;plnohodnotn\u00e9 p\u0159ipojen\u00ed za 250 K\u010d \/ m\u011bs\u00ed\u010dn\u011b. To znamen\u00e1, nejen \u017ee budete plnit povinnost v\u016f\u010di finan\u010dn\u00ed spr\u00e1v\u011b, ale z\u00e1rove\u0148 m\u016f\u017eete sv\u00fdm z\u00e1kazn\u00edk\u016fm nab\u00eddnout nap\u0159\u00edklad Free Wifi Z\u00f3nu v r\u00e1mci sv\u00e9 [&hellip;]<\/p>\n","protected":false},"author":8,"featured_media":0,"parent":0,"menu_order":0,"comment_status":"closed","ping_status":"closed","template":"","meta":{"footnotes":""},"class_list":["post-735","page","type-page","status-publish","hentry"],"_links":{"self":[{"href":"https:\/\/www.rosacom.cz\/homepage\/wp-json\/wp\/v2\/pages\/735","targetHints":{"allow":["GET"]}}],"collection":[{"href":"https:\/\/www.rosacom.cz\/homepage\/wp-json\/wp\/v2\/pages"}],"about":[{"href":"https:\/\/www.rosacom.cz\/homepage\/wp-json\/wp\/v2\/types\/page"}],"author":[{"embeddable":true,"href":"https:\/\/www.rosacom.cz\/homepage\/wp-json\/wp\/v2\/users\/8"}],"replies":[{"embeddable":true,"href":"https:\/\/www.rosacom.cz\/homepage\/wp-json\/wp\/v2\/comments?post=735"}],"version-history":[{"count":5,"href":"https:\/\/www.rosacom.cz\/homepage\/wp-json\/wp\/v2\/pages\/735\/revisions"}],"predecessor-version":[{"id":743,"href":"https:\/\/www.rosacom.cz\/homepage\/wp-json\/wp\/v2\/pages\/735\/revisions\/743"}],"wp:attachment":[{"href":"https:\/\/www.rosacom.cz\/homepage\/wp-json\/wp\/v2\/media?parent=735"}],"curies":[{"name":"wp","href":"https:\/\/api.w.org\/{rel}","templated":true}]}}