{"id":745,"date":"2023-08-07T09:03:59","date_gmt":"2023-08-07T07:03:59","guid":{"rendered":"https:\/\/rosacom.rcsoft.cz\/?page_id=745"},"modified":"2023-08-08T13:51:03","modified_gmt":"2023-08-08T11:51:03","slug":"servisni-smlouva-eet","status":"publish","type":"page","link":"https:\/\/www.rosacom.cz\/homepage\/servisni-smlouva-eet\/","title":{"rendered":"Servisn\u00ed smlouva EET"},"content":{"rendered":"<div class=\"\" style=\"\" >\n    \n    <section class=\"u-clearfix u-section-2\" id=\"sec-2f28\">\n      <div class=\"u-clearfix u-sheet u-sheet-1\">\n        <div class=\"u-shape u-shape-svg u-text-palette-1-base u-shape-1\">\n          <svg class=\"u-svg-link\" preserveAspectRatio=\"none\" viewBox=\"0 0 160 160\" style=\"\"><use xlink:href=\"#svg-d490\"><\/use><\/svg>\n          <svg class=\"u-svg-content\" viewBox=\"0 0 160 160\" x=\"0px\" y=\"0px\" id=\"svg-d490\" style=\"enable-background:new 0 0 160 160;\"><path d=\"M158.1,106.7L111.7,80l46.4-26.7c0.8-0.5,1.4-1.2,1.6-2.1c0.2-0.9,0.1-1.8-0.4-2.5l-13.7-21c-1-1.6-3.2-2.1-4.9-1.1\n\tL96.5,52.1V3.3C96.5,1.5,94.9,0,93,0H66.9c-2,0-3.5,1.5-3.5,3.3v48.8L19.1,26.7c-1.7-1-3.8-0.5-4.9,1.1l-13.7,21\n\tc-0.5,0.8-0.6,1.7-0.4,2.5c0.2,0.9,0.8,1.6,1.6,2.1L48.2,80L1.8,106.7c-0.8,0.5-1.4,1.2-1.6,2.1c-0.2,0.9-0.1,1.8,0.4,2.5l13.7,21\n\tc1,1.6,3.2,2.1,4.9,1.1l44.3-25.5v48.8c0,1.8,1.6,3.3,3.5,3.3h26.2c2,0,3.5-1.5,3.5-3.3v-48.8l44.3,25.5c1.7,1,3.8,0.5,4.9-1.1\n\tl13.7-21c0.5-0.8,0.6-1.7,0.4-2.5C159.5,107.9,158.9,107.2,158.1,106.7z\"><\/path><\/svg>\n        <\/div>\n        <h1 class=\"u-text u-text-default u-text-1\"> Servisn\u00ed smlouva EET<\/h1>\n        <img decoding=\"async\" class=\"u-image u-image-default u-image-1\" src=\"https:\/\/www.rosacom.cz\/wp-content\/uploads\/2023\/08\/eet-4818534_640.jpg\" alt=\"\" data-image-width=\"640\" data-image-height=\"426\">\n        <h5 class=\"u-text u-text-2\"> Podnik\u00e1te a chcete se v\u011bnovat z\u00e1kazn\u00edk\u016fm, ne\u017e \u0159e\u0161it starosti ohledn\u011b kasy, nastaven\u00ed, registrace \u010di aktualizov\u00e1n\u00ed?<\/h5>\n        <p class=\"u-text u-text-default u-text-3\"> P\u0159esn\u011b proto jsme tu my!<\/p>\n      <\/div>\n    <\/section>\n    <section class=\"u-clearfix u-section-3\" id=\"sec-908d\">\n      <div class=\"u-clearfix u-sheet u-sheet-1\">\n        <p class=\"u-text u-text-1\"> Pom\u016f\u017eeme v\u00e1m zajistit plynul\u00fd provoz va\u0161\u00ed provozovny v p\u0159\u00edpad\u011b poruchy pokladn\u00edho za\u0159\u00edzen\u00ed. <br>Na\u0161e spole\u010dnost v\u00e1m rychle zajist\u00ed n\u00e1hradn\u00ed pokladnu, tak\u017ee nebudete muset do\u010dasn\u011b zav\u0159\u00edt svou prodejnu v p\u0159\u00edpad\u011b poruchy pokladny nebo pokladn\u00edho syst\u00e9mu.&nbsp;\n        <\/p>\n        <ul class=\"u-text u-text-2\">\n          <li> Vyu\u017eijte na\u0161i technickou podporu pro bezprobl\u00e9mov\u00fd chod va\u0161eho podniku.<\/li>\n          <li> Nahl\u00e1\u0161en\u00ed poruchy&nbsp;<b>nonstop 7\/24<\/b>\n          <\/li>\n          <li> Reak\u010dn\u00ed doba do&nbsp;<b>4 hodin<\/b>&nbsp;(v pracovn\u00ed dny od 8 do 17 hodin)\n          <\/li>\n          <li>Zap\u016fj\u010den\u00ed n\u00e1hradn\u00edho pokladn\u00edho za\u0159\u00edzen\u00ed:&nbsp;<b>ZDARMA<\/b>\n            <br>\n          <\/li>\n        <\/ul>\n        <img decoding=\"async\" class=\"u-image u-image-default u-image-1\" src=\"https:\/\/www.rosacom.cz\/wp-content\/uploads\/2023\/08\/mann-hinter-pc-help-300x150-1.jpg\" alt=\"\" data-image-width=\"300\" data-image-height=\"150\">\n        <p class=\"u-text u-text-3\">\n          <span style=\"font-weight: 700;\"> D\u00e1le nab\u00edz\u00edme i pomoc v r\u00e1mci udr\u017eov\u00e1n\u00ed pokladn\u00edho&nbsp;<br>syst\u00e9mu.\n          <\/span>\n          <br>Prov\u00e1d\u011bn\u00ed aktualizac\u00ed, poradenstv\u00ed \u010di rovnou nastaven\u00ed a nahr\u00e1n\u00ed i obnovov\u00e1n\u00ed certifik\u00e1t\u016f.&nbsp;\n        <\/p>\n      <\/div>\n    <\/section>\n    <section class=\"u-clearfix u-section-4\" id=\"sec-d2c9\">\n      <div class=\"u-clearfix u-sheet u-sheet-1\">\n        <p class=\"u-text u-text-default u-text-1\"> Chcete poradit? dorazila vlna EET i k V\u00e1m? a nebo m\u00e1te technick\u00fd probl\u00e9m?<\/p>\n        <div class=\"u-form u-form-1\">\n          <form action=\"https:\/\/forms.nicepagesrv.com\/v2\/form\/process\" class=\"u-clearfix u-form-spacing-10 u-form-vertical u-inner-form\" source=\"email\" name=\"form\" style=\"padding: 10px;\">\n            <div class=\"u-form-group u-form-name u-form-partition-factor-2 u-form-group-1\">\n              <label for=\"name-899e\" class=\"u-label u-label-1\">K\u0159estn\u00ed jm\u00e9no<\/label>\n              <input type=\"text\" placeholder=\"K\u0159estn\u00ed jm\u00e9no\" id=\"name-899e\" name=\"name\" class=\"u-input u-input-rectangle\" required=\"\">\n            <\/div>\n            <div class=\"u-form-group u-form-name u-form-partition-factor-2 u-form-group-2\">\n              <label for=\"name-899e\" class=\"u-label u-label-2\">P\u0159\u00edjmen\u00ed<\/label>\n              <input type=\"text\" placeholder=\"P\u0159\u00edjmen\u00ed\" id=\"name-899e\" name=\"name-1\" class=\"u-input u-input-rectangle\" required=\"\">\n            <\/div>\n            <div class=\"u-form-group u-form-phone u-form-group-3\">\n              <label for=\"phone-9d7b\" class=\"u-label u-label-3\">Telefonn\u00ed \u010d\u00edslo<\/label>\n              <input type=\"tel\" pattern=\"\\+?\\d{0,3}[\\s\\(\\-]?([0-9]{2,3})[\\s\\)\\-]?([\\s\\-]?)([0-9]{3})[\\s\\-]?([0-9]{2})[\\s\\-]?([0-9]{2})\" placeholder=\"va\u0161e telefonn\u00ed \u010d\u00edslo (+420)\" id=\"phone-9d7b\" name=\"phone\" class=\"u-input u-input-rectangle\" required=\"\">\n            <\/div>\n            <div class=\"u-form-email u-form-group\">\n              <label for=\"email-143e\" class=\"u-label u-label-4\">Email<\/label>\n              <input type=\"email\" placeholder=\"Zadejte validn\u00ed Email adresu\" id=\"email-143e\" name=\"email\" class=\"u-input u-input-rectangle\" required=\"\">\n            <\/div>\n            <div class=\"u-form-group u-form-message\">\n              <label for=\"message-143e\" class=\"u-label u-label-5\">Vypl\u0148te, jak v\u00e1m m\u016f\u017eeme pomoci?<\/label>\n              <textarea placeholder=\"0-500 Max. znak\u016f\" rows=\"4\" cols=\"50\" id=\"message-143e\" name=\"message\" class=\"u-input u-input-rectangle\" required=\"\"><\/textarea>\n            <\/div>\n            <div class=\"u-align-left u-form-group u-form-submit\">\n              <a href=\"#\" class=\"u-active-palette-3-base u-border-none u-btn u-btn-submit u-button-style u-hover-palette-2-base u-palette-1-base u-text-active-palette-2-base u-text-hover-black u-btn-1\">Odeslat<\/a>\n              <input type=\"submit\" value=\"submit\" class=\"u-form-control-hidden\">\n            <\/div>\n            <div class=\"u-form-send-message u-form-send-success\"> Thank you! Your message has been sent. <\/div>\n            <div class=\"u-form-send-error u-form-send-message\"> Unable to send your message. Please fix errors then try again. <\/div>\n            <input type=\"hidden\" value=\"\" name=\"recaptchaResponse\">\n            <input type=\"hidden\" name=\"formServices\" value=\"3b95ace9-0aec-7574-7c8f-94758a942579\">\n          <\/form>\n        <\/div>\n      <\/div>\n    <\/section>\n    \n    \n    \n  \n<\/div>","protected":false},"excerpt":{"rendered":"<p>Servisn\u00ed smlouva EET Podnik\u00e1te a chcete se v\u011bnovat z\u00e1kazn\u00edk\u016fm, ne\u017e \u0159e\u0161it starosti ohledn\u011b kasy, nastaven\u00ed, registrace \u010di aktualizov\u00e1n\u00ed? P\u0159esn\u011b proto jsme tu my! Pom\u016f\u017eeme v\u00e1m zajistit plynul\u00fd provoz va\u0161\u00ed provozovny v p\u0159\u00edpad\u011b poruchy pokladn\u00edho za\u0159\u00edzen\u00ed. Na\u0161e spole\u010dnost v\u00e1m rychle zajist\u00ed n\u00e1hradn\u00ed pokladnu, tak\u017ee nebudete muset do\u010dasn\u011b zav\u0159\u00edt svou prodejnu v p\u0159\u00edpad\u011b poruchy pokladny nebo pokladn\u00edho [&hellip;]<\/p>\n","protected":false},"author":8,"featured_media":0,"parent":0,"menu_order":0,"comment_status":"closed","ping_status":"closed","template":"","meta":{"footnotes":""},"class_list":["post-745","page","type-page","status-publish","hentry"],"_links":{"self":[{"href":"https:\/\/www.rosacom.cz\/homepage\/wp-json\/wp\/v2\/pages\/745","targetHints":{"allow":["GET"]}}],"collection":[{"href":"https:\/\/www.rosacom.cz\/homepage\/wp-json\/wp\/v2\/pages"}],"about":[{"href":"https:\/\/www.rosacom.cz\/homepage\/wp-json\/wp\/v2\/types\/page"}],"author":[{"embeddable":true,"href":"https:\/\/www.rosacom.cz\/homepage\/wp-json\/wp\/v2\/users\/8"}],"replies":[{"embeddable":true,"href":"https:\/\/www.rosacom.cz\/homepage\/wp-json\/wp\/v2\/comments?post=745"}],"version-history":[{"count":4,"href":"https:\/\/www.rosacom.cz\/homepage\/wp-json\/wp\/v2\/pages\/745\/revisions"}],"predecessor-version":[{"id":851,"href":"https:\/\/www.rosacom.cz\/homepage\/wp-json\/wp\/v2\/pages\/745\/revisions\/851"}],"wp:attachment":[{"href":"https:\/\/www.rosacom.cz\/homepage\/wp-json\/wp\/v2\/media?parent=745"}],"curies":[{"name":"wp","href":"https:\/\/api.w.org\/{rel}","templated":true}]}}