{"id":751,"date":"2023-08-07T09:17:46","date_gmt":"2023-08-07T07:17:46","guid":{"rendered":"https:\/\/rosacom.rcsoft.cz\/?page_id=751"},"modified":"2023-08-08T13:52:31","modified_gmt":"2023-08-08T11:52:31","slug":"priklady-pouziti-kameroveho-systemu","status":"publish","type":"page","link":"https:\/\/www.rosacom.cz\/homepage\/priklady-pouziti-kameroveho-systemu\/","title":{"rendered":"P\u0159\u00edklady pou\u017eit\u00ed kamerov\u00e9ho syst\u00e9mu"},"content":{"rendered":"<div class=\"\" style=\"\" >\n    \n    <section class=\"u-clearfix u-section-2\" id=\"sec-6046\">\n      <div class=\"u-clearfix u-sheet u-sheet-1\">\n        <div class=\"u-shape u-shape-svg u-text-palette-1-base u-shape-1\">\n          <svg class=\"u-svg-link\" preserveAspectRatio=\"none\" viewBox=\"0 0 160 160\" style=\"\"><use xlink:href=\"#svg-10e7\"><\/use><\/svg>\n          <svg class=\"u-svg-content\" viewBox=\"0 0 160 160\" x=\"0px\" y=\"0px\" id=\"svg-10e7\" style=\"enable-background:new 0 0 160 160;\"><path d=\"M158.1,106.7L111.7,80l46.4-26.7c0.8-0.5,1.4-1.2,1.6-2.1c0.2-0.9,0.1-1.8-0.4-2.5l-13.7-21c-1-1.6-3.2-2.1-4.9-1.1\n\tL96.5,52.1V3.3C96.5,1.5,94.9,0,93,0H66.9c-2,0-3.5,1.5-3.5,3.3v48.8L19.1,26.7c-1.7-1-3.8-0.5-4.9,1.1l-13.7,21\n\tc-0.5,0.8-0.6,1.7-0.4,2.5c0.2,0.9,0.8,1.6,1.6,2.1L48.2,80L1.8,106.7c-0.8,0.5-1.4,1.2-1.6,2.1c-0.2,0.9-0.1,1.8,0.4,2.5l13.7,21\n\tc1,1.6,3.2,2.1,4.9,1.1l44.3-25.5v48.8c0,1.8,1.6,3.3,3.5,3.3h26.2c2,0,3.5-1.5,3.5-3.3v-48.8l44.3,25.5c1.7,1,3.8,0.5,4.9-1.1\n\tl13.7-21c0.5-0.8,0.6-1.7,0.4-2.5C159.5,107.9,158.9,107.2,158.1,106.7z\"><\/path><\/svg>\n        <\/div>\n        <h2 class=\"u-text u-text-default u-text-1\"> P\u0159\u00edklady pou\u017eit\u00ed kamerov\u00e9ho syst\u00e9mu<\/h2>\n        <div class=\"u-video u-video-contain u-video-1\">\n          <div class=\"embed-responsive embed-responsive-1\">\n            <iframe style=\"position: absolute;top: 0;left: 0;width: 100%;height: 100%;\" class=\"embed-responsive-item\" src=\"https:\/\/www.youtube.com\/embed\/L5LszoFiqCU?mute=0&amp;showinfo=0&amp;controls=0&amp;start=0\" frameborder=\"0\" allowfullscreen=\"\"><\/iframe>\n          <\/div>\n        <\/div>\n      <\/div>\n    <\/section>\n    <section class=\"u-clearfix u-section-3\" id=\"sec-0467\">\n      <div class=\"u-clearfix u-sheet u-sheet-1\">\n        <ul class=\"u-text u-text-1\">\n          <li> sledov\u00e1n\u00ed vn\u011bj\u0161\u00edch prostor, n\u00e1dvo\u0159\u00ed, p\u0159\u00edjezdov\u00fdch cest, parkovi\u0161\u0165, atd.<\/li>\n          <li> sledov\u00e1n\u00ed vnit\u0159n\u00edch prostor, chodeb, \u010dek\u00e1ren a obecn\u011b tam, kde je zv\u00fd\u0161en\u00fd pohyb ciz\u00edch lid\u00ed<\/li>\n          <li> sledov\u00e1n\u00ed p\u0159edzahr\u00e1dek u rodinn\u00fdch dom\u016f, p\u0159\u00edstupov\u00fdch cest, zahrad<\/li>\n          <li>Kamery v&nbsp;proveden\u00ed anti-vandal zabr\u00e1n\u00ed ni\u010den\u00ed spole\u010dn\u00fdch prostor v panelov\u00fdch domech<\/li>\n          <li>Lze je vyu\u017e\u00edt k&nbsp;hl\u00edd\u00e1n\u00ed parkovi\u0161\u0165, fas\u00e1d dom\u016f, vstupn\u00edch dve\u0159\u00ed, spole\u010dn\u00fdch prostor, chodeb<\/li>\n          <li>sledov\u00e1n\u00ed spole\u010dn\u00fdch prostor v&nbsp;hotelech, penzionech, ubytovn\u00e1ch<br>\n          <\/li>\n          <li>sledov\u00e1n\u00ed prodejn\u00edch ploch v&nbsp;prodejn\u00e1ch a marketech<br>\n          <\/li>\n        <\/ul>\n        <img decoding=\"async\" class=\"u-image u-image-default u-image-1\" src=\"https:\/\/www.rosacom.cz\/wp-content\/uploads\/2023\/08\/Hikvision_Eagle-Eye.jpg\" alt=\"\" data-image-width=\"500\" data-image-height=\"300\">\n      <\/div>\n    <\/section>\n    \n    \n    \n  \n<\/div>","protected":false},"excerpt":{"rendered":"<p>P\u0159\u00edklady pou\u017eit\u00ed kamerov\u00e9ho syst\u00e9mu sledov\u00e1n\u00ed vn\u011bj\u0161\u00edch prostor, n\u00e1dvo\u0159\u00ed, p\u0159\u00edjezdov\u00fdch cest, parkovi\u0161\u0165, atd. sledov\u00e1n\u00ed vnit\u0159n\u00edch prostor, chodeb, \u010dek\u00e1ren a obecn\u011b tam, kde je zv\u00fd\u0161en\u00fd pohyb ciz\u00edch lid\u00ed sledov\u00e1n\u00ed p\u0159edzahr\u00e1dek u rodinn\u00fdch dom\u016f, p\u0159\u00edstupov\u00fdch cest, zahrad Kamery v&nbsp;proveden\u00ed anti-vandal zabr\u00e1n\u00ed ni\u010den\u00ed spole\u010dn\u00fdch prostor v panelov\u00fdch domech Lze je vyu\u017e\u00edt k&nbsp;hl\u00edd\u00e1n\u00ed parkovi\u0161\u0165, fas\u00e1d dom\u016f, vstupn\u00edch dve\u0159\u00ed, spole\u010dn\u00fdch prostor, [&hellip;]<\/p>\n","protected":false},"author":8,"featured_media":0,"parent":0,"menu_order":0,"comment_status":"closed","ping_status":"closed","template":"","meta":{"footnotes":""},"class_list":["post-751","page","type-page","status-publish","hentry"],"_links":{"self":[{"href":"https:\/\/www.rosacom.cz\/homepage\/wp-json\/wp\/v2\/pages\/751","targetHints":{"allow":["GET"]}}],"collection":[{"href":"https:\/\/www.rosacom.cz\/homepage\/wp-json\/wp\/v2\/pages"}],"about":[{"href":"https:\/\/www.rosacom.cz\/homepage\/wp-json\/wp\/v2\/types\/page"}],"author":[{"embeddable":true,"href":"https:\/\/www.rosacom.cz\/homepage\/wp-json\/wp\/v2\/users\/8"}],"replies":[{"embeddable":true,"href":"https:\/\/www.rosacom.cz\/homepage\/wp-json\/wp\/v2\/comments?post=751"}],"version-history":[{"count":4,"href":"https:\/\/www.rosacom.cz\/homepage\/wp-json\/wp\/v2\/pages\/751\/revisions"}],"predecessor-version":[{"id":852,"href":"https:\/\/www.rosacom.cz\/homepage\/wp-json\/wp\/v2\/pages\/751\/revisions\/852"}],"wp:attachment":[{"href":"https:\/\/www.rosacom.cz\/homepage\/wp-json\/wp\/v2\/media?parent=751"}],"curies":[{"name":"wp","href":"https:\/\/api.w.org\/{rel}","templated":true}]}}