{"id":800,"date":"2023-08-08T10:05:25","date_gmt":"2023-08-08T08:05:25","guid":{"rendered":"https:\/\/rosacom.rcsoft.cz\/?page_id=800"},"modified":"2023-08-08T14:04:11","modified_gmt":"2023-08-08T12:04:11","slug":"internet","status":"publish","type":"page","link":"https:\/\/www.rosacom.cz\/homepage\/internet\/","title":{"rendered":"internet"},"content":{"rendered":"<div class=\"\" style=\"\" >\n    \n    <section class=\"u-clearfix u-section-2\" id=\"sec-2210\">\n      <div class=\"u-clearfix u-sheet u-valign-top u-sheet-1\">\n        <div class=\"u-shape u-shape-svg u-text-palette-1-base u-shape-1\">\n          <svg class=\"u-svg-link\" preserveAspectRatio=\"none\" viewBox=\"0 0 160 160\" style=\"\"><use xlink:href=\"#svg-17c8\"><\/use><\/svg>\n          <svg class=\"u-svg-content\" viewBox=\"0 0 160 160\" x=\"0px\" y=\"0px\" id=\"svg-17c8\" style=\"enable-background:new 0 0 160 160;\"><path d=\"M158.1,106.7L111.7,80l46.4-26.7c0.8-0.5,1.4-1.2,1.6-2.1c0.2-0.9,0.1-1.8-0.4-2.5l-13.7-21c-1-1.6-3.2-2.1-4.9-1.1\n\tL96.5,52.1V3.3C96.5,1.5,94.9,0,93,0H66.9c-2,0-3.5,1.5-3.5,3.3v48.8L19.1,26.7c-1.7-1-3.8-0.5-4.9,1.1l-13.7,21\n\tc-0.5,0.8-0.6,1.7-0.4,2.5c0.2,0.9,0.8,1.6,1.6,2.1L48.2,80L1.8,106.7c-0.8,0.5-1.4,1.2-1.6,2.1c-0.2,0.9-0.1,1.8,0.4,2.5l13.7,21\n\tc1,1.6,3.2,2.1,4.9,1.1l44.3-25.5v48.8c0,1.8,1.6,3.3,3.5,3.3h26.2c2,0,3.5-1.5,3.5-3.3v-48.8l44.3,25.5c1.7,1,3.8,0.5,4.9-1.1\n\tl13.7-21c0.5-0.8,0.6-1.7,0.4-2.5C159.5,107.9,158.9,107.2,158.1,106.7z\"><\/path><\/svg>\n        <\/div>\n        <h3 class=\"u-text u-text-default u-text-1\"> Internet<\/h3>\n        <p class=\"u-text u-text-2\"> V roce 2003 jsme spustili komer\u010dn\u00ed provoz s\u00edt\u011b RCnet s ideou levn\u00e9ho a dostate\u010dn\u011b rychl\u00e9ho internetov\u00e9 p\u0159ipojen\u00ed pro ka\u017ed\u00e9ho. Nejd\u0159\u00edve v oblasti Hora\u017e\u010fovice a pot\u00e9 i v dal\u0161\u00edch lokalit\u00e1ch.<br>Postupem \u010dasu se s\u00ed\u0165 rozrostla do p\u011bti lokalit v cel\u00e9m Zapado\u010desk\u00e9m kraji s v\u00edce jak 1100 spokojen\u00fdmi z\u00e1kazn\u00edky.<br>V roce 2019 do\u0161lo ke spojen\u00ed s\u00edt\u011b RCnet se siln\u011bj\u0161\u00edm m\u00edstn\u00edm poskytovatelem internetov\u00e9ho p\u0159ipojen\u00ed&nbsp;<a href=\"http:\/\/starnet.cz\/\" class=\"u-btn u-button-style u-text-palette-1-base u-btn-1\">Starnet<\/a>, d\u00edky \u010demu se naplnila p\u016fvodn\u00ed my\u0161lenka levn\u00e9ho a kvalitn\u00edho p\u0159ipojen\u00ed pro ka\u017ed\u00e9ho.<br>\n          <br>V sou\u010dasn\u00e9 dob\u011b tak m\u00e1me mo\u017enost nab\u00edzet stabiln\u00ed internetov\u00e9 p\u0159\u00edpojen\u00ed s minim\u00e1ln\u00ed rychlost\u00ed 50 Mbps za sympatick\u00fdch 250 K\u010d m\u011bs\u00ed\u010dn\u011b.<br>\n        <\/p>\n        <img decoding=\"async\" class=\"u-image u-image-contain u-image-default u-image-1\" src=\"https:\/\/www.rosacom.cz\/wp-content\/uploads\/2023\/08\/mapa.png\" alt=\"\" data-image-width=\"300\" data-image-height=\"173\">\n      <\/div>\n    <\/section>\n    <section class=\"u-clearfix u-section-3\" id=\"sec-475a\">\n      <div class=\"u-clearfix u-sheet u-sheet-1\">\n        <div class=\"u-clearfix u-expanded-width u-layout-wrap u-layout-wrap-1\">\n          <div class=\"u-layout\">\n            <div class=\"u-layout-row\">\n              <div class=\"u-container-style u-layout-cell u-size-20 u-layout-cell-1\">\n                <div class=\"u-container-layout u-valign-middle u-container-layout-1\">\n                  <p class=\"u-align-center u-text u-text-default u-text-1\"> INTERNET<br>pro dom\u00e1cnosti\n                  <\/p>\n                <\/div>\n              <\/div>\n              <div class=\"u-container-style u-layout-cell u-size-20 u-layout-cell-2\">\n                <div class=\"u-container-layout u-valign-middle u-container-layout-2\">\n                  <p class=\"u-text u-text-2\"> Rychlost p\u0159ipojen\u00ed a\u017e&nbsp;50, 100&nbsp;Mbps<br>stabiln\u00ed a rychl\u00fd internet pro ka\u017ed\u00e9ho\n                  <\/p>\n                <\/div>\n              <\/div>\n              <div class=\"u-container-style u-layout-cell u-size-20 u-layout-cell-3\">\n                <div class=\"u-container-layout u-container-layout-3\">\n                  <p class=\"u-align-center u-text u-text-default u-text-3\"> M\u011bs\u00ed\u010dn\u011b<br>(b\u011b\u017en\u00e1 cena 345 K\u010d)<br>za 250 K\u010d\n                  <\/p>\n                <\/div>\n              <\/div>\n            <\/div>\n          <\/div>\n        <\/div>\n        <div class=\"u-clearfix u-expanded-width u-layout-wrap u-layout-wrap-2\">\n          <div class=\"u-layout\">\n            <div class=\"u-layout-row\">\n              <div class=\"u-container-style u-layout-cell u-size-20 u-layout-cell-4\">\n                <div class=\"u-container-layout u-valign-middle u-container-layout-4\">\n                  <p class=\"u-align-center u-text u-text-default u-text-4\"> INTERNET<br>pro dom\u00e1cnosti\n                  <\/p>\n                <\/div>\n              <\/div>\n              <div class=\"u-container-style u-layout-cell u-size-20 u-layout-cell-5\">\n                <div class=\"u-container-layout u-valign-middle u-container-layout-5\">\n                  <p class=\"u-text u-text-5\"> Rychlost p\u0159ipojen\u00ed a\u017e&nbsp;300, 700, 1000&nbsp;Mbps<br>velmi rychl\u00fd internet na optick\u00e9 s\u00edti\n                  <\/p>\n                <\/div>\n              <\/div>\n              <div class=\"u-container-style u-layout-cell u-size-20 u-layout-cell-6\">\n                <div class=\"u-container-layout u-container-layout-6\">\n                  <p class=\"u-align-center u-text u-text-default u-text-6\"> M\u011bs\u00ed\u010dn\u011b<br>(b\u011b\u017en\u00e1 cena od 445 K\u010d)<br>od 250 K\u010d\n                  <\/p>\n                <\/div>\n              <\/div>\n            <\/div>\n          <\/div>\n        <\/div>\n        <div class=\"u-clearfix u-expanded-width u-layout-wrap u-layout-wrap-3\">\n          <div class=\"u-layout\">\n            <div class=\"u-layout-row\">\n              <div class=\"u-container-style u-layout-cell u-size-20 u-layout-cell-7\">\n                <div class=\"u-container-layout u-valign-middle u-container-layout-7\">\n                  <p class=\"u-align-center u-text u-text-default u-text-7\"> INTERNET<br>pro firmy\n                  <\/p>\n                <\/div>\n              <\/div>\n              <div class=\"u-container-style u-layout-cell u-size-20 u-layout-cell-8\">\n                <div class=\"u-container-layout u-valign-middle u-container-layout-8\">\n                  <p class=\"u-text u-text-8\"> Firemn\u00ed p\u0159ipojen\u00ed s rychlost\u00ed a\u017e&nbsp;1000&nbsp;Mbps<br>dle individu\u00e1ln\u00edch po\u017eadavk\u016f, preferenc\u00ed a nastaven\u00ed\n                  <\/p>\n                <\/div>\n              <\/div>\n              <div class=\"u-container-style u-layout-cell u-size-20 u-layout-cell-9\">\n                <div class=\"u-container-layout u-container-layout-9\">\n                  <p class=\"u-align-center u-text u-text-default u-text-9\"> M\u011bs\u00ed\u010dn\u011b<br>individu\u00e1ln\u011b\n                  <\/p>\n                <\/div>\n              <\/div>\n            <\/div>\n          <\/div>\n        <\/div>\n        <p class=\"u-align-center u-text u-text-default u-text-10\"> Zaujala v\u00e1s na\u0161e nab\u00eddka? R\u00e1di byste v\u011bd\u011bli v\u00edc a nebo z\u0159\u00eddili internetov\u00e9 p\u0159\u00edpojen\u00ed?<\/p>\n        <div class=\"u-form u-form-1\">\n          <form action=\"https:\/\/forms.nicepagesrv.com\/v2\/form\/process\" class=\"u-clearfix u-form-spacing-10 u-form-vertical u-inner-form\" source=\"email\" name=\"form-1\" style=\"padding: 10px;\">\n            <div class=\"u-form-group u-form-name u-form-partition-factor-2 u-form-group-1\">\n              <label for=\"name-a227\" class=\"u-label u-label-1\">K\u0159estn\u00ed jm\u00e9no<\/label>\n              <input type=\"text\" placeholder=\"Enter your First Name\" id=\"name-a227\" name=\"name\" class=\"u-input u-input-rectangle\" required=\"\">\n            <\/div>\n            <div class=\"u-form-group u-form-name u-form-partition-factor-2 u-form-group-2\">\n              <label for=\"name-a227\" class=\"u-label u-label-2\">P\u0159\u00edjmen\u00ed<\/label>\n              <input type=\"text\" placeholder=\"Enter your Last Name\" id=\"name-a227\" name=\"name-1\" class=\"u-input u-input-rectangle\" required=\"\">\n            <\/div>\n            <div class=\"u-form-email u-form-group\">\n              <label for=\"email-6197\" class=\"u-label u-label-3\">Email<\/label>\n              <input type=\"email\" id=\"email-6197\" name=\"email\" class=\"u-input u-input-rectangle\" required=\"\">\n            <\/div>\n            <div class=\"u-form-group u-form-phone u-form-group-4\">\n              <label for=\"phone-8a34\" class=\"u-label u-label-4\">Telefonn\u00ed \u010d\u00edslo<\/label>\n              <input type=\"tel\" pattern=\"\\+?\\d{0,3}[\\s\\(\\-]?([0-9]{2,3})[\\s\\)\\-]?([\\s\\-]?)([0-9]{3})[\\s\\-]?([0-9]{2})[\\s\\-]?([0-9]{2})\" id=\"phone-8a34\" name=\"phone\" class=\"u-input u-input-rectangle\" required=\"\" placeholder=\"_+420\">\n            <\/div>\n            <div class=\"u-form-group u-form-message\">\n              <label for=\"message-6197\" class=\"u-label u-label-5\">Adresa m\u00edsta p\u0159ipojen\u00ed<\/label>\n              <textarea rows=\"4\" cols=\"50\" id=\"message-6197\" name=\"message\" class=\"u-input u-input-rectangle\" required=\"\"><\/textarea>\n            <\/div>\n            <div class=\"u-form-checkbox u-form-group u-form-partition-factor-2 u-form-group-6\">\n              <input type=\"checkbox\" id=\"checkbox-0b1e\" name=\"checkbox-1\" value=\"On\" class=\"u-field-input\">\n              <label for=\"checkbox-0b1e\" class=\"u-field-label\"> Internet - 250 K\u010d \/ m\u011bs\u00ed\u010dn\u011b<\/label>\n            <\/div>\n            <div class=\"u-form-checkbox u-form-group u-form-partition-factor-2 u-form-group-7\">\n              <input type=\"checkbox\" id=\"checkbox-442d\" name=\"checkbox\" value=\"On\" class=\"u-field-input\">\n              <label for=\"checkbox-442d\" class=\"u-field-label\"> Internet + televize - 369 K\u010d \/ m\u011bs\u00ed\u010dn\u011b<\/label>\n            <\/div>\n            <div class=\"u-align-left u-form-group u-form-submit\">\n              <a href=\"#\" class=\"u-active-palette-3-base u-border-none u-btn u-btn-submit u-button-style u-hover-palette-2-base u-palette-1-base u-text-active-palette-2-base u-text-hover-black u-btn-1\">Odeslat<br>\n              <\/a>\n              <input type=\"submit\" value=\"submit\" class=\"u-form-control-hidden\">\n            <\/div>\n            <div class=\"u-form-send-message u-form-send-success\"> Thank you! Your message has been sent. <\/div>\n            <div class=\"u-form-send-error u-form-send-message\"> Unable to send your message. Please fix errors then try again. <\/div>\n            <input type=\"hidden\" value=\"\" name=\"recaptchaResponse\">\n            <input type=\"hidden\" name=\"formServices\" value=\"3b95ace9-0aec-7574-7c8f-94758a942579\">\n          <\/form>\n        <\/div>\n      <\/div>\n    <\/section>\n    \n    \n    \n  \n<\/div>","protected":false},"excerpt":{"rendered":"<p>Internet V roce 2003 jsme spustili komer\u010dn\u00ed provoz s\u00edt\u011b RCnet s ideou levn\u00e9ho a dostate\u010dn\u011b rychl\u00e9ho internetov\u00e9 p\u0159ipojen\u00ed pro ka\u017ed\u00e9ho. Nejd\u0159\u00edve v oblasti Hora\u017e\u010fovice a pot\u00e9 i v dal\u0161\u00edch lokalit\u00e1ch.Postupem \u010dasu se s\u00ed\u0165 rozrostla do p\u011bti lokalit v cel\u00e9m Zapado\u010desk\u00e9m kraji s v\u00edce jak 1100 spokojen\u00fdmi z\u00e1kazn\u00edky.V roce 2019 do\u0161lo ke spojen\u00ed s\u00edt\u011b RCnet se [&hellip;]<\/p>\n","protected":false},"author":8,"featured_media":0,"parent":0,"menu_order":0,"comment_status":"closed","ping_status":"closed","template":"","meta":{"footnotes":""},"class_list":["post-800","page","type-page","status-publish","hentry"],"_links":{"self":[{"href":"https:\/\/www.rosacom.cz\/homepage\/wp-json\/wp\/v2\/pages\/800","targetHints":{"allow":["GET"]}}],"collection":[{"href":"https:\/\/www.rosacom.cz\/homepage\/wp-json\/wp\/v2\/pages"}],"about":[{"href":"https:\/\/www.rosacom.cz\/homepage\/wp-json\/wp\/v2\/types\/page"}],"author":[{"embeddable":true,"href":"https:\/\/www.rosacom.cz\/homepage\/wp-json\/wp\/v2\/users\/8"}],"replies":[{"embeddable":true,"href":"https:\/\/www.rosacom.cz\/homepage\/wp-json\/wp\/v2\/comments?post=800"}],"version-history":[{"count":4,"href":"https:\/\/www.rosacom.cz\/homepage\/wp-json\/wp\/v2\/pages\/800\/revisions"}],"predecessor-version":[{"id":854,"href":"https:\/\/www.rosacom.cz\/homepage\/wp-json\/wp\/v2\/pages\/800\/revisions\/854"}],"wp:attachment":[{"href":"https:\/\/www.rosacom.cz\/homepage\/wp-json\/wp\/v2\/media?parent=800"}],"curies":[{"name":"wp","href":"https:\/\/api.w.org\/{rel}","templated":true}]}}