{"id":84,"date":"2023-06-21T13:12:11","date_gmt":"2023-06-21T11:12:11","guid":{"rendered":"https:\/\/rosacom.rcsoft.cz\/?page_id=84"},"modified":"2023-08-09T13:00:31","modified_gmt":"2023-08-09T11:00:31","slug":"stavba-pc","status":"publish","type":"page","link":"https:\/\/www.rosacom.cz\/homepage\/stavba-pc\/","title":{"rendered":"Stavba PC"},"content":{"rendered":"<div class=\"\" style=\"\" >\n    \n    <section class=\"u-clearfix u-section-2\" id=\"sec-b390\">\n      <div class=\"u-clearfix u-sheet u-sheet-1\">\n        <img decoding=\"async\" class=\"u-image u-image-default u-image-1\" src=\"https:\/\/www.rosacom.cz\/wp-content\/uploads\/2023\/06\/Snmekobrazovky2023-06-21114135.png\" alt=\"\" data-image-width=\"754\" data-image-height=\"140\">\n        <h2 class=\"u-text u-text-default u-text-palette-1-base u-text-1\"> Pro\u010d mont\u00e1\u017e od n\u00e1s?<\/h2>\n        <div class=\"u-clearfix u-group-elements u-group-elements-1\">\n          <div class=\"u-shape u-shape-svg u-text-palette-1-base u-shape-1\">\n            <svg class=\"u-svg-link\" preserveAspectRatio=\"none\" viewBox=\"0 0 148 160\" style=\"\"><use xlink:href=\"#svg-9f2d\"><\/use><\/svg>\n            <svg class=\"u-svg-content\" viewBox=\"0 0 148 160\" x=\"0px\" y=\"0px\" id=\"svg-9f2d\"><path d=\"M104,12.1c16.5,16.2,16.5,42.4,0,58.6s-43.3,16.2-59.8,0s-16.5-42.4,0-58.6S87.5-4,104,12.1 M138.9,106.9\n\tc-38.6-25.5-91.2-25.5-129.7,0C3.5,110.7,0,117.1,0,124.1V160h148v-35.9C148.1,117.1,144.6,110.7,138.9,106.9L138.9,106.9z\"><\/path><\/svg>\n          <\/div>\n          <div class=\"u-shape u-shape-svg u-text-palette-1-base u-shape-2\">\n            <svg class=\"u-svg-link\" preserveAspectRatio=\"none\" viewBox=\"0 0 160 120\" style=\"\"><use xlink:href=\"#svg-3fd7\"><\/use><\/svg>\n            <svg class=\"u-svg-content\" viewBox=\"0 0 160 120\" x=\"0px\" y=\"0px\" id=\"svg-3fd7\" style=\"enable-background:new 0 0 160 120;\"><g><g><path d=\"M72.4,114.5c-7.3,7.3-19,7.3-26.3,0L5.5,73.6c-7.3-7.3-7.3-19.1,0-26.4s19-7.3,26.3,0L56,71.6c1.8,1.8,4.8,1.8,6.6,0\n\t\t\tl65.7-66.1c7.3-7.3,19-7.3,26.3,0c3.5,3.5,5.4,8.2,5.4,13.2s-2,9.8-5.4,13.2L72.4,114.5z\"><\/path>\n<\/g>\n<\/g><\/svg>\n          <\/div>\n        <\/div>\n        <div class=\"u-shape u-shape-svg u-text-palette-1-base u-shape-3\">\n          <svg class=\"u-svg-link\" preserveAspectRatio=\"none\" viewBox=\"0 0 160 160\" style=\"\"><use xlink:href=\"#svg-174b\"><\/use><\/svg>\n          <svg class=\"u-svg-content\" viewBox=\"0 0 160 160\" x=\"0px\" y=\"0px\" id=\"svg-174b\" style=\"enable-background:new 0 0 160 160;\"><path d=\"M57.2,114.6h20v18.7h-20V114.6z M57.2,66.7h20v18.7h-20V66.7z M57.2,90.6h20v18.7h-20V90.6z M31.5,90.6h20v18.7h-20V90.6z\n\t M31.5,66.7h20v18.7h-20V66.7z M31.5,114.6h20v18.7h-20V114.6z M108.6,66.7h20v18.7h-20V66.7z M157.1,10.7h-20v-8\n\tc0-1.5-1.3-2.7-2.9-2.7h-20c-1.6,0-2.9,1.2-2.9,2.7v8H48.7v-8c0-1.5-1.3-2.7-2.9-2.7h-20c-1.6,0-2.9,1.2-2.9,2.7v8h-20\n\tc-1.6,0-2.9,1.2-2.9,2.7v29.3v114.6c0,1.5,1.3,2.7,2.9,2.7h154.2c1.6,0,2.9-1.2,2.9-2.7V42.7V13.3C160,11.9,158.7,10.7,157.1,10.7z\n\t M134.3,85.2v5.3v18.7v5.3v24h-25.7h-5.7h-20h-5.7h-20h-5.7H25.8v-24v-5.3V90.5v-5.3v-24h25.7h5.7h20h5.7h20h5.7h25.7L134.3,85.2\n\tL134.3,85.2z M154.3,40H5.8V16h17.1v8c0,1.5,1.3,2.7,2.9,2.7h20c1.6,0,2.9-1.2,2.9-2.7v-8h62.9v8c0,1.5,1.3,2.7,2.9,2.7h20\n\tc1.6,0,2.9-1.2,2.9-2.7v-8h17.1L154.3,40L154.3,40z M108.6,90.6h20v18.7h-20V90.6z M108.6,114.6h20v18.7h-20V114.6z M82.9,114.6h20\n\tv18.7h-20V114.6z M82.9,90.6h20v18.7h-20V90.6z M82.9,66.7h20v18.7h-20V66.7z\"><\/path><\/svg>\n        <\/div>\n        <p class=\"u-align-center-lg u-align-center-md u-align-center-sm u-align-center-xs u-text u-text-default u-text-2\"> Stovky spokojen\u00fdch z\u00e1kazn\u00edk\u016f<\/p>\n        <p class=\"u-align-center-lg u-align-center-md u-align-center-sm u-align-center-xs u-text u-text-default u-text-3\"> Se stavbou po\u010d\u00edta\u010d\u016f m\u00e1me dlouholetou praxi<\/p>\n        <div class=\"u-clearfix u-group-elements u-group-elements-2\">\n          <div class=\"u-expanded u-shape u-shape-svg u-text-palette-1-base\">\n            <svg class=\"u-svg-link\" preserveAspectRatio=\"none\" viewBox=\"0 0 148 160\" style=\"\"><use xlink:href=\"#svg-eaa7\"><\/use><\/svg>\n            <svg class=\"u-svg-content\" viewBox=\"0 0 148 160\" x=\"0px\" y=\"0px\" id=\"svg-eaa7\"><path d=\"M104,12.1c16.5,16.2,16.5,42.4,0,58.6s-43.3,16.2-59.8,0s-16.5-42.4,0-58.6S87.5-4,104,12.1 M138.9,106.9\n\tc-38.6-25.5-91.2-25.5-129.7,0C3.5,110.7,0,117.1,0,124.1V160h148v-35.9C148.1,117.1,144.6,110.7,138.9,106.9L138.9,106.9z\"><\/path><\/svg>\n          <\/div>\n          <div class=\"u-rotation-parent u-rotation-parent-1\">\n            <div class=\"u-expanded u-shape u-shape-svg u-text-palette-1-base u-shape-5\">\n              <svg class=\"u-svg-link\" preserveAspectRatio=\"none\" viewBox=\"0 0 160 160\" style=\"\"><use xlink:href=\"#svg-286a\"><\/use><\/svg>\n              <svg class=\"u-svg-content\" viewBox=\"0 0 160 160\" x=\"0px\" y=\"0px\" id=\"svg-286a\"><path d=\"M151.7,62.2h-15c-2.4,0-4.4-1.3-5.3-3.5c-0.9-2.2-0.5-4.6,1.2-6.3l10.6-10.6c1.6-1.6,2.4-3.6,2.4-5.8c0-2.2-0.9-4.3-2.4-5.8\n\tl-13.5-13.5c-3.1-3.1-8.5-3.1-11.7,0l-10.6,10.6c-1.4,1.4-3,1.7-4,1.7c-1.5,0-3-0.6-4-1.6c-0.8-0.8-1.8-2.1-1.8-4.2v-15\n\tc0-4.5-3.7-8.2-8.2-8.2h-19c-4.5,0-8.2,3.7-8.2,8.2v15c0,3.6-3,5.8-5.8,5.8c-1,0-2.6-0.3-4-1.7L41.8,16.7c-3.1-3.1-8.5-3.1-11.7,0\n\tL16.7,30.2c-1.6,1.6-2.4,3.6-2.4,5.8c0,2.2,0.9,4.3,2.4,5.8l10.6,10.6c1.7,1.7,2.2,4,1.2,6.3c-0.9,2.2-2.9,3.5-5.3,3.5h-15\n\tc-4.5,0-8.2,3.7-8.2,8.2v19.1c0,4.5,3.7,8.2,8.2,8.2h15c2.4,0,4.4,1.3,5.3,3.5c0.9,2.2,0.5,4.6-1.2,6.3l-10.6,10.6\n\tc-1.6,1.6-2.4,3.6-2.4,5.8c0,2.2,0.9,4.3,2.4,5.8l13.5,13.5c3.1,3.1,8.5,3.1,11.7,0l10.6-10.6c1.4-1.4,3-1.7,4-1.7\n\tc2.9,0,5.8,2.2,5.8,5.8v15c0,4.5,3.7,8.2,8.2,8.2h19.1c4.5,0,8.2-3.7,8.2-8.2v-15c0-3.6,3-5.8,5.8-5.8c1,0,2.6,0.3,4,1.7l10.6,10.6\n\tc3.1,3.1,8.5,3.1,11.7,0l13.5-13.5c1.6-1.6,2.4-3.6,2.4-5.8c0-2.2-0.9-4.3-2.4-5.8l-10.6-10.6c-1.7-1.7-2.2-4-1.2-6.3\n\tc1-2.3,2.9-3.5,5.3-3.5h15c4.5,0,8.2-3.7,8.2-8.2v-19C159.9,65.9,156.2,62.2,151.7,62.2z M100.6,80.1c0,11.4-9.3,20.7-20.7,20.7\n\ts-20.7-9.3-20.7-20.7S68.6,59.3,80,59.3S100.6,68.6,100.6,80.1z\"><\/path><\/svg>\n            <\/div>\n          <\/div>\n        <\/div>\n        <div class=\"u-shape u-shape-svg u-text-palette-1-base u-shape-6\">\n          <svg class=\"u-svg-link\" preserveAspectRatio=\"none\" viewBox=\"0 0 160 120\" style=\"\"><use xlink:href=\"#svg-906f\"><\/use><\/svg>\n          <svg class=\"u-svg-content\" viewBox=\"0 0 160 120\" x=\"0px\" y=\"0px\" id=\"svg-906f\" style=\"enable-background:new 0 0 160 120;\"><g><g><path d=\"M72.4,114.5c-7.3,7.3-19,7.3-26.3,0L5.5,73.6c-7.3-7.3-7.3-19.1,0-26.4s19-7.3,26.3,0L56,71.6c1.8,1.8,4.8,1.8,6.6,0\n\t\t\tl65.7-66.1c7.3-7.3,19-7.3,26.3,0c3.5,3.5,5.4,8.2,5.4,13.2s-2,9.8-5.4,13.2L72.4,114.5z\"><\/path>\n<\/g>\n<\/g><\/svg>\n        <\/div>\n        <p class=\"u-align-center-lg u-align-center-md u-align-center-sm u-align-center-xs u-text u-text-4\"> Dle po\u017eadavk\u016f z\u00e1kazn\u00edka doporu\u010d\u00edme a navrhneme kompatibiln\u00ed d\u00edly<\/p>\n        <p class=\"u-align-center-lg u-align-center-md u-align-center-sm u-align-center-xs u-text u-text-5\"> Ka\u017ed\u00fd kus testujeme, z\u00e1kazn\u00edkovi p\u0159ed\u00e1v\u00e1me sestavu se 100% z\u00e1ruko kvality<\/p>\n        <div class=\"u-shape u-shape-svg u-text-palette-1-base u-shape-7\">\n          <svg class=\"u-svg-link\" preserveAspectRatio=\"none\" viewBox=\"0 0 150 160\" style=\"\"><use xlink:href=\"#svg-ef4c\"><\/use><\/svg>\n          <svg class=\"u-svg-content\" viewBox=\"0 0 150 160\" x=\"0px\" y=\"0px\" id=\"svg-ef4c\"><path d=\"M150,96.6c0-6.9-3.8-10.1-7.4-11.7c2.9-2.5,4.7-6.3,4.7-10.4c0-7.6-6.1-13.8-13.6-13.8H94.5l2-9.4\n\tc2.7-12.5,0.9-26.8,0.3-30.9C95.4,10.8,87,0,77.8,0h-0.7c-4.4,0-11.7,2.5-11.7,19.3c0,40.9-18.2,41.4-19.1,41.4l0,0h-2.7v-5.5H0V160\n\th43.6v-5.5H120c7.5,0,13.6-6.2,13.6-13.8c0-3.2-1.1-6.2-2.9-8.5c6.3-1.2,11.1-6.8,11.1-13.6c0-3.2-1.1-6.2-2.9-8.5\n\tC145.2,108.9,150,103.3,150,96.6z\"><\/path><\/svg>\n        <\/div>\n        <img decoding=\"async\" class=\"u-image u-image-contain u-image-default u-preserve-proportions u-image-2\" src=\"https:\/\/www.rosacom.cz\/wp-content\/uploads\/2023\/06\/Snmekobrazovky2023-06-21114946.png\" alt=\"\" data-image-width=\"57\" data-image-height=\"54\">\n        <p class=\"u-align-center-lg u-align-center-md u-align-center-sm u-align-center-xs u-text u-text-default u-text-6\"> Opravy a reklamace prov\u00e1d\u00edme p\u0159\u00edmo u n\u00e1s<\/p>\n        <p class=\"u-align-center-lg u-align-center-md u-align-center-sm u-align-center-xs u-text u-text-7\"> \u017d\u00e1dn\u00e1 p\u00e1sov\u00e1 v\u00fdroba, ka\u017ed\u00fd kus je origin\u00e1l<\/p>\n      <\/div>\n    <\/section>\n    <section class=\"u-clearfix u-section-3\" id=\"sec-8ad6\">\n      <div class=\"u-clearfix u-sheet u-valign-middle u-sheet-1\">\n        <div class=\"u-align-center u-border-2 u-border-grey-dark-1 u-line u-line-horizontal u-line-1\"><\/div>\n        <h4 class=\"u-align-center u-text u-text-palette-2-base u-text-1\"> D\u00e1le nab\u00edz\u00edme hotov\u00e9 sestavy \u010desk\u00e9 zna\u010dky LYNX<\/h4>\n        <img decoding=\"async\" class=\"u-image u-image-default u-preserve-proportions u-image-1\" src=\"https:\/\/www.rosacom.cz\/wp-content\/uploads\/2023\/06\/Logo-ctverec-150x150-1.png\" alt=\"\" data-image-width=\"150\" data-image-height=\"150\">\n        <img decoding=\"async\" class=\"u-image u-image-default u-image-2\" src=\"https:\/\/www.rosacom.cz\/wp-content\/uploads\/2023\/06\/lynx-pc.png\" alt=\"\" data-image-width=\"764\" data-image-height=\"169\">\n        <h2 class=\"u-align-left u-text u-text-2\"> O zna\u010dce Lynx<span style=\"font-weight: 700;\"><\/span>\n        <\/h2>\n        <p class=\"u-align-left u-text u-text-palette-5-dark-2 u-text-3\">\n          <span style=\"font-weight: 700;\"> P\u0159\u00edb\u011bh zna\u010dky se za\u010dal ps\u00e1t ji\u017e v&nbsp;roce 2000<\/span>, kdy se na&nbsp;trhu poprv\u00e9 objevil stoln\u00ed po\u010d\u00edta\u010d LYNX. Tento desktop m\u011bl&nbsp;takov\u00fd \u00fasp\u011bch, \u017ee se mu za pouh\u00fdch osm let poda\u0159ilo dostat na&nbsp;samotnou \u0161pi\u010dku v&nbsp;prodan\u00fdch kusech mezi \u010desk\u00fdmi v\u00fdrobci.&nbsp;\n        <\/p>\n      <\/div>\n    <\/section>\n    <section class=\"u-clearfix u-section-4\" id=\"sec-e406\">\n      <div class=\"u-clearfix u-sheet u-sheet-1\">\n        <img decoding=\"async\" class=\"u-image u-image-contain u-image-default u-preserve-proportions u-image-1\" src=\"https:\/\/www.rosacom.cz\/wp-content\/uploads\/2023\/06\/kvalita-1494939834-2017-16-05-15-03-54-193-193-16-.png\" alt=\"\" data-image-width=\"193\" data-image-height=\"193\">\n        <h4 class=\"u-text u-text-grey-90 u-text-1\"> M\u016f\u017eete se na n\u011b spolehnout<\/h4>\n        <img decoding=\"async\" class=\"u-image u-image-contain u-image-default u-preserve-proportions u-image-2\" src=\"https:\/\/www.rosacom.cz\/wp-content\/uploads\/2023\/06\/zarovka-1494939835-2017-16-05-15-03-55-193-193-16-.png\" alt=\"\" data-image-width=\"193\" data-image-height=\"193\">\n        <h4 class=\"u-text u-text-grey-90 u-text-2\"> Sv\u00e9 pr\u00e1ci rozum\u00ed<\/h4>\n        <img decoding=\"async\" class=\"u-image u-image-contain u-image-default u-preserve-proportions u-image-3\" src=\"https:\/\/www.rosacom.cz\/wp-content\/uploads\/2023\/06\/vlajka-1494939835-2017-16-05-15-03-54-193-193-16-.png\" alt=\"\" data-image-width=\"193\" data-image-height=\"193\">\n        <h4 class=\"u-text u-text-grey-90 u-text-3\"> \u010cesk\u00e1 firma<\/h4>\n        <p class=\"u-text u-text-grey-40 u-text-4\"> Za produkty stoj\u00ed zku\u0161en\u00fd t\u00fdm lid\u00ed a z\u00e1zem\u00ed nejv\u011bt\u0161\u00edho IT distributora u n\u00e1s.<\/p>\n        <p class=\"u-text u-text-grey-40 u-text-5\"> S v\u00fdrobou po\u010d\u00edta\u010d\u016f LYNX za\u010dali u\u017e p\u0159ed v\u00edce ne\u017e 15 lety. V\u00ed co d\u011blaj\u00ed, a jsou v tom dob\u0159\u00ed.<\/p>\n        <p class=\"u-text u-text-grey-40 u-text-6\"> Ka\u017ed\u00e1 PC sestava, kterou vyrob\u00ed, proch\u00e1z\u00ed d\u016fkladn\u00fdm testov\u00e1n\u00edm.<\/p>\n      <\/div>\n    <\/section>\n    <section class=\"u-clearfix u-section-5\" id=\"sec-23de\">\n      <div class=\"u-clearfix u-sheet u-sheet-1\">\n        <h2 class=\"u-text u-text-default u-text-palette-2-base u-text-1\">Konfigur\u00e1tor produkt\u016f LYNX<\/h2>\n        <a href=\"https:\/\/old.lynx.cz\/konfigurator\/sestavyPage.aspx\" class=\"u-active-palette-3-base u-border-none u-btn u-button-style u-hover-palette-2-base u-palette-1-base u-text-active-palette-1-base u-text-hover-black u-btn-1\">Konfigur\u00e1tor<\/a>\n        <img decoding=\"async\" class=\"u-image u-image-default u-image-1\" src=\"https:\/\/www.rosacom.cz\/wp-content\/uploads\/2023\/06\/banner-o-znace-1024x250-1.png\" alt=\"\" data-image-width=\"1024\" data-image-height=\"250\">\n        <h2 class=\"u-text u-text-2\"> Pro pr\u00e1ci, hry, podnik\u00e1n\u00ed i networking<\/h2>\n        <p class=\"u-text u-text-grey-40 u-text-3\"> Pod zna\u010dkou LYNX se v\u0161ak neskr\u00fdvaj\u00ed pouze po\u010d\u00edta\u010de, ale i&nbsp;r\u016fznorod\u00e1 kabel\u00e1\u017e pro metalick\u00e9 a&nbsp;optick\u00e9 s\u00edt\u011b. Mezi nejnov\u011bj\u0161\u00ed p\u0159\u00edr\u016fstky v&nbsp;portfoliu pak pat\u0159\u00ed profesion\u00e1ln\u00ed EET pokladny.&nbsp;&nbsp;<\/p>\n        <a href=\"https:\/\/nicepage.com\/website-builder\" class=\"u-active-palette-3-base u-border-none u-btn u-btn-round u-button-style u-hover-palette-2-base u-palette-1-base u-radius-1 u-text-active-palette-1-base u-text-hover-black u-btn-2\">Popt\u00e1vka PC sestavy<\/a>\n      <\/div>\n    <\/section>\n    \n    \n    \n  \n<\/div>","protected":false},"excerpt":{"rendered":"<p>Pro\u010d mont\u00e1\u017e od n\u00e1s? Stovky spokojen\u00fdch z\u00e1kazn\u00edk\u016f Se stavbou po\u010d\u00edta\u010d\u016f m\u00e1me dlouholetou praxi Dle po\u017eadavk\u016f z\u00e1kazn\u00edka doporu\u010d\u00edme a navrhneme kompatibiln\u00ed d\u00edly Ka\u017ed\u00fd kus testujeme, z\u00e1kazn\u00edkovi p\u0159ed\u00e1v\u00e1me sestavu se 100% z\u00e1ruko kvality Opravy a reklamace prov\u00e1d\u00edme p\u0159\u00edmo u n\u00e1s \u017d\u00e1dn\u00e1 p\u00e1sov\u00e1 v\u00fdroba, ka\u017ed\u00fd kus je origin\u00e1l D\u00e1le nab\u00edz\u00edme hotov\u00e9 sestavy \u010desk\u00e9 zna\u010dky LYNX O zna\u010dce Lynx [&hellip;]<\/p>\n","protected":false},"author":8,"featured_media":0,"parent":0,"menu_order":0,"comment_status":"closed","ping_status":"open","template":"","meta":{"footnotes":""},"class_list":["post-84","page","type-page","status-publish","hentry"],"_links":{"self":[{"href":"https:\/\/www.rosacom.cz\/homepage\/wp-json\/wp\/v2\/pages\/84","targetHints":{"allow":["GET"]}}],"collection":[{"href":"https:\/\/www.rosacom.cz\/homepage\/wp-json\/wp\/v2\/pages"}],"about":[{"href":"https:\/\/www.rosacom.cz\/homepage\/wp-json\/wp\/v2\/types\/page"}],"author":[{"embeddable":true,"href":"https:\/\/www.rosacom.cz\/homepage\/wp-json\/wp\/v2\/users\/8"}],"replies":[{"embeddable":true,"href":"https:\/\/www.rosacom.cz\/homepage\/wp-json\/wp\/v2\/comments?post=84"}],"version-history":[{"count":6,"href":"https:\/\/www.rosacom.cz\/homepage\/wp-json\/wp\/v2\/pages\/84\/revisions"}],"predecessor-version":[{"id":985,"href":"https:\/\/www.rosacom.cz\/homepage\/wp-json\/wp\/v2\/pages\/84\/revisions\/985"}],"wp:attachment":[{"href":"https:\/\/www.rosacom.cz\/homepage\/wp-json\/wp\/v2\/media?parent=84"}],"curies":[{"name":"wp","href":"https:\/\/api.w.org\/{rel}","templated":true}]}}