{"id":9,"date":"2023-06-21T08:32:19","date_gmt":"2023-06-21T06:32:19","guid":{"rendered":"https:\/\/rosacom.rcsoft.cz\/?page_id=9"},"modified":"2023-08-09T14:37:24","modified_gmt":"2023-08-09T12:37:24","slug":"homepage","status":"publish","type":"page","link":"https:\/\/www.rosacom.cz\/homepage\/","title":{"rendered":"Homepage"},"content":{"rendered":"<div class=\"\" style=\"\" >\n    \n    <section class=\"u-clearfix u-section-2\" id=\"sec-02c0\">\n      <div class=\"u-clearfix u-sheet u-sheet-1\">\n        <h2 class=\"u-align-center u-text u-text-default u-text-palette-1-base u-text-1\" data-lang-en=\"\u200bV\u00edtejte na str\u00e1nk\u00e1ch spole\u010dnosti<br>ROSA Computers\" data-lang-cs=\"\u200bV\u00edtejte na str\u00e1nk\u00e1ch spole\u010dnosti<br>ROSA Computers\"> V\u00edtejte na str\u00e1nk\u00e1ch spole\u010dnosti<br>ROSA Computers\n        <\/h2>\n        <p class=\"u-align-center u-text u-text-grey-50 u-text-2\" data-lang-en=\"\u200bI jako mal\u00e1 firma v\u00e1m toho m\u016f\u017eeme hodn\u011b nab\u00eddnout.&amp;nbsp;\" data-lang-cs=\"\u200bI jako mal\u00e1 firma v\u00e1m toho m\u016f\u017eeme hodn\u011b nab\u00eddnout.&amp;nbsp;\"> I jako mal\u00e1 firma v\u00e1m toho m\u016f\u017eeme hodn\u011b nab\u00eddnout.&nbsp;<\/p>\n        <p class=\"u-align-center u-text u-text-default u-text-palette-5-dark-2 u-text-3\" data-lang-en=\"\u200bJsme IT prodejce kousek od va\u0161eho domova\" data-lang-cs=\"\u200bJsme IT prodejce kousek od va\u0161eho domova\"> Jsme IT prodejce kousek od va\u0161eho domova<\/p>\n      <\/div>\n    <\/section>\n    <section class=\"u-clearfix u-section-3\" id=\"sec-5a2a\">\n      <div class=\"u-clearfix u-sheet u-valign-middle-lg u-valign-middle-xl u-sheet-1\">\n        <div class=\"u-expanded-width u-list u-list-1\">\n          <div class=\"u-repeater u-repeater-1\">\n            <div class=\"u-container-style u-list-item u-repeater-item\">\n              <div class=\"u-container-layout u-similar-container u-container-layout-1\">\n                <img decoding=\"async\" alt=\"\" class=\"u-expanded-width u-image u-image-default u-image-1\" data-image-width=\"300\" data-image-height=\"300\" src=\"https:\/\/www.rosacom.cz\/wp-content\/uploads\/2023\/06\/marvin-meyer-SYTO3xs06fU-unsplash-300x300-1.jpg\" data-lang-en=\"\" data-lang-cs=\"\">\n                <h3 class=\"u-align-center u-text u-text-palette-1-base u-text-1\" data-lang-en=\"\u200bProdejna s \u0161irokou nab\u00eddkou\" data-lang-cs=\"\u200bProdejna s \u0161irokou nab\u00eddkou\"> Prodejna s \u0161irokou nab\u00eddkou<\/h3>\n                <a href=\"https:\/\/nicepage.com\/wysiwyg-html-editor\" class=\"u-active-palette-3-base u-align-center u-btn u-button-style u-hover-palette-2-base u-palette-1-base u-text-active-palette-1-base u-text-hover-black u-btn-1\" data-lang-en=\"{&quot;content&quot;:&quot;Button&quot;,&quot;href&quot;:&quot;https:\/\/nicepage.com\/wysiwyg-html-editor&quot;}\" data-lang-cs=\"{&quot;content&quot;:&quot;Button&quot;,&quot;href&quot;:&quot;https:\/\/nicepage.com\/wysiwyg-html-editor&quot;}\">Button<\/a>\n              <\/div>\n            <\/div>\n            <div class=\"u-container-style u-list-item u-repeater-item\">\n              <div class=\"u-container-layout u-similar-container u-container-layout-2\">\n                <img decoding=\"async\" alt=\"\" class=\"u-expanded-width u-image u-image-default u-image-2\" data-image-width=\"300\" data-image-height=\"300\" src=\"https:\/\/www.rosacom.cz\/wp-content\/uploads\/2023\/06\/2222-1-300x300-1.jpg\" data-lang-en=\"\" data-lang-cs=\"\">\n                <h3 class=\"u-align-center u-text u-text-palette-1-base u-text-2\" data-lang-en=\"\u200bStavba PC na m\u00edru\" data-lang-cs=\"\u200bStavba PC na m\u00edru\"> Stavba PC na m\u00edru<\/h3>\n                <a href=\"https:\/\/www.rosacom.cz\/stavba-pc\/\" class=\"u-active-palette-3-base u-align-center u-border-none u-btn u-button-style u-hover-palette-2-base u-palette-1-base u-text-active-palette-1-base u-text-hover-black u-btn-2\" data-lang-en=\"{&quot;content&quot;:&quot;Stavba PC&quot;,&quot;href&quot;:&quot;https:\/\/www.rosacom.cz\/stavba-pc\/&quot;}\" data-lang-cs=\"{&quot;content&quot;:&quot;Stavba PC&quot;,&quot;href&quot;:&quot;https:\/\/www.rosacom.cz\/stavba-pc\/&quot;}\">Stavba PC<\/a>\n              <\/div>\n            <\/div>\n            <div class=\"u-container-style u-list-item u-repeater-item\">\n              <div class=\"u-container-layout u-similar-container u-container-layout-3\">\n                <img decoding=\"async\" alt=\"\" class=\"u-expanded-width u-image u-image-default u-image-3\" data-image-width=\"400\" data-image-height=\"400\" src=\"https:\/\/www.rosacom.cz\/wp-content\/uploads\/2023\/06\/unnamed-1.jpg\" data-lang-en=\"\" data-lang-cs=\"\">\n                <h3 class=\"u-align-center u-text u-text-palette-1-base u-text-3\" data-lang-en=\"\u200bOpravy a servis v\u0161eho druhu\" data-lang-cs=\"\u200bOpravy a servis v\u0161eho druhu\"> Opravy a servis v\u0161eho druhu<\/h3>\n                <a href=\"https:\/\/www.rosacom.cz\/kondicni-prohlidka\/\" class=\"u-active-palette-3-base u-align-center u-btn u-button-style u-hover-palette-2-base u-palette-1-base u-text-active-palette-1-base u-text-hover-black u-btn-3\" data-lang-en=\"{&quot;content&quot;:&quot;Button&quot;,&quot;href&quot;:&quot;https:\/\/nicepage.com\/wysiwyg-html-editor&quot;}\" data-lang-cs=\"{&quot;content&quot;:&quot;Button&quot;,&quot;href&quot;:&quot;https:\/\/nicepage.com\/wysiwyg-html-editor&quot;}\">Kondi\u010dn\u00ed prohl\u00eddka<\/a>\n              <\/div>\n            <\/div>\n          <\/div>\n        <\/div>\n      <\/div>\n    <\/section>\n    <section class=\"u-clearfix u-section-4\" id=\"sec-190b\">\n      <div class=\"u-clearfix u-sheet u-valign-middle u-sheet-1\">\n        <div class=\"u-expanded-width u-list u-list-1\">\n          <div class=\"u-repeater u-repeater-1\">\n            <div class=\"u-container-style u-list-item u-repeater-item\">\n              <div class=\"u-container-layout u-similar-container u-container-layout-1\">\n                <img decoding=\"async\" alt=\"\" class=\"u-expanded-width u-image u-image-default u-image-1\" data-image-width=\"300\" data-image-height=\"300\" src=\"https:\/\/www.rosacom.cz\/wp-content\/uploads\/2023\/06\/6175186_uctenka-pokladna-eet-elektronicka-evidence-trzeb-v0-300x300-1.jpg\" data-lang-en=\"\" data-lang-cs=\"\">\n                <h3 class=\"u-align-center u-text u-text-default u-text-palette-1-base u-text-1\" data-lang-en=\"\u200bEET \u0159e\u0161en\u00ed\" data-lang-cs=\"\u200bEET \u0159e\u0161en\u00ed\"> EET \u0159e\u0161en\u00ed<\/h3>\n                <a href=\"https:\/\/nicepage.com\/wysiwyg-html-editor\" class=\"u-active-palette-3-base u-align-center u-border-none u-btn u-button-style u-hover-palette-2-base u-palette-1-base u-text-active-palette-1-base u-text-hover-black u-btn-1\" data-lang-en=\"{&quot;content&quot;:&quot;Button&quot;,&quot;href&quot;:&quot;https:\/\/nicepage.com\/wysiwyg-html-editor&quot;}\" data-lang-cs=\"{&quot;content&quot;:&quot;Button&quot;,&quot;href&quot;:&quot;https:\/\/nicepage.com\/wysiwyg-html-editor&quot;}\">Button<\/a>\n              <\/div>\n            <\/div>\n            <div class=\"u-container-style u-list-item u-repeater-item\">\n              <div class=\"u-container-layout u-similar-container u-container-layout-2\">\n                <img decoding=\"async\" alt=\"\" class=\"u-expanded-width u-image u-image-default u-image-2\" data-image-width=\"300\" data-image-height=\"300\" src=\"https:\/\/www.rosacom.cz\/wp-content\/uploads\/2023\/06\/Control-Panel-Sized-1-300x300-1.jpg\" data-lang-en=\"\" data-lang-cs=\"\">\n                <h3 class=\"u-align-center u-text u-text-default u-text-palette-1-base u-text-2\" data-lang-en=\"\u200bZabezpe\u010den\u00ed\" data-lang-cs=\"\u200bZabezpe\u010den\u00ed\"> Zabezpe\u010den\u00ed<\/h3>\n                <a href=\"https:\/\/www.rosacom.cz\/jablotron\/\" class=\"u-active-palette-3-base u-align-center u-border-none u-btn u-button-style u-hover-palette-2-base u-palette-1-base u-text-active-palette-1-base u-text-hover-black u-btn-2\" data-lang-en=\"{&quot;content&quot;:&quot;Button&quot;,&quot;href&quot;:&quot;https:\/\/nicepage.com\/wysiwyg-html-editor&quot;}\" data-lang-cs=\"{&quot;content&quot;:&quot;Button&quot;,&quot;href&quot;:&quot;https:\/\/nicepage.com\/wysiwyg-html-editor&quot;}\">Jablotron<\/a>\n              <\/div>\n            <\/div>\n            <div class=\"u-container-style u-list-item u-repeater-item\">\n              <div class=\"u-container-layout u-similar-container u-container-layout-3\">\n                <img decoding=\"async\" alt=\"\" class=\"u-expanded-width u-image u-image-default u-image-3\" data-image-width=\"400\" data-image-height=\"400\" src=\"https:\/\/www.rosacom.cz\/wp-content\/uploads\/2023\/06\/191_CCTV_image_1024x576.jpg\" data-lang-en=\"\" data-lang-cs=\"\">\n                <h3 class=\"u-align-center u-text u-text-default u-text-palette-1-base u-text-3\" data-lang-en=\"\u200bKamerov\u00e9 syst\u00e9my\" data-lang-cs=\"\u200bKamerov\u00e9 syst\u00e9my\"> Kamerov\u00e9 syst\u00e9my<\/h3>\n                <a href=\"https:\/\/www.rosacom.cz\/priklady-pouziti-kameroveho-systemu\/\" class=\"u-active-palette-3-base u-align-center u-border-none u-btn u-button-style u-hover-palette-2-base u-palette-1-base u-text-active-palette-1-base u-text-hover-black u-btn-3\" data-lang-en=\"{&quot;content&quot;:&quot;Button&quot;,&quot;href&quot;:&quot;https:\/\/nicepage.com\/wysiwyg-html-editor&quot;}\" data-lang-cs=\"{&quot;content&quot;:&quot;Button&quot;,&quot;href&quot;:&quot;https:\/\/nicepage.com\/wysiwyg-html-editor&quot;}\">P\u0159\u00edklady pou\u017eit\u00ed kamer<\/a>\n              <\/div>\n            <\/div>\n          <\/div>\n        <\/div>\n      <\/div>\n    <\/section>\n    <section class=\"u-clearfix u-section-5\" id=\"sec-3911\">\n      <div class=\"u-clearfix u-sheet u-valign-middle u-sheet-1\">\n        <div class=\"u-expanded-width u-list u-list-1\">\n          <div class=\"u-repeater u-repeater-1\">\n            <div class=\"u-container-style u-list-item u-repeater-item\">\n              <div class=\"u-container-layout u-similar-container u-container-layout-1\">\n                <img decoding=\"async\" alt=\"\" class=\"u-expanded-width u-image u-image-default u-image-1\" data-image-width=\"300\" data-image-height=\"300\" src=\"https:\/\/www.rosacom.cz\/wp-content\/uploads\/2023\/06\/programming-code-on-screen-1-300x300-1.jpg\" data-lang-en=\"\" data-lang-cs=\"\">\n                <h3 class=\"u-align-center u-text u-text-default u-text-palette-1-base u-text-1\" data-lang-en=\"\u200bTvorba web\u016f a programov\u00e1n\u00ed\" data-lang-cs=\"\u200bTvorba web\u016f a programov\u00e1n\u00ed\"> Tvorba web\u016f a programov\u00e1n\u00ed<\/h3>\n                <a href=\"https:\/\/www.rosacom.cz\/tvorba-webu-a-programovani\/\" class=\"u-active-palette-3-base u-align-center u-border-none u-btn u-button-style u-hover-palette-2-base u-palette-1-base u-text-active-palette-1-base u-text-hover-black u-btn-1\" data-lang-en=\"{&quot;content&quot;:&quot;Button&quot;,&quot;href&quot;:&quot;https:\/\/nicepage.com\/wysiwyg-html-editor&quot;}\" data-lang-cs=\"{&quot;content&quot;:&quot;Button&quot;,&quot;href&quot;:&quot;https:\/\/nicepage.com\/wysiwyg-html-editor&quot;}\">Tvorba web\u016f a programovan\u00ed<\/a>\n              <\/div>\n            <\/div>\n            <div class=\"u-container-style u-list-item u-repeater-item\">\n              <div class=\"u-container-layout u-similar-container u-container-layout-2\">\n                <img decoding=\"async\" alt=\"\" class=\"u-expanded-width u-image u-image-default u-image-2\" data-image-width=\"300\" data-image-height=\"300\" src=\"https:\/\/www.rosacom.cz\/wp-content\/uploads\/2023\/06\/internet-300x300-1.jpg\" data-lang-en=\"\" data-lang-cs=\"\">\n                <h3 class=\"u-align-center u-text u-text-default u-text-palette-1-base u-text-2\" data-lang-en=\"\u200bInternetov\u00e9 p\u0159ipojen\u00ed\" data-lang-cs=\"\u200bInternetov\u00e9 p\u0159ipojen\u00ed\"> Internetov\u00e9 p\u0159ipojen\u00ed<\/h3>\n                <a href=\"https:\/\/www.rosacom.cz\/internet\/\" class=\"u-active-palette-3-base u-align-center u-border-none u-btn u-button-style u-hover-palette-2-base u-palette-1-base u-text-active-palette-1-base u-text-hover-black u-btn-2\" data-lang-en=\"{&quot;content&quot;:&quot;Button&quot;,&quot;href&quot;:&quot;https:\/\/nicepage.com\/wysiwyg-html-editor&quot;}\" data-lang-cs=\"{&quot;content&quot;:&quot;Button&quot;,&quot;href&quot;:&quot;https:\/\/nicepage.com\/wysiwyg-html-editor&quot;}\">internet<\/a>\n              <\/div>\n            <\/div>\n            <div class=\"u-container-style u-list-item u-repeater-item\">\n              <div class=\"u-container-layout u-similar-container u-container-layout-3\">\n                <img decoding=\"async\" alt=\"\" class=\"u-expanded-width u-image u-image-default u-image-3\" data-image-width=\"300\" data-image-height=\"300\" src=\"https:\/\/www.rosacom.cz\/wp-content\/uploads\/2023\/06\/fiberoptic_faster_than_copper_post_image-300x300-1.jpg\" data-lang-en=\"\" data-lang-cs=\"\">\n                <h3 class=\"u-align-center u-text u-text-default u-text-palette-1-base u-text-3\" data-lang-en=\"\u200bStrukturovan\u00e1 kabel\u00e1\u017e\" data-lang-cs=\"\u200bStrukturovan\u00e1 kabel\u00e1\u017e\"> Strukturovan\u00e1 kabel\u00e1\u017e<\/h3>\n                <a href=\"https:\/\/www.rosacom.cz\/strukturovana-kabelaz\/\" class=\"u-active-palette-3-base u-align-center u-border-none u-btn u-button-style u-hover-palette-2-base u-palette-1-base u-text-active-palette-1-base u-text-hover-black u-btn-3\" data-lang-en=\"{&quot;content&quot;:&quot;Button&quot;,&quot;href&quot;:&quot;https:\/\/nicepage.com\/wysiwyg-html-editor&quot;}\" data-lang-cs=\"{&quot;content&quot;:&quot;Button&quot;,&quot;href&quot;:&quot;https:\/\/nicepage.com\/wysiwyg-html-editor&quot;}\">Strukturovan\u00e1 kabel\u00e1\u017e<\/a>\n              <\/div>\n            <\/div>\n          <\/div>\n        <\/div>\n      <\/div>\n    <\/section>\n    \n    \n    \n    \n  \n<\/div>","protected":false},"excerpt":{"rendered":"<p>V\u00edtejte na str\u00e1nk\u00e1ch spole\u010dnostiROSA Computers I jako mal\u00e1 firma v\u00e1m toho m\u016f\u017eeme hodn\u011b nab\u00eddnout.&nbsp; Jsme IT prodejce kousek od va\u0161eho domova Prodejna s \u0161irokou nab\u00eddkou Button Stavba PC na m\u00edru Stavba PC Opravy a servis v\u0161eho druhu Kondi\u010dn\u00ed prohl\u00eddka EET \u0159e\u0161en\u00ed Button Zabezpe\u010den\u00ed Jablotron Kamerov\u00e9 syst\u00e9my P\u0159\u00edklady pou\u017eit\u00ed kamer Tvorba web\u016f a programov\u00e1n\u00ed Tvorba web\u016f [&hellip;]<\/p>\n","protected":false},"author":8,"featured_media":0,"parent":0,"menu_order":0,"comment_status":"closed","ping_status":"open","template":"","meta":{"footnotes":""},"class_list":["post-9","page","type-page","status-publish","hentry"],"_links":{"self":[{"href":"https:\/\/www.rosacom.cz\/homepage\/wp-json\/wp\/v2\/pages\/9","targetHints":{"allow":["GET"]}}],"collection":[{"href":"https:\/\/www.rosacom.cz\/homepage\/wp-json\/wp\/v2\/pages"}],"about":[{"href":"https:\/\/www.rosacom.cz\/homepage\/wp-json\/wp\/v2\/types\/page"}],"author":[{"embeddable":true,"href":"https:\/\/www.rosacom.cz\/homepage\/wp-json\/wp\/v2\/users\/8"}],"replies":[{"embeddable":true,"href":"https:\/\/www.rosacom.cz\/homepage\/wp-json\/wp\/v2\/comments?post=9"}],"version-history":[{"count":11,"href":"https:\/\/www.rosacom.cz\/homepage\/wp-json\/wp\/v2\/pages\/9\/revisions"}],"predecessor-version":[{"id":989,"href":"https:\/\/www.rosacom.cz\/homepage\/wp-json\/wp\/v2\/pages\/9\/revisions\/989"}],"wp:attachment":[{"href":"https:\/\/www.rosacom.cz\/homepage\/wp-json\/wp\/v2\/media?parent=9"}],"curies":[{"name":"wp","href":"https:\/\/api.w.org\/{rel}","templated":true}]}}