{"id":946,"date":"2023-08-09T12:41:07","date_gmt":"2023-08-09T10:41:07","guid":{"rendered":"https:\/\/rosacom.rcsoft.cz\/?page_id=946"},"modified":"2023-08-09T12:50:18","modified_gmt":"2023-08-09T10:50:18","slug":"aktualni-nabidka-akcniho-zbozi","status":"publish","type":"page","link":"https:\/\/www.rosacom.cz\/homepage\/aktualni-nabidka-akcniho-zbozi\/","title":{"rendered":"Aktu\u00e1ln\u00ed nab\u00eddka ak\u010dn\u00edho zbo\u017e\u00ed"},"content":{"rendered":"<div class=\"\" style=\"\" >\n    \n    <section class=\"u-clearfix u-section-2\" id=\"sec-f6e8\">\n      <div class=\"u-clearfix u-sheet u-sheet-1\">\n        <div class=\"u-shape u-shape-svg u-text-palette-1-base u-shape-1\">\n          <svg class=\"u-svg-link\" preserveAspectRatio=\"none\" viewBox=\"0 0 160 160\" style=\"\"><use xlink:href=\"#svg-0c67\"><\/use><\/svg>\n          <svg class=\"u-svg-content\" viewBox=\"0 0 160 160\" x=\"0px\" y=\"0px\" id=\"svg-0c67\" style=\"enable-background:new 0 0 160 160;\"><path d=\"M158.1,106.7L111.7,80l46.4-26.7c0.8-0.5,1.4-1.2,1.6-2.1c0.2-0.9,0.1-1.8-0.4-2.5l-13.7-21c-1-1.6-3.2-2.1-4.9-1.1\n\tL96.5,52.1V3.3C96.5,1.5,94.9,0,93,0H66.9c-2,0-3.5,1.5-3.5,3.3v48.8L19.1,26.7c-1.7-1-3.8-0.5-4.9,1.1l-13.7,21\n\tc-0.5,0.8-0.6,1.7-0.4,2.5c0.2,0.9,0.8,1.6,1.6,2.1L48.2,80L1.8,106.7c-0.8,0.5-1.4,1.2-1.6,2.1c-0.2,0.9-0.1,1.8,0.4,2.5l13.7,21\n\tc1,1.6,3.2,2.1,4.9,1.1l44.3-25.5v48.8c0,1.8,1.6,3.3,3.5,3.3h26.2c2,0,3.5-1.5,3.5-3.3v-48.8l44.3,25.5c1.7,1,3.8,0.5,4.9-1.1\n\tl13.7-21c0.5-0.8,0.6-1.7,0.4-2.5C159.5,107.9,158.9,107.2,158.1,106.7z\"><\/path><\/svg>\n        <\/div>\n        <h2 class=\"u-text u-text-default u-text-palette-1-base u-text-1\"> Aktu\u00e1ln\u00ed nab\u00eddka ak\u010dn\u00edho zbo\u017e\u00ed:<\/h2>\n        <ul class=\"u-text u-text-default u-text-2\">\n          <li> Bohu\u017eel vzhledem k prob\u00edhaj\u00edc\u00ed situaci spojen\u00e9 s d\u011bn\u00edm ve \u201csv\u011bt\u011b\u201d a s t\u00edm souvisej\u00edc\u00edm zhor\u0161en\u00edm dostupnost\u00ed a r\u016fstu cen nem\u016f\u017eeme garantovat platnost cen a dostupnost zbo\u017e\u00ed po celou platnost let\u00e1k\u016f.&nbsp; &nbsp; &nbsp; &nbsp; &nbsp; &nbsp; &nbsp; &nbsp; &nbsp; &nbsp; &nbsp; &nbsp; &nbsp; &nbsp; &nbsp; &nbsp; &nbsp; &nbsp; &nbsp; &nbsp; &nbsp; &nbsp; &nbsp; &nbsp; &nbsp; &nbsp; &nbsp; &nbsp; &nbsp; &nbsp; &nbsp; &nbsp; &nbsp; &nbsp; &nbsp; &nbsp; &nbsp; &nbsp; &nbsp; &nbsp; &nbsp; &nbsp; &nbsp; &nbsp; &nbsp; &nbsp; &nbsp; &nbsp; &nbsp; &nbsp; &nbsp; &nbsp; &nbsp; &nbsp; &nbsp; &nbsp; &nbsp; &nbsp; &nbsp; &nbsp; &nbsp; &nbsp; &nbsp; &nbsp; &nbsp; &nbsp; &nbsp; &nbsp; &nbsp; &nbsp; &nbsp; &nbsp; &nbsp; &nbsp; &nbsp; &nbsp; &nbsp; &nbsp; &nbsp; &nbsp; &nbsp; &nbsp; &nbsp; &nbsp; &nbsp; &nbsp; &nbsp; &nbsp; &nbsp; &nbsp; &nbsp; &nbsp; &nbsp; &nbsp; &nbsp; &nbsp; &nbsp; &nbsp; &nbsp; &nbsp; &nbsp; &nbsp; &nbsp; &nbsp; &nbsp; &nbsp; &nbsp;&nbsp;<\/li>\n          <li> P\u0159edem se omlouv\u00e1me za komplikace a d\u011bkujeme za pochopen\u00ed<br>T\u00fdm ROSA Computers\n          <\/li>\n        <\/ul>\n      <\/div>\n    <\/section>\n    <section class=\"u-clearfix u-section-3\" id=\"sec-c411\">\n      <div class=\"u-clearfix u-sheet u-sheet-1\">\n        <p class=\"u-align-center u-text u-text-default u-text-1\">\n          <span style=\"font-weight: 700;\"> Pou\u017eit\u00e9 iPhony od iLikeNEW.cz<\/span>\n          <br>Nov\u011b od 27. 12. 2021 na v\u0161echny modely od ILikeNEW z\u00e1ruka 12 m\u011bs\u00edc\u016f!\n        <\/p>\n        <img decoding=\"async\" class=\"u-image u-image-contain u-image-default u-image-1\" src=\"https:\/\/www.rosacom.cz\/wp-content\/uploads\/2023\/08\/ilikenew_horizontal_black_green_1-1-300x116-1.png\" alt=\"\" data-image-width=\"300\" data-image-height=\"116\">\n        <p class=\"u-align-center u-text u-text-default u-text-2\">\n          <span style=\"font-weight: 700;\"><\/span>Let\u00e1ky Comfor \u2013 7. 8. \u2013 3. 9. 2023\n        <\/p>\n        <img decoding=\"async\" class=\"u-image u-image-contain u-image-default u-image-2\" src=\"https:\/\/www.rosacom.cz\/wp-content\/uploads\/2023\/08\/unnamed.jpg\" alt=\"\" data-image-width=\"350\" data-image-height=\"136\">\n        <img decoding=\"async\" class=\"u-file-link u-image u-image-contain u-image-default u-image-3\" src=\"https:\/\/www.rosacom.cz\/wp-content\/uploads\/2023\/08\/2023-08-noviny-214x300-1.png\" alt=\"\" data-image-width=\"214\" data-image-height=\"300\" data-href=\"https:\/\/www.rosacom.cz\/wp-content\/uploads\/2023\/08\/202308noviny.pdf\" title=\"202308noviny-pdf\">\n        <p class=\"u-align-center u-text u-text-default u-text-3\">\n          <span style=\"font-weight: 700;\"><\/span>Let\u00e1ky eD Profi&nbsp;\u2013 1. 8. \u2013 31. 8. 2023\n        <\/p>\n        <img decoding=\"async\" class=\"u-image u-image-contain u-image-default u-image-4\" src=\"https:\/\/www.rosacom.cz\/wp-content\/uploads\/2023\/08\/partner-400x250-1.png\" alt=\"\" data-image-width=\"400\" data-image-height=\"250\">\n        <img decoding=\"async\" class=\"u-file-link u-image u-image-contain u-image-default u-image-5\" src=\"https:\/\/www.rosacom.cz\/wp-content\/uploads\/2023\/08\/edprofi_CZ-srpen-202x300-1.png\" alt=\"\" data-image-width=\"202\" data-image-height=\"300\" data-href=\"https:\/\/www.rosacom.cz\/wp-content\/uploads\/2023\/08\/edprofi_CZsrpen.pdf\" title=\"202308noviny-pdf\">\n        <p class=\"u-align-center u-text u-text-default u-text-4\">\n          <span style=\"font-weight: 700;\"><\/span>Let\u00e1ky SWS Gold Partner \u2013 1. 7. \u2013 20. 8. 2023\n        <\/p>\n        <img decoding=\"async\" class=\"u-image u-image-contain u-image-default u-image-6\" src=\"https:\/\/www.rosacom.cz\/wp-content\/uploads\/2023\/08\/cfb684a4198a49fc09e744a446f99d.png\" alt=\"\" data-image-width=\"383\" data-image-height=\"136\">\n        <img decoding=\"async\" class=\"u-file-link u-image u-image-contain u-image-default u-image-7\" src=\"https:\/\/www.rosacom.cz\/wp-content\/uploads\/2023\/08\/A4_GP_cervenec_srpen_2023-2-212x300-1.jpg\" alt=\"\" data-image-width=\"212\" data-image-height=\"300\" data-href=\"https:\/\/www.rosacom.cz\/wp-content\/uploads\/2023\/08\/A4_GP_cervenec_srpen_20232.pdf\" title=\"202308noviny-pdf\">\n        <img decoding=\"async\" class=\"u-file-link u-image u-image-contain u-image-default u-image-8\" src=\"https:\/\/www.rosacom.cz\/wp-content\/uploads\/2023\/08\/A4_GP_cervenec_srpen_2023-1-212x300-1.jpg\" alt=\"\" data-image-width=\"212\" data-image-height=\"300\" data-href=\"https:\/\/www.rosacom.cz\/wp-content\/uploads\/2023\/08\/A4_GP_cervenec_srpen_20231.pdf\" title=\"202308noviny-pdf\">\n      <\/div>\n    <\/section>\n    \n    \n    \n  \n<\/div>","protected":false},"excerpt":{"rendered":"<p>Aktu\u00e1ln\u00ed nab\u00eddka ak\u010dn\u00edho zbo\u017e\u00ed: Bohu\u017eel vzhledem k prob\u00edhaj\u00edc\u00ed situaci spojen\u00e9 s d\u011bn\u00edm ve \u201csv\u011bt\u011b\u201d a s t\u00edm souvisej\u00edc\u00edm zhor\u0161en\u00edm dostupnost\u00ed a r\u016fstu cen nem\u016f\u017eeme garantovat platnost cen a dostupnost zbo\u017e\u00ed po celou platnost let\u00e1k\u016f.&nbsp; &nbsp; &nbsp; &nbsp; &nbsp; &nbsp; &nbsp; &nbsp; &nbsp; &nbsp; &nbsp; &nbsp; &nbsp; &nbsp; &nbsp; &nbsp; &nbsp; &nbsp; &nbsp; &nbsp; &nbsp; &nbsp; [&hellip;]<\/p>\n","protected":false},"author":8,"featured_media":0,"parent":0,"menu_order":0,"comment_status":"closed","ping_status":"closed","template":"","meta":{"footnotes":""},"class_list":["post-946","page","type-page","status-publish","hentry"],"_links":{"self":[{"href":"https:\/\/www.rosacom.cz\/homepage\/wp-json\/wp\/v2\/pages\/946","targetHints":{"allow":["GET"]}}],"collection":[{"href":"https:\/\/www.rosacom.cz\/homepage\/wp-json\/wp\/v2\/pages"}],"about":[{"href":"https:\/\/www.rosacom.cz\/homepage\/wp-json\/wp\/v2\/types\/page"}],"author":[{"embeddable":true,"href":"https:\/\/www.rosacom.cz\/homepage\/wp-json\/wp\/v2\/users\/8"}],"replies":[{"embeddable":true,"href":"https:\/\/www.rosacom.cz\/homepage\/wp-json\/wp\/v2\/comments?post=946"}],"version-history":[{"count":4,"href":"https:\/\/www.rosacom.cz\/homepage\/wp-json\/wp\/v2\/pages\/946\/revisions"}],"predecessor-version":[{"id":984,"href":"https:\/\/www.rosacom.cz\/homepage\/wp-json\/wp\/v2\/pages\/946\/revisions\/984"}],"wp:attachment":[{"href":"https:\/\/www.rosacom.cz\/homepage\/wp-json\/wp\/v2\/media?parent=946"}],"curies":[{"name":"wp","href":"https:\/\/api.w.org\/{rel}","templated":true}]}}